{"id":8152,"date":"2022-02-16T12:38:59","date_gmt":"2022-02-16T11:38:59","guid":{"rendered":"https:\/\/vilafames.org\/?page_id=8152"},"modified":"2023-05-23T08:34:02","modified_gmt":"2023-05-23T06:34:02","slug":"i-festival-internacional-de-cine-de-vilafames","status":"publish","type":"page","link":"https:\/\/vilafames.org\/es\/i-festival-internacional-de-cine-de-vilafames\/","title":{"rendered":"II FESTIVAL INTERNACIONAL DE CINE DE VILAFAM\u00c9S"},"content":{"rendered":"<p>&nbsp;<\/p>\n<p><a href=\"https:\/\/vilafames.corvanit.com\/i-festival-internacional-de-cine-de-vilafames\/attachment\/seleccionados_fiv-1\/\" rel=\"attachment wp-att-8569\"><img decoding=\"async\" class=\"alignnone size-full wp-image-8569 lazyload\" data-src=\"https:\/\/vilafames.corvanit.com\/wp-content\/uploads\/SELECCIONADOS_FIV-1-scaled.jpg\" alt=\"\" width=\"2560\" height=\"1810\" data-srcset=\"https:\/\/vilafames.org\/wp-content\/uploads\/SELECCIONADOS_FIV-1-scaled.jpg 2560w, https:\/\/vilafames.org\/wp-content\/uploads\/SELECCIONADOS_FIV-1-600x424.jpg 600w, https:\/\/vilafames.org\/wp-content\/uploads\/SELECCIONADOS_FIV-1-1024x724.jpg 1024w, https:\/\/vilafames.org\/wp-content\/uploads\/SELECCIONADOS_FIV-1-768x543.jpg 768w, https:\/\/vilafames.org\/wp-content\/uploads\/SELECCIONADOS_FIV-1-1536x1086.jpg 1536w, https:\/\/vilafames.org\/wp-content\/uploads\/SELECCIONADOS_FIV-1-2048x1448.jpg 2048w\" data-sizes=\"(max-width: 2560px) 100vw, 2560px\" src=\"data:image\/gif;base64,R0lGODlhAQABAAAAACH5BAEKAAEALAAAAAABAAEAAAICTAEAOw==\" style=\"--smush-placeholder-width: 2560px; --smush-placeholder-aspect-ratio: 2560\/1810;\" \/><\/a><\/p>\n<p><a href=\"https:\/\/vilafames.corvanit.com\/i-festival-internacional-de-cine-de-vilafames\/attachment\/whatsapp-image-2023-05-22-at-11-45-37\/\" rel=\"attachment wp-att-8568\"><img decoding=\"async\" class=\"alignnone wp-image-9487 size-full lazyload\" data-src=\"https:\/\/vilafames.corvanit.com\/wp-content\/uploads\/WhatsApp-Image-2023-05-22-at-11.45.37.jpeg\" alt=\"\" width=\"1600\" height=\"1131\" data-srcset=\"https:\/\/vilafames.org\/wp-content\/uploads\/WhatsApp-Image-2023-05-22-at-11.45.37.jpeg 1600w, https:\/\/vilafames.org\/wp-content\/uploads\/WhatsApp-Image-2023-05-22-at-11.45.37-600x424.jpeg 600w, https:\/\/vilafames.org\/wp-content\/uploads\/WhatsApp-Image-2023-05-22-at-11.45.37-1024x724.jpeg 1024w, https:\/\/vilafames.org\/wp-content\/uploads\/WhatsApp-Image-2023-05-22-at-11.45.37-768x543.jpeg 768w, https:\/\/vilafames.org\/wp-content\/uploads\/WhatsApp-Image-2023-05-22-at-11.45.37-1536x1086.jpeg 1536w\" data-sizes=\"(max-width: 1600px) 100vw, 1600px\" src=\"data:image\/gif;base64,R0lGODlhAQABAAAAACH5BAEKAAEALAAAAAABAAEAAAICTAEAOw==\" style=\"--smush-placeholder-width: 1600px; --smush-placeholder-aspect-ratio: 1600\/1131;\" \/><\/a><\/p>\n<p>Vilafam\u00e9s, uno de los pueblos m\u00e1s bonitos de Espa\u00f1a, se abre al mundo audiovisual con un escaparate inmejorable, el FIV, Festival Internacional de cine de Vilafam\u00e9s, que en esta I edici\u00f3n se desarrollar\u00e1 del 26 de junio al 1 de julio.<\/p>\n<p>El festival proyectar\u00e1 a lo largo de toda una semana, de manera gratuita, algunos de los mejores cortometrajes internacionales del momento.<\/p>\n<p>El plazo de recepci\u00f3n de trabajos inicia el 15 de febrero finalizando el 31 de mayo, a trav\u00e9s de las plataformas Movibeta, Festhome y Clickforfestivals. Se permite la inscripci\u00f3n de trabajos de todo el mundo, siempre y cuando dispongan de subt\u00edtulos en castellano o valenciano.<\/p>\n<p>Se establecen premios en las siguientes categor\u00edas:<br \/>\n-Premio del Jurado Oficial al Mejor Corto.<br \/>\n-Premio del P\u00fablico.<br \/>\n-Premio al Mejor Corto Provincial.<br \/>\n-Premio al Mejor Corto en Valenciano.<br \/>\n-Premio a la Mejor interpretaci\u00f3n Femenina.<br \/>\n-Premio a la Mejor Interpretaci\u00f3n Masculina.<\/p>\n<p>*Para +Info. consultar las bases del Festival.","protected":false},"excerpt":{"rendered":"<p>&nbsp; Vilafam\u00e9s, uno de los pueblos m\u00e1s bonitos de Espa\u00f1a, se abre al mundo audiovisual con un escaparate inmejorable, el FIV, Festival Internacional de cine de Vilafam\u00e9s, que en esta I edici\u00f3n se desarrollar\u00e1 del 26 de junio al 1 de julio. El festival proyectar\u00e1 a lo largo de toda una semana, de manera gratuita, [&hellip;]<\/p>\n","protected":false},"author":3,"featured_media":0,"parent":0,"menu_order":0,"comment_status":"closed","ping_status":"closed","template":"","meta":{"footnotes":""},"class_list":["post-8152","page","type-page","status-publish","hentry"],"yoast_head":"<!-- This site is optimized with the Yoast SEO plugin v24.8.1 - https:\/\/yoast.com\/wordpress\/plugins\/seo\/ -->\n<title>II FESTIVAL INTERNACIONAL DE CINE DE VILAFAM\u00c9S - Web de l&#039;Ajuntament de Vilafam\u00e9s<\/title>\n<meta name=\"robots\" content=\"index, follow, max-snippet:-1, max-image-preview:large, max-video-preview:-1\" \/>\n<link rel=\"canonical\" href=\"https:\/\/vilafames.org\/i-festival-internacional-de-cine-de-vilafames\/\" \/>\n<meta property=\"og:locale\" content=\"es_ES\" \/>\n<meta property=\"og:type\" content=\"article\" \/>\n<meta property=\"og:title\" content=\"II FESTIVAL INTERNACIONAL DE CINE DE VILAFAM\u00c9S - Web de l&#039;Ajuntament de Vilafam\u00e9s\" \/>\n<meta property=\"og:description\" content=\"&nbsp; Vilafam\u00e9s, uno de los pueblos m\u00e1s bonitos de Espa\u00f1a, se abre al mundo audiovisual con un escaparate inmejorable, el FIV, Festival Internacional de cine de Vilafam\u00e9s, que en esta I edici\u00f3n se desarrollar\u00e1 del 26 de junio al 1 de julio. El festival proyectar\u00e1 a lo largo de toda una semana, de manera gratuita, [&hellip;]\" \/>\n<meta property=\"og:url\" content=\"https:\/\/vilafames.org\/i-festival-internacional-de-cine-de-vilafames\/\" \/>\n<meta property=\"og:site_name\" content=\"Web de l&#039;Ajuntament de Vilafam\u00e9s\" \/>\n<meta property=\"article:publisher\" content=\"https:\/\/www.facebook.com\/AjuntamentVilafames\" \/>\n<meta property=\"article:modified_time\" content=\"2023-05-23T06:34:02+00:00\" \/>\n<meta property=\"og:image\" content=\"https:\/\/vilafames.org\/wp-content\/uploads\/WhatsApp-Image-2023-05-22-at-11.45.37-1.jpeg\" \/>\n\t<meta property=\"og:image:width\" content=\"1600\" \/>\n\t<meta property=\"og:image:height\" content=\"1131\" \/>\n\t<meta property=\"og:image:type\" content=\"image\/jpeg\" \/>\n<meta name=\"twitter:card\" content=\"summary_large_image\" \/>\n<meta name=\"twitter:site\" content=\"@ajtvilafames\" \/>\n<meta name=\"twitter:label1\" content=\"Tiempo de lectura\" \/>\n\t<meta name=\"twitter:data1\" content=\"2 minutos\" \/>\n<script type=\"application\/ld+json\" class=\"yoast-schema-graph\">{\"@context\":\"https:\/\/schema.org\",\"@graph\":[{\"@type\":\"WebPage\",\"@id\":\"https:\/\/vilafames.org\/i-festival-internacional-de-cine-de-vilafames\/\",\"url\":\"https:\/\/vilafames.org\/i-festival-internacional-de-cine-de-vilafames\/\",\"name\":\"II FESTIVAL INTERNACIONAL DE CINE DE VILAFAM\u00c9S - Web de l&#039;Ajuntament de Vilafam\u00e9s\",\"isPartOf\":{\"@id\":\"https:\/\/vilafames.org\/#website\"},\"primaryImageOfPage\":{\"@id\":\"https:\/\/vilafames.org\/i-festival-internacional-de-cine-de-vilafames\/#primaryimage\"},\"image\":{\"@id\":\"https:\/\/vilafames.org\/i-festival-internacional-de-cine-de-vilafames\/#primaryimage\"},\"thumbnailUrl\":\"https:\/\/vilafames.corvanit.com\/wp-content\/uploads\/WhatsApp-Image-2023-05-22-at-11.45.37-1.jpeg\",\"datePublished\":\"2022-02-16T11:38:59+00:00\",\"dateModified\":\"2023-05-23T06:34:02+00:00\",\"breadcrumb\":{\"@id\":\"https:\/\/vilafames.org\/i-festival-internacional-de-cine-de-vilafames\/#breadcrumb\"},\"inLanguage\":\"es\",\"potentialAction\":[{\"@type\":\"ReadAction\",\"target\":[\"https:\/\/vilafames.org\/i-festival-internacional-de-cine-de-vilafames\/\"]}]},{\"@type\":\"ImageObject\",\"inLanguage\":\"es\",\"@id\":\"https:\/\/vilafames.org\/i-festival-internacional-de-cine-de-vilafames\/#primaryimage\",\"url\":\"https:\/\/vilafames.corvanit.com\/wp-content\/uploads\/WhatsApp-Image-2023-05-22-at-11.45.37-1.jpeg\",\"contentUrl\":\"https:\/\/vilafames.corvanit.com\/wp-content\/uploads\/WhatsApp-Image-2023-05-22-at-11.45.37-1.jpeg\"},{\"@type\":\"BreadcrumbList\",\"@id\":\"https:\/\/vilafames.org\/i-festival-internacional-de-cine-de-vilafames\/#breadcrumb\",\"itemListElement\":[{\"@type\":\"ListItem\",\"position\":1,\"name\":\"Inici\",\"item\":\"https:\/\/vilafames.org\/\"},{\"@type\":\"ListItem\",\"position\":2,\"name\":\"II FESTIVAL INTERNACIONAL DE CINE DE VILAFAM\u00c9S\"}]},{\"@type\":\"WebSite\",\"@id\":\"https:\/\/vilafames.org\/#website\",\"url\":\"https:\/\/vilafames.org\/\",\"name\":\"Web de l'Ajuntament de Vilafam\u00e9s\",\"description\":\"Web de l&#039;Ajuntament de Vilafam\u00e9s\",\"publisher\":{\"@id\":\"https:\/\/vilafames.org\/#organization\"},\"potentialAction\":[{\"@type\":\"SearchAction\",\"target\":{\"@type\":\"EntryPoint\",\"urlTemplate\":\"https:\/\/vilafames.org\/?s={search_term_string}\"},\"query-input\":{\"@type\":\"PropertyValueSpecification\",\"valueRequired\":true,\"valueName\":\"search_term_string\"}}],\"inLanguage\":\"es\"},{\"@type\":\"Organization\",\"@id\":\"https:\/\/vilafames.org\/#organization\",\"name\":\"Web de l'Ajuntament de Vilafam\u00e9s\",\"url\":\"https:\/\/vilafames.org\/\",\"logo\":{\"@type\":\"ImageObject\",\"inLanguage\":\"es\",\"@id\":\"https:\/\/vilafames.org\/#\/schema\/logo\/image\/\",\"url\":\"https:\/\/vilafames.org\/wp-content\/uploads\/cropped-marca_v_rgb-1-1.png\",\"contentUrl\":\"https:\/\/vilafames.org\/wp-content\/uploads\/cropped-marca_v_rgb-1-1.png\",\"width\":558,\"height\":269,\"caption\":\"Web de l'Ajuntament de Vilafam\u00e9s\"},\"image\":{\"@id\":\"https:\/\/vilafames.org\/#\/schema\/logo\/image\/\"},\"sameAs\":[\"https:\/\/www.facebook.com\/AjuntamentVilafames\",\"https:\/\/x.com\/ajtvilafames\",\"https:\/\/www.instagram.com\/ajuntamentvilafames\/\",\"https:\/\/www.youtube.com\/channel\/UCjXWt3n8FHiahgKqHZWOTXQ\"]}]}<\/script>\n<!-- \/ Yoast SEO plugin. -->","yoast_head_json":{"title":"II FESTIVAL INTERNACIONAL DE CINE DE VILAFAM\u00c9S - Web de l&#039;Ajuntament de Vilafam\u00e9s","robots":{"index":"index","follow":"follow","max-snippet":"max-snippet:-1","max-image-preview":"max-image-preview:large","max-video-preview":"max-video-preview:-1"},"canonical":"https:\/\/vilafames.org\/i-festival-internacional-de-cine-de-vilafames\/","og_locale":"es_ES","og_type":"article","og_title":"II FESTIVAL INTERNACIONAL DE CINE DE VILAFAM\u00c9S - Web de l&#039;Ajuntament de Vilafam\u00e9s","og_description":"&nbsp; Vilafam\u00e9s, uno de los pueblos m\u00e1s bonitos de Espa\u00f1a, se abre al mundo audiovisual con un escaparate inmejorable, el FIV, Festival Internacional de cine de Vilafam\u00e9s, que en esta I edici\u00f3n se desarrollar\u00e1 del 26 de junio al 1 de julio. El festival proyectar\u00e1 a lo largo de toda una semana, de manera gratuita, [&hellip;]","og_url":"https:\/\/vilafames.org\/i-festival-internacional-de-cine-de-vilafames\/","og_site_name":"Web de l&#039;Ajuntament de Vilafam\u00e9s","article_publisher":"https:\/\/www.facebook.com\/AjuntamentVilafames","article_modified_time":"2023-05-23T06:34:02+00:00","og_image":[{"width":1600,"height":1131,"url":"https:\/\/vilafames.org\/wp-content\/uploads\/WhatsApp-Image-2023-05-22-at-11.45.37-1.jpeg","type":"image\/jpeg"}],"twitter_card":"summary_large_image","twitter_site":"@ajtvilafames","twitter_misc":{"Tiempo de lectura":"2 minutos"},"schema":{"@context":"https:\/\/schema.org","@graph":[{"@type":"WebPage","@id":"https:\/\/vilafames.org\/i-festival-internacional-de-cine-de-vilafames\/","url":"https:\/\/vilafames.org\/i-festival-internacional-de-cine-de-vilafames\/","name":"II FESTIVAL INTERNACIONAL DE CINE DE VILAFAM\u00c9S - Web de l&#039;Ajuntament de Vilafam\u00e9s","isPartOf":{"@id":"https:\/\/vilafames.org\/#website"},"primaryImageOfPage":{"@id":"https:\/\/vilafames.org\/i-festival-internacional-de-cine-de-vilafames\/#primaryimage"},"image":{"@id":"https:\/\/vilafames.org\/i-festival-internacional-de-cine-de-vilafames\/#primaryimage"},"thumbnailUrl":"https:\/\/vilafames.corvanit.com\/wp-content\/uploads\/WhatsApp-Image-2023-05-22-at-11.45.37-1.jpeg","datePublished":"2022-02-16T11:38:59+00:00","dateModified":"2023-05-23T06:34:02+00:00","breadcrumb":{"@id":"https:\/\/vilafames.org\/i-festival-internacional-de-cine-de-vilafames\/#breadcrumb"},"inLanguage":"es","potentialAction":[{"@type":"ReadAction","target":["https:\/\/vilafames.org\/i-festival-internacional-de-cine-de-vilafames\/"]}]},{"@type":"ImageObject","inLanguage":"es","@id":"https:\/\/vilafames.org\/i-festival-internacional-de-cine-de-vilafames\/#primaryimage","url":"https:\/\/vilafames.corvanit.com\/wp-content\/uploads\/WhatsApp-Image-2023-05-22-at-11.45.37-1.jpeg","contentUrl":"https:\/\/vilafames.corvanit.com\/wp-content\/uploads\/WhatsApp-Image-2023-05-22-at-11.45.37-1.jpeg"},{"@type":"BreadcrumbList","@id":"https:\/\/vilafames.org\/i-festival-internacional-de-cine-de-vilafames\/#breadcrumb","itemListElement":[{"@type":"ListItem","position":1,"name":"Inici","item":"https:\/\/vilafames.org\/"},{"@type":"ListItem","position":2,"name":"II FESTIVAL INTERNACIONAL DE CINE DE VILAFAM\u00c9S"}]},{"@type":"WebSite","@id":"https:\/\/vilafames.org\/#website","url":"https:\/\/vilafames.org\/","name":"Web de l'Ajuntament de Vilafam\u00e9s","description":"Web de l&#039;Ajuntament de Vilafam\u00e9s","publisher":{"@id":"https:\/\/vilafames.org\/#organization"},"potentialAction":[{"@type":"SearchAction","target":{"@type":"EntryPoint","urlTemplate":"https:\/\/vilafames.org\/?s={search_term_string}"},"query-input":{"@type":"PropertyValueSpecification","valueRequired":true,"valueName":"search_term_string"}}],"inLanguage":"es"},{"@type":"Organization","@id":"https:\/\/vilafames.org\/#organization","name":"Web de l'Ajuntament de Vilafam\u00e9s","url":"https:\/\/vilafames.org\/","logo":{"@type":"ImageObject","inLanguage":"es","@id":"https:\/\/vilafames.org\/#\/schema\/logo\/image\/","url":"https:\/\/vilafames.org\/wp-content\/uploads\/cropped-marca_v_rgb-1-1.png","contentUrl":"https:\/\/vilafames.org\/wp-content\/uploads\/cropped-marca_v_rgb-1-1.png","width":558,"height":269,"caption":"Web de l'Ajuntament de Vilafam\u00e9s"},"image":{"@id":"https:\/\/vilafames.org\/#\/schema\/logo\/image\/"},"sameAs":["https:\/\/www.facebook.com\/AjuntamentVilafames","https:\/\/x.com\/ajtvilafames","https:\/\/www.instagram.com\/ajuntamentvilafames\/","https:\/\/www.youtube.com\/channel\/UCjXWt3n8FHiahgKqHZWOTXQ"]}]}},"_links":{"self":[{"href":"https:\/\/vilafames.org\/es\/wp-json\/wp\/v2\/pages\/8152","targetHints":{"allow":["GET"]}}],"collection":[{"href":"https:\/\/vilafames.org\/es\/wp-json\/wp\/v2\/pages"}],"about":[{"href":"https:\/\/vilafames.org\/es\/wp-json\/wp\/v2\/types\/page"}],"author":[{"embeddable":true,"href":"https:\/\/vilafames.org\/es\/wp-json\/wp\/v2\/users\/3"}],"replies":[{"embeddable":true,"href":"https:\/\/vilafames.org\/es\/wp-json\/wp\/v2\/comments?post=8152"}],"version-history":[{"count":0,"href":"https:\/\/vilafames.org\/es\/wp-json\/wp\/v2\/pages\/8152\/revisions"}],"wp:attachment":[{"href":"https:\/\/vilafames.org\/es\/wp-json\/wp\/v2\/media?parent=8152"}],"curies":[{"name":"wp","href":"https:\/\/api.w.org\/{rel}","templated":true}]}}