{"id":7206,"date":"2021-01-26T08:22:14","date_gmt":"2021-01-26T07:22:14","guid":{"rendered":"http:\/\/vilafames.org\/?page_id=7206"},"modified":"2022-05-18T09:53:14","modified_gmt":"2022-05-18T07:53:14","slug":"millora-i-renovacio-enllumenat-public-2018-eixample-urba-de-vilafames","status":"publish","type":"page","link":"https:\/\/vilafames.org\/es\/millora-i-renovacio-enllumenat-public-2018-eixample-urba-de-vilafames\/","title":{"rendered":"Mejora y renovaci\u00f3n alumbrado p\u00fablico (2018). Ensanche urbano de Vilafam\u00e9s"},"content":{"rendered":"<p>\n<p align=\"justify\"><strong><span style=\"font-size: medium;\">Proyectos singulares de entidades locales que favorezcan el paso a una econom\u00eda baja en carbono en el marco del Programa Operativo FEDER de crecimiento sostenible 2014-2020<\/span><\/strong><\/p>\n<p align=\"justify\"><span style=\"font-size: medium;\"><strong>Proyecto:<\/strong> Mejora y renovaci\u00f3n alumbrado p\u00fablico (2018). Ensanche urbano de Vilafam\u00e9s<\/span><\/p>\n<p align=\"justify\"><span style=\"font-size: medium;\"><strong>Objeto del proyecto<\/strong>: Renovaci\u00f3n del alumbrado p\u00fablico exterior en el municipio de Vilafam\u00e9s, actuando en 317 de los 902 puntos de luz existentes, sustituyendo las actuales luminarias provistas con l\u00e1mparas de vapor de sodio de alta presi\u00f3n por luminarias LED m\u00e1s eficientes, y actualizando 4 de los 12 cuadros de mando existentes para adaptarlos a la normativa vigente. Con la sustituci\u00f3n de 317 puntos de luz se disminuir\u00e1 la potencia de 44.08 kW a 24,37 kW y se conseguir\u00e1 un ahorro energ\u00e9tico estimado del 55&#8217;93 %<\/span><\/p>\n<p align=\"justify\"><span style=\"font-size: medium;\"><strong>Objetivo espec\u00edfico:<\/strong> OE 431: Eficiencia energ\u00e9tica en la edificaci\u00f3n y en las infraestructuras y servicios p\u00fablicos<\/span><\/p>\n<p align=\"justify\"><span style=\"font-size: medium;\"><strong>Medida:<\/strong> 06. Renovaci\u00f3n de las instalaciones de alumbrado, iluminaci\u00f3n y se\u00f1alizaci\u00f3n exterior.<\/span><\/p>\n<p align=\"justify\"><span style=\"font-size: medium;\"><strong>Inversi\u00f3n elegible admitida:<\/strong> 136.548,00 \u20ac<\/span><\/p>\n<p align=\"justify\"><span style=\"font-size: medium;\"><strong>Coste elegible m\u00e1ximo admitido:<\/strong> 136.548,00<\/span><\/p>\n<p align=\"justify\"><span style=\"font-size: medium;\"><strong>Ayuda a otorgar (cofinanciaci\u00f3n FEDER):<\/strong> 68.274,00 \u20ac<\/span><\/p>\n<p align=\"justify\"><span style=\"font-size: medium;\">Tasa de cofinanciaci\u00f3n FEDER que corresponde a la operaci\u00f3n seg\u00fan el Eje prioritario y Categor\u00eda de regi\u00f3n a que pertenece: 50 %<\/span><\/p>\n<p align=\"justify\"><span style=\"font-size: medium;\"><strong>Indicadores de productividad previstos en el Programa Operativo de Crecimiento Sostenible (POCS).<\/strong> Resultados previstos para el proyecto:<\/span><\/p>\n<p align=\"justify\"><span style=\"font-size: medium;\">Indicadores (unidad de medida): CO34 tCO2\/a\u00f1o \u2013 Valor indicador: 53.18<\/span><\/p>\n<p align=\"justify\"><span style=\"font-size: medium;\">Indicadores (unidad de medida): EOO1Z ktep\/a\u00f1o \u2013 Valor indicador 0.0088<\/span><\/p>\n<p align=\"justify\"><span lang=\"es-ES\">El pro<\/span><span lang=\"es-ES\">y<\/span><span lang=\"es-ES\">ect<\/span><span lang=\"es-ES\">o<\/span><span lang=\"es-ES\"> ha contado tambi\u00e9n con la financiaci\u00f3n de la Diputaci\u00f3n de Castell\u00f3n a trav\u00e9s del Plan <\/span><span lang=\"es-ES\">de Cooperaci\u00f3n Provincial de Obras y Servicios para el ejercicio 2020, con un importe de subvenci\u00f3n <\/span><span lang=\"es-ES\">d<\/span><span lang=\"es-ES\">e <\/span><span lang=\"es-ES\">34.582,05 \u20ac<\/span><span style=\"font-family: Arial, serif;\"><span style=\"font-size: small;\"><span lang=\"es-ES\">.<\/span><\/span><\/span><\/p>\n<p align=\"justify\"><img decoding=\"async\" class=\"size-medium wp-image-7158 aligncenter lazyload\" data-src=\"https:\/\/vilafames.corvanit.com\/wp-content\/uploads\/Tira-logos-IDAE-1-600x145.jpg\" alt=\"\" width=\"600\" height=\"145\" data-srcset=\"https:\/\/vilafames.org\/wp-content\/uploads\/Tira-logos-IDAE-1-600x145.jpg 600w, https:\/\/vilafames.org\/wp-content\/uploads\/Tira-logos-IDAE-1-768x185.jpg 768w, https:\/\/vilafames.org\/wp-content\/uploads\/Tira-logos-IDAE-1-1024x247.jpg 1024w, https:\/\/vilafames.org\/wp-content\/uploads\/Tira-logos-IDAE-1.jpg 1755w\" data-sizes=\"(max-width: 600px) 100vw, 600px\" src=\"data:image\/gif;base64,R0lGODlhAQABAAAAACH5BAEKAAEALAAAAAABAAEAAAICTAEAOw==\" style=\"--smush-placeholder-width: 600px; --smush-placeholder-aspect-ratio: 600\/145;\" \/><\/p>\n<p>","protected":false},"excerpt":{"rendered":"<p>Proyectos singulares de entidades locales que favorezcan el paso a una econom\u00eda baja en carbono en el marco del Programa Operativo FEDER de crecimiento sostenible 2014-2020 Proyecto: Mejora y renovaci\u00f3n alumbrado p\u00fablico (2018). Ensanche urbano de Vilafam\u00e9s Objeto del proyecto: Renovaci\u00f3n del alumbrado p\u00fablico exterior en el municipio de Vilafam\u00e9s, actuando en 317 de los [&hellip;]<\/p>\n","protected":false},"author":3,"featured_media":7183,"parent":0,"menu_order":0,"comment_status":"closed","ping_status":"closed","template":"","meta":{"footnotes":""},"class_list":["post-7206","page","type-page","status-publish","has-post-thumbnail","hentry"],"yoast_head":"<!-- This site is optimized with the Yoast SEO plugin v24.8.1 - https:\/\/yoast.com\/wordpress\/plugins\/seo\/ -->\n<title>Mejora y renovaci\u00f3n alumbrado p\u00fablico (2018). Ensanche urbano de Vilafam\u00e9s - Web de l&#039;Ajuntament de Vilafam\u00e9s<\/title>\n<meta name=\"robots\" content=\"index, follow, max-snippet:-1, max-image-preview:large, max-video-preview:-1\" \/>\n<link rel=\"canonical\" href=\"https:\/\/vilafames.org\/espanol-fons-feder__trashed\/millora-i-renovacio-enllumenat-public-2018-eixample-urba-de-vilafames\/\" \/>\n<meta property=\"og:locale\" content=\"es_ES\" \/>\n<meta property=\"og:type\" content=\"article\" \/>\n<meta property=\"og:title\" content=\"[:ca]Millora i renovaci\u00f3 enllumenat p\u00fablic (2018). Eixample urb\u00e0 de Vilafam\u00e9s[:es]Mejora y renovaci\u00f3n alumbrado p\u00fablico (2018). Ensanche urbano de Vilafam\u00e9s[:] - Web de l&#039;Ajuntament de Vilafam\u00e9s\" \/>\n<meta property=\"og:description\" content=\"Proyectos singulares de entidades locales que favorezcan el paso a una econom\u00eda baja en carbono en el marco del Programa Operativo FEDER de crecimiento sostenible 2014-2020 Proyecto: Mejora y renovaci\u00f3n alumbrado p\u00fablico (2018). Ensanche urbano de Vilafam\u00e9s Objeto del proyecto: Renovaci\u00f3n del alumbrado p\u00fablico exterior en el municipio de Vilafam\u00e9s, actuando en 317 de los [&hellip;]\" \/>\n<meta property=\"og:url\" content=\"https:\/\/vilafames.org\/espanol-fons-feder__trashed\/millora-i-renovacio-enllumenat-public-2018-eixample-urba-de-vilafames\/\" \/>\n<meta property=\"og:site_name\" content=\"Web de l&#039;Ajuntament de Vilafam\u00e9s\" \/>\n<meta property=\"article:publisher\" content=\"https:\/\/www.facebook.com\/AjuntamentVilafames\" \/>\n<meta property=\"article:modified_time\" content=\"2022-05-18T07:53:14+00:00\" \/>\n<meta property=\"og:image\" content=\"https:\/\/vilafames.org\/wp-content\/uploads\/enllumenat-foto-portada-def.jpg\" \/>\n\t<meta property=\"og:image:width\" content=\"944\" \/>\n\t<meta property=\"og:image:height\" content=\"540\" \/>\n\t<meta property=\"og:image:type\" content=\"image\/jpeg\" \/>\n<meta name=\"twitter:card\" content=\"summary_large_image\" \/>\n<meta name=\"twitter:site\" content=\"@ajtvilafames\" \/>\n<meta name=\"twitter:label1\" content=\"Tiempo de lectura\" \/>\n\t<meta name=\"twitter:data1\" content=\"3 minutos\" \/>\n<script type=\"application\/ld+json\" class=\"yoast-schema-graph\">{\"@context\":\"https:\/\/schema.org\",\"@graph\":[{\"@type\":\"WebPage\",\"@id\":\"https:\/\/vilafames.org\/espanol-fons-feder__trashed\/millora-i-renovacio-enllumenat-public-2018-eixample-urba-de-vilafames\/\",\"url\":\"https:\/\/vilafames.org\/espanol-fons-feder__trashed\/millora-i-renovacio-enllumenat-public-2018-eixample-urba-de-vilafames\/\",\"name\":\"[:ca]Millora i renovaci\u00f3 enllumenat p\u00fablic (2018). Eixample urb\u00e0 de Vilafam\u00e9s[:es]Mejora y renovaci\u00f3n alumbrado p\u00fablico (2018). Ensanche urbano de Vilafam\u00e9s[:] - Web de l&#039;Ajuntament de Vilafam\u00e9s\",\"isPartOf\":{\"@id\":\"https:\/\/vilafames.org\/#website\"},\"primaryImageOfPage\":{\"@id\":\"https:\/\/vilafames.org\/espanol-fons-feder__trashed\/millora-i-renovacio-enllumenat-public-2018-eixample-urba-de-vilafames\/#primaryimage\"},\"image\":{\"@id\":\"https:\/\/vilafames.org\/espanol-fons-feder__trashed\/millora-i-renovacio-enllumenat-public-2018-eixample-urba-de-vilafames\/#primaryimage\"},\"thumbnailUrl\":\"https:\/\/vilafames.org\/wp-content\/uploads\/enllumenat-foto-portada-def.jpg\",\"datePublished\":\"2021-01-26T07:22:14+00:00\",\"dateModified\":\"2022-05-18T07:53:14+00:00\",\"breadcrumb\":{\"@id\":\"https:\/\/vilafames.org\/espanol-fons-feder__trashed\/millora-i-renovacio-enllumenat-public-2018-eixample-urba-de-vilafames\/#breadcrumb\"},\"inLanguage\":\"es\",\"potentialAction\":[{\"@type\":\"ReadAction\",\"target\":[\"https:\/\/vilafames.org\/espanol-fons-feder__trashed\/millora-i-renovacio-enllumenat-public-2018-eixample-urba-de-vilafames\/\"]}]},{\"@type\":\"ImageObject\",\"inLanguage\":\"es\",\"@id\":\"https:\/\/vilafames.org\/espanol-fons-feder__trashed\/millora-i-renovacio-enllumenat-public-2018-eixample-urba-de-vilafames\/#primaryimage\",\"url\":\"https:\/\/vilafames.org\/wp-content\/uploads\/enllumenat-foto-portada-def.jpg\",\"contentUrl\":\"https:\/\/vilafames.org\/wp-content\/uploads\/enllumenat-foto-portada-def.jpg\",\"width\":944,\"height\":540},{\"@type\":\"BreadcrumbList\",\"@id\":\"https:\/\/vilafames.org\/espanol-fons-feder__trashed\/millora-i-renovacio-enllumenat-public-2018-eixample-urba-de-vilafames\/#breadcrumb\",\"itemListElement\":[{\"@type\":\"ListItem\",\"position\":1,\"name\":\"Inici\",\"item\":\"https:\/\/vilafames.org\/\"},{\"@type\":\"ListItem\",\"position\":2,\"name\":\"Millora i renovaci\u00f3 enllumenat p\u00fablic (2018). Eixample urb\u00e0 de Vilafam\u00e9s\"}]},{\"@type\":\"WebSite\",\"@id\":\"https:\/\/vilafames.org\/#website\",\"url\":\"https:\/\/vilafames.org\/\",\"name\":\"Web de l'Ajuntament de Vilafam\u00e9s\",\"description\":\"Web de l&#039;Ajuntament de Vilafam\u00e9s\",\"publisher\":{\"@id\":\"https:\/\/vilafames.org\/#organization\"},\"potentialAction\":[{\"@type\":\"SearchAction\",\"target\":{\"@type\":\"EntryPoint\",\"urlTemplate\":\"https:\/\/vilafames.org\/?s={search_term_string}\"},\"query-input\":{\"@type\":\"PropertyValueSpecification\",\"valueRequired\":true,\"valueName\":\"search_term_string\"}}],\"inLanguage\":\"es\"},{\"@type\":\"Organization\",\"@id\":\"https:\/\/vilafames.org\/#organization\",\"name\":\"Web de l'Ajuntament de Vilafam\u00e9s\",\"url\":\"https:\/\/vilafames.org\/\",\"logo\":{\"@type\":\"ImageObject\",\"inLanguage\":\"es\",\"@id\":\"https:\/\/vilafames.org\/#\/schema\/logo\/image\/\",\"url\":\"https:\/\/vilafames.org\/wp-content\/uploads\/cropped-marca_v_rgb-1-1.png\",\"contentUrl\":\"https:\/\/vilafames.org\/wp-content\/uploads\/cropped-marca_v_rgb-1-1.png\",\"width\":558,\"height\":269,\"caption\":\"Web de l'Ajuntament de Vilafam\u00e9s\"},\"image\":{\"@id\":\"https:\/\/vilafames.org\/#\/schema\/logo\/image\/\"},\"sameAs\":[\"https:\/\/www.facebook.com\/AjuntamentVilafames\",\"https:\/\/x.com\/ajtvilafames\",\"https:\/\/www.instagram.com\/ajuntamentvilafames\/\",\"https:\/\/www.youtube.com\/channel\/UCjXWt3n8FHiahgKqHZWOTXQ\"]}]}<\/script>\n<!-- \/ Yoast SEO plugin. -->","yoast_head_json":{"title":"[:ca]Millora i renovaci\u00f3 enllumenat p\u00fablic (2018). Eixample urb\u00e0 de Vilafam\u00e9s[:es]Mejora y renovaci\u00f3n alumbrado p\u00fablico (2018). Ensanche urbano de Vilafam\u00e9s[:] - Web de l&#039;Ajuntament de Vilafam\u00e9s","robots":{"index":"index","follow":"follow","max-snippet":"max-snippet:-1","max-image-preview":"max-image-preview:large","max-video-preview":"max-video-preview:-1"},"canonical":"https:\/\/vilafames.org\/espanol-fons-feder__trashed\/millora-i-renovacio-enllumenat-public-2018-eixample-urba-de-vilafames\/","og_locale":"es_ES","og_type":"article","og_title":"[:ca]Millora i renovaci\u00f3 enllumenat p\u00fablic (2018). Eixample urb\u00e0 de Vilafam\u00e9s[:es]Mejora y renovaci\u00f3n alumbrado p\u00fablico (2018). Ensanche urbano de Vilafam\u00e9s[:] - Web de l&#039;Ajuntament de Vilafam\u00e9s","og_description":"Proyectos singulares de entidades locales que favorezcan el paso a una econom\u00eda baja en carbono en el marco del Programa Operativo FEDER de crecimiento sostenible 2014-2020 Proyecto: Mejora y renovaci\u00f3n alumbrado p\u00fablico (2018). Ensanche urbano de Vilafam\u00e9s Objeto del proyecto: Renovaci\u00f3n del alumbrado p\u00fablico exterior en el municipio de Vilafam\u00e9s, actuando en 317 de los [&hellip;]","og_url":"https:\/\/vilafames.org\/espanol-fons-feder__trashed\/millora-i-renovacio-enllumenat-public-2018-eixample-urba-de-vilafames\/","og_site_name":"Web de l&#039;Ajuntament de Vilafam\u00e9s","article_publisher":"https:\/\/www.facebook.com\/AjuntamentVilafames","article_modified_time":"2022-05-18T07:53:14+00:00","og_image":[{"width":944,"height":540,"url":"https:\/\/vilafames.org\/wp-content\/uploads\/enllumenat-foto-portada-def.jpg","type":"image\/jpeg"}],"twitter_card":"summary_large_image","twitter_site":"@ajtvilafames","twitter_misc":{"Tiempo de lectura":"3 minutos"},"schema":{"@context":"https:\/\/schema.org","@graph":[{"@type":"WebPage","@id":"https:\/\/vilafames.org\/espanol-fons-feder__trashed\/millora-i-renovacio-enllumenat-public-2018-eixample-urba-de-vilafames\/","url":"https:\/\/vilafames.org\/espanol-fons-feder__trashed\/millora-i-renovacio-enllumenat-public-2018-eixample-urba-de-vilafames\/","name":"[:ca]Millora i renovaci\u00f3 enllumenat p\u00fablic (2018). Eixample urb\u00e0 de Vilafam\u00e9s[:es]Mejora y renovaci\u00f3n alumbrado p\u00fablico (2018). Ensanche urbano de Vilafam\u00e9s[:] - Web de l&#039;Ajuntament de Vilafam\u00e9s","isPartOf":{"@id":"https:\/\/vilafames.org\/#website"},"primaryImageOfPage":{"@id":"https:\/\/vilafames.org\/espanol-fons-feder__trashed\/millora-i-renovacio-enllumenat-public-2018-eixample-urba-de-vilafames\/#primaryimage"},"image":{"@id":"https:\/\/vilafames.org\/espanol-fons-feder__trashed\/millora-i-renovacio-enllumenat-public-2018-eixample-urba-de-vilafames\/#primaryimage"},"thumbnailUrl":"https:\/\/vilafames.org\/wp-content\/uploads\/enllumenat-foto-portada-def.jpg","datePublished":"2021-01-26T07:22:14+00:00","dateModified":"2022-05-18T07:53:14+00:00","breadcrumb":{"@id":"https:\/\/vilafames.org\/espanol-fons-feder__trashed\/millora-i-renovacio-enllumenat-public-2018-eixample-urba-de-vilafames\/#breadcrumb"},"inLanguage":"es","potentialAction":[{"@type":"ReadAction","target":["https:\/\/vilafames.org\/espanol-fons-feder__trashed\/millora-i-renovacio-enllumenat-public-2018-eixample-urba-de-vilafames\/"]}]},{"@type":"ImageObject","inLanguage":"es","@id":"https:\/\/vilafames.org\/espanol-fons-feder__trashed\/millora-i-renovacio-enllumenat-public-2018-eixample-urba-de-vilafames\/#primaryimage","url":"https:\/\/vilafames.org\/wp-content\/uploads\/enllumenat-foto-portada-def.jpg","contentUrl":"https:\/\/vilafames.org\/wp-content\/uploads\/enllumenat-foto-portada-def.jpg","width":944,"height":540},{"@type":"BreadcrumbList","@id":"https:\/\/vilafames.org\/espanol-fons-feder__trashed\/millora-i-renovacio-enllumenat-public-2018-eixample-urba-de-vilafames\/#breadcrumb","itemListElement":[{"@type":"ListItem","position":1,"name":"Inici","item":"https:\/\/vilafames.org\/"},{"@type":"ListItem","position":2,"name":"Millora i renovaci\u00f3 enllumenat p\u00fablic (2018). Eixample urb\u00e0 de Vilafam\u00e9s"}]},{"@type":"WebSite","@id":"https:\/\/vilafames.org\/#website","url":"https:\/\/vilafames.org\/","name":"Web de l'Ajuntament de Vilafam\u00e9s","description":"Web de l&#039;Ajuntament de Vilafam\u00e9s","publisher":{"@id":"https:\/\/vilafames.org\/#organization"},"potentialAction":[{"@type":"SearchAction","target":{"@type":"EntryPoint","urlTemplate":"https:\/\/vilafames.org\/?s={search_term_string}"},"query-input":{"@type":"PropertyValueSpecification","valueRequired":true,"valueName":"search_term_string"}}],"inLanguage":"es"},{"@type":"Organization","@id":"https:\/\/vilafames.org\/#organization","name":"Web de l'Ajuntament de Vilafam\u00e9s","url":"https:\/\/vilafames.org\/","logo":{"@type":"ImageObject","inLanguage":"es","@id":"https:\/\/vilafames.org\/#\/schema\/logo\/image\/","url":"https:\/\/vilafames.org\/wp-content\/uploads\/cropped-marca_v_rgb-1-1.png","contentUrl":"https:\/\/vilafames.org\/wp-content\/uploads\/cropped-marca_v_rgb-1-1.png","width":558,"height":269,"caption":"Web de l'Ajuntament de Vilafam\u00e9s"},"image":{"@id":"https:\/\/vilafames.org\/#\/schema\/logo\/image\/"},"sameAs":["https:\/\/www.facebook.com\/AjuntamentVilafames","https:\/\/x.com\/ajtvilafames","https:\/\/www.instagram.com\/ajuntamentvilafames\/","https:\/\/www.youtube.com\/channel\/UCjXWt3n8FHiahgKqHZWOTXQ"]}]}},"_links":{"self":[{"href":"https:\/\/vilafames.org\/es\/wp-json\/wp\/v2\/pages\/7206","targetHints":{"allow":["GET"]}}],"collection":[{"href":"https:\/\/vilafames.org\/es\/wp-json\/wp\/v2\/pages"}],"about":[{"href":"https:\/\/vilafames.org\/es\/wp-json\/wp\/v2\/types\/page"}],"author":[{"embeddable":true,"href":"https:\/\/vilafames.org\/es\/wp-json\/wp\/v2\/users\/3"}],"replies":[{"embeddable":true,"href":"https:\/\/vilafames.org\/es\/wp-json\/wp\/v2\/comments?post=7206"}],"version-history":[{"count":0,"href":"https:\/\/vilafames.org\/es\/wp-json\/wp\/v2\/pages\/7206\/revisions"}],"wp:featuredmedia":[{"embeddable":true,"href":"https:\/\/vilafames.org\/es\/wp-json\/wp\/v2\/media\/7183"}],"wp:attachment":[{"href":"https:\/\/vilafames.org\/es\/wp-json\/wp\/v2\/media?parent=7206"}],"curies":[{"name":"wp","href":"https:\/\/api.w.org\/{rel}","templated":true}]}}