{"id":708,"date":"2016-11-16T09:37:38","date_gmt":"2016-11-16T08:37:38","guid":{"rendered":"http:\/\/vilafames.org\/?page_id=708"},"modified":"2025-02-25T10:43:00","modified_gmt":"2025-02-25T09:43:00","slug":"vilafames-al-whatsapp","status":"publish","type":"page","link":"https:\/\/vilafames.org\/es\/vilafames-al-whatsapp\/","title":{"rendered":"Vilafam\u00e9s en el WhatsAPP"},"content":{"rendered":"<p>La concejal\u00eda de Nuevas Tecnolog\u00edas lanza un nuevo servicio para la comunicaci\u00f3n del bando diario mediante la aplicaci\u00f3n WhatsAPP disponible para diferentes sistemas operativos para tel\u00e9fonos inteligentes, como por ejemplo Android, IOS o Windows Phone, entre otros.<\/p>\n<p>Mediante la opci\u00f3n de difusi\u00f3n que ofrece el servicio de WhatsAPP, se har\u00e1 llegar a todos los vecinos y vecinas el bando diario, emergencias, incidencias o comunicaciones urgentes. Vilafam\u00e9s al WhatsAPP de una forma r\u00e1pida, \u00e1gil y sin ning\u00fan coste tanto para los usuarios como para el Ayuntamiento, dar\u00e1 un servicio de lo m\u00e1s \u00fatil.<\/p>\n<p><img decoding=\"async\" class=\"alignnone size-full wp-image-711 lazyload\" data-src=\"https:\/\/vilafames.corvanit.com\/wp-content\/uploads\/diapositiva1.png\" alt=\"diapositiva1\" width=\"1200\" height=\"675\" data-srcset=\"https:\/\/vilafames.org\/wp-content\/uploads\/diapositiva1.png 1200w, https:\/\/vilafames.org\/wp-content\/uploads\/diapositiva1-300x169.png 300w, https:\/\/vilafames.org\/wp-content\/uploads\/diapositiva1-768x432.png 768w, https:\/\/vilafames.org\/wp-content\/uploads\/diapositiva1-1024x576.png 1024w\" data-sizes=\"(max-width: 1200px) 100vw, 1200px\" src=\"data:image\/gif;base64,R0lGODlhAQABAAAAACH5BAEKAAEALAAAAAABAAEAAAICTAEAOw==\" style=\"--smush-placeholder-width: 1200px; --smush-placeholder-aspect-ratio: 1200\/675;\" \/><\/p>\n<p>&nbsp;<\/p>\n<p>A largo plazo, se utilizar\u00e1 este servicio como canal bidireccional, donde mediante palabras clave se podr\u00e1 ofrecer contenido personalizado a nuestros vecinos y vecinas. A la vez servir\u00e1 para fomentar la participaci\u00f3n ciudadana, donde se podr\u00e1n sugerir todo aquello que se crea conveniente y al mismo tiempo enviar cualquier tipo de consulta, aver\u00eda o incidencia municipal por parte de los ciudadanos.<\/p>\n<p><strong>C\u00f3mo puedes darte de alta?<\/strong><\/p>\n<ol>\n<li>A\u00f1adir el n\u00famero <strong>608930881<\/strong> en tu agenda de contactos, este paso es estrictamente necesario.<\/li>\n<li>Mandar un mensaje de WhatsAPP al n\u00famero 608930881 con el texto \u201c<strong>ALTA#NOMBRE#APELLIDO#DN<\/strong>I\u201d. Ej: ALTA#Jose#Garcia#1234568A.<\/li>\n<li>Cuando te damos de alta al sistema recibir\u00e1s un mensaje de confirmaci\u00f3n.<\/li>\n<li>A partir de ahora empezar\u00e1s a recibir las diferentes notificaciones municipales, como por ejemplo: bandos, emergencias, acontecimientos, aver\u00edas, etc. Podr\u00e1s darte de baja mandando un mensaje con la palabra clave <strong>BAJA<\/strong>.<\/li>\n<\/ol>\n<p>Actualmente el servicio se encuentra en una fase de pruebas, queda pendiente la aprobaci\u00f3n de la siguiente normativa.<\/p>\n<hr \/>\n<p>Normativa del servicio:<\/p>\n<ul>\n<li>El Ayuntamiento no utilizar\u00e1 los n\u00fameros de tel\u00e9fono que obtenga como resultado del uso de esta herramienta para comunicaciones que no se hayan pedido expl\u00edcitamente con este formulario de registro y posterior confirmaci\u00f3n. En todo caso el Ayuntamiento hace expl\u00edcito en todo momento su compromiso de utilizar los datos obtenidos por este sistema \u00fanicamente para la finalidad para la cual el usuario las haya proporcionado. No se almacenan datos de geolocalitzaci\u00f3 de los usuarios.<\/li>\n<li>El servicio y el alta en la lista de difusi\u00f3n del Ayuntamiento son gratuitos. No as\u00ed el coste del App \u00abWhatsAPP\u00bb que comporta un coste anual por parte del respectivo proveedor o el uso de datos m\u00f3viles que, en ambos casos, son a cargo del usuario.<\/li>\n<li>Es imprescindible tener instalado el APP para poder utilizar este medio de comunicaci\u00f3n con el Ayuntamiento.<\/li>\n<li>El Ayuntamiento de Vilafam\u00e9s, ser\u00e1 el administrador del servicio. Nace con la pretensi\u00f3n de ofrecer informaci\u00f3n sobre agenda, acontecimientos y servicios p\u00fablicos.<\/li>\n<li>Se dirige a todos los vecinos y vecinas que desean recibir la informaci\u00f3n procedente del consistorio.<\/li>\n<li>En el servicio Vilafam\u00e9s al WhatsAPP \u00fanicamente se recibir\u00e1n mensajes emitidos por parte del Ayuntamiento de Vilafam\u00e9s.<\/li>\n<li>Los usuarios no podr\u00e1n remitir mensajes al servicio de WhatsAPP del Ayuntamiento de Vilafam\u00e9s. El env\u00edo de mensajes al Ayuntamiento podr\u00e1n suponer la baja autom\u00e1tica por parte del administrador del servicio.<\/li>\n<li>El Ayuntamiento de Vilafam\u00e9s podr\u00e1 enviar informaci\u00f3n a los usuarios de lunes a domingo, de 8 h de la ma\u00f1ana a 21h. En el caso de tratarse de una informaci\u00f3n de urgencia o especial inter\u00e9s se remitir\u00e1 en el momento que sea oportuno.<\/li>\n<li>El Ayuntamiento no garantiza la correcta difusi\u00f3n de los mensajes y en ning\u00fan caso, los da\u00f1os que este pueda ocasionar.<\/li>\n<li>La normativa se podr\u00e1 adaptar a la renovaci\u00f3n tecnol\u00f3gica del servicio y a las circunstancias que su funcionamiento requieran. En todo caso, los cambios de la normativa ser\u00e1n comunicados a los usuarios.<\/li>\n<li>En conformidad con el que establece la Ley Org\u00e1nica 15\/1999 de Protecci\u00f3n de Datos de Car\u00e1cter Personal, se informa que los datos personales que nos facilite a trav\u00e9s del mensaje de WhatsAPP para gestionar el alta en el servicio de comunicaci\u00f3n, ser\u00e1n incorporadas a un fichero bajo la responsabilidad del Ayuntamiento de Vilafam\u00e9s, con el fin de mantenerlo informado sobre nuestra agenda, los acontecimientos y servicios p\u00fablicos ofrecidos.<\/li>\n<li>El env\u00edo del mensaje de alta al servicio Vilafam\u00e9s al WhatsAPP con sus datos personales, supone la aceptaci\u00f3n de las condiciones del servicio, el tratamiento de sus datos y el env\u00edo de comunicaciones electr\u00f3nicas. Cumpliendo con las exigencias del art\u00edculo 20 de la Ley 34\/2002, de 11 de julio, de servicios de la sociedad de la informaci\u00f3n y de comercio electr\u00f3nico.<\/li>\n<li>Podr\u00e1 revocar el consentimiento prestado, mandando un mensaje con la palabra clave BAJA el cual comportar\u00e1 la baja del servicio. Y ejercer sus derechos de acceso, cancelaci\u00f3n, rectificaci\u00f3n y oposici\u00f3n mediante un escrito al propio consistorio.<\/li>\n<li>Usted se compromete a notificar cualquier variaci\u00f3n en los datos facilitados, especialmente, en caso de cambio de n\u00famero de tel\u00e9fono m\u00f3vil que afecte a la recepci\u00f3n de las comunicaciones electr\u00f3nicas solicitadas.<\/li>\n<li>Finalmente se informa que este sistema est\u00e1 fundamentado en WhatsAPP y que su uso implica la aceptaci\u00f3n de las condiciones de uso de WhatsAPP.<\/li>\n<\/ul>\n<p>","protected":false},"excerpt":{"rendered":"<p>La concejal\u00eda de Nuevas Tecnolog\u00edas lanza un nuevo servicio para la comunicaci\u00f3n del bando diario mediante la aplicaci\u00f3n WhatsAPP disponible para diferentes sistemas operativos para tel\u00e9fonos inteligentes, como por ejemplo Android, IOS o Windows Phone, entre otros. Mediante la opci\u00f3n de difusi\u00f3n que ofrece el servicio de WhatsAPP, se har\u00e1 llegar a todos los vecinos [&hellip;]<\/p>\n","protected":false},"author":3,"featured_media":0,"parent":0,"menu_order":0,"comment_status":"closed","ping_status":"closed","template":"","meta":{"footnotes":""},"class_list":["post-708","page","type-page","status-publish","hentry"],"yoast_head":"<!-- This site is optimized with the Yoast SEO plugin v24.8.1 - https:\/\/yoast.com\/wordpress\/plugins\/seo\/ -->\n<title>Vilafam\u00e9s en el WhatsAPP - Web de l&#039;Ajuntament de Vilafam\u00e9s<\/title>\n<meta name=\"robots\" content=\"index, follow, max-snippet:-1, max-image-preview:large, max-video-preview:-1\" \/>\n<link rel=\"canonical\" href=\"https:\/\/vilafames.org\/vilafames-al-whatsapp\/\" \/>\n<meta property=\"og:locale\" content=\"es_ES\" \/>\n<meta property=\"og:type\" content=\"article\" \/>\n<meta property=\"og:title\" content=\"[:ca]Vilafam\u00e9s al WhatsAPP[:es]Vilafam\u00e9s en el WhatsAPP[:] - Web de l&#039;Ajuntament de Vilafam\u00e9s\" \/>\n<meta property=\"og:description\" content=\"La concejal\u00eda de Nuevas Tecnolog\u00edas lanza un nuevo servicio para la comunicaci\u00f3n del bando diario mediante la aplicaci\u00f3n WhatsAPP disponible para diferentes sistemas operativos para tel\u00e9fonos inteligentes, como por ejemplo Android, IOS o Windows Phone, entre otros. Mediante la opci\u00f3n de difusi\u00f3n que ofrece el servicio de WhatsAPP, se har\u00e1 llegar a todos los vecinos [&hellip;]\" \/>\n<meta property=\"og:url\" content=\"https:\/\/vilafames.org\/vilafames-al-whatsapp\/\" \/>\n<meta property=\"og:site_name\" content=\"Web de l&#039;Ajuntament de Vilafam\u00e9s\" \/>\n<meta property=\"article:publisher\" content=\"https:\/\/www.facebook.com\/AjuntamentVilafames\" \/>\n<meta property=\"article:modified_time\" content=\"2025-02-25T09:43:00+00:00\" \/>\n<meta property=\"og:image\" content=\"https:\/\/vilafames.org\/wp-content\/uploads\/diapositiva1.png\" \/>\n\t<meta property=\"og:image:width\" content=\"1200\" \/>\n\t<meta property=\"og:image:height\" content=\"675\" \/>\n\t<meta property=\"og:image:type\" content=\"image\/png\" \/>\n<meta name=\"twitter:card\" content=\"summary_large_image\" \/>\n<meta name=\"twitter:site\" content=\"@ajtvilafames\" \/>\n<meta name=\"twitter:label1\" content=\"Tiempo de lectura\" \/>\n\t<meta name=\"twitter:data1\" content=\"9 minutos\" \/>\n<script type=\"application\/ld+json\" class=\"yoast-schema-graph\">{\"@context\":\"https:\/\/schema.org\",\"@graph\":[{\"@type\":\"WebPage\",\"@id\":\"https:\/\/vilafames.org\/vilafames-al-whatsapp\/\",\"url\":\"https:\/\/vilafames.org\/vilafames-al-whatsapp\/\",\"name\":\"[:ca]Vilafam\u00e9s al WhatsAPP[:es]Vilafam\u00e9s en el WhatsAPP[:] - Web de l&#039;Ajuntament de Vilafam\u00e9s\",\"isPartOf\":{\"@id\":\"https:\/\/vilafames.org\/#website\"},\"primaryImageOfPage\":{\"@id\":\"https:\/\/vilafames.org\/vilafames-al-whatsapp\/#primaryimage\"},\"image\":{\"@id\":\"https:\/\/vilafames.org\/vilafames-al-whatsapp\/#primaryimage\"},\"thumbnailUrl\":\"https:\/\/vilafames.corvanit.com\/wp-content\/uploads\/diapositiva1.png\",\"datePublished\":\"2016-11-16T08:37:38+00:00\",\"dateModified\":\"2025-02-25T09:43:00+00:00\",\"breadcrumb\":{\"@id\":\"https:\/\/vilafames.org\/vilafames-al-whatsapp\/#breadcrumb\"},\"inLanguage\":\"es\",\"potentialAction\":[{\"@type\":\"ReadAction\",\"target\":[\"https:\/\/vilafames.org\/vilafames-al-whatsapp\/\"]}]},{\"@type\":\"ImageObject\",\"inLanguage\":\"es\",\"@id\":\"https:\/\/vilafames.org\/vilafames-al-whatsapp\/#primaryimage\",\"url\":\"https:\/\/vilafames.corvanit.com\/wp-content\/uploads\/diapositiva1.png\",\"contentUrl\":\"https:\/\/vilafames.corvanit.com\/wp-content\/uploads\/diapositiva1.png\"},{\"@type\":\"BreadcrumbList\",\"@id\":\"https:\/\/vilafames.org\/vilafames-al-whatsapp\/#breadcrumb\",\"itemListElement\":[{\"@type\":\"ListItem\",\"position\":1,\"name\":\"Inici\",\"item\":\"https:\/\/vilafames.org\/\"},{\"@type\":\"ListItem\",\"position\":2,\"name\":\"Vilafam\u00e9s al WhatsAPP\"}]},{\"@type\":\"WebSite\",\"@id\":\"https:\/\/vilafames.org\/#website\",\"url\":\"https:\/\/vilafames.org\/\",\"name\":\"Web de l'Ajuntament de Vilafam\u00e9s\",\"description\":\"Web de l&#039;Ajuntament de Vilafam\u00e9s\",\"publisher\":{\"@id\":\"https:\/\/vilafames.org\/#organization\"},\"potentialAction\":[{\"@type\":\"SearchAction\",\"target\":{\"@type\":\"EntryPoint\",\"urlTemplate\":\"https:\/\/vilafames.org\/?s={search_term_string}\"},\"query-input\":{\"@type\":\"PropertyValueSpecification\",\"valueRequired\":true,\"valueName\":\"search_term_string\"}}],\"inLanguage\":\"es\"},{\"@type\":\"Organization\",\"@id\":\"https:\/\/vilafames.org\/#organization\",\"name\":\"Web de l'Ajuntament de Vilafam\u00e9s\",\"url\":\"https:\/\/vilafames.org\/\",\"logo\":{\"@type\":\"ImageObject\",\"inLanguage\":\"es\",\"@id\":\"https:\/\/vilafames.org\/#\/schema\/logo\/image\/\",\"url\":\"https:\/\/vilafames.org\/wp-content\/uploads\/cropped-marca_v_rgb-1-1.png\",\"contentUrl\":\"https:\/\/vilafames.org\/wp-content\/uploads\/cropped-marca_v_rgb-1-1.png\",\"width\":558,\"height\":269,\"caption\":\"Web de l'Ajuntament de Vilafam\u00e9s\"},\"image\":{\"@id\":\"https:\/\/vilafames.org\/#\/schema\/logo\/image\/\"},\"sameAs\":[\"https:\/\/www.facebook.com\/AjuntamentVilafames\",\"https:\/\/x.com\/ajtvilafames\",\"https:\/\/www.instagram.com\/ajuntamentvilafames\/\",\"https:\/\/www.youtube.com\/channel\/UCjXWt3n8FHiahgKqHZWOTXQ\"]}]}<\/script>\n<!-- \/ Yoast SEO plugin. -->","yoast_head_json":{"title":"[:ca]Vilafam\u00e9s al WhatsAPP[:es]Vilafam\u00e9s en el WhatsAPP[:] - Web de l&#039;Ajuntament de Vilafam\u00e9s","robots":{"index":"index","follow":"follow","max-snippet":"max-snippet:-1","max-image-preview":"max-image-preview:large","max-video-preview":"max-video-preview:-1"},"canonical":"https:\/\/vilafames.org\/vilafames-al-whatsapp\/","og_locale":"es_ES","og_type":"article","og_title":"[:ca]Vilafam\u00e9s al WhatsAPP[:es]Vilafam\u00e9s en el WhatsAPP[:] - Web de l&#039;Ajuntament de Vilafam\u00e9s","og_description":"La concejal\u00eda de Nuevas Tecnolog\u00edas lanza un nuevo servicio para la comunicaci\u00f3n del bando diario mediante la aplicaci\u00f3n WhatsAPP disponible para diferentes sistemas operativos para tel\u00e9fonos inteligentes, como por ejemplo Android, IOS o Windows Phone, entre otros. Mediante la opci\u00f3n de difusi\u00f3n que ofrece el servicio de WhatsAPP, se har\u00e1 llegar a todos los vecinos [&hellip;]","og_url":"https:\/\/vilafames.org\/vilafames-al-whatsapp\/","og_site_name":"Web de l&#039;Ajuntament de Vilafam\u00e9s","article_publisher":"https:\/\/www.facebook.com\/AjuntamentVilafames","article_modified_time":"2025-02-25T09:43:00+00:00","og_image":[{"width":1200,"height":675,"url":"https:\/\/vilafames.org\/wp-content\/uploads\/diapositiva1.png","type":"image\/png"}],"twitter_card":"summary_large_image","twitter_site":"@ajtvilafames","twitter_misc":{"Tiempo de lectura":"9 minutos"},"schema":{"@context":"https:\/\/schema.org","@graph":[{"@type":"WebPage","@id":"https:\/\/vilafames.org\/vilafames-al-whatsapp\/","url":"https:\/\/vilafames.org\/vilafames-al-whatsapp\/","name":"[:ca]Vilafam\u00e9s al WhatsAPP[:es]Vilafam\u00e9s en el WhatsAPP[:] - Web de l&#039;Ajuntament de Vilafam\u00e9s","isPartOf":{"@id":"https:\/\/vilafames.org\/#website"},"primaryImageOfPage":{"@id":"https:\/\/vilafames.org\/vilafames-al-whatsapp\/#primaryimage"},"image":{"@id":"https:\/\/vilafames.org\/vilafames-al-whatsapp\/#primaryimage"},"thumbnailUrl":"https:\/\/vilafames.corvanit.com\/wp-content\/uploads\/diapositiva1.png","datePublished":"2016-11-16T08:37:38+00:00","dateModified":"2025-02-25T09:43:00+00:00","breadcrumb":{"@id":"https:\/\/vilafames.org\/vilafames-al-whatsapp\/#breadcrumb"},"inLanguage":"es","potentialAction":[{"@type":"ReadAction","target":["https:\/\/vilafames.org\/vilafames-al-whatsapp\/"]}]},{"@type":"ImageObject","inLanguage":"es","@id":"https:\/\/vilafames.org\/vilafames-al-whatsapp\/#primaryimage","url":"https:\/\/vilafames.corvanit.com\/wp-content\/uploads\/diapositiva1.png","contentUrl":"https:\/\/vilafames.corvanit.com\/wp-content\/uploads\/diapositiva1.png"},{"@type":"BreadcrumbList","@id":"https:\/\/vilafames.org\/vilafames-al-whatsapp\/#breadcrumb","itemListElement":[{"@type":"ListItem","position":1,"name":"Inici","item":"https:\/\/vilafames.org\/"},{"@type":"ListItem","position":2,"name":"Vilafam\u00e9s al WhatsAPP"}]},{"@type":"WebSite","@id":"https:\/\/vilafames.org\/#website","url":"https:\/\/vilafames.org\/","name":"Web de l'Ajuntament de Vilafam\u00e9s","description":"Web de l&#039;Ajuntament de Vilafam\u00e9s","publisher":{"@id":"https:\/\/vilafames.org\/#organization"},"potentialAction":[{"@type":"SearchAction","target":{"@type":"EntryPoint","urlTemplate":"https:\/\/vilafames.org\/?s={search_term_string}"},"query-input":{"@type":"PropertyValueSpecification","valueRequired":true,"valueName":"search_term_string"}}],"inLanguage":"es"},{"@type":"Organization","@id":"https:\/\/vilafames.org\/#organization","name":"Web de l'Ajuntament de Vilafam\u00e9s","url":"https:\/\/vilafames.org\/","logo":{"@type":"ImageObject","inLanguage":"es","@id":"https:\/\/vilafames.org\/#\/schema\/logo\/image\/","url":"https:\/\/vilafames.org\/wp-content\/uploads\/cropped-marca_v_rgb-1-1.png","contentUrl":"https:\/\/vilafames.org\/wp-content\/uploads\/cropped-marca_v_rgb-1-1.png","width":558,"height":269,"caption":"Web de l'Ajuntament de Vilafam\u00e9s"},"image":{"@id":"https:\/\/vilafames.org\/#\/schema\/logo\/image\/"},"sameAs":["https:\/\/www.facebook.com\/AjuntamentVilafames","https:\/\/x.com\/ajtvilafames","https:\/\/www.instagram.com\/ajuntamentvilafames\/","https:\/\/www.youtube.com\/channel\/UCjXWt3n8FHiahgKqHZWOTXQ"]}]}},"_links":{"self":[{"href":"https:\/\/vilafames.org\/es\/wp-json\/wp\/v2\/pages\/708","targetHints":{"allow":["GET"]}}],"collection":[{"href":"https:\/\/vilafames.org\/es\/wp-json\/wp\/v2\/pages"}],"about":[{"href":"https:\/\/vilafames.org\/es\/wp-json\/wp\/v2\/types\/page"}],"author":[{"embeddable":true,"href":"https:\/\/vilafames.org\/es\/wp-json\/wp\/v2\/users\/3"}],"replies":[{"embeddable":true,"href":"https:\/\/vilafames.org\/es\/wp-json\/wp\/v2\/comments?post=708"}],"version-history":[{"count":3,"href":"https:\/\/vilafames.org\/es\/wp-json\/wp\/v2\/pages\/708\/revisions"}],"predecessor-version":[{"id":11824,"href":"https:\/\/vilafames.org\/es\/wp-json\/wp\/v2\/pages\/708\/revisions\/11824"}],"wp:attachment":[{"href":"https:\/\/vilafames.org\/es\/wp-json\/wp\/v2\/media?parent=708"}],"curies":[{"name":"wp","href":"https:\/\/api.w.org\/{rel}","templated":true}]}}