{"id":666,"date":"2016-11-16T09:25:10","date_gmt":"2016-11-16T08:25:10","guid":{"rendered":"http:\/\/vilafames.org\/?page_id=666"},"modified":"2024-12-19T13:23:56","modified_gmt":"2024-12-19T12:23:56","slug":"festes","status":"publish","type":"page","link":"https:\/\/vilafames.org\/es\/festes\/","title":{"rendered":"Fiestas y tradiciones"},"content":{"rendered":"<p>[vc_row][vc_column width=\u00bb1\/2&#8243;][vc_single_image image=\u00bb11374&#8243; img_size=\u00bbfull\u00bb alignment=\u00bbcenter\u00bb title=\u00bbSan Antonio Abad\u00bb][vc_column_text]El ciclo festivo popular se inicia con la festividad de San Antonio Abad, la cual tiene lugar a mediados del mes de enero, destacando el acto de la matx\u00e0 o procesi\u00f3n de las caballer\u00edas que discurre por las diferentes calles del pueblo y donde por sector se realizan grandes hogueras y en determinados lugares se reparte un rotllo a los participantes. La procesi\u00f3n finaliza en la plaza de la Font donde se procede al reparto de los rotllos por parte del Ayuntamiento.[\/vc_column_text][\/vc_column][vc_column width=\u00bb1\/2&#8243;][vc_single_image image=\u00bb11371&#8243; img_size=\u00bbfull\u00bb alignment=\u00bbcenter\u00bb title=\u00bbSan Miguel Arc\u00e1ngel\u00bb][vc_column_text]Festividad que tiene lugar el cuarto domingo de Cuaresma. Consiste \u00e9sta en la realizaci\u00f3n de una romer\u00eda a la ermita del mismo nombre donde se venera al patr\u00f3n de la localidad, San Miguel Arc\u00e1ngel. En la ermita, se oficia misa y se realiza una comida campestre, habiendo gran animaci\u00f3n por cuanto a la ermita llegan romeros desde las poblaciones vecinas. En la explanada que hay delante de la ermita se establece un peque\u00f1o mercadillo. Al volver al pueblo los romeros tiene lugar la process\u00f3 de les creus, donde participan los ni\u00f1os llevando cruces hechas con brezo. Ya de noche tiene lugar la process\u00f3 dels borratxos, en la que a la altura de la Roca Grossa, se produce el encuentro de los romeros que acompa\u00f1an al patr\u00f3n San Miguel y la cofrad\u00eda del Cristo de la Sangre que sale a recibirlos, para continuar en procesi\u00f3n hasta la iglesia.[\/vc_column_text][\/vc_column][\/vc_row][vc_row][vc_column width=\u00bb1\/2&#8243;][vc_single_image image=\u00bb11375&#8243; img_size=\u00bbfull\u00bb alignment=\u00bbcenter\u00bb title=\u00bbSan Vicente Ferrer\u00bb][vc_column_text]Entre las celebraciones que tienen lugar durante la semana pascual destaca la festividad de San Vicente Ferrer. La festividad se caracteriza por la realizaci\u00f3n de comidas campestres, donde se degustan les mones de Pasqua, dulce que s\u00f3lo es consumido durante esta festividad.[\/vc_column_text][\/vc_column][vc_column width=\u00bb1\/2&#8243;][vc_single_image image=\u00bb11375&#8243; img_size=\u00bbfull\u00bb alignment=\u00bbcenter\u00bb title=\u00bbFiestas patronales\u00bb][vc_column_text]Las fiestas patronales, en honor a la Virgen de la Asunci\u00f3n y al Cristo de la Sangre, tienen lugar a mediados de agosto. Las actividades son muy variadas con la realizaci\u00f3n de exposiciones, conciertos, actividades deportivas, concursos, verbenas, corridas de toros, aunque entre todos ellos destaca el acto de la Serenata al bou, toro que recibe un trato especial y diferente al resto de reses que se exhiben. \u00c9ste, tras la lidia por las diversas calles del pueblo, se expone abierto en canal en la plaza de la Font, momento en que la banda de m\u00fasica comienza el concierto o serenata.[\/vc_column_text][\/vc_column][\/vc_row][vc_row][vc_column width=\u00bb1\/2&#8243;][vc_single_image image=\u00bb11381&#8243; img_size=\u00bbfull\u00bb alignment=\u00bbcenter\u00bb title=\u00bbSant Miquel de Veremes\u00bb][vc_column_text]Festividad que tiene lugar el 29 de septiembre, siendo nuevamente el patr\u00f3n del municipio, San Miguel, a quien se dedica la festividad. \u00c9sta recibe el sobrenombre de Veremes por celebrarse tras el periodo de recogida de la uva, actividad importante en la poblaci\u00f3n durante la segunda mitad del siglo XX y para diferenciarla de la celebraci\u00f3n que tiene lugar el cuarto domingo de Cuaresma. Dicha festividad cuenta con la realizaci\u00f3n de diversos actos que tienen lugar en la propia ermita: excursiones, comidas, celebraci\u00f3n lit\u00fargica, etc.[\/vc_column_text][\/vc_column][vc_column width=\u00bb1\/2&#8243;][vc_single_image image=\u00bb11373&#8243; img_size=\u00bbfull\u00bb alignment=\u00bbcenter\u00bb title=\u00bbNavidad\u00bb][vc_column_text]Durante el periodo navide\u00f1o se realizan diversos actos tales como conciertos navide\u00f1os, escenificaciones del Bel\u00e9n, etc. finalizando los actos navide\u00f1os con la cabalgata de los Reyes que tiene lugar el d\u00eda 5 de enero.[\/vc_column_text][\/vc_column][\/vc_row][vc_row][vc_column width=\u00bb1\/2&#8243;][vc_single_image image=\u00bb11372&#8243; img_size=\u00bbfull\u00bb alignment=\u00bbcenter\u00bb title=\u00bbSemana Santa\u00bb][vc_column_text]La Semana Santa en Vilafam\u00e9s, al igual que en el occidente cristiano, supone la conmemoraci\u00f3n anual de la Pasi\u00f3n, Muerte y Resurrecci\u00f3n de Jes\u00fas. Es una festividad de honda tradici\u00f3n que se inicia el Domingo de Ramos y finaliza con el Domingo de Resurrecci\u00f3n.<\/p>\n<p>Se tiene documentado en el siglo XVIII la representaci\u00f3n de la Pasi\u00f3n de Jes\u00fas a trav\u00e9s de la obra \u00abLa Inocencia castigada\u00bb obra de Tom\u00e0s Serra i Pal\u00f3s, de Burriana, la cual se representaba en tres jornadas.<\/p>\n<p>Papel destacado en la celebraci\u00f3n de la Semana Santa tiene la Cofrad\u00eda de la Precios\u00edsima Sangre de Nuestro Se\u00f1or Jesucristo, la cual se encarga de la organizaci\u00f3n de las diferentes celebraciones, donde destacan las procesiones del Jueves Santo, Viernes Santo (o del Entierro) y el domingo la procesi\u00f3n del Encuentro.<\/p>\n<p>En las \u00faltimas d\u00e9cadas se ha convertido en tradicional, el Domingo de Resurrecci\u00f3n, realizar una comida campestre las collas de amigos, donde por la tarde se merienda la tradicional \u00abmona de Pasqua\u00bb.[\/vc_column_text][\/vc_column][vc_column width=\u00bb1\/2&#8243;][\/vc_column][\/vc_row]","protected":false},"excerpt":{"rendered":"<p>[vc_row][vc_column width=\u00bb1\/2&#8243;][vc_single_image image=\u00bb11374&#8243; img_size=\u00bbfull\u00bb alignment=\u00bbcenter\u00bb title=\u00bbSan Antonio Abad\u00bb][vc_column_text]El ciclo festivo popular se inicia con la festividad de San Antonio Abad, la cual tiene lugar a mediados del mes de enero, destacando el acto de la matx\u00e0 o procesi\u00f3n de las caballer\u00edas que discurre por las diferentes calles del pueblo y donde por sector se realizan [&hellip;]<\/p>\n","protected":false},"author":3,"featured_media":0,"parent":0,"menu_order":0,"comment_status":"closed","ping_status":"closed","template":"","meta":{"footnotes":""},"class_list":["post-666","page","type-page","status-publish","hentry"],"yoast_head":"<!-- This site is optimized with the Yoast SEO plugin v24.8.1 - https:\/\/yoast.com\/wordpress\/plugins\/seo\/ -->\n<title>Fiestas y tradiciones - Web de l&#039;Ajuntament de Vilafam\u00e9s<\/title>\n<meta name=\"robots\" content=\"index, follow, max-snippet:-1, max-image-preview:large, max-video-preview:-1\" \/>\n<link rel=\"canonical\" href=\"https:\/\/vilafames.org\/poble__trashed\/festes\/\" \/>\n<meta property=\"og:locale\" content=\"es_ES\" \/>\n<meta property=\"og:type\" content=\"article\" \/>\n<meta property=\"og:title\" content=\"[:ca]Festes i tradicions[:es]Fiestas y tradiciones[:] - Web de l&#039;Ajuntament de Vilafam\u00e9s\" \/>\n<meta property=\"og:description\" content=\"[vc_row][vc_column width=\u00bb1\/2&#8243;][vc_single_image image=\u00bb11374&#8243; img_size=\u00bbfull\u00bb alignment=\u00bbcenter\u00bb title=\u00bbSan Antonio Abad\u00bb][vc_column_text]El ciclo festivo popular se inicia con la festividad de San Antonio Abad, la cual tiene lugar a mediados del mes de enero, destacando el acto de la matx\u00e0 o procesi\u00f3n de las caballer\u00edas que discurre por las diferentes calles del pueblo y donde por sector se realizan [&hellip;]\" \/>\n<meta property=\"og:url\" content=\"https:\/\/vilafames.org\/poble__trashed\/festes\/\" \/>\n<meta property=\"og:site_name\" content=\"Web de l&#039;Ajuntament de Vilafam\u00e9s\" \/>\n<meta property=\"article:publisher\" content=\"https:\/\/www.facebook.com\/AjuntamentVilafames\" \/>\n<meta property=\"article:modified_time\" content=\"2024-12-19T12:23:56+00:00\" \/>\n<meta name=\"twitter:card\" content=\"summary_large_image\" \/>\n<meta name=\"twitter:site\" content=\"@ajtvilafames\" \/>\n<meta name=\"twitter:label1\" content=\"Tiempo de lectura\" \/>\n\t<meta name=\"twitter:data1\" content=\"9 minutos\" \/>\n<script type=\"application\/ld+json\" class=\"yoast-schema-graph\">{\"@context\":\"https:\/\/schema.org\",\"@graph\":[{\"@type\":\"WebPage\",\"@id\":\"https:\/\/vilafames.org\/poble__trashed\/festes\/\",\"url\":\"https:\/\/vilafames.org\/poble__trashed\/festes\/\",\"name\":\"[:ca]Festes i tradicions[:es]Fiestas y tradiciones[:] - Web de l&#039;Ajuntament de Vilafam\u00e9s\",\"isPartOf\":{\"@id\":\"https:\/\/vilafames.org\/#website\"},\"datePublished\":\"2016-11-16T08:25:10+00:00\",\"dateModified\":\"2024-12-19T12:23:56+00:00\",\"breadcrumb\":{\"@id\":\"https:\/\/vilafames.org\/poble__trashed\/festes\/#breadcrumb\"},\"inLanguage\":\"es\",\"potentialAction\":[{\"@type\":\"ReadAction\",\"target\":[\"https:\/\/vilafames.org\/poble__trashed\/festes\/\"]}]},{\"@type\":\"BreadcrumbList\",\"@id\":\"https:\/\/vilafames.org\/poble__trashed\/festes\/#breadcrumb\",\"itemListElement\":[{\"@type\":\"ListItem\",\"position\":1,\"name\":\"Inici\",\"item\":\"https:\/\/vilafames.org\/\"},{\"@type\":\"ListItem\",\"position\":2,\"name\":\"Festes i tradicions\"}]},{\"@type\":\"WebSite\",\"@id\":\"https:\/\/vilafames.org\/#website\",\"url\":\"https:\/\/vilafames.org\/\",\"name\":\"Web de l'Ajuntament de Vilafam\u00e9s\",\"description\":\"Web de l&#039;Ajuntament de Vilafam\u00e9s\",\"publisher\":{\"@id\":\"https:\/\/vilafames.org\/#organization\"},\"potentialAction\":[{\"@type\":\"SearchAction\",\"target\":{\"@type\":\"EntryPoint\",\"urlTemplate\":\"https:\/\/vilafames.org\/?s={search_term_string}\"},\"query-input\":{\"@type\":\"PropertyValueSpecification\",\"valueRequired\":true,\"valueName\":\"search_term_string\"}}],\"inLanguage\":\"es\"},{\"@type\":\"Organization\",\"@id\":\"https:\/\/vilafames.org\/#organization\",\"name\":\"Web de l'Ajuntament de Vilafam\u00e9s\",\"url\":\"https:\/\/vilafames.org\/\",\"logo\":{\"@type\":\"ImageObject\",\"inLanguage\":\"es\",\"@id\":\"https:\/\/vilafames.org\/#\/schema\/logo\/image\/\",\"url\":\"https:\/\/vilafames.org\/wp-content\/uploads\/cropped-marca_v_rgb-1-1.png\",\"contentUrl\":\"https:\/\/vilafames.org\/wp-content\/uploads\/cropped-marca_v_rgb-1-1.png\",\"width\":558,\"height\":269,\"caption\":\"Web de l'Ajuntament de Vilafam\u00e9s\"},\"image\":{\"@id\":\"https:\/\/vilafames.org\/#\/schema\/logo\/image\/\"},\"sameAs\":[\"https:\/\/www.facebook.com\/AjuntamentVilafames\",\"https:\/\/x.com\/ajtvilafames\",\"https:\/\/www.instagram.com\/ajuntamentvilafames\/\",\"https:\/\/www.youtube.com\/channel\/UCjXWt3n8FHiahgKqHZWOTXQ\"]}]}<\/script>\n<!-- \/ Yoast SEO plugin. -->","yoast_head_json":{"title":"[:ca]Festes i tradicions[:es]Fiestas y tradiciones[:] - Web de l&#039;Ajuntament de Vilafam\u00e9s","robots":{"index":"index","follow":"follow","max-snippet":"max-snippet:-1","max-image-preview":"max-image-preview:large","max-video-preview":"max-video-preview:-1"},"canonical":"https:\/\/vilafames.org\/poble__trashed\/festes\/","og_locale":"es_ES","og_type":"article","og_title":"[:ca]Festes i tradicions[:es]Fiestas y tradiciones[:] - Web de l&#039;Ajuntament de Vilafam\u00e9s","og_description":"[vc_row][vc_column width=\u00bb1\/2&#8243;][vc_single_image image=\u00bb11374&#8243; img_size=\u00bbfull\u00bb alignment=\u00bbcenter\u00bb title=\u00bbSan Antonio Abad\u00bb][vc_column_text]El ciclo festivo popular se inicia con la festividad de San Antonio Abad, la cual tiene lugar a mediados del mes de enero, destacando el acto de la matx\u00e0 o procesi\u00f3n de las caballer\u00edas que discurre por las diferentes calles del pueblo y donde por sector se realizan [&hellip;]","og_url":"https:\/\/vilafames.org\/poble__trashed\/festes\/","og_site_name":"Web de l&#039;Ajuntament de Vilafam\u00e9s","article_publisher":"https:\/\/www.facebook.com\/AjuntamentVilafames","article_modified_time":"2024-12-19T12:23:56+00:00","twitter_card":"summary_large_image","twitter_site":"@ajtvilafames","twitter_misc":{"Tiempo de lectura":"9 minutos"},"schema":{"@context":"https:\/\/schema.org","@graph":[{"@type":"WebPage","@id":"https:\/\/vilafames.org\/poble__trashed\/festes\/","url":"https:\/\/vilafames.org\/poble__trashed\/festes\/","name":"[:ca]Festes i tradicions[:es]Fiestas y tradiciones[:] - Web de l&#039;Ajuntament de Vilafam\u00e9s","isPartOf":{"@id":"https:\/\/vilafames.org\/#website"},"datePublished":"2016-11-16T08:25:10+00:00","dateModified":"2024-12-19T12:23:56+00:00","breadcrumb":{"@id":"https:\/\/vilafames.org\/poble__trashed\/festes\/#breadcrumb"},"inLanguage":"es","potentialAction":[{"@type":"ReadAction","target":["https:\/\/vilafames.org\/poble__trashed\/festes\/"]}]},{"@type":"BreadcrumbList","@id":"https:\/\/vilafames.org\/poble__trashed\/festes\/#breadcrumb","itemListElement":[{"@type":"ListItem","position":1,"name":"Inici","item":"https:\/\/vilafames.org\/"},{"@type":"ListItem","position":2,"name":"Festes i tradicions"}]},{"@type":"WebSite","@id":"https:\/\/vilafames.org\/#website","url":"https:\/\/vilafames.org\/","name":"Web de l'Ajuntament de Vilafam\u00e9s","description":"Web de l&#039;Ajuntament de Vilafam\u00e9s","publisher":{"@id":"https:\/\/vilafames.org\/#organization"},"potentialAction":[{"@type":"SearchAction","target":{"@type":"EntryPoint","urlTemplate":"https:\/\/vilafames.org\/?s={search_term_string}"},"query-input":{"@type":"PropertyValueSpecification","valueRequired":true,"valueName":"search_term_string"}}],"inLanguage":"es"},{"@type":"Organization","@id":"https:\/\/vilafames.org\/#organization","name":"Web de l'Ajuntament de Vilafam\u00e9s","url":"https:\/\/vilafames.org\/","logo":{"@type":"ImageObject","inLanguage":"es","@id":"https:\/\/vilafames.org\/#\/schema\/logo\/image\/","url":"https:\/\/vilafames.org\/wp-content\/uploads\/cropped-marca_v_rgb-1-1.png","contentUrl":"https:\/\/vilafames.org\/wp-content\/uploads\/cropped-marca_v_rgb-1-1.png","width":558,"height":269,"caption":"Web de l'Ajuntament de Vilafam\u00e9s"},"image":{"@id":"https:\/\/vilafames.org\/#\/schema\/logo\/image\/"},"sameAs":["https:\/\/www.facebook.com\/AjuntamentVilafames","https:\/\/x.com\/ajtvilafames","https:\/\/www.instagram.com\/ajuntamentvilafames\/","https:\/\/www.youtube.com\/channel\/UCjXWt3n8FHiahgKqHZWOTXQ"]}]}},"_links":{"self":[{"href":"https:\/\/vilafames.org\/es\/wp-json\/wp\/v2\/pages\/666","targetHints":{"allow":["GET"]}}],"collection":[{"href":"https:\/\/vilafames.org\/es\/wp-json\/wp\/v2\/pages"}],"about":[{"href":"https:\/\/vilafames.org\/es\/wp-json\/wp\/v2\/types\/page"}],"author":[{"embeddable":true,"href":"https:\/\/vilafames.org\/es\/wp-json\/wp\/v2\/users\/3"}],"replies":[{"embeddable":true,"href":"https:\/\/vilafames.org\/es\/wp-json\/wp\/v2\/comments?post=666"}],"version-history":[{"count":6,"href":"https:\/\/vilafames.org\/es\/wp-json\/wp\/v2\/pages\/666\/revisions"}],"predecessor-version":[{"id":11384,"href":"https:\/\/vilafames.org\/es\/wp-json\/wp\/v2\/pages\/666\/revisions\/11384"}],"wp:attachment":[{"href":"https:\/\/vilafames.org\/es\/wp-json\/wp\/v2\/media?parent=666"}],"curies":[{"name":"wp","href":"https:\/\/api.w.org\/{rel}","templated":true}]}}