{"id":662,"date":"2016-11-16T09:24:31","date_gmt":"2016-11-16T08:24:31","guid":{"rendered":"http:\/\/vilafames.org\/?page_id=662"},"modified":"2024-12-22T11:54:18","modified_gmt":"2024-12-22T10:54:18","slug":"patrimoni","status":"publish","type":"page","link":"https:\/\/vilafames.org\/es\/patrimoni\/","title":{"rendered":"Patrimonio"},"content":{"rendered":"<p>[vc_row][vc_column][vc_images_carousel images=\u00bb11430,11429,11426,11425,11424,11423,11422,11421,11420,11419,11418,11417,11416,11415,11414,11413,11412,11411,11410,11409,11408,11406,11405,11404,11403,11402,11401&#8243; img_size=\u00bb\u00bb speed=\u00bb3000&#8243; slides_per_view=\u00bb6&#8243; autoplay=\u00bbyes\u00bb hide_pagination_control=\u00bbyes\u00bb][\/vc_column][\/vc_row][vc_row][vc_column width=\u00bb1\/2&#8243;][vc_single_image image=\u00bb11430&#8243; img_size=\u00bbfull\u00bb alignment=\u00bbcenter\u00bb][\/vc_column][vc_column width=\u00bb1\/2&#8243;][vc_text_separator title=\u00bbConjunto hist\u00f3rico\u00bb color=\u00bbcustom\u00bb accent_color=\u00bb#c8102e\u00bb][vc_column_text]Situado en la parte alta de la poblaci\u00f3n. Es un conjunto que aparece rodeado por una muralla, realizada durante el siglo XIV, que engloba en su interior a las diversas edificaciones urbanas as\u00ed como los edificios emblem\u00e1ticos del municipio. Se observa, en el trazado urban\u00edstico, la existencia de dos zonas diferenciadas; la superior, caracterizada por la existencia de calles estrechas y zigzagueantes, mientras que en la inferior, las calles son de trazado lineal, adaptadas a la topograf\u00eda.<\/p>\n<p><a href=\"https:\/\/vilafames.corvanit.com\/poble\/patrimoni\/conjunt-historic\/\">M\u00c1S<\/a>[\/vc_column_text][\/vc_column][\/vc_row][vc_row][vc_column][vc_separator el_width=\u00bb40&#8243;][\/vc_column][\/vc_row][vc_row][vc_column width=\u00bb1\/2&#8243;][vc_text_separator title=\u00bbEl tossal de la Font\u00bb color=\u00bbcustom\u00bb accent_color=\u00bb#c8102e\u00bb][vc_column_text]La cueva se localiza en la ladera oeste del Tossal de la Font, colina que se encuentra junto al n\u00facleo urbano de la poblaci\u00f3n. Dicha cavidad forma parte de una extensa red c\u00e1rstica que ocupa el subsuelo del cerro con un recorrido de 2.282 metros de galer\u00edas interiores. El yacimiento se encuentra justo a la boca de acceso formando parte de una colada arcillosa fuertemente brechificada de edad w\u00fcrmiense.<\/p>\n<p><a href=\"https:\/\/vilafames.corvanit.com\/poble\/patrimoni\/el-tossal-de-la-font\/\">M\u00c1S<\/a>[\/vc_column_text][\/vc_column][vc_column width=\u00bb1\/2&#8243;][vc_single_image image=\u00bb11416&#8243; img_size=\u00bbfull\u00bb alignment=\u00bbcenter\u00bb][\/vc_column][\/vc_row][vc_row][vc_column][vc_separator el_width=\u00bb40&#8243;][\/vc_column][\/vc_row][vc_row][vc_column width=\u00bb1\/2&#8243;][vc_single_image image=\u00bb11418&#8243; img_size=\u00bbfull\u00bb alignment=\u00bbcenter\u00bb][\/vc_column][vc_column width=\u00bb1\/2&#8243;][vc_text_separator title=\u00bbLa cova Matutano\u00bb color=\u00bbcustom\u00bb accent_color=\u00bb#c8102e\u00bb][vc_column_text]La cavidad de peque\u00f1as dimensiones (70m2) se encuentra ubicada en la parte trasera interior de una vivienda situada en pleno n\u00facleo urbano, justo al pie del Tossal de la Font. Presenta un singular inter\u00e9s puesto que constituye uno de los principales yacimientos del paleol\u00edtico superior final de este periodo en el pa\u00eds valenciano.<\/p>\n<p><a href=\"https:\/\/vilafames.corvanit.com\/poble\/patrimoni\/la-cova-matutano\/\">M\u00c1S<\/a>.[\/vc_column_text][\/vc_column][\/vc_row][vc_row][vc_column][vc_separator el_width=\u00bb40&#8243;][\/vc_column][\/vc_row][vc_row][vc_column width=\u00bb1\/2&#8243;][vc_text_separator title=\u00bbL\u2019Abric del Castell\u00bb color=\u00bbcustom\u00bb accent_color=\u00bb#c8102e\u00bb][vc_column_text]Fue descubierto el 14 de agosto de 1963 y dado a conocer por el profesor A. Beltr\u00e1n en 1969. Beltr\u00e1n propuso su inclusi\u00f3n dentro del Arte Esquem\u00e1tico y lo atribuy\u00f3 a la Edad del Bronce, aunque algunos motivos pudieron haber sido realizados durante momentos anteriores, a finales del III milenio.<\/p>\n<p>El abrigo se abre en la parte alta del cerro, bajo un resalte de rocas areniscas tri\u00e1sicas y es de peque\u00f1as dimensiones (6 m de longitud de boca por 2,50 m de altura en la zona m\u00e1s alta).<\/p>\n<p><a href=\"https:\/\/vilafames.corvanit.com\/poble\/patrimoni\/labric-del-castell\/\">M\u00c1S<\/a>[\/vc_column_text][\/vc_column][vc_column width=\u00bb1\/2&#8243;][vc_single_image image=\u00bb11412&#8243; img_size=\u00bbfull\u00bb alignment=\u00bbcenter\u00bb][\/vc_column][\/vc_row][vc_row][vc_column][vc_separator el_width=\u00bb40&#8243;][\/vc_column][\/vc_row][vc_row][vc_column width=\u00bb1\/2&#8243;][vc_single_image image=\u00bb11420&#8243; img_size=\u00bbfull\u00bb alignment=\u00bbcenter\u00bb][\/vc_column][vc_column width=\u00bb1\/2&#8243;][vc_text_separator title=\u00bbEls Estrets-el Rac\u00f3 de Rata\u00bb color=\u00bbcustom\u00bb accent_color=\u00bb#c8102e\u00bb][vc_column_text]El yacimiento arqueol\u00f3gico de Els Estrets-el Rac\u00f3 de Rata se sit\u00faa sobre el espol\u00f3n sur-oriental del Tossal d\u2019en Bosch, un contrafuerte monta\u00f1oso que rodea en su sector occidental el Pla de Vilafam\u00e9s, a la salida del barranco de Els Estrets.<\/p>\n<p>El poblado tiene una superficie de 0,3 ha y presenta una muralla que rodea todo su per\u00edmetro; las intervenciones arqueol\u00f3gicas que se llevan a cabo desde 1990 han permitido profundizar en el conocimiento de su evoluci\u00f3n y ocupaci\u00f3n, que se sit\u00faa cronol\u00f3gicamente entre los siglos III-I a.C., dentro del llamado periodo Ib\u00e9rico Tard\u00edo.<\/p>\n<p><a href=\"https:\/\/vilafames.corvanit.com\/poble\/patrimoni\/els-estrets-el-raco-de-rata\/\">M\u00c1S<\/a>[\/vc_column_text][\/vc_column][\/vc_row][vc_row][vc_column][vc_separator el_width=\u00bb40&#8243;][\/vc_column][\/vc_row][vc_row][vc_column width=\u00bb1\/2&#8243;][vc_text_separator title=\u00bbCastell\u00bb color=\u00bbcustom\u00bb accent_color=\u00bb#c8102e\u00bb][vc_column_text]Situado en lo alto de la villa, donde se documentan indicios de poblamiento anterior (Abric del Castell), su utilizaci\u00f3n como tal es de origen andalus\u00ed, tal y como se desprende de la denominaci\u00f3n que se le otorga al lugar en diversos documentos \u201cBeni-Hamez\u201d. Conquistado por Jaime I en 1233 ha sufrido diferentes reformas a lo largo de su historia, siendo sus vestigios m\u00e1s antiguos del siglo XIV; momento en que el maestre de la Orden de Montesa obliga a los habitantes de Vilafam\u00e9s a reparar y reforzar las fortificaciones del lugar (1375) a la vez que se transforma en un gran castillo-palacio.<\/p>\n<p><a href=\"https:\/\/vilafames.corvanit.com\/poble\/patrimoni\/castell\/\">M\u00c1S<\/a>[\/vc_column_text][\/vc_column][vc_column width=\u00bb1\/2&#8243;][vc_single_image image=\u00bb11415&#8243; img_size=\u00bbfull\u00bb alignment=\u00bbcenter\u00bb][\/vc_column][\/vc_row][vc_row][vc_column][vc_separator el_width=\u00bb40&#8243;][\/vc_column][\/vc_row][vc_row][vc_column width=\u00bb1\/2&#8243;][vc_single_image image=\u00bb11405&#8243; img_size=\u00bbfull\u00bb alignment=\u00bbcenter\u00bb][\/vc_column][vc_column width=\u00bb1\/2&#8243;][vc_text_separator title=\u00bbL\u2019esgl\u00e9sia de la Sang\u00bb color=\u00bbcustom\u00bb accent_color=\u00bb#c8102e\u00bb][vc_column_text]La Iglesia de la Sangre constituye el primer recinto cultual de \u00e9poca cristiana de la localidad. Tras la conquista de la villa por el rey Jaume I, se proceder\u00e1 a la construcci\u00f3n del templo parroquial. En origen se trata de una iglesia del tipo denominado de \u00abreconquista\u00bb. \u00c9stas se caracterizan por presentar una nave de sal\u00f3n, con arcos diafragma o apuntados que sirven para sustentar la cubierta le\u00f1osa, a doble vertiente o, bien, plana como posiblemente se d\u00e9 en el caso de Vilafam\u00e9s.<\/p>\n<p><a href=\"https:\/\/vilafames.corvanit.com\/poble\/patrimoni\/lesglesia-de-la-sang\/\">M\u00c1S<\/a>[\/vc_column_text][\/vc_column][\/vc_row][vc_row][vc_column][vc_separator el_width=\u00bb40&#8243;][\/vc_column][\/vc_row][vc_row][vc_column width=\u00bb1\/2&#8243;][vc_text_separator title=\u00bbLes Roques de Mallas\u00e9n\u00bb color=\u00bbcustom\u00bb accent_color=\u00bb#c8102e\u00bb][vc_column_text]Las Roques de Mallas\u00e9n se engloban en una estructura fallada que nace en el monte Mollet (Sant Joan de Mor\u00f3) y se desarrolla en direcci\u00f3n sur-oeste-noreste hasta Vilafam\u00e9s, correspondiente al Tri\u00e1sico (245-208 Ma) y caracterizada por areniscas continentales propias del Buntsandstein. En la vegetaci\u00f3n de la zona predominan masas boscosas de pino rodeno (Pinus pinaster) y un importante sotobosque formado por coscoja, palmito y otras especies arbustivas.<\/p>\n<p><a href=\"https:\/\/vilafames.corvanit.com\/poble\/patrimoni\/les-roques-de-mallasen\/\">M\u00c1S<\/a>[\/vc_column_text][\/vc_column][vc_column width=\u00bb1\/2&#8243;][vc_single_image image=\u00bb11410&#8243; img_size=\u00bbfull\u00bb alignment=\u00bbcenter\u00bb][\/vc_column][\/vc_row][vc_row][vc_column][vc_separator el_width=\u00bb40&#8243;][\/vc_column][\/vc_row][vc_row][vc_column width=\u00bb1\/2&#8243;][vc_single_image image=\u00bb11414&#8243; img_size=\u00bbfull\u00bb alignment=\u00bbcenter\u00bb][\/vc_column][vc_column width=\u00bb1\/2&#8243;][vc_text_separator title=\u00bbIglesia de la Asunci\u00f3n\u00bb color=\u00bbcustom\u00bb accent_color=\u00bb#c8102e\u00bb][vc_column_text]De finales del s. XVI, comienza la construcci\u00f3n en 1594. Su planta es trazada por el maestro de la Seo de Tortosa, Mart\u00edn de Mendoza y adjudicada para su realizaci\u00f3n a Juan Palacios.<\/p>\n<p>En 1778 se reforma, prolong\u00e1ndose el crucero con la Capilla de la Comuni\u00f3n y nuevo presbiterio, bajo la direcci\u00f3n de Andr\u00e9s Moreno, concluyendo las obras de ampliaci\u00f3n en 1783.<\/p>\n<p>La c\u00fapula, demolida por amenazar ruina, se erig\u00eda de nuevo en 1806, bajo direcci\u00f3n de Jos\u00e9 M\u00e1s Ayora.<\/p>\n<p><a href=\"https:\/\/vilafames.corvanit.com\/poble\/patrimoni\/esglesia-de-lassumpcio\/\">M\u00c1S<\/a>[\/vc_column_text][\/vc_column][\/vc_row][vc_row][vc_column][vc_separator el_width=\u00bb40&#8243;][\/vc_column][\/vc_row][vc_row][vc_column][\/vc_column][\/vc_row]","protected":false},"excerpt":{"rendered":"<p>[vc_row][vc_column][vc_images_carousel images=\u00bb11430,11429,11426,11425,11424,11423,11422,11421,11420,11419,11418,11417,11416,11415,11414,11413,11412,11411,11410,11409,11408,11406,11405,11404,11403,11402,11401&#8243; img_size=\u00bb\u00bb speed=\u00bb3000&#8243; slides_per_view=\u00bb6&#8243; autoplay=\u00bbyes\u00bb hide_pagination_control=\u00bbyes\u00bb][\/vc_column][\/vc_row][vc_row][vc_column width=\u00bb1\/2&#8243;][vc_single_image image=\u00bb11430&#8243; img_size=\u00bbfull\u00bb alignment=\u00bbcenter\u00bb][\/vc_column][vc_column width=\u00bb1\/2&#8243;][vc_text_separator title=\u00bbConjunto hist\u00f3rico\u00bb color=\u00bbcustom\u00bb accent_color=\u00bb#c8102e\u00bb][vc_column_text]Situado en la parte alta de la poblaci\u00f3n. Es un conjunto que aparece rodeado por una muralla, realizada durante el siglo XIV, que engloba en su interior a las diversas edificaciones urbanas as\u00ed como los edificios emblem\u00e1ticos del municipio. Se [&hellip;]<\/p>\n","protected":false},"author":3,"featured_media":0,"parent":0,"menu_order":0,"comment_status":"closed","ping_status":"closed","template":"","meta":{"footnotes":""},"class_list":["post-662","page","type-page","status-publish","hentry"],"yoast_head":"<!-- This site is optimized with the Yoast SEO plugin v24.8.1 - https:\/\/yoast.com\/wordpress\/plugins\/seo\/ -->\n<title>Patrimonio - Web de l&#039;Ajuntament de Vilafam\u00e9s<\/title>\n<meta name=\"robots\" content=\"index, follow, max-snippet:-1, max-image-preview:large, max-video-preview:-1\" \/>\n<link rel=\"canonical\" href=\"https:\/\/vilafames.org\/poble__trashed\/patrimoni\/\" \/>\n<meta property=\"og:locale\" content=\"es_ES\" \/>\n<meta property=\"og:type\" content=\"article\" \/>\n<meta property=\"og:title\" content=\"Patrimonio - Web de l&#039;Ajuntament de Vilafam\u00e9s\" \/>\n<meta property=\"og:description\" content=\"[vc_row][vc_column][vc_images_carousel images=\u00bb11430,11429,11426,11425,11424,11423,11422,11421,11420,11419,11418,11417,11416,11415,11414,11413,11412,11411,11410,11409,11408,11406,11405,11404,11403,11402,11401&#8243; img_size=\u00bb\u00bb speed=\u00bb3000&#8243; slides_per_view=\u00bb6&#8243; autoplay=\u00bbyes\u00bb hide_pagination_control=\u00bbyes\u00bb][\/vc_column][\/vc_row][vc_row][vc_column width=\u00bb1\/2&#8243;][vc_single_image image=\u00bb11430&#8243; img_size=\u00bbfull\u00bb alignment=\u00bbcenter\u00bb][\/vc_column][vc_column width=\u00bb1\/2&#8243;][vc_text_separator title=\u00bbConjunto hist\u00f3rico\u00bb color=\u00bbcustom\u00bb accent_color=\u00bb#c8102e\u00bb][vc_column_text]Situado en la parte alta de la poblaci\u00f3n. Es un conjunto que aparece rodeado por una muralla, realizada durante el siglo XIV, que engloba en su interior a las diversas edificaciones urbanas as\u00ed como los edificios emblem\u00e1ticos del municipio. Se [&hellip;]\" \/>\n<meta property=\"og:url\" content=\"https:\/\/vilafames.org\/poble__trashed\/patrimoni\/\" \/>\n<meta property=\"og:site_name\" content=\"Web de l&#039;Ajuntament de Vilafam\u00e9s\" \/>\n<meta property=\"article:publisher\" content=\"https:\/\/www.facebook.com\/AjuntamentVilafames\" \/>\n<meta property=\"article:modified_time\" content=\"2024-12-22T10:54:18+00:00\" \/>\n<meta name=\"twitter:card\" content=\"summary_large_image\" \/>\n<meta name=\"twitter:site\" content=\"@ajtvilafames\" \/>\n<meta name=\"twitter:label1\" content=\"Tiempo de lectura\" \/>\n\t<meta name=\"twitter:data1\" content=\"13 minutos\" \/>\n<script type=\"application\/ld+json\" class=\"yoast-schema-graph\">{\"@context\":\"https:\/\/schema.org\",\"@graph\":[{\"@type\":\"WebPage\",\"@id\":\"https:\/\/vilafames.org\/poble__trashed\/patrimoni\/\",\"url\":\"https:\/\/vilafames.org\/poble__trashed\/patrimoni\/\",\"name\":\"Patrimonio - Web de l&#039;Ajuntament de Vilafam\u00e9s\",\"isPartOf\":{\"@id\":\"https:\/\/vilafames.org\/#website\"},\"datePublished\":\"2016-11-16T08:24:31+00:00\",\"dateModified\":\"2024-12-22T10:54:18+00:00\",\"breadcrumb\":{\"@id\":\"https:\/\/vilafames.org\/poble__trashed\/patrimoni\/#breadcrumb\"},\"inLanguage\":\"es\",\"potentialAction\":[{\"@type\":\"ReadAction\",\"target\":[\"https:\/\/vilafames.org\/poble__trashed\/patrimoni\/\"]}]},{\"@type\":\"BreadcrumbList\",\"@id\":\"https:\/\/vilafames.org\/poble__trashed\/patrimoni\/#breadcrumb\",\"itemListElement\":[{\"@type\":\"ListItem\",\"position\":1,\"name\":\"Inici\",\"item\":\"https:\/\/vilafames.org\/\"},{\"@type\":\"ListItem\",\"position\":2,\"name\":\"Patrimonio\"}]},{\"@type\":\"WebSite\",\"@id\":\"https:\/\/vilafames.org\/#website\",\"url\":\"https:\/\/vilafames.org\/\",\"name\":\"Web de l'Ajuntament de Vilafam\u00e9s\",\"description\":\"Web de l&#039;Ajuntament de Vilafam\u00e9s\",\"publisher\":{\"@id\":\"https:\/\/vilafames.org\/#organization\"},\"potentialAction\":[{\"@type\":\"SearchAction\",\"target\":{\"@type\":\"EntryPoint\",\"urlTemplate\":\"https:\/\/vilafames.org\/?s={search_term_string}\"},\"query-input\":{\"@type\":\"PropertyValueSpecification\",\"valueRequired\":true,\"valueName\":\"search_term_string\"}}],\"inLanguage\":\"es\"},{\"@type\":\"Organization\",\"@id\":\"https:\/\/vilafames.org\/#organization\",\"name\":\"Web de l'Ajuntament de Vilafam\u00e9s\",\"url\":\"https:\/\/vilafames.org\/\",\"logo\":{\"@type\":\"ImageObject\",\"inLanguage\":\"es\",\"@id\":\"https:\/\/vilafames.org\/#\/schema\/logo\/image\/\",\"url\":\"https:\/\/vilafames.org\/wp-content\/uploads\/cropped-marca_v_rgb-1-1.png\",\"contentUrl\":\"https:\/\/vilafames.org\/wp-content\/uploads\/cropped-marca_v_rgb-1-1.png\",\"width\":558,\"height\":269,\"caption\":\"Web de l'Ajuntament de Vilafam\u00e9s\"},\"image\":{\"@id\":\"https:\/\/vilafames.org\/#\/schema\/logo\/image\/\"},\"sameAs\":[\"https:\/\/www.facebook.com\/AjuntamentVilafames\",\"https:\/\/x.com\/ajtvilafames\",\"https:\/\/www.instagram.com\/ajuntamentvilafames\/\",\"https:\/\/www.youtube.com\/channel\/UCjXWt3n8FHiahgKqHZWOTXQ\"]}]}<\/script>\n<!-- \/ Yoast SEO plugin. -->","yoast_head_json":{"title":"Patrimonio - Web de l&#039;Ajuntament de Vilafam\u00e9s","robots":{"index":"index","follow":"follow","max-snippet":"max-snippet:-1","max-image-preview":"max-image-preview:large","max-video-preview":"max-video-preview:-1"},"canonical":"https:\/\/vilafames.org\/poble__trashed\/patrimoni\/","og_locale":"es_ES","og_type":"article","og_title":"Patrimonio - Web de l&#039;Ajuntament de Vilafam\u00e9s","og_description":"[vc_row][vc_column][vc_images_carousel images=\u00bb11430,11429,11426,11425,11424,11423,11422,11421,11420,11419,11418,11417,11416,11415,11414,11413,11412,11411,11410,11409,11408,11406,11405,11404,11403,11402,11401&#8243; img_size=\u00bb\u00bb speed=\u00bb3000&#8243; slides_per_view=\u00bb6&#8243; autoplay=\u00bbyes\u00bb hide_pagination_control=\u00bbyes\u00bb][\/vc_column][\/vc_row][vc_row][vc_column width=\u00bb1\/2&#8243;][vc_single_image image=\u00bb11430&#8243; img_size=\u00bbfull\u00bb alignment=\u00bbcenter\u00bb][\/vc_column][vc_column width=\u00bb1\/2&#8243;][vc_text_separator title=\u00bbConjunto hist\u00f3rico\u00bb color=\u00bbcustom\u00bb accent_color=\u00bb#c8102e\u00bb][vc_column_text]Situado en la parte alta de la poblaci\u00f3n. Es un conjunto que aparece rodeado por una muralla, realizada durante el siglo XIV, que engloba en su interior a las diversas edificaciones urbanas as\u00ed como los edificios emblem\u00e1ticos del municipio. Se [&hellip;]","og_url":"https:\/\/vilafames.org\/poble__trashed\/patrimoni\/","og_site_name":"Web de l&#039;Ajuntament de Vilafam\u00e9s","article_publisher":"https:\/\/www.facebook.com\/AjuntamentVilafames","article_modified_time":"2024-12-22T10:54:18+00:00","twitter_card":"summary_large_image","twitter_site":"@ajtvilafames","twitter_misc":{"Tiempo de lectura":"13 minutos"},"schema":{"@context":"https:\/\/schema.org","@graph":[{"@type":"WebPage","@id":"https:\/\/vilafames.org\/poble__trashed\/patrimoni\/","url":"https:\/\/vilafames.org\/poble__trashed\/patrimoni\/","name":"Patrimonio - Web de l&#039;Ajuntament de Vilafam\u00e9s","isPartOf":{"@id":"https:\/\/vilafames.org\/#website"},"datePublished":"2016-11-16T08:24:31+00:00","dateModified":"2024-12-22T10:54:18+00:00","breadcrumb":{"@id":"https:\/\/vilafames.org\/poble__trashed\/patrimoni\/#breadcrumb"},"inLanguage":"es","potentialAction":[{"@type":"ReadAction","target":["https:\/\/vilafames.org\/poble__trashed\/patrimoni\/"]}]},{"@type":"BreadcrumbList","@id":"https:\/\/vilafames.org\/poble__trashed\/patrimoni\/#breadcrumb","itemListElement":[{"@type":"ListItem","position":1,"name":"Inici","item":"https:\/\/vilafames.org\/"},{"@type":"ListItem","position":2,"name":"Patrimonio"}]},{"@type":"WebSite","@id":"https:\/\/vilafames.org\/#website","url":"https:\/\/vilafames.org\/","name":"Web de l'Ajuntament de Vilafam\u00e9s","description":"Web de l&#039;Ajuntament de Vilafam\u00e9s","publisher":{"@id":"https:\/\/vilafames.org\/#organization"},"potentialAction":[{"@type":"SearchAction","target":{"@type":"EntryPoint","urlTemplate":"https:\/\/vilafames.org\/?s={search_term_string}"},"query-input":{"@type":"PropertyValueSpecification","valueRequired":true,"valueName":"search_term_string"}}],"inLanguage":"es"},{"@type":"Organization","@id":"https:\/\/vilafames.org\/#organization","name":"Web de l'Ajuntament de Vilafam\u00e9s","url":"https:\/\/vilafames.org\/","logo":{"@type":"ImageObject","inLanguage":"es","@id":"https:\/\/vilafames.org\/#\/schema\/logo\/image\/","url":"https:\/\/vilafames.org\/wp-content\/uploads\/cropped-marca_v_rgb-1-1.png","contentUrl":"https:\/\/vilafames.org\/wp-content\/uploads\/cropped-marca_v_rgb-1-1.png","width":558,"height":269,"caption":"Web de l'Ajuntament de Vilafam\u00e9s"},"image":{"@id":"https:\/\/vilafames.org\/#\/schema\/logo\/image\/"},"sameAs":["https:\/\/www.facebook.com\/AjuntamentVilafames","https:\/\/x.com\/ajtvilafames","https:\/\/www.instagram.com\/ajuntamentvilafames\/","https:\/\/www.youtube.com\/channel\/UCjXWt3n8FHiahgKqHZWOTXQ"]}]}},"_links":{"self":[{"href":"https:\/\/vilafames.org\/es\/wp-json\/wp\/v2\/pages\/662","targetHints":{"allow":["GET"]}}],"collection":[{"href":"https:\/\/vilafames.org\/es\/wp-json\/wp\/v2\/pages"}],"about":[{"href":"https:\/\/vilafames.org\/es\/wp-json\/wp\/v2\/types\/page"}],"author":[{"embeddable":true,"href":"https:\/\/vilafames.org\/es\/wp-json\/wp\/v2\/users\/3"}],"replies":[{"embeddable":true,"href":"https:\/\/vilafames.org\/es\/wp-json\/wp\/v2\/comments?post=662"}],"version-history":[{"count":49,"href":"https:\/\/vilafames.org\/es\/wp-json\/wp\/v2\/pages\/662\/revisions"}],"predecessor-version":[{"id":11477,"href":"https:\/\/vilafames.org\/es\/wp-json\/wp\/v2\/pages\/662\/revisions\/11477"}],"wp:attachment":[{"href":"https:\/\/vilafames.org\/es\/wp-json\/wp\/v2\/media?parent=662"}],"curies":[{"name":"wp","href":"https:\/\/api.w.org\/{rel}","templated":true}]}}