{"id":578,"date":"2016-11-15T19:15:37","date_gmt":"2016-11-15T18:15:37","guid":{"rendered":"http:\/\/vilafames.org\/?page_id=578"},"modified":"2017-01-18T20:59:07","modified_gmt":"2017-01-18T19:59:07","slug":"associacions","status":"publish","type":"page","link":"https:\/\/vilafames.org\/es\/guia-vilafames\/associacions\/","title":{"rendered":"Asociaciones"},"content":{"rendered":"<p>\n<hr \/>\n<p>Associaci\u00f3<strong> Cultural \u201cLa Roca\u201d<\/strong><br \/>\nC\/ Germanes Mas, 12 Tel. 964.335.130<\/p>\n<hr \/>\n<p><strong>Associaci\u00f3 Cultural Penya Taurina \u201cEl Ratonero\u201d<\/strong><br \/>\nAvd. Barcel\u00f3, 8<\/p>\n<hr \/>\n<p><strong>Associaci\u00f3 Cultural Penya Taurina \u201cLes Cul roges\u201d<\/strong><br \/>\nAvd. Barcel\u00f3, 10<\/p>\n<hr \/>\n<p><strong>Associaci\u00f3 Cultural Penya Taurina de Vilafam\u00e9s<\/strong><br \/>\nAvd. Barcel\u00f3, 10<\/p>\n<hr \/>\n<p><strong>Associaci\u00f3 d\u2019Ames de casa \u201cL\u2019Assumpci\u00f3\u201d<\/strong><br \/>\nC\/ Calvari, 5<\/p>\n<hr \/>\n<p><strong>Associaci\u00f3 d\u2019Amic del Casc Antic de Vilafam\u00e9s<\/strong><br \/>\nC\/ Pilar, 9<br \/>\n<a href=\"http:\/\/www.aacav.uji.es\/\" target=\"_blank\">www.aacav.uji.es<\/a><\/p>\n<hr \/>\n<p><strong>Associaci\u00f3 d\u2019Amics de l\u2019Ermita de Sant Miquel<\/strong><br \/>\nC\/ Mestre Bernat, 13<\/p>\n<hr \/>\n<p><strong>Associaci\u00f3 de Devots de la Mare de D\u00e9u de Lled\u00f3<\/strong><br \/>\nC\/ Mestre Bernat, 13<\/p>\n<hr \/>\n<p><strong>Associaci\u00f3 de Dones Treballadores<\/strong><br \/>\nAvd. Ferrer Forns, 3<\/p>\n<hr \/>\n<p><strong>Associaci\u00f3 de Jubilats i Penionistes \u201cSan Miguel\u201d<\/strong><br \/>\nAvd. Ferrer Forns, 3<\/p>\n<hr \/>\n<p><strong>Associaci\u00f3 de Muntanya el Morral<\/strong><a href=\"http:\/\/elmorralvilafames.blogspot.com\/\" rel=\"nofollow\"><br \/>\nhttp:\/\/elmorralvilafames.blogspot.com\/<br \/>\n<\/a><\/p>\n<hr \/>\n<p><strong>Associaci\u00f3 de Pares i Mares del Col\u00b7legi P\u00fablic Sant Miquel<\/strong><br \/>\nCtra. La Pobla<\/p>\n<hr \/>\n<p><strong>Junta Local contra el C\u00e1ncer de Vilafam\u00e9s<\/strong><br \/>\nTel. 964.329.720<br \/>\n<a href=\"http:\/\/www.todocancer.com\/ESP\/\" rel=\"nofollow\">www.todocancer.com\/ESP<\/a><\/p>\n<hr \/>\n<p><strong>Associaci\u00f3 Penya Bar\u00e7a<\/strong><br \/>\nPl. La Tanca<\/p>\n<hr \/>\n<p><strong>Club de Escalada El Jabato Vilafam\u00e9s<\/strong><br \/>\nC\/ Botera, 14<br \/>\nTel. 659.031.967<br \/>\n<a href=\"http:\/\/vilafamesbouldering.blogspot.com\/\" target=\"_blank\">http:\/\/vilafamesbouldering.blogspot.com\/<\/a><\/p>\n<hr \/>\n<p><strong>Club Ciclista \u201cEl Cudol roig\u201d<\/strong><br \/>\nC\/ La Font, 100<\/p>\n<hr \/>\n<p><strong>Club de Futbol Vilafam\u00e9s<\/strong><br \/>\nCtra. La Pobla<\/p>\n<hr \/>\n<p><strong>Societat de Ca\u00e7adors \u201cSan Huberto\u201d<\/strong><br \/>\nPl. Ajuntament, 2<\/p>\n<hr \/>\n<p><strong>Xaranga Tot al Vol<\/strong><br \/>\nTel. 645.139.263<br \/>\n<a href=\"http:\/\/totalvol.blogspot.com\/\" target=\"_blank\">http:\/\/totalvol.blogspot.com\/<\/a>","protected":false},"excerpt":{"rendered":"<p>Associaci\u00f3 Cultural \u201cLa Roca\u201d C\/ Germanes Mas, 12 Tel. 964.335.130 Associaci\u00f3 Cultural Penya Taurina \u201cEl Ratonero\u201d Avd. Barcel\u00f3, 8 Associaci\u00f3 Cultural Penya Taurina \u201cLes Cul roges\u201d Avd. Barcel\u00f3, 10 Associaci\u00f3 Cultural Penya Taurina de Vilafam\u00e9s Avd. Barcel\u00f3, 10 Associaci\u00f3 d\u2019Ames de casa \u201cL\u2019Assumpci\u00f3\u201d C\/ Calvari, 5 Associaci\u00f3 d\u2019Amic del Casc Antic de Vilafam\u00e9s C\/ Pilar, [&hellip;]<\/p>\n","protected":false},"author":3,"featured_media":0,"parent":1182,"menu_order":0,"comment_status":"closed","ping_status":"closed","template":"","meta":{"footnotes":""},"class_list":["post-578","page","type-page","status-publish","hentry"],"yoast_head":"<!-- This site is optimized with the Yoast SEO plugin v24.8.1 - https:\/\/yoast.com\/wordpress\/plugins\/seo\/ -->\n<title>Asociaciones - Web de l&#039;Ajuntament de Vilafam\u00e9s<\/title>\n<meta name=\"robots\" content=\"index, follow, max-snippet:-1, max-image-preview:large, max-video-preview:-1\" \/>\n<link rel=\"canonical\" href=\"https:\/\/vilafames.org\/serveis__trashed\/guia-vilafames\/associacions\/\" \/>\n<meta property=\"og:locale\" content=\"es_ES\" \/>\n<meta property=\"og:type\" content=\"article\" \/>\n<meta property=\"og:title\" content=\"[:ca]Associacions[:es]Asociaciones[:] - Web de l&#039;Ajuntament de Vilafam\u00e9s\" \/>\n<meta property=\"og:description\" content=\"Associaci\u00f3 Cultural \u201cLa Roca\u201d C\/ Germanes Mas, 12 Tel. 964.335.130 Associaci\u00f3 Cultural Penya Taurina \u201cEl Ratonero\u201d Avd. Barcel\u00f3, 8 Associaci\u00f3 Cultural Penya Taurina \u201cLes Cul roges\u201d Avd. Barcel\u00f3, 10 Associaci\u00f3 Cultural Penya Taurina de Vilafam\u00e9s Avd. Barcel\u00f3, 10 Associaci\u00f3 d\u2019Ames de casa \u201cL\u2019Assumpci\u00f3\u201d C\/ Calvari, 5 Associaci\u00f3 d\u2019Amic del Casc Antic de Vilafam\u00e9s C\/ Pilar, [&hellip;]\" \/>\n<meta property=\"og:url\" content=\"https:\/\/vilafames.org\/serveis__trashed\/guia-vilafames\/associacions\/\" \/>\n<meta property=\"og:site_name\" content=\"Web de l&#039;Ajuntament de Vilafam\u00e9s\" \/>\n<meta property=\"article:publisher\" content=\"https:\/\/www.facebook.com\/AjuntamentVilafames\" \/>\n<meta property=\"article:modified_time\" content=\"2017-01-18T19:59:07+00:00\" \/>\n<meta name=\"twitter:card\" content=\"summary_large_image\" \/>\n<meta name=\"twitter:site\" content=\"@ajtvilafames\" \/>\n<meta name=\"twitter:label1\" content=\"Tiempo de lectura\" \/>\n\t<meta name=\"twitter:data1\" content=\"2 minutos\" \/>\n<script type=\"application\/ld+json\" class=\"yoast-schema-graph\">{\"@context\":\"https:\/\/schema.org\",\"@graph\":[{\"@type\":\"WebPage\",\"@id\":\"https:\/\/vilafames.org\/serveis__trashed\/guia-vilafames\/associacions\/\",\"url\":\"https:\/\/vilafames.org\/serveis__trashed\/guia-vilafames\/associacions\/\",\"name\":\"[:ca]Associacions[:es]Asociaciones[:] - Web de l&#039;Ajuntament de Vilafam\u00e9s\",\"isPartOf\":{\"@id\":\"https:\/\/vilafames.org\/#website\"},\"datePublished\":\"2016-11-15T18:15:37+00:00\",\"dateModified\":\"2017-01-18T19:59:07+00:00\",\"breadcrumb\":{\"@id\":\"https:\/\/vilafames.org\/serveis__trashed\/guia-vilafames\/associacions\/#breadcrumb\"},\"inLanguage\":\"es\",\"potentialAction\":[{\"@type\":\"ReadAction\",\"target\":[\"https:\/\/vilafames.org\/serveis__trashed\/guia-vilafames\/associacions\/\"]}]},{\"@type\":\"BreadcrumbList\",\"@id\":\"https:\/\/vilafames.org\/serveis__trashed\/guia-vilafames\/associacions\/#breadcrumb\",\"itemListElement\":[{\"@type\":\"ListItem\",\"position\":1,\"name\":\"Inici\",\"item\":\"https:\/\/vilafames.org\/\"},{\"@type\":\"ListItem\",\"position\":2,\"name\":\"Guia Vilafam\u00e9s\",\"item\":\"https:\/\/vilafames.org\/serveis__trashed\/guia-vilafames\/\"},{\"@type\":\"ListItem\",\"position\":3,\"name\":\"Associacions\"}]},{\"@type\":\"WebSite\",\"@id\":\"https:\/\/vilafames.org\/#website\",\"url\":\"https:\/\/vilafames.org\/\",\"name\":\"Web de l'Ajuntament de Vilafam\u00e9s\",\"description\":\"Web de l&#039;Ajuntament de Vilafam\u00e9s\",\"publisher\":{\"@id\":\"https:\/\/vilafames.org\/#organization\"},\"potentialAction\":[{\"@type\":\"SearchAction\",\"target\":{\"@type\":\"EntryPoint\",\"urlTemplate\":\"https:\/\/vilafames.org\/?s={search_term_string}\"},\"query-input\":{\"@type\":\"PropertyValueSpecification\",\"valueRequired\":true,\"valueName\":\"search_term_string\"}}],\"inLanguage\":\"es\"},{\"@type\":\"Organization\",\"@id\":\"https:\/\/vilafames.org\/#organization\",\"name\":\"Web de l'Ajuntament de Vilafam\u00e9s\",\"url\":\"https:\/\/vilafames.org\/\",\"logo\":{\"@type\":\"ImageObject\",\"inLanguage\":\"es\",\"@id\":\"https:\/\/vilafames.org\/#\/schema\/logo\/image\/\",\"url\":\"https:\/\/vilafames.org\/wp-content\/uploads\/cropped-marca_v_rgb-1-1.png\",\"contentUrl\":\"https:\/\/vilafames.org\/wp-content\/uploads\/cropped-marca_v_rgb-1-1.png\",\"width\":558,\"height\":269,\"caption\":\"Web de l'Ajuntament de Vilafam\u00e9s\"},\"image\":{\"@id\":\"https:\/\/vilafames.org\/#\/schema\/logo\/image\/\"},\"sameAs\":[\"https:\/\/www.facebook.com\/AjuntamentVilafames\",\"https:\/\/x.com\/ajtvilafames\",\"https:\/\/www.instagram.com\/ajuntamentvilafames\/\",\"https:\/\/www.youtube.com\/channel\/UCjXWt3n8FHiahgKqHZWOTXQ\"]}]}<\/script>\n<!-- \/ Yoast SEO plugin. -->","yoast_head_json":{"title":"[:ca]Associacions[:es]Asociaciones[:] - Web de l&#039;Ajuntament de Vilafam\u00e9s","robots":{"index":"index","follow":"follow","max-snippet":"max-snippet:-1","max-image-preview":"max-image-preview:large","max-video-preview":"max-video-preview:-1"},"canonical":"https:\/\/vilafames.org\/serveis__trashed\/guia-vilafames\/associacions\/","og_locale":"es_ES","og_type":"article","og_title":"[:ca]Associacions[:es]Asociaciones[:] - Web de l&#039;Ajuntament de Vilafam\u00e9s","og_description":"Associaci\u00f3 Cultural \u201cLa Roca\u201d C\/ Germanes Mas, 12 Tel. 964.335.130 Associaci\u00f3 Cultural Penya Taurina \u201cEl Ratonero\u201d Avd. Barcel\u00f3, 8 Associaci\u00f3 Cultural Penya Taurina \u201cLes Cul roges\u201d Avd. Barcel\u00f3, 10 Associaci\u00f3 Cultural Penya Taurina de Vilafam\u00e9s Avd. Barcel\u00f3, 10 Associaci\u00f3 d\u2019Ames de casa \u201cL\u2019Assumpci\u00f3\u201d C\/ Calvari, 5 Associaci\u00f3 d\u2019Amic del Casc Antic de Vilafam\u00e9s C\/ Pilar, [&hellip;]","og_url":"https:\/\/vilafames.org\/serveis__trashed\/guia-vilafames\/associacions\/","og_site_name":"Web de l&#039;Ajuntament de Vilafam\u00e9s","article_publisher":"https:\/\/www.facebook.com\/AjuntamentVilafames","article_modified_time":"2017-01-18T19:59:07+00:00","twitter_card":"summary_large_image","twitter_site":"@ajtvilafames","twitter_misc":{"Tiempo de lectura":"2 minutos"},"schema":{"@context":"https:\/\/schema.org","@graph":[{"@type":"WebPage","@id":"https:\/\/vilafames.org\/serveis__trashed\/guia-vilafames\/associacions\/","url":"https:\/\/vilafames.org\/serveis__trashed\/guia-vilafames\/associacions\/","name":"[:ca]Associacions[:es]Asociaciones[:] - Web de l&#039;Ajuntament de Vilafam\u00e9s","isPartOf":{"@id":"https:\/\/vilafames.org\/#website"},"datePublished":"2016-11-15T18:15:37+00:00","dateModified":"2017-01-18T19:59:07+00:00","breadcrumb":{"@id":"https:\/\/vilafames.org\/serveis__trashed\/guia-vilafames\/associacions\/#breadcrumb"},"inLanguage":"es","potentialAction":[{"@type":"ReadAction","target":["https:\/\/vilafames.org\/serveis__trashed\/guia-vilafames\/associacions\/"]}]},{"@type":"BreadcrumbList","@id":"https:\/\/vilafames.org\/serveis__trashed\/guia-vilafames\/associacions\/#breadcrumb","itemListElement":[{"@type":"ListItem","position":1,"name":"Inici","item":"https:\/\/vilafames.org\/"},{"@type":"ListItem","position":2,"name":"Guia Vilafam\u00e9s","item":"https:\/\/vilafames.org\/serveis__trashed\/guia-vilafames\/"},{"@type":"ListItem","position":3,"name":"Associacions"}]},{"@type":"WebSite","@id":"https:\/\/vilafames.org\/#website","url":"https:\/\/vilafames.org\/","name":"Web de l'Ajuntament de Vilafam\u00e9s","description":"Web de l&#039;Ajuntament de Vilafam\u00e9s","publisher":{"@id":"https:\/\/vilafames.org\/#organization"},"potentialAction":[{"@type":"SearchAction","target":{"@type":"EntryPoint","urlTemplate":"https:\/\/vilafames.org\/?s={search_term_string}"},"query-input":{"@type":"PropertyValueSpecification","valueRequired":true,"valueName":"search_term_string"}}],"inLanguage":"es"},{"@type":"Organization","@id":"https:\/\/vilafames.org\/#organization","name":"Web de l'Ajuntament de Vilafam\u00e9s","url":"https:\/\/vilafames.org\/","logo":{"@type":"ImageObject","inLanguage":"es","@id":"https:\/\/vilafames.org\/#\/schema\/logo\/image\/","url":"https:\/\/vilafames.org\/wp-content\/uploads\/cropped-marca_v_rgb-1-1.png","contentUrl":"https:\/\/vilafames.org\/wp-content\/uploads\/cropped-marca_v_rgb-1-1.png","width":558,"height":269,"caption":"Web de l'Ajuntament de Vilafam\u00e9s"},"image":{"@id":"https:\/\/vilafames.org\/#\/schema\/logo\/image\/"},"sameAs":["https:\/\/www.facebook.com\/AjuntamentVilafames","https:\/\/x.com\/ajtvilafames","https:\/\/www.instagram.com\/ajuntamentvilafames\/","https:\/\/www.youtube.com\/channel\/UCjXWt3n8FHiahgKqHZWOTXQ"]}]}},"_links":{"self":[{"href":"https:\/\/vilafames.org\/es\/wp-json\/wp\/v2\/pages\/578","targetHints":{"allow":["GET"]}}],"collection":[{"href":"https:\/\/vilafames.org\/es\/wp-json\/wp\/v2\/pages"}],"about":[{"href":"https:\/\/vilafames.org\/es\/wp-json\/wp\/v2\/types\/page"}],"author":[{"embeddable":true,"href":"https:\/\/vilafames.org\/es\/wp-json\/wp\/v2\/users\/3"}],"replies":[{"embeddable":true,"href":"https:\/\/vilafames.org\/es\/wp-json\/wp\/v2\/comments?post=578"}],"version-history":[{"count":0,"href":"https:\/\/vilafames.org\/es\/wp-json\/wp\/v2\/pages\/578\/revisions"}],"up":[{"embeddable":true,"href":"https:\/\/vilafames.org\/es\/wp-json\/wp\/v2\/pages\/1182"}],"wp:attachment":[{"href":"https:\/\/vilafames.org\/es\/wp-json\/wp\/v2\/media?parent=578"}],"curies":[{"name":"wp","href":"https:\/\/api.w.org\/{rel}","templated":true}]}}