{"id":576,"date":"2016-11-15T19:04:58","date_gmt":"2016-11-15T18:04:58","guid":{"rendered":"http:\/\/vilafames.org\/?page_id=576"},"modified":"2017-02-02T22:10:22","modified_gmt":"2017-02-02T21:10:22","slug":"instalacions","status":"publish","type":"page","link":"https:\/\/vilafames.org\/es\/instalacions\/","title":{"rendered":"Instalaciones y servicios municipales"},"content":{"rendered":"<p>\n<ul>\n<li>Sala de Exposiciones<\/li>\n<li>Polic\u00eda Local<\/li>\n<li>Servicios Sociales<\/li>\n<li>Centro Salud<\/li>\n<li>Piscinas<\/li>\n<li>Colegio p\u00fablico<\/li>\n<li>Campo Municipal de Deportes<\/li>\n<li>Escuela de F\u00fatbol<\/li>\n<li>Casa de la Cultura<\/li>\n<li>Aula Mentor<\/li>\n<li lang=\"es-ES\">Cementerio<\/li>\n<li lang=\"es-ES\">Centro de Formaci\u00f3n de Personas Adultas<\/li>\n<li lang=\"es-ES\">Ludoteca<\/li>\n<li lang=\"es-ES\">Polideportivo<\/li>\n<li lang=\"es-ES\">Recogida de voluminosos<\/li>\n<\/ul>\n<p>","protected":false},"excerpt":{"rendered":"<p>Sala de Exposiciones Polic\u00eda Local Servicios Sociales Centro Salud Piscinas Colegio p\u00fablico Campo Municipal de Deportes Escuela de F\u00fatbol Casa de la Cultura Aula Mentor Cementerio Centro de Formaci\u00f3n de Personas Adultas Ludoteca Polideportivo Recogida de voluminosos<\/p>\n","protected":false},"author":3,"featured_media":0,"parent":0,"menu_order":0,"comment_status":"closed","ping_status":"closed","template":"","meta":{"footnotes":""},"class_list":["post-576","page","type-page","status-publish","hentry"],"yoast_head":"<!-- This site is optimized with the Yoast SEO plugin v24.8.1 - https:\/\/yoast.com\/wordpress\/plugins\/seo\/ -->\n<title>Instalaciones y servicios municipales - Web de l&#039;Ajuntament de Vilafam\u00e9s<\/title>\n<meta name=\"robots\" content=\"index, follow, max-snippet:-1, max-image-preview:large, max-video-preview:-1\" \/>\n<link rel=\"canonical\" href=\"https:\/\/vilafames.org\/serveis__trashed\/instalacions\/\" \/>\n<meta property=\"og:locale\" content=\"es_ES\" \/>\n<meta property=\"og:type\" content=\"article\" \/>\n<meta property=\"og:title\" content=\"[:ca]Instal\u00b7lacions i serveis municipals[:es]Instalaciones y servicios municipales[:] - Web de l&#039;Ajuntament de Vilafam\u00e9s\" \/>\n<meta property=\"og:description\" content=\"Sala de Exposiciones Polic\u00eda Local Servicios Sociales Centro Salud Piscinas Colegio p\u00fablico Campo Municipal de Deportes Escuela de F\u00fatbol Casa de la Cultura Aula Mentor Cementerio Centro de Formaci\u00f3n de Personas Adultas Ludoteca Polideportivo Recogida de voluminosos\" \/>\n<meta property=\"og:url\" content=\"https:\/\/vilafames.org\/serveis__trashed\/instalacions\/\" \/>\n<meta property=\"og:site_name\" content=\"Web de l&#039;Ajuntament de Vilafam\u00e9s\" \/>\n<meta property=\"article:publisher\" content=\"https:\/\/www.facebook.com\/AjuntamentVilafames\" \/>\n<meta property=\"article:modified_time\" content=\"2017-02-02T21:10:22+00:00\" \/>\n<meta name=\"twitter:card\" content=\"summary_large_image\" \/>\n<meta name=\"twitter:site\" content=\"@ajtvilafames\" \/>\n<script type=\"application\/ld+json\" class=\"yoast-schema-graph\">{\"@context\":\"https:\/\/schema.org\",\"@graph\":[{\"@type\":\"WebPage\",\"@id\":\"https:\/\/vilafames.org\/serveis__trashed\/instalacions\/\",\"url\":\"https:\/\/vilafames.org\/serveis__trashed\/instalacions\/\",\"name\":\"[:ca]Instal\u00b7lacions i serveis municipals[:es]Instalaciones y servicios municipales[:] - Web de l&#039;Ajuntament de Vilafam\u00e9s\",\"isPartOf\":{\"@id\":\"https:\/\/vilafames.org\/#website\"},\"datePublished\":\"2016-11-15T18:04:58+00:00\",\"dateModified\":\"2017-02-02T21:10:22+00:00\",\"breadcrumb\":{\"@id\":\"https:\/\/vilafames.org\/serveis__trashed\/instalacions\/#breadcrumb\"},\"inLanguage\":\"es\",\"potentialAction\":[{\"@type\":\"ReadAction\",\"target\":[\"https:\/\/vilafames.org\/serveis__trashed\/instalacions\/\"]}]},{\"@type\":\"BreadcrumbList\",\"@id\":\"https:\/\/vilafames.org\/serveis__trashed\/instalacions\/#breadcrumb\",\"itemListElement\":[{\"@type\":\"ListItem\",\"position\":1,\"name\":\"Inici\",\"item\":\"https:\/\/vilafames.org\/\"},{\"@type\":\"ListItem\",\"position\":2,\"name\":\"Instal\u00b7lacions i serveis municipals\"}]},{\"@type\":\"WebSite\",\"@id\":\"https:\/\/vilafames.org\/#website\",\"url\":\"https:\/\/vilafames.org\/\",\"name\":\"Web de l'Ajuntament de Vilafam\u00e9s\",\"description\":\"Web de l&#039;Ajuntament de Vilafam\u00e9s\",\"publisher\":{\"@id\":\"https:\/\/vilafames.org\/#organization\"},\"potentialAction\":[{\"@type\":\"SearchAction\",\"target\":{\"@type\":\"EntryPoint\",\"urlTemplate\":\"https:\/\/vilafames.org\/?s={search_term_string}\"},\"query-input\":{\"@type\":\"PropertyValueSpecification\",\"valueRequired\":true,\"valueName\":\"search_term_string\"}}],\"inLanguage\":\"es\"},{\"@type\":\"Organization\",\"@id\":\"https:\/\/vilafames.org\/#organization\",\"name\":\"Web de l'Ajuntament de Vilafam\u00e9s\",\"url\":\"https:\/\/vilafames.org\/\",\"logo\":{\"@type\":\"ImageObject\",\"inLanguage\":\"es\",\"@id\":\"https:\/\/vilafames.org\/#\/schema\/logo\/image\/\",\"url\":\"https:\/\/vilafames.org\/wp-content\/uploads\/cropped-marca_v_rgb-1-1.png\",\"contentUrl\":\"https:\/\/vilafames.org\/wp-content\/uploads\/cropped-marca_v_rgb-1-1.png\",\"width\":558,\"height\":269,\"caption\":\"Web de l'Ajuntament de Vilafam\u00e9s\"},\"image\":{\"@id\":\"https:\/\/vilafames.org\/#\/schema\/logo\/image\/\"},\"sameAs\":[\"https:\/\/www.facebook.com\/AjuntamentVilafames\",\"https:\/\/x.com\/ajtvilafames\",\"https:\/\/www.instagram.com\/ajuntamentvilafames\/\",\"https:\/\/www.youtube.com\/channel\/UCjXWt3n8FHiahgKqHZWOTXQ\"]}]}<\/script>\n<!-- \/ Yoast SEO plugin. -->","yoast_head_json":{"title":"[:ca]Instal\u00b7lacions i serveis municipals[:es]Instalaciones y servicios municipales[:] - Web de l&#039;Ajuntament de Vilafam\u00e9s","robots":{"index":"index","follow":"follow","max-snippet":"max-snippet:-1","max-image-preview":"max-image-preview:large","max-video-preview":"max-video-preview:-1"},"canonical":"https:\/\/vilafames.org\/serveis__trashed\/instalacions\/","og_locale":"es_ES","og_type":"article","og_title":"[:ca]Instal\u00b7lacions i serveis municipals[:es]Instalaciones y servicios municipales[:] - Web de l&#039;Ajuntament de Vilafam\u00e9s","og_description":"Sala de Exposiciones Polic\u00eda Local Servicios Sociales Centro Salud Piscinas Colegio p\u00fablico Campo Municipal de Deportes Escuela de F\u00fatbol Casa de la Cultura Aula Mentor Cementerio Centro de Formaci\u00f3n de Personas Adultas Ludoteca Polideportivo Recogida de voluminosos","og_url":"https:\/\/vilafames.org\/serveis__trashed\/instalacions\/","og_site_name":"Web de l&#039;Ajuntament de Vilafam\u00e9s","article_publisher":"https:\/\/www.facebook.com\/AjuntamentVilafames","article_modified_time":"2017-02-02T21:10:22+00:00","twitter_card":"summary_large_image","twitter_site":"@ajtvilafames","schema":{"@context":"https:\/\/schema.org","@graph":[{"@type":"WebPage","@id":"https:\/\/vilafames.org\/serveis__trashed\/instalacions\/","url":"https:\/\/vilafames.org\/serveis__trashed\/instalacions\/","name":"[:ca]Instal\u00b7lacions i serveis municipals[:es]Instalaciones y servicios municipales[:] - Web de l&#039;Ajuntament de Vilafam\u00e9s","isPartOf":{"@id":"https:\/\/vilafames.org\/#website"},"datePublished":"2016-11-15T18:04:58+00:00","dateModified":"2017-02-02T21:10:22+00:00","breadcrumb":{"@id":"https:\/\/vilafames.org\/serveis__trashed\/instalacions\/#breadcrumb"},"inLanguage":"es","potentialAction":[{"@type":"ReadAction","target":["https:\/\/vilafames.org\/serveis__trashed\/instalacions\/"]}]},{"@type":"BreadcrumbList","@id":"https:\/\/vilafames.org\/serveis__trashed\/instalacions\/#breadcrumb","itemListElement":[{"@type":"ListItem","position":1,"name":"Inici","item":"https:\/\/vilafames.org\/"},{"@type":"ListItem","position":2,"name":"Instal\u00b7lacions i serveis municipals"}]},{"@type":"WebSite","@id":"https:\/\/vilafames.org\/#website","url":"https:\/\/vilafames.org\/","name":"Web de l'Ajuntament de Vilafam\u00e9s","description":"Web de l&#039;Ajuntament de Vilafam\u00e9s","publisher":{"@id":"https:\/\/vilafames.org\/#organization"},"potentialAction":[{"@type":"SearchAction","target":{"@type":"EntryPoint","urlTemplate":"https:\/\/vilafames.org\/?s={search_term_string}"},"query-input":{"@type":"PropertyValueSpecification","valueRequired":true,"valueName":"search_term_string"}}],"inLanguage":"es"},{"@type":"Organization","@id":"https:\/\/vilafames.org\/#organization","name":"Web de l'Ajuntament de Vilafam\u00e9s","url":"https:\/\/vilafames.org\/","logo":{"@type":"ImageObject","inLanguage":"es","@id":"https:\/\/vilafames.org\/#\/schema\/logo\/image\/","url":"https:\/\/vilafames.org\/wp-content\/uploads\/cropped-marca_v_rgb-1-1.png","contentUrl":"https:\/\/vilafames.org\/wp-content\/uploads\/cropped-marca_v_rgb-1-1.png","width":558,"height":269,"caption":"Web de l'Ajuntament de Vilafam\u00e9s"},"image":{"@id":"https:\/\/vilafames.org\/#\/schema\/logo\/image\/"},"sameAs":["https:\/\/www.facebook.com\/AjuntamentVilafames","https:\/\/x.com\/ajtvilafames","https:\/\/www.instagram.com\/ajuntamentvilafames\/","https:\/\/www.youtube.com\/channel\/UCjXWt3n8FHiahgKqHZWOTXQ"]}]}},"_links":{"self":[{"href":"https:\/\/vilafames.org\/es\/wp-json\/wp\/v2\/pages\/576","targetHints":{"allow":["GET"]}}],"collection":[{"href":"https:\/\/vilafames.org\/es\/wp-json\/wp\/v2\/pages"}],"about":[{"href":"https:\/\/vilafames.org\/es\/wp-json\/wp\/v2\/types\/page"}],"author":[{"embeddable":true,"href":"https:\/\/vilafames.org\/es\/wp-json\/wp\/v2\/users\/3"}],"replies":[{"embeddable":true,"href":"https:\/\/vilafames.org\/es\/wp-json\/wp\/v2\/comments?post=576"}],"version-history":[{"count":0,"href":"https:\/\/vilafames.org\/es\/wp-json\/wp\/v2\/pages\/576\/revisions"}],"wp:attachment":[{"href":"https:\/\/vilafames.org\/es\/wp-json\/wp\/v2\/media?parent=576"}],"curies":[{"name":"wp","href":"https:\/\/api.w.org\/{rel}","templated":true}]}}