{"id":559,"date":"2016-11-15T17:06:08","date_gmt":"2016-11-15T16:06:08","guid":{"rendered":"http:\/\/vilafames.org\/?page_id=559"},"modified":"2024-12-19T13:36:15","modified_gmt":"2024-12-19T12:36:15","slug":"historia-del-poble","status":"publish","type":"page","link":"https:\/\/vilafames.org\/es\/historia-del-poble\/","title":{"rendered":"Historia del pueblo"},"content":{"rendered":"<p>\n<p lang=\"es-ES\"><img decoding=\"async\" class=\"alignnone size-full wp-image-1513 lazyload\" data-src=\"https:\/\/vilafames.corvanit.com\/wp-content\/uploads\/vilafamespanoramica1.jpg\" alt=\"\" width=\"960\" height=\"300\" data-srcset=\"https:\/\/vilafames.org\/wp-content\/uploads\/vilafamespanoramica1.jpg 960w, https:\/\/vilafames.org\/wp-content\/uploads\/vilafamespanoramica1-300x94.jpg 300w, https:\/\/vilafames.org\/wp-content\/uploads\/vilafamespanoramica1-768x240.jpg 768w\" data-sizes=\"(max-width: 960px) 100vw, 960px\" src=\"data:image\/gif;base64,R0lGODlhAQABAAAAACH5BAEKAAEALAAAAAABAAEAAAICTAEAOw==\" style=\"--smush-placeholder-width: 960px; --smush-placeholder-aspect-ratio: 960\/300;\" \/>Las primeras evidencias de ocupaci\u00f3n del entorno de Vilafam\u00e9s, se centran en los hallazgos arqueol\u00f3gicos realizados en el Cova de Dalt del Tossal de la Font, donde se localizaron restos antropol\u00f3gicos con una antig\u00fcedad de 80.000 a\u00f1os. Una continuidad en la ocupaci\u00f3n del medio estar\u00eda reflejada en la Cova de Matutano, yacimiento del Paleol\u00edtico Superior, con una antig\u00fcedad entre el 14.000 y el 11.000 BP.<\/p>\n<p lang=\"es-ES\">Ya en el n\u00facleo urbano de Vilafam\u00e9s, tenemos las manifestaciones pict\u00f3ricas del Abric del Castell, conjunto de pintura rupestre esquem\u00e1tica datada en periodo Eneol\u00edtico. Adem\u00e1s existen diseminados por el t\u00e9rmino municipal gran cantidad de asentamientos de diversos periodos como el ib\u00e9rico, con el m\u00e1ximo exponente en el yacimiento dels Estrets-el Rac\u00f3 de Rata, o con posterioridad cronol\u00f3gica los de \u00e9poca romana. La continua y densa poblaci\u00f3n del territorio alrededor de Vilafam\u00e9s, nos indican la idoneidad del lugar para la ocupaci\u00f3n humana desde tiempos prehist\u00f3ricos.<\/p>\n<p lang=\"es-ES\"><img decoding=\"async\" class=\"alignnone size-full wp-image-1510 lazyload\" data-src=\"https:\/\/vilafames.corvanit.com\/wp-content\/uploads\/covadeltossaldelafont.jpg\" alt=\"\" width=\"1420\" height=\"937\" data-srcset=\"https:\/\/vilafames.org\/wp-content\/uploads\/covadeltossaldelafont.jpg 1420w, https:\/\/vilafames.org\/wp-content\/uploads\/covadeltossaldelafont-300x198.jpg 300w, https:\/\/vilafames.org\/wp-content\/uploads\/covadeltossaldelafont-768x507.jpg 768w, https:\/\/vilafames.org\/wp-content\/uploads\/covadeltossaldelafont-1024x676.jpg 1024w\" data-sizes=\"(max-width: 1420px) 100vw, 1420px\" src=\"data:image\/gif;base64,R0lGODlhAQABAAAAACH5BAEKAAEALAAAAAABAAEAAAICTAEAOw==\" style=\"--smush-placeholder-width: 1420px; --smush-placeholder-aspect-ratio: 1420\/937;\" \/><\/p>\n<p lang=\"es-ES\">Por lo que respecta al n\u00facleo urbano, el mismo top\u00f3nimo Vilahame\u00e7, Beniffamez, denota su origen en \u00e9poca musulmana. De este periodo se conservan entre otros elementos, la cimentaci\u00f3n del castillo que corona el cerro sobre el que se asienta el municipio y el trazado urbano de la zona contigua al mismo, de estrechas callejuelas tortuosas, donde la vegetaci\u00f3n que mantienen los vecinos, las viviendas encaladas y la propia fisonom\u00eda, convierte a esta zona antigua en un remanso de paz y tranquilidad. Quedan asimismo vestigios de las antiguas fortificaciones constituidas por lienzos de muralla y restos de torres.<\/p>\n<p lang=\"es-ES\">Este recinto primitivo de Vilafam\u00e9s englobar\u00eda la parte alta de la poblaci\u00f3n, m\u00e1s concretamente el castillo y la zona anexa del Quartijo, antiguo Ayuntamiento, iglesia de la Sangre, hasta las calles Hospital y Torreta, formando un espacio m\u00e1s o menos cuadrangular.<\/p>\n<p lang=\"es-ES\">En el siglo XIII, despu\u00e9s de la ca\u00edda de Burriana en 1233, las tropas de Jaime I conquistar\u00e1n la plaza tras su asedio. Este hecho lleva a que, en 30 de agosto de 1241, Jaime I comisione a Guillem Ram\u00f3n de Viella para dar a poblar el castillo a Domingo Ballester, A. Cabrera y otros, carta de poblaci\u00f3n que se establece a fuero de Zaragoza. Esta donaci\u00f3n ser\u00e1 confirmada posteriormente por el propio monarca en L\u00e9rida el 21 de febrero de 1242.<\/p>\n<p lang=\"es-ES\"><img decoding=\"async\" class=\"alignnone wp-image-11395 size-full lazyload\" data-src=\"https:\/\/vilafames.corvanit.com\/wp-content\/uploads\/elquartijo-1-1.jpg\" alt=\"\" width=\"984\" height=\"758\" data-srcset=\"https:\/\/vilafames.org\/wp-content\/uploads\/elquartijo-1-1.jpg 984w, https:\/\/vilafames.org\/wp-content\/uploads\/elquartijo-1-1-600x462.jpg 600w, https:\/\/vilafames.org\/wp-content\/uploads\/elquartijo-1-1-768x592.jpg 768w\" data-sizes=\"(max-width: 984px) 100vw, 984px\" src=\"data:image\/gif;base64,R0lGODlhAQABAAAAACH5BAEKAAEALAAAAAABAAEAAAICTAEAOw==\" style=\"--smush-placeholder-width: 984px; --smush-placeholder-aspect-ratio: 984\/758;\" \/><\/p>\n<p lang=\"es-ES\">La orden de San Juan del Hospital, colaboradora de los monarcas aragoneses en la conquista valenciana, recibir\u00e1 como recompensa a esta colaboraci\u00f3n entre otras la villa y castillo de Vilafam\u00e9s, de la que fue se\u00f1ora hasta 1317, fecha en que la villa y castillo queda anexionada a la reci\u00e9n creada orden de Santa Mar\u00eda de Montesa. El 3 de diciembre de 1317 Gonzalo Garc\u00eda, comisionado por el rey, recibe los bienes del Hospital. Un d\u00eda despu\u00e9s, se absuelve a los habitantes de Vilafam\u00e9s del juramento de fidelidad que con la reci\u00e9n disuelta orden ten\u00edan. Enfermo en Pe\u00f1\u00edscola, fray Guillem d\u2019Erill, primer maestre de Montesa, es fray Erim\u00e1n d\u2019Eroles quien en 3 de septiembre de 1319 en nombre de la orden recibe el nuevo juramento de los habitantes.<\/p>\n<p lang=\"es-ES\">En 1343, Pedro IV el Ceremonioso, empe\u00f1a a la orden el mero y mixto imperio, con las correspondientes jurisdicciones, derechos y emolumentos que pertenec\u00edan a la corona.<\/p>\n<p lang=\"es-ES\">Juan I, estando en Valencia, en 1393 concede a Vilafam\u00e9s el privilegio por el cual el Consell puede hacer y ordenar todo tipo de establecimientos y ordenaciones que considere convenientes con arreglo a los fueros generales del reino.<\/p>\n<p lang=\"es-ES\">En las Cortes celebradas en Valencia durante el a\u00f1o 1403, Mart\u00edn I el Humano dispone dar posesi\u00f3n al maestre de Montesa del mero y mixto imperio de la poblaci\u00f3n, este hecho provocar\u00e1 la protesta airada del Consell en 1404.<\/p>\n<p lang=\"es-ES\">Ya en el siglo XVI, en 1519, Carlos I promete no separar de la corona la jurisdicci\u00f3n civil y criminal, y el mero y mixto imperio de la villa. Cuando en 1635 culminan las desavenencias surgidas entre los Justicias, de una parte y la orden de otra, el Consell cree llegado el momento de solicitar del Papa Inocencio XII autorizaci\u00f3n para comprar la jurisdicci\u00f3n alfonsina, adquisici\u00f3n que lleva a cabo el 16 de abril por el precio de seis mil libras. A partir de esta fecha, Vilafam\u00e9s queda incorporada plenamente al patrimonio real, reserv\u00e1ndose Montesa la percepci\u00f3n de ciertas primicias y el derecho de habitaci\u00f3n sobre el castillo.<\/p>\n<p lang=\"es-ES\"><img decoding=\"async\" class=\"alignnone size-full wp-image-1512 lazyload\" data-src=\"https:\/\/vilafames.corvanit.com\/wp-content\/uploads\/vilafamespanoramica.jpg\" alt=\"\" width=\"1000\" height=\"571\" data-srcset=\"https:\/\/vilafames.org\/wp-content\/uploads\/vilafamespanoramica.jpg 1000w, https:\/\/vilafames.org\/wp-content\/uploads\/vilafamespanoramica-300x171.jpg 300w, https:\/\/vilafames.org\/wp-content\/uploads\/vilafamespanoramica-768x439.jpg 768w\" data-sizes=\"(max-width: 1000px) 100vw, 1000px\" src=\"data:image\/gif;base64,R0lGODlhAQABAAAAACH5BAEKAAEALAAAAAABAAEAAAICTAEAOw==\" style=\"--smush-placeholder-width: 1000px; --smush-placeholder-aspect-ratio: 1000\/571;\" \/>Ser\u00e1 en el siglo XIX, con los enfrentamientos civiles que siguen a la muerte de Fernando VII, cuando el nombre de Vilafam\u00e9s sonar\u00e1 de nuevo dentro del \u00e1mbito hist\u00f3rico como plaza inexpugnable. En marzo de 1837 sufre el primer intento de asalto. El Serrador, cabecilla carlista, intenta el asedio que durar\u00e1 tres d\u00edas, hasta que llega en auxilio de los sitiados una columna realista desde Castell\u00f3n y obliga a levantar el campamento de los carlistas. El 29 de octubre de 1838 la guarnici\u00f3n de la plaza rechaza una segunda intentona, que se repetir\u00e1 de nuevo el 3 de enero del siguiente a\u00f1o, esta vez con Cabrera al frente de las tropas, que desde las monta\u00f1as que dominan la villa comienzan a hostigar a la poblaci\u00f3n, rompiendo fuego contra la ciudadela. En esta ocasi\u00f3n se hizo frente al asedio por parte de los vecinos adem\u00e1s de contar con la ayuda de una columna m\u00f3vil enviada por el Ayuntamiento de Castell\u00f3n y un destacamento de artiller\u00eda de marina, muy poco numeroso. Cinco d\u00edas duraron los continuos enfrentamientos, rechazando la poblaci\u00f3n todos los ataques de Cabrera, hasta que el d\u00eda 7 la llegada de tropas reales oblig\u00f3 al general carlista a levantar el sitio.<\/p>\n<p lang=\"es-ES\">Con lo m\u00e1s selecto de sus tropas y recurriendo al auxilio de las de Forcadell, Cabrera intentar\u00e1 el golpe definitivo en abril del mismo a\u00f1o, estableciendo un campamento ante la poblaci\u00f3n. El d\u00eda 16 se abre una brecha en las murallas, aunque los atacantes son rechazados y resultan infructuosos todos los esfuerzos de tomar la plaza. Ante la imposibilidad de tomar la plaza, Cabrera levanta el campamento y se dirige hacia l\u2019Alcora.<\/p>\n<p>","protected":false},"excerpt":{"rendered":"<p>Las primeras evidencias de ocupaci\u00f3n del entorno de Vilafam\u00e9s, se centran en los hallazgos arqueol\u00f3gicos realizados en el Cova de Dalt del Tossal de la Font, donde se localizaron restos antropol\u00f3gicos con una antig\u00fcedad de 80.000 a\u00f1os. Una continuidad en la ocupaci\u00f3n del medio estar\u00eda reflejada en la Cova de Matutano, yacimiento del Paleol\u00edtico Superior, [&hellip;]<\/p>\n","protected":false},"author":3,"featured_media":1513,"parent":0,"menu_order":0,"comment_status":"closed","ping_status":"closed","template":"","meta":{"footnotes":""},"class_list":["post-559","page","type-page","status-publish","has-post-thumbnail","hentry"],"yoast_head":"<!-- This site is optimized with the Yoast SEO plugin v24.8.1 - https:\/\/yoast.com\/wordpress\/plugins\/seo\/ -->\n<title>Historia del pueblo - Web de l&#039;Ajuntament de Vilafam\u00e9s<\/title>\n<meta name=\"robots\" content=\"index, follow, max-snippet:-1, max-image-preview:large, max-video-preview:-1\" \/>\n<link rel=\"canonical\" href=\"https:\/\/vilafames.org\/poble__trashed\/historia-del-poble\/\" \/>\n<meta property=\"og:locale\" content=\"es_ES\" \/>\n<meta property=\"og:type\" content=\"article\" \/>\n<meta property=\"og:title\" content=\"[:ca]Hist\u00f2ria del poble[:es]Historia del pueblo[:] - Web de l&#039;Ajuntament de Vilafam\u00e9s\" \/>\n<meta property=\"og:description\" content=\"Las primeras evidencias de ocupaci\u00f3n del entorno de Vilafam\u00e9s, se centran en los hallazgos arqueol\u00f3gicos realizados en el Cova de Dalt del Tossal de la Font, donde se localizaron restos antropol\u00f3gicos con una antig\u00fcedad de 80.000 a\u00f1os. Una continuidad en la ocupaci\u00f3n del medio estar\u00eda reflejada en la Cova de Matutano, yacimiento del Paleol\u00edtico Superior, [&hellip;]\" \/>\n<meta property=\"og:url\" content=\"https:\/\/vilafames.org\/poble__trashed\/historia-del-poble\/\" \/>\n<meta property=\"og:site_name\" content=\"Web de l&#039;Ajuntament de Vilafam\u00e9s\" \/>\n<meta property=\"article:publisher\" content=\"https:\/\/www.facebook.com\/AjuntamentVilafames\" \/>\n<meta property=\"article:modified_time\" content=\"2024-12-19T12:36:15+00:00\" \/>\n<meta property=\"og:image\" content=\"https:\/\/vilafames.org\/wp-content\/uploads\/vilafamespanoramica1.jpg\" \/>\n\t<meta property=\"og:image:width\" content=\"960\" \/>\n\t<meta property=\"og:image:height\" content=\"300\" \/>\n\t<meta property=\"og:image:type\" content=\"image\/jpeg\" \/>\n<meta name=\"twitter:card\" content=\"summary_large_image\" \/>\n<meta name=\"twitter:site\" content=\"@ajtvilafames\" \/>\n<meta name=\"twitter:label1\" content=\"Tiempo de lectura\" \/>\n\t<meta name=\"twitter:data1\" content=\"10 minutos\" \/>\n<script type=\"application\/ld+json\" class=\"yoast-schema-graph\">{\"@context\":\"https:\/\/schema.org\",\"@graph\":[{\"@type\":\"WebPage\",\"@id\":\"https:\/\/vilafames.org\/poble__trashed\/historia-del-poble\/\",\"url\":\"https:\/\/vilafames.org\/poble__trashed\/historia-del-poble\/\",\"name\":\"[:ca]Hist\u00f2ria del poble[:es]Historia del pueblo[:] - Web de l&#039;Ajuntament de Vilafam\u00e9s\",\"isPartOf\":{\"@id\":\"https:\/\/vilafames.org\/#website\"},\"primaryImageOfPage\":{\"@id\":\"https:\/\/vilafames.org\/poble__trashed\/historia-del-poble\/#primaryimage\"},\"image\":{\"@id\":\"https:\/\/vilafames.org\/poble__trashed\/historia-del-poble\/#primaryimage\"},\"thumbnailUrl\":\"https:\/\/vilafames.org\/wp-content\/uploads\/vilafamespanoramica1.jpg\",\"datePublished\":\"2016-11-15T16:06:08+00:00\",\"dateModified\":\"2024-12-19T12:36:15+00:00\",\"breadcrumb\":{\"@id\":\"https:\/\/vilafames.org\/poble__trashed\/historia-del-poble\/#breadcrumb\"},\"inLanguage\":\"es\",\"potentialAction\":[{\"@type\":\"ReadAction\",\"target\":[\"https:\/\/vilafames.org\/poble__trashed\/historia-del-poble\/\"]}]},{\"@type\":\"ImageObject\",\"inLanguage\":\"es\",\"@id\":\"https:\/\/vilafames.org\/poble__trashed\/historia-del-poble\/#primaryimage\",\"url\":\"https:\/\/vilafames.org\/wp-content\/uploads\/vilafamespanoramica1.jpg\",\"contentUrl\":\"https:\/\/vilafames.org\/wp-content\/uploads\/vilafamespanoramica1.jpg\",\"width\":960,\"height\":300},{\"@type\":\"BreadcrumbList\",\"@id\":\"https:\/\/vilafames.org\/poble__trashed\/historia-del-poble\/#breadcrumb\",\"itemListElement\":[{\"@type\":\"ListItem\",\"position\":1,\"name\":\"Inici\",\"item\":\"https:\/\/vilafames.org\/\"},{\"@type\":\"ListItem\",\"position\":2,\"name\":\"Hist\u00f2ria del poble\"}]},{\"@type\":\"WebSite\",\"@id\":\"https:\/\/vilafames.org\/#website\",\"url\":\"https:\/\/vilafames.org\/\",\"name\":\"Web de l'Ajuntament de Vilafam\u00e9s\",\"description\":\"Web de l&#039;Ajuntament de Vilafam\u00e9s\",\"publisher\":{\"@id\":\"https:\/\/vilafames.org\/#organization\"},\"potentialAction\":[{\"@type\":\"SearchAction\",\"target\":{\"@type\":\"EntryPoint\",\"urlTemplate\":\"https:\/\/vilafames.org\/?s={search_term_string}\"},\"query-input\":{\"@type\":\"PropertyValueSpecification\",\"valueRequired\":true,\"valueName\":\"search_term_string\"}}],\"inLanguage\":\"es\"},{\"@type\":\"Organization\",\"@id\":\"https:\/\/vilafames.org\/#organization\",\"name\":\"Web de l'Ajuntament de Vilafam\u00e9s\",\"url\":\"https:\/\/vilafames.org\/\",\"logo\":{\"@type\":\"ImageObject\",\"inLanguage\":\"es\",\"@id\":\"https:\/\/vilafames.org\/#\/schema\/logo\/image\/\",\"url\":\"https:\/\/vilafames.org\/wp-content\/uploads\/cropped-marca_v_rgb-1-1.png\",\"contentUrl\":\"https:\/\/vilafames.org\/wp-content\/uploads\/cropped-marca_v_rgb-1-1.png\",\"width\":558,\"height\":269,\"caption\":\"Web de l'Ajuntament de Vilafam\u00e9s\"},\"image\":{\"@id\":\"https:\/\/vilafames.org\/#\/schema\/logo\/image\/\"},\"sameAs\":[\"https:\/\/www.facebook.com\/AjuntamentVilafames\",\"https:\/\/x.com\/ajtvilafames\",\"https:\/\/www.instagram.com\/ajuntamentvilafames\/\",\"https:\/\/www.youtube.com\/channel\/UCjXWt3n8FHiahgKqHZWOTXQ\"]}]}<\/script>\n<!-- \/ Yoast SEO plugin. -->","yoast_head_json":{"title":"[:ca]Hist\u00f2ria del poble[:es]Historia del pueblo[:] - Web de l&#039;Ajuntament de Vilafam\u00e9s","robots":{"index":"index","follow":"follow","max-snippet":"max-snippet:-1","max-image-preview":"max-image-preview:large","max-video-preview":"max-video-preview:-1"},"canonical":"https:\/\/vilafames.org\/poble__trashed\/historia-del-poble\/","og_locale":"es_ES","og_type":"article","og_title":"[:ca]Hist\u00f2ria del poble[:es]Historia del pueblo[:] - Web de l&#039;Ajuntament de Vilafam\u00e9s","og_description":"Las primeras evidencias de ocupaci\u00f3n del entorno de Vilafam\u00e9s, se centran en los hallazgos arqueol\u00f3gicos realizados en el Cova de Dalt del Tossal de la Font, donde se localizaron restos antropol\u00f3gicos con una antig\u00fcedad de 80.000 a\u00f1os. Una continuidad en la ocupaci\u00f3n del medio estar\u00eda reflejada en la Cova de Matutano, yacimiento del Paleol\u00edtico Superior, [&hellip;]","og_url":"https:\/\/vilafames.org\/poble__trashed\/historia-del-poble\/","og_site_name":"Web de l&#039;Ajuntament de Vilafam\u00e9s","article_publisher":"https:\/\/www.facebook.com\/AjuntamentVilafames","article_modified_time":"2024-12-19T12:36:15+00:00","og_image":[{"width":960,"height":300,"url":"https:\/\/vilafames.org\/wp-content\/uploads\/vilafamespanoramica1.jpg","type":"image\/jpeg"}],"twitter_card":"summary_large_image","twitter_site":"@ajtvilafames","twitter_misc":{"Tiempo de lectura":"10 minutos"},"schema":{"@context":"https:\/\/schema.org","@graph":[{"@type":"WebPage","@id":"https:\/\/vilafames.org\/poble__trashed\/historia-del-poble\/","url":"https:\/\/vilafames.org\/poble__trashed\/historia-del-poble\/","name":"[:ca]Hist\u00f2ria del poble[:es]Historia del pueblo[:] - Web de l&#039;Ajuntament de Vilafam\u00e9s","isPartOf":{"@id":"https:\/\/vilafames.org\/#website"},"primaryImageOfPage":{"@id":"https:\/\/vilafames.org\/poble__trashed\/historia-del-poble\/#primaryimage"},"image":{"@id":"https:\/\/vilafames.org\/poble__trashed\/historia-del-poble\/#primaryimage"},"thumbnailUrl":"https:\/\/vilafames.org\/wp-content\/uploads\/vilafamespanoramica1.jpg","datePublished":"2016-11-15T16:06:08+00:00","dateModified":"2024-12-19T12:36:15+00:00","breadcrumb":{"@id":"https:\/\/vilafames.org\/poble__trashed\/historia-del-poble\/#breadcrumb"},"inLanguage":"es","potentialAction":[{"@type":"ReadAction","target":["https:\/\/vilafames.org\/poble__trashed\/historia-del-poble\/"]}]},{"@type":"ImageObject","inLanguage":"es","@id":"https:\/\/vilafames.org\/poble__trashed\/historia-del-poble\/#primaryimage","url":"https:\/\/vilafames.org\/wp-content\/uploads\/vilafamespanoramica1.jpg","contentUrl":"https:\/\/vilafames.org\/wp-content\/uploads\/vilafamespanoramica1.jpg","width":960,"height":300},{"@type":"BreadcrumbList","@id":"https:\/\/vilafames.org\/poble__trashed\/historia-del-poble\/#breadcrumb","itemListElement":[{"@type":"ListItem","position":1,"name":"Inici","item":"https:\/\/vilafames.org\/"},{"@type":"ListItem","position":2,"name":"Hist\u00f2ria del poble"}]},{"@type":"WebSite","@id":"https:\/\/vilafames.org\/#website","url":"https:\/\/vilafames.org\/","name":"Web de l'Ajuntament de Vilafam\u00e9s","description":"Web de l&#039;Ajuntament de Vilafam\u00e9s","publisher":{"@id":"https:\/\/vilafames.org\/#organization"},"potentialAction":[{"@type":"SearchAction","target":{"@type":"EntryPoint","urlTemplate":"https:\/\/vilafames.org\/?s={search_term_string}"},"query-input":{"@type":"PropertyValueSpecification","valueRequired":true,"valueName":"search_term_string"}}],"inLanguage":"es"},{"@type":"Organization","@id":"https:\/\/vilafames.org\/#organization","name":"Web de l'Ajuntament de Vilafam\u00e9s","url":"https:\/\/vilafames.org\/","logo":{"@type":"ImageObject","inLanguage":"es","@id":"https:\/\/vilafames.org\/#\/schema\/logo\/image\/","url":"https:\/\/vilafames.org\/wp-content\/uploads\/cropped-marca_v_rgb-1-1.png","contentUrl":"https:\/\/vilafames.org\/wp-content\/uploads\/cropped-marca_v_rgb-1-1.png","width":558,"height":269,"caption":"Web de l'Ajuntament de Vilafam\u00e9s"},"image":{"@id":"https:\/\/vilafames.org\/#\/schema\/logo\/image\/"},"sameAs":["https:\/\/www.facebook.com\/AjuntamentVilafames","https:\/\/x.com\/ajtvilafames","https:\/\/www.instagram.com\/ajuntamentvilafames\/","https:\/\/www.youtube.com\/channel\/UCjXWt3n8FHiahgKqHZWOTXQ"]}]}},"_links":{"self":[{"href":"https:\/\/vilafames.org\/es\/wp-json\/wp\/v2\/pages\/559","targetHints":{"allow":["GET"]}}],"collection":[{"href":"https:\/\/vilafames.org\/es\/wp-json\/wp\/v2\/pages"}],"about":[{"href":"https:\/\/vilafames.org\/es\/wp-json\/wp\/v2\/types\/page"}],"author":[{"embeddable":true,"href":"https:\/\/vilafames.org\/es\/wp-json\/wp\/v2\/users\/3"}],"replies":[{"embeddable":true,"href":"https:\/\/vilafames.org\/es\/wp-json\/wp\/v2\/comments?post=559"}],"version-history":[{"count":5,"href":"https:\/\/vilafames.org\/es\/wp-json\/wp\/v2\/pages\/559\/revisions"}],"predecessor-version":[{"id":11399,"href":"https:\/\/vilafames.org\/es\/wp-json\/wp\/v2\/pages\/559\/revisions\/11399"}],"wp:featuredmedia":[{"embeddable":true,"href":"https:\/\/vilafames.org\/es\/wp-json\/wp\/v2\/media\/1513"}],"wp:attachment":[{"href":"https:\/\/vilafames.org\/es\/wp-json\/wp\/v2\/media?parent=559"}],"curies":[{"name":"wp","href":"https:\/\/api.w.org\/{rel}","templated":true}]}}