{"id":548,"date":"2016-11-15T16:55:55","date_gmt":"2016-11-15T15:55:55","guid":{"rendered":"http:\/\/vilafames.org\/?page_id=548"},"modified":"2017-01-28T11:47:25","modified_gmt":"2017-01-28T10:47:25","slug":"punt-dinformacio-cadastral-pic","status":"publish","type":"page","link":"https:\/\/vilafames.org\/es\/punt-dinformacio-cadastral-pic\/","title":{"rendered":"Punto de Informaci\u00f3n Catastral (PIC)"},"content":{"rendered":"<p>El ayuntamiento de Vilafam\u00e9s, ha establecido un Punto de Informaci\u00f3n Catastral (PIC), gracias al cual el ciudadano tiene a su disposici\u00f3n informaci\u00f3n catastral, con todas las ventajas de la Oficina Virtual del Catastro, sin m\u00e1s condicionamientos que la mera solicitud de la prestaci\u00f3n del servicio.<\/p>\n<p>Gracias al PIC, cualquier ciudadano podr\u00e1 consultar libremente los datos no protegidos y de cartograf\u00eda digital sobre los bienes inmuebles incorporados en la Base de Datos Nacional del Catastro y solicitar certificaci\u00f3n electr\u00f3nica sobre los mismos. Tambi\u00e9n, los titulares catastrales podr\u00e1n obtener certificaci\u00f3n de los datos protegidos referente a sus propiedades.<\/p>\n<p>Por tanto, los servicios de informaci\u00f3n catastral, tanto de datos como de cartograf\u00eda catastral, que el PIC del ayuntamiento de Vilafam\u00e9s puede suministrar, son:<\/p>\n<ol>\n<li>Servicios de consulta libre para cualquier ciudadano y certificaci\u00f3n electr\u00f3nica de datos catastrales no protegidos y de cartograf\u00eda digital.<\/li>\n<li>Servicio de consulta y certificaci\u00f3n electr\u00f3nica para los titulares catastrales de los datos catastrales protegidos, relativos a los bienes inmuebles de su titularidad.<\/li>\n<li>Servicio de certificaci\u00f3n negativa de bienes inmuebles o de la circunstancia de no figurar como titular, relativa al propio solicitante.<\/li>\n<\/ol>\n<p>Para acceder a dicha informaci\u00f3n deber\u00e1 presentarse una solicitud, en la que \u00fanicamente se har\u00e1 constar:<\/p>\n<ul>\n<li>la identidad del solicitante<\/li>\n<li>la informaci\u00f3n requerida<\/li>\n<li>la consignaci\u00f3n del n\u00famero de identificaci\u00f3n fiscal del titular catastral<\/li>\n<\/ul>\n<p>En caso de que se trate de informaci\u00f3n protegida y no pueda personarse el titular catastral, se deber\u00e1 adjuntar la documentaci\u00f3n acreditativa de la representaci\u00f3n o autorizaci\u00f3n con que se act\u00fae y copia del DNI del titular catastral.<\/p>\n<p>La solicitud de informaci\u00f3n y, en su caso la autorizaci\u00f3n, deber\u00e1 presentarse con los modelos oficiales que se encuentran a disposici\u00f3n de los interesados en el PIC o bien obtenerlos a trav\u00e9s del siguiente enlace:<\/p>\n<p><strong><a href=\"http:\/\/www.catastro.meh.es\/ayuda\/formularios_pic\/formularios_pic.htm\" target=\"_blank\">www.catastro.meh.es\/ayuda\/formularios_pic\/formularios_pic.htm<\/a><\/strong><\/p>\n<p>La atenci\u00f3n al p\u00fablico se realizara de lunes a viernes en horario de 9:00 a 14:00 h.","protected":false},"excerpt":{"rendered":"<p>El ayuntamiento de Vilafam\u00e9s, ha establecido un Punto de Informaci\u00f3n Catastral (PIC), gracias al cual el ciudadano tiene a su disposici\u00f3n informaci\u00f3n catastral, con todas las ventajas de la Oficina Virtual del Catastro, sin m\u00e1s condicionamientos que la mera solicitud de la prestaci\u00f3n del servicio. Gracias al PIC, cualquier ciudadano podr\u00e1 consultar libremente los datos [&hellip;]<\/p>\n","protected":false},"author":3,"featured_media":0,"parent":0,"menu_order":0,"comment_status":"closed","ping_status":"closed","template":"","meta":{"footnotes":""},"class_list":["post-548","page","type-page","status-publish","hentry"],"yoast_head":"<!-- This site is optimized with the Yoast SEO plugin v24.8.1 - https:\/\/yoast.com\/wordpress\/plugins\/seo\/ -->\n<title>Punto de Informaci\u00f3n Catastral (PIC) - Web de l&#039;Ajuntament de Vilafam\u00e9s<\/title>\n<meta name=\"robots\" content=\"index, follow, max-snippet:-1, max-image-preview:large, max-video-preview:-1\" \/>\n<link rel=\"canonical\" href=\"https:\/\/vilafames.org\/serveis__trashed\/punt-dinformacio-cadastral-pic\/\" \/>\n<meta property=\"og:locale\" content=\"es_ES\" \/>\n<meta property=\"og:type\" content=\"article\" \/>\n<meta property=\"og:title\" content=\"[:ca]Punt d&#039;Informaci\u00f3 Cadastral (PIC)[:es]Punto de Informaci\u00f3n Catastral (PIC)[:] - Web de l&#039;Ajuntament de Vilafam\u00e9s\" \/>\n<meta property=\"og:description\" content=\"El ayuntamiento de Vilafam\u00e9s, ha establecido un Punto de Informaci\u00f3n Catastral (PIC), gracias al cual el ciudadano tiene a su disposici\u00f3n informaci\u00f3n catastral, con todas las ventajas de la Oficina Virtual del Catastro, sin m\u00e1s condicionamientos que la mera solicitud de la prestaci\u00f3n del servicio. Gracias al PIC, cualquier ciudadano podr\u00e1 consultar libremente los datos [&hellip;]\" \/>\n<meta property=\"og:url\" content=\"https:\/\/vilafames.org\/serveis__trashed\/punt-dinformacio-cadastral-pic\/\" \/>\n<meta property=\"og:site_name\" content=\"Web de l&#039;Ajuntament de Vilafam\u00e9s\" \/>\n<meta property=\"article:publisher\" content=\"https:\/\/www.facebook.com\/AjuntamentVilafames\" \/>\n<meta property=\"article:modified_time\" content=\"2017-01-28T10:47:25+00:00\" \/>\n<meta name=\"twitter:card\" content=\"summary_large_image\" \/>\n<meta name=\"twitter:site\" content=\"@ajtvilafames\" \/>\n<meta name=\"twitter:label1\" content=\"Tiempo de lectura\" \/>\n\t<meta name=\"twitter:data1\" content=\"3 minutos\" \/>\n<script type=\"application\/ld+json\" class=\"yoast-schema-graph\">{\"@context\":\"https:\/\/schema.org\",\"@graph\":[{\"@type\":\"WebPage\",\"@id\":\"https:\/\/vilafames.org\/serveis__trashed\/punt-dinformacio-cadastral-pic\/\",\"url\":\"https:\/\/vilafames.org\/serveis__trashed\/punt-dinformacio-cadastral-pic\/\",\"name\":\"[:ca]Punt d'Informaci\u00f3 Cadastral (PIC)[:es]Punto de Informaci\u00f3n Catastral (PIC)[:] - Web de l&#039;Ajuntament de Vilafam\u00e9s\",\"isPartOf\":{\"@id\":\"https:\/\/vilafames.org\/#website\"},\"datePublished\":\"2016-11-15T15:55:55+00:00\",\"dateModified\":\"2017-01-28T10:47:25+00:00\",\"breadcrumb\":{\"@id\":\"https:\/\/vilafames.org\/serveis__trashed\/punt-dinformacio-cadastral-pic\/#breadcrumb\"},\"inLanguage\":\"es\",\"potentialAction\":[{\"@type\":\"ReadAction\",\"target\":[\"https:\/\/vilafames.org\/serveis__trashed\/punt-dinformacio-cadastral-pic\/\"]}]},{\"@type\":\"BreadcrumbList\",\"@id\":\"https:\/\/vilafames.org\/serveis__trashed\/punt-dinformacio-cadastral-pic\/#breadcrumb\",\"itemListElement\":[{\"@type\":\"ListItem\",\"position\":1,\"name\":\"Inici\",\"item\":\"https:\/\/vilafames.org\/\"},{\"@type\":\"ListItem\",\"position\":2,\"name\":\"Punt d&#8217;Informaci\u00f3 Cadastral (PIC)\"}]},{\"@type\":\"WebSite\",\"@id\":\"https:\/\/vilafames.org\/#website\",\"url\":\"https:\/\/vilafames.org\/\",\"name\":\"Web de l'Ajuntament de Vilafam\u00e9s\",\"description\":\"Web de l&#039;Ajuntament de Vilafam\u00e9s\",\"publisher\":{\"@id\":\"https:\/\/vilafames.org\/#organization\"},\"potentialAction\":[{\"@type\":\"SearchAction\",\"target\":{\"@type\":\"EntryPoint\",\"urlTemplate\":\"https:\/\/vilafames.org\/?s={search_term_string}\"},\"query-input\":{\"@type\":\"PropertyValueSpecification\",\"valueRequired\":true,\"valueName\":\"search_term_string\"}}],\"inLanguage\":\"es\"},{\"@type\":\"Organization\",\"@id\":\"https:\/\/vilafames.org\/#organization\",\"name\":\"Web de l'Ajuntament de Vilafam\u00e9s\",\"url\":\"https:\/\/vilafames.org\/\",\"logo\":{\"@type\":\"ImageObject\",\"inLanguage\":\"es\",\"@id\":\"https:\/\/vilafames.org\/#\/schema\/logo\/image\/\",\"url\":\"https:\/\/vilafames.org\/wp-content\/uploads\/cropped-marca_v_rgb-1-1.png\",\"contentUrl\":\"https:\/\/vilafames.org\/wp-content\/uploads\/cropped-marca_v_rgb-1-1.png\",\"width\":558,\"height\":269,\"caption\":\"Web de l'Ajuntament de Vilafam\u00e9s\"},\"image\":{\"@id\":\"https:\/\/vilafames.org\/#\/schema\/logo\/image\/\"},\"sameAs\":[\"https:\/\/www.facebook.com\/AjuntamentVilafames\",\"https:\/\/x.com\/ajtvilafames\",\"https:\/\/www.instagram.com\/ajuntamentvilafames\/\",\"https:\/\/www.youtube.com\/channel\/UCjXWt3n8FHiahgKqHZWOTXQ\"]}]}<\/script>\n<!-- \/ Yoast SEO plugin. -->","yoast_head_json":{"title":"[:ca]Punt d'Informaci\u00f3 Cadastral (PIC)[:es]Punto de Informaci\u00f3n Catastral (PIC)[:] - Web de l&#039;Ajuntament de Vilafam\u00e9s","robots":{"index":"index","follow":"follow","max-snippet":"max-snippet:-1","max-image-preview":"max-image-preview:large","max-video-preview":"max-video-preview:-1"},"canonical":"https:\/\/vilafames.org\/serveis__trashed\/punt-dinformacio-cadastral-pic\/","og_locale":"es_ES","og_type":"article","og_title":"[:ca]Punt d'Informaci\u00f3 Cadastral (PIC)[:es]Punto de Informaci\u00f3n Catastral (PIC)[:] - Web de l&#039;Ajuntament de Vilafam\u00e9s","og_description":"El ayuntamiento de Vilafam\u00e9s, ha establecido un Punto de Informaci\u00f3n Catastral (PIC), gracias al cual el ciudadano tiene a su disposici\u00f3n informaci\u00f3n catastral, con todas las ventajas de la Oficina Virtual del Catastro, sin m\u00e1s condicionamientos que la mera solicitud de la prestaci\u00f3n del servicio. Gracias al PIC, cualquier ciudadano podr\u00e1 consultar libremente los datos [&hellip;]","og_url":"https:\/\/vilafames.org\/serveis__trashed\/punt-dinformacio-cadastral-pic\/","og_site_name":"Web de l&#039;Ajuntament de Vilafam\u00e9s","article_publisher":"https:\/\/www.facebook.com\/AjuntamentVilafames","article_modified_time":"2017-01-28T10:47:25+00:00","twitter_card":"summary_large_image","twitter_site":"@ajtvilafames","twitter_misc":{"Tiempo de lectura":"3 minutos"},"schema":{"@context":"https:\/\/schema.org","@graph":[{"@type":"WebPage","@id":"https:\/\/vilafames.org\/serveis__trashed\/punt-dinformacio-cadastral-pic\/","url":"https:\/\/vilafames.org\/serveis__trashed\/punt-dinformacio-cadastral-pic\/","name":"[:ca]Punt d'Informaci\u00f3 Cadastral (PIC)[:es]Punto de Informaci\u00f3n Catastral (PIC)[:] - Web de l&#039;Ajuntament de Vilafam\u00e9s","isPartOf":{"@id":"https:\/\/vilafames.org\/#website"},"datePublished":"2016-11-15T15:55:55+00:00","dateModified":"2017-01-28T10:47:25+00:00","breadcrumb":{"@id":"https:\/\/vilafames.org\/serveis__trashed\/punt-dinformacio-cadastral-pic\/#breadcrumb"},"inLanguage":"es","potentialAction":[{"@type":"ReadAction","target":["https:\/\/vilafames.org\/serveis__trashed\/punt-dinformacio-cadastral-pic\/"]}]},{"@type":"BreadcrumbList","@id":"https:\/\/vilafames.org\/serveis__trashed\/punt-dinformacio-cadastral-pic\/#breadcrumb","itemListElement":[{"@type":"ListItem","position":1,"name":"Inici","item":"https:\/\/vilafames.org\/"},{"@type":"ListItem","position":2,"name":"Punt d&#8217;Informaci\u00f3 Cadastral (PIC)"}]},{"@type":"WebSite","@id":"https:\/\/vilafames.org\/#website","url":"https:\/\/vilafames.org\/","name":"Web de l'Ajuntament de Vilafam\u00e9s","description":"Web de l&#039;Ajuntament de Vilafam\u00e9s","publisher":{"@id":"https:\/\/vilafames.org\/#organization"},"potentialAction":[{"@type":"SearchAction","target":{"@type":"EntryPoint","urlTemplate":"https:\/\/vilafames.org\/?s={search_term_string}"},"query-input":{"@type":"PropertyValueSpecification","valueRequired":true,"valueName":"search_term_string"}}],"inLanguage":"es"},{"@type":"Organization","@id":"https:\/\/vilafames.org\/#organization","name":"Web de l'Ajuntament de Vilafam\u00e9s","url":"https:\/\/vilafames.org\/","logo":{"@type":"ImageObject","inLanguage":"es","@id":"https:\/\/vilafames.org\/#\/schema\/logo\/image\/","url":"https:\/\/vilafames.org\/wp-content\/uploads\/cropped-marca_v_rgb-1-1.png","contentUrl":"https:\/\/vilafames.org\/wp-content\/uploads\/cropped-marca_v_rgb-1-1.png","width":558,"height":269,"caption":"Web de l'Ajuntament de Vilafam\u00e9s"},"image":{"@id":"https:\/\/vilafames.org\/#\/schema\/logo\/image\/"},"sameAs":["https:\/\/www.facebook.com\/AjuntamentVilafames","https:\/\/x.com\/ajtvilafames","https:\/\/www.instagram.com\/ajuntamentvilafames\/","https:\/\/www.youtube.com\/channel\/UCjXWt3n8FHiahgKqHZWOTXQ"]}]}},"_links":{"self":[{"href":"https:\/\/vilafames.org\/es\/wp-json\/wp\/v2\/pages\/548","targetHints":{"allow":["GET"]}}],"collection":[{"href":"https:\/\/vilafames.org\/es\/wp-json\/wp\/v2\/pages"}],"about":[{"href":"https:\/\/vilafames.org\/es\/wp-json\/wp\/v2\/types\/page"}],"author":[{"embeddable":true,"href":"https:\/\/vilafames.org\/es\/wp-json\/wp\/v2\/users\/3"}],"replies":[{"embeddable":true,"href":"https:\/\/vilafames.org\/es\/wp-json\/wp\/v2\/comments?post=548"}],"version-history":[{"count":0,"href":"https:\/\/vilafames.org\/es\/wp-json\/wp\/v2\/pages\/548\/revisions"}],"wp:attachment":[{"href":"https:\/\/vilafames.org\/es\/wp-json\/wp\/v2\/media?parent=548"}],"curies":[{"name":"wp","href":"https:\/\/api.w.org\/{rel}","templated":true}]}}