{"id":5351,"date":"2018-12-27T22:52:54","date_gmt":"2018-12-27T21:52:54","guid":{"rendered":"http:\/\/vilafames.org\/?page_id=5351"},"modified":"2024-12-10T17:33:37","modified_gmt":"2024-12-10T16:33:37","slug":"espanol-mejora-y-modernizacion-del-poligono-industrial-i-vilafames","status":"publish","type":"page","link":"https:\/\/vilafames.org\/es\/espanol-mejora-y-modernizacion-del-poligono-industrial-i-vilafames\/","title":{"rendered":"Mejora y modernizaci\u00f3n del pol\u00edgono industrial I \u2013 Vilafam\u00e9s"},"content":{"rendered":"<p>La ejecuci\u00f3n del proyecto de \u00abMejora y modernizaci\u00f3n del Pol\u00edgono Industrial I-Vilafam\u00e9s\u00bb, iniciado durante 2018 y cuya realizaci\u00f3n se extender\u00e1 a 2019, consiste en la realizaci\u00f3n de las siguientes actuaciones:<\/p>\n<ol>\n<li>Vigilancia a trav\u00e9s de CCTV conectado a la Polic\u00eda Local.<\/li>\n<li>Mejora alumbrado p\u00fablico, mediante medidas de eficiencia energ\u00e9tica o energ\u00edas renovables.<\/li>\n<li>Mejora de la imagen del pol\u00edgono: Regeneraci\u00f3n paisaj\u00edstica y ambiental.<\/li>\n<li>Mejora de Zonas verdes.<\/li>\n<li>Se\u00f1alizaci\u00f3n\/identificaci\u00f3n de calles.<\/li>\n<li>Se\u00f1alizaci\u00f3n horizontal y vertical de tr\u00e1fico.<\/li>\n<\/ol>\n<p>&nbsp;<\/p>\n<p><strong>Objetivos del proyecto:<\/strong><\/p>\n<p>La ejecuci\u00f3n del proyecto est\u00e1 directamente relacionada con la adaptaci\u00f3n a los nuevos objetivos estrat\u00e9gicos europeos y auton\u00f3micos del fomento de la inversi\u00f3n industrial, la evoluci\u00f3n de los sectores productivos y la sostenibilidad de los sectores existentes en consonancia con el medio ambiente y con las pol\u00edticas que el Consell est\u00e1 desarrollando en esta materia, todo ello maximizando la eficiencia energ\u00e9tica, reduciendo las necesidades de materias primas y minimizando la generaci\u00f3n de residuos, fomentado su reciclado y valoraci\u00f3n.<\/p>\n<p>El proyecto a realizar se justifica por la necesidad de dotar al Pol\u00edgono Industrial de mejoras, a la vez que subsanar carencias existentes en la actualidad, las cuales se han detectado tras la realizaci\u00f3n de reuniones con las empresas ubicadas en el mismo. El proyecto supone la mejora de las infraestructuras existentes y la ampliaci\u00f3n de nuevas dotaciones como las c\u00e1maras de vigilancia.<\/p>\n<p>Los objetivos generales que se pretende conseguir con la ejecuci\u00f3n del proyecto en el Pol\u00edgono Industrial son:<\/p>\n<ul>\n<li>Mejora de la seguridad<\/li>\n<li>Mejora de la eficiencia energ\u00e9tica<\/li>\n<li>Mejora de la imagen<\/li>\n<li>Mejora de zonas verdes<\/li>\n<li>Se\u00f1alizaci\u00f3n e identificaci\u00f3n de calles\/viales<\/li>\n<li>Se\u00f1alizaci\u00f3n horizontal y vertical para tr\u00e1fico<\/li>\n<\/ul>\n<p>&nbsp;<\/p>\n<p><strong>Presupuesto y financiaci\u00f3n:<\/strong><\/p>\n<p>El importe total del proyecto asciende a la cantidad de 500.000,00 \u20ac, cuya financiaci\u00f3n ha contado con la colaboraci\u00f3n del Instituto Valenciano de Competitividad Empresarial de la Generalitat Valenciana que ha aportado 440.137,09 \u20ac del total del coste del proyecto.<\/p>\n<p>Los resultados finales del proyecto ser\u00e1n apreciables durante la anualidad 2019, dado que el mismo se desarrollar\u00e1 durante dos anualidades. Durante 2018 se han desarrollado las actuaciones:<\/p>\n<ol>\n<li>Vigilancia a trav\u00e9s de CCTV conectado a la Polic\u00eda Local (Redacci\u00f3n del proyecto)<\/li>\n<li>Mejora alumbrado p\u00fablico, mediante medidas de eficiencia energ\u00e9tica o energ\u00edas renovables (Redacci\u00f3n del proyecto)<\/li>\n<li>Mejora de la imagen del pol\u00edgono: Regeneraci\u00f3n paisaj\u00edstica y ambiental.<\/li>\n<li>Mejora de Zonas verdes.<\/li>\n<li>Se\u00f1alizaci\u00f3n\/identificaci\u00f3n de calles.<\/li>\n<li>Se\u00f1alizaci\u00f3n horizontal y vertical de tr\u00e1fico.<\/li>\n<\/ol>\n<p>Durante 2019, tendr\u00e1 lugar el desarrollo de los proyectos:<\/p>\n<ol>\n<li>Vigilancia a trav\u00e9s de CCTV conectado a la Polic\u00eda Local<\/li>\n<li>Mejora alumbrado p\u00fablico, mediante medidas de eficiencia energ\u00e9tica o energ\u00edas renovables.<\/li>\n<\/ol>\n<p>Proyecto subvencionado con sus objetivos y resultados, destacando apoyo financiero del IVACE<\/p>\n<p>&nbsp;<\/p>\n<p><img decoding=\"async\" class=\"wp-image-11178 size-medium aligncenter lazyload\" data-src=\"https:\/\/vilafames.corvanit.com\/wp-content\/uploads\/07-IVACEGVA-val-color-1-1-600x152.png\" alt=\"\" width=\"600\" height=\"152\" data-srcset=\"https:\/\/vilafames.org\/wp-content\/uploads\/07-IVACEGVA-val-color-1-1-600x152.png 600w, https:\/\/vilafames.org\/wp-content\/uploads\/07-IVACEGVA-val-color-1-1-1024x260.png 1024w, https:\/\/vilafames.org\/wp-content\/uploads\/07-IVACEGVA-val-color-1-1-768x195.png 768w, https:\/\/vilafames.org\/wp-content\/uploads\/07-IVACEGVA-val-color-1-1.png 1271w\" data-sizes=\"(max-width: 600px) 100vw, 600px\" src=\"data:image\/gif;base64,R0lGODlhAQABAAAAACH5BAEKAAEALAAAAAABAAEAAAICTAEAOw==\" style=\"--smush-placeholder-width: 600px; --smush-placeholder-aspect-ratio: 600\/152;\" \/><\/p>\n<p>&nbsp;","protected":false},"excerpt":{"rendered":"<p>La ejecuci\u00f3n del proyecto de \u00abMejora y modernizaci\u00f3n del Pol\u00edgono Industrial I-Vilafam\u00e9s\u00bb, iniciado durante 2018 y cuya realizaci\u00f3n se extender\u00e1 a 2019, consiste en la realizaci\u00f3n de las siguientes actuaciones: Vigilancia a trav\u00e9s de CCTV conectado a la Polic\u00eda Local. Mejora alumbrado p\u00fablico, mediante medidas de eficiencia energ\u00e9tica o energ\u00edas renovables. Mejora de la imagen [&hellip;]<\/p>\n","protected":false},"author":3,"featured_media":0,"parent":0,"menu_order":0,"comment_status":"closed","ping_status":"closed","template":"","meta":{"footnotes":""},"class_list":["post-5351","page","type-page","status-publish","hentry"],"yoast_head":"<!-- This site is optimized with the Yoast SEO plugin v24.8.1 - https:\/\/yoast.com\/wordpress\/plugins\/seo\/ -->\n<title>Mejora y modernizaci\u00f3n del pol\u00edgono industrial I \u2013 Vilafam\u00e9s - Web de l&#039;Ajuntament de Vilafam\u00e9s<\/title>\n<meta name=\"robots\" content=\"index, follow, max-snippet:-1, max-image-preview:large, max-video-preview:-1\" \/>\n<link rel=\"canonical\" href=\"https:\/\/vilafames.org\/espanol-mejora-y-modernizacion-del-poligono-industrial-i-vilafames\/\" \/>\n<meta property=\"og:locale\" content=\"es_ES\" \/>\n<meta property=\"og:type\" content=\"article\" \/>\n<meta property=\"og:title\" content=\"[:ca]Millora i modernitzaci\u00f3 del Pol\u00edgon Industrial I-Vilafam\u00e9s[:es]Mejora y modernizaci\u00f3n del pol\u00edgono industrial I \u2013 Vilafam\u00e9s[:] - Web de l&#039;Ajuntament de Vilafam\u00e9s\" \/>\n<meta property=\"og:description\" content=\"La ejecuci\u00f3n del proyecto de \u00abMejora y modernizaci\u00f3n del Pol\u00edgono Industrial I-Vilafam\u00e9s\u00bb, iniciado durante 2018 y cuya realizaci\u00f3n se extender\u00e1 a 2019, consiste en la realizaci\u00f3n de las siguientes actuaciones: Vigilancia a trav\u00e9s de CCTV conectado a la Polic\u00eda Local. Mejora alumbrado p\u00fablico, mediante medidas de eficiencia energ\u00e9tica o energ\u00edas renovables. Mejora de la imagen [&hellip;]\" \/>\n<meta property=\"og:url\" content=\"https:\/\/vilafames.org\/espanol-mejora-y-modernizacion-del-poligono-industrial-i-vilafames\/\" \/>\n<meta property=\"og:site_name\" content=\"Web de l&#039;Ajuntament de Vilafam\u00e9s\" \/>\n<meta property=\"article:publisher\" content=\"https:\/\/www.facebook.com\/AjuntamentVilafames\" \/>\n<meta property=\"article:modified_time\" content=\"2024-12-10T16:33:37+00:00\" \/>\n<meta property=\"og:image\" content=\"https:\/\/vilafames.org\/wp-content\/uploads\/07-IVACEGVA-val-color-1-1.png\" \/>\n\t<meta property=\"og:image:width\" content=\"1271\" \/>\n\t<meta property=\"og:image:height\" content=\"323\" \/>\n\t<meta property=\"og:image:type\" content=\"image\/png\" \/>\n<meta name=\"twitter:card\" content=\"summary_large_image\" \/>\n<meta name=\"twitter:site\" content=\"@ajtvilafames\" \/>\n<meta name=\"twitter:label1\" content=\"Tiempo de lectura\" \/>\n\t<meta name=\"twitter:data1\" content=\"5 minutos\" \/>\n<script type=\"application\/ld+json\" class=\"yoast-schema-graph\">{\"@context\":\"https:\/\/schema.org\",\"@graph\":[{\"@type\":\"WebPage\",\"@id\":\"https:\/\/vilafames.org\/espanol-mejora-y-modernizacion-del-poligono-industrial-i-vilafames\/\",\"url\":\"https:\/\/vilafames.org\/espanol-mejora-y-modernizacion-del-poligono-industrial-i-vilafames\/\",\"name\":\"[:ca]Millora i modernitzaci\u00f3 del Pol\u00edgon Industrial I-Vilafam\u00e9s[:es]Mejora y modernizaci\u00f3n del pol\u00edgono industrial I \u2013 Vilafam\u00e9s[:] - Web de l&#039;Ajuntament de Vilafam\u00e9s\",\"isPartOf\":{\"@id\":\"https:\/\/vilafames.org\/#website\"},\"primaryImageOfPage\":{\"@id\":\"https:\/\/vilafames.org\/espanol-mejora-y-modernizacion-del-poligono-industrial-i-vilafames\/#primaryimage\"},\"image\":{\"@id\":\"https:\/\/vilafames.org\/espanol-mejora-y-modernizacion-del-poligono-industrial-i-vilafames\/#primaryimage\"},\"thumbnailUrl\":\"https:\/\/vilafames.corvanit.com\/wp-content\/uploads\/07-IVACEGVA-val-color-1-1-600x152.png\",\"datePublished\":\"2018-12-27T21:52:54+00:00\",\"dateModified\":\"2024-12-10T16:33:37+00:00\",\"breadcrumb\":{\"@id\":\"https:\/\/vilafames.org\/espanol-mejora-y-modernizacion-del-poligono-industrial-i-vilafames\/#breadcrumb\"},\"inLanguage\":\"es\",\"potentialAction\":[{\"@type\":\"ReadAction\",\"target\":[\"https:\/\/vilafames.org\/espanol-mejora-y-modernizacion-del-poligono-industrial-i-vilafames\/\"]}]},{\"@type\":\"ImageObject\",\"inLanguage\":\"es\",\"@id\":\"https:\/\/vilafames.org\/espanol-mejora-y-modernizacion-del-poligono-industrial-i-vilafames\/#primaryimage\",\"url\":\"https:\/\/vilafames.corvanit.com\/wp-content\/uploads\/07-IVACEGVA-val-color-1-1-600x152.png\",\"contentUrl\":\"https:\/\/vilafames.corvanit.com\/wp-content\/uploads\/07-IVACEGVA-val-color-1-1-600x152.png\"},{\"@type\":\"BreadcrumbList\",\"@id\":\"https:\/\/vilafames.org\/espanol-mejora-y-modernizacion-del-poligono-industrial-i-vilafames\/#breadcrumb\",\"itemListElement\":[{\"@type\":\"ListItem\",\"position\":1,\"name\":\"Inici\",\"item\":\"https:\/\/vilafames.org\/\"},{\"@type\":\"ListItem\",\"position\":2,\"name\":\"Millora i modernitzaci\u00f3 del Pol\u00edgon Industrial I-Vilafam\u00e9s\"}]},{\"@type\":\"WebSite\",\"@id\":\"https:\/\/vilafames.org\/#website\",\"url\":\"https:\/\/vilafames.org\/\",\"name\":\"Web de l'Ajuntament de Vilafam\u00e9s\",\"description\":\"Web de l&#039;Ajuntament de Vilafam\u00e9s\",\"publisher\":{\"@id\":\"https:\/\/vilafames.org\/#organization\"},\"potentialAction\":[{\"@type\":\"SearchAction\",\"target\":{\"@type\":\"EntryPoint\",\"urlTemplate\":\"https:\/\/vilafames.org\/?s={search_term_string}\"},\"query-input\":{\"@type\":\"PropertyValueSpecification\",\"valueRequired\":true,\"valueName\":\"search_term_string\"}}],\"inLanguage\":\"es\"},{\"@type\":\"Organization\",\"@id\":\"https:\/\/vilafames.org\/#organization\",\"name\":\"Web de l'Ajuntament de Vilafam\u00e9s\",\"url\":\"https:\/\/vilafames.org\/\",\"logo\":{\"@type\":\"ImageObject\",\"inLanguage\":\"es\",\"@id\":\"https:\/\/vilafames.org\/#\/schema\/logo\/image\/\",\"url\":\"https:\/\/vilafames.org\/wp-content\/uploads\/cropped-marca_v_rgb-1-1.png\",\"contentUrl\":\"https:\/\/vilafames.org\/wp-content\/uploads\/cropped-marca_v_rgb-1-1.png\",\"width\":558,\"height\":269,\"caption\":\"Web de l'Ajuntament de Vilafam\u00e9s\"},\"image\":{\"@id\":\"https:\/\/vilafames.org\/#\/schema\/logo\/image\/\"},\"sameAs\":[\"https:\/\/www.facebook.com\/AjuntamentVilafames\",\"https:\/\/x.com\/ajtvilafames\",\"https:\/\/www.instagram.com\/ajuntamentvilafames\/\",\"https:\/\/www.youtube.com\/channel\/UCjXWt3n8FHiahgKqHZWOTXQ\"]}]}<\/script>\n<!-- \/ Yoast SEO plugin. -->","yoast_head_json":{"title":"[:ca]Millora i modernitzaci\u00f3 del Pol\u00edgon Industrial I-Vilafam\u00e9s[:es]Mejora y modernizaci\u00f3n del pol\u00edgono industrial I \u2013 Vilafam\u00e9s[:] - Web de l&#039;Ajuntament de Vilafam\u00e9s","robots":{"index":"index","follow":"follow","max-snippet":"max-snippet:-1","max-image-preview":"max-image-preview:large","max-video-preview":"max-video-preview:-1"},"canonical":"https:\/\/vilafames.org\/espanol-mejora-y-modernizacion-del-poligono-industrial-i-vilafames\/","og_locale":"es_ES","og_type":"article","og_title":"[:ca]Millora i modernitzaci\u00f3 del Pol\u00edgon Industrial I-Vilafam\u00e9s[:es]Mejora y modernizaci\u00f3n del pol\u00edgono industrial I \u2013 Vilafam\u00e9s[:] - Web de l&#039;Ajuntament de Vilafam\u00e9s","og_description":"La ejecuci\u00f3n del proyecto de \u00abMejora y modernizaci\u00f3n del Pol\u00edgono Industrial I-Vilafam\u00e9s\u00bb, iniciado durante 2018 y cuya realizaci\u00f3n se extender\u00e1 a 2019, consiste en la realizaci\u00f3n de las siguientes actuaciones: Vigilancia a trav\u00e9s de CCTV conectado a la Polic\u00eda Local. Mejora alumbrado p\u00fablico, mediante medidas de eficiencia energ\u00e9tica o energ\u00edas renovables. Mejora de la imagen [&hellip;]","og_url":"https:\/\/vilafames.org\/espanol-mejora-y-modernizacion-del-poligono-industrial-i-vilafames\/","og_site_name":"Web de l&#039;Ajuntament de Vilafam\u00e9s","article_publisher":"https:\/\/www.facebook.com\/AjuntamentVilafames","article_modified_time":"2024-12-10T16:33:37+00:00","og_image":[{"width":1271,"height":323,"url":"https:\/\/vilafames.org\/wp-content\/uploads\/07-IVACEGVA-val-color-1-1.png","type":"image\/png"}],"twitter_card":"summary_large_image","twitter_site":"@ajtvilafames","twitter_misc":{"Tiempo de lectura":"5 minutos"},"schema":{"@context":"https:\/\/schema.org","@graph":[{"@type":"WebPage","@id":"https:\/\/vilafames.org\/espanol-mejora-y-modernizacion-del-poligono-industrial-i-vilafames\/","url":"https:\/\/vilafames.org\/espanol-mejora-y-modernizacion-del-poligono-industrial-i-vilafames\/","name":"[:ca]Millora i modernitzaci\u00f3 del Pol\u00edgon Industrial I-Vilafam\u00e9s[:es]Mejora y modernizaci\u00f3n del pol\u00edgono industrial I \u2013 Vilafam\u00e9s[:] - Web de l&#039;Ajuntament de Vilafam\u00e9s","isPartOf":{"@id":"https:\/\/vilafames.org\/#website"},"primaryImageOfPage":{"@id":"https:\/\/vilafames.org\/espanol-mejora-y-modernizacion-del-poligono-industrial-i-vilafames\/#primaryimage"},"image":{"@id":"https:\/\/vilafames.org\/espanol-mejora-y-modernizacion-del-poligono-industrial-i-vilafames\/#primaryimage"},"thumbnailUrl":"https:\/\/vilafames.corvanit.com\/wp-content\/uploads\/07-IVACEGVA-val-color-1-1-600x152.png","datePublished":"2018-12-27T21:52:54+00:00","dateModified":"2024-12-10T16:33:37+00:00","breadcrumb":{"@id":"https:\/\/vilafames.org\/espanol-mejora-y-modernizacion-del-poligono-industrial-i-vilafames\/#breadcrumb"},"inLanguage":"es","potentialAction":[{"@type":"ReadAction","target":["https:\/\/vilafames.org\/espanol-mejora-y-modernizacion-del-poligono-industrial-i-vilafames\/"]}]},{"@type":"ImageObject","inLanguage":"es","@id":"https:\/\/vilafames.org\/espanol-mejora-y-modernizacion-del-poligono-industrial-i-vilafames\/#primaryimage","url":"https:\/\/vilafames.corvanit.com\/wp-content\/uploads\/07-IVACEGVA-val-color-1-1-600x152.png","contentUrl":"https:\/\/vilafames.corvanit.com\/wp-content\/uploads\/07-IVACEGVA-val-color-1-1-600x152.png"},{"@type":"BreadcrumbList","@id":"https:\/\/vilafames.org\/espanol-mejora-y-modernizacion-del-poligono-industrial-i-vilafames\/#breadcrumb","itemListElement":[{"@type":"ListItem","position":1,"name":"Inici","item":"https:\/\/vilafames.org\/"},{"@type":"ListItem","position":2,"name":"Millora i modernitzaci\u00f3 del Pol\u00edgon Industrial I-Vilafam\u00e9s"}]},{"@type":"WebSite","@id":"https:\/\/vilafames.org\/#website","url":"https:\/\/vilafames.org\/","name":"Web de l'Ajuntament de Vilafam\u00e9s","description":"Web de l&#039;Ajuntament de Vilafam\u00e9s","publisher":{"@id":"https:\/\/vilafames.org\/#organization"},"potentialAction":[{"@type":"SearchAction","target":{"@type":"EntryPoint","urlTemplate":"https:\/\/vilafames.org\/?s={search_term_string}"},"query-input":{"@type":"PropertyValueSpecification","valueRequired":true,"valueName":"search_term_string"}}],"inLanguage":"es"},{"@type":"Organization","@id":"https:\/\/vilafames.org\/#organization","name":"Web de l'Ajuntament de Vilafam\u00e9s","url":"https:\/\/vilafames.org\/","logo":{"@type":"ImageObject","inLanguage":"es","@id":"https:\/\/vilafames.org\/#\/schema\/logo\/image\/","url":"https:\/\/vilafames.org\/wp-content\/uploads\/cropped-marca_v_rgb-1-1.png","contentUrl":"https:\/\/vilafames.org\/wp-content\/uploads\/cropped-marca_v_rgb-1-1.png","width":558,"height":269,"caption":"Web de l'Ajuntament de Vilafam\u00e9s"},"image":{"@id":"https:\/\/vilafames.org\/#\/schema\/logo\/image\/"},"sameAs":["https:\/\/www.facebook.com\/AjuntamentVilafames","https:\/\/x.com\/ajtvilafames","https:\/\/www.instagram.com\/ajuntamentvilafames\/","https:\/\/www.youtube.com\/channel\/UCjXWt3n8FHiahgKqHZWOTXQ"]}]}},"_links":{"self":[{"href":"https:\/\/vilafames.org\/es\/wp-json\/wp\/v2\/pages\/5351","targetHints":{"allow":["GET"]}}],"collection":[{"href":"https:\/\/vilafames.org\/es\/wp-json\/wp\/v2\/pages"}],"about":[{"href":"https:\/\/vilafames.org\/es\/wp-json\/wp\/v2\/types\/page"}],"author":[{"embeddable":true,"href":"https:\/\/vilafames.org\/es\/wp-json\/wp\/v2\/users\/3"}],"replies":[{"embeddable":true,"href":"https:\/\/vilafames.org\/es\/wp-json\/wp\/v2\/comments?post=5351"}],"version-history":[{"count":3,"href":"https:\/\/vilafames.org\/es\/wp-json\/wp\/v2\/pages\/5351\/revisions"}],"predecessor-version":[{"id":11189,"href":"https:\/\/vilafames.org\/es\/wp-json\/wp\/v2\/pages\/5351\/revisions\/11189"}],"wp:attachment":[{"href":"https:\/\/vilafames.org\/es\/wp-json\/wp\/v2\/media?parent=5351"}],"curies":[{"name":"wp","href":"https:\/\/api.w.org\/{rel}","templated":true}]}}