{"id":525,"date":"2016-11-15T16:06:26","date_gmt":"2016-11-15T16:06:26","guid":{"rendered":"http:\/\/vilafames.org\/?page_id=525"},"modified":"2018-10-19T09:37:54","modified_gmt":"2018-10-19T07:37:54","slug":"periode-mitja-de-pagament","status":"publish","type":"page","link":"https:\/\/vilafames.org\/es\/periode-mitja-de-pagament\/","title":{"rendered":"Periodo medio de pago"},"content":{"rendered":"<p>La Ley Org\u00e1nica 2\/2012, de 27 de abril, introduce el concepto de periodo medio de pago como expresi\u00f3n del tiempo de pago o retraso en el pago de la deuda comercial, de manera que todas las Administraciones P\u00fablicas, en un nuevo ejercicio de transparencia, deber\u00e1n hacer p\u00fablico su periodo medio de pago.<\/p>\n<p>De acuerdo a la legislaci\u00f3n se informa de los periodos medios de pago a proveedores de este ayuntamiento:","protected":false},"excerpt":{"rendered":"<p>La Ley Org\u00e1nica 2\/2012, de 27 de abril, introduce el concepto de periodo medio de pago como expresi\u00f3n del tiempo de pago o retraso en el pago de la deuda comercial, de manera que todas las Administraciones P\u00fablicas, en un nuevo ejercicio de transparencia, deber\u00e1n hacer p\u00fablico su periodo medio de pago. De acuerdo a [&hellip;]<\/p>\n","protected":false},"author":3,"featured_media":0,"parent":0,"menu_order":0,"comment_status":"closed","ping_status":"closed","template":"","meta":{"footnotes":""},"class_list":["post-525","page","type-page","status-publish","hentry"],"yoast_head":"<!-- This site is optimized with the Yoast SEO plugin v24.8.1 - https:\/\/yoast.com\/wordpress\/plugins\/seo\/ -->\n<title>Periodo medio de pago - Web de l&#039;Ajuntament de Vilafam\u00e9s<\/title>\n<meta name=\"robots\" content=\"index, follow, max-snippet:-1, max-image-preview:large, max-video-preview:-1\" \/>\n<link rel=\"canonical\" href=\"https:\/\/vilafames.org\/ajuntament__trashed\/periode-mitja-de-pagament\/\" \/>\n<meta property=\"og:locale\" content=\"es_ES\" \/>\n<meta property=\"og:type\" content=\"article\" \/>\n<meta property=\"og:title\" content=\"[:ca]Per\u00edode mitj\u00e0 de pagament[:es]Periodo medio de pago[:] - Web de l&#039;Ajuntament de Vilafam\u00e9s\" \/>\n<meta property=\"og:description\" content=\"La Ley Org\u00e1nica 2\/2012, de 27 de abril, introduce el concepto de periodo medio de pago como expresi\u00f3n del tiempo de pago o retraso en el pago de la deuda comercial, de manera que todas las Administraciones P\u00fablicas, en un nuevo ejercicio de transparencia, deber\u00e1n hacer p\u00fablico su periodo medio de pago. De acuerdo a [&hellip;]\" \/>\n<meta property=\"og:url\" content=\"https:\/\/vilafames.org\/ajuntament__trashed\/periode-mitja-de-pagament\/\" \/>\n<meta property=\"og:site_name\" content=\"Web de l&#039;Ajuntament de Vilafam\u00e9s\" \/>\n<meta property=\"article:publisher\" content=\"https:\/\/www.facebook.com\/AjuntamentVilafames\" \/>\n<meta property=\"article:modified_time\" content=\"2018-10-19T07:37:54+00:00\" \/>\n<meta name=\"twitter:card\" content=\"summary_large_image\" \/>\n<meta name=\"twitter:site\" content=\"@ajtvilafames\" \/>\n<meta name=\"twitter:label1\" content=\"Tiempo de lectura\" \/>\n\t<meta name=\"twitter:data1\" content=\"1 minuto\" \/>\n<script type=\"application\/ld+json\" class=\"yoast-schema-graph\">{\"@context\":\"https:\/\/schema.org\",\"@graph\":[{\"@type\":\"WebPage\",\"@id\":\"https:\/\/vilafames.org\/ajuntament__trashed\/periode-mitja-de-pagament\/\",\"url\":\"https:\/\/vilafames.org\/ajuntament__trashed\/periode-mitja-de-pagament\/\",\"name\":\"[:ca]Per\u00edode mitj\u00e0 de pagament[:es]Periodo medio de pago[:] - Web de l&#039;Ajuntament de Vilafam\u00e9s\",\"isPartOf\":{\"@id\":\"https:\/\/vilafames.org\/#website\"},\"datePublished\":\"2016-11-15T16:06:26+00:00\",\"dateModified\":\"2018-10-19T07:37:54+00:00\",\"breadcrumb\":{\"@id\":\"https:\/\/vilafames.org\/ajuntament__trashed\/periode-mitja-de-pagament\/#breadcrumb\"},\"inLanguage\":\"es\",\"potentialAction\":[{\"@type\":\"ReadAction\",\"target\":[\"https:\/\/vilafames.org\/ajuntament__trashed\/periode-mitja-de-pagament\/\"]}]},{\"@type\":\"BreadcrumbList\",\"@id\":\"https:\/\/vilafames.org\/ajuntament__trashed\/periode-mitja-de-pagament\/#breadcrumb\",\"itemListElement\":[{\"@type\":\"ListItem\",\"position\":1,\"name\":\"Inici\",\"item\":\"https:\/\/vilafames.org\/\"},{\"@type\":\"ListItem\",\"position\":2,\"name\":\"Per\u00edode mitj\u00e0 de pagament\"}]},{\"@type\":\"WebSite\",\"@id\":\"https:\/\/vilafames.org\/#website\",\"url\":\"https:\/\/vilafames.org\/\",\"name\":\"Web de l'Ajuntament de Vilafam\u00e9s\",\"description\":\"Web de l&#039;Ajuntament de Vilafam\u00e9s\",\"publisher\":{\"@id\":\"https:\/\/vilafames.org\/#organization\"},\"potentialAction\":[{\"@type\":\"SearchAction\",\"target\":{\"@type\":\"EntryPoint\",\"urlTemplate\":\"https:\/\/vilafames.org\/?s={search_term_string}\"},\"query-input\":{\"@type\":\"PropertyValueSpecification\",\"valueRequired\":true,\"valueName\":\"search_term_string\"}}],\"inLanguage\":\"es\"},{\"@type\":\"Organization\",\"@id\":\"https:\/\/vilafames.org\/#organization\",\"name\":\"Web de l'Ajuntament de Vilafam\u00e9s\",\"url\":\"https:\/\/vilafames.org\/\",\"logo\":{\"@type\":\"ImageObject\",\"inLanguage\":\"es\",\"@id\":\"https:\/\/vilafames.org\/#\/schema\/logo\/image\/\",\"url\":\"https:\/\/vilafames.org\/wp-content\/uploads\/cropped-marca_v_rgb-1-1.png\",\"contentUrl\":\"https:\/\/vilafames.org\/wp-content\/uploads\/cropped-marca_v_rgb-1-1.png\",\"width\":558,\"height\":269,\"caption\":\"Web de l'Ajuntament de Vilafam\u00e9s\"},\"image\":{\"@id\":\"https:\/\/vilafames.org\/#\/schema\/logo\/image\/\"},\"sameAs\":[\"https:\/\/www.facebook.com\/AjuntamentVilafames\",\"https:\/\/x.com\/ajtvilafames\",\"https:\/\/www.instagram.com\/ajuntamentvilafames\/\",\"https:\/\/www.youtube.com\/channel\/UCjXWt3n8FHiahgKqHZWOTXQ\"]}]}<\/script>\n<!-- \/ Yoast SEO plugin. -->","yoast_head_json":{"title":"[:ca]Per\u00edode mitj\u00e0 de pagament[:es]Periodo medio de pago[:] - Web de l&#039;Ajuntament de Vilafam\u00e9s","robots":{"index":"index","follow":"follow","max-snippet":"max-snippet:-1","max-image-preview":"max-image-preview:large","max-video-preview":"max-video-preview:-1"},"canonical":"https:\/\/vilafames.org\/ajuntament__trashed\/periode-mitja-de-pagament\/","og_locale":"es_ES","og_type":"article","og_title":"[:ca]Per\u00edode mitj\u00e0 de pagament[:es]Periodo medio de pago[:] - Web de l&#039;Ajuntament de Vilafam\u00e9s","og_description":"La Ley Org\u00e1nica 2\/2012, de 27 de abril, introduce el concepto de periodo medio de pago como expresi\u00f3n del tiempo de pago o retraso en el pago de la deuda comercial, de manera que todas las Administraciones P\u00fablicas, en un nuevo ejercicio de transparencia, deber\u00e1n hacer p\u00fablico su periodo medio de pago. De acuerdo a [&hellip;]","og_url":"https:\/\/vilafames.org\/ajuntament__trashed\/periode-mitja-de-pagament\/","og_site_name":"Web de l&#039;Ajuntament de Vilafam\u00e9s","article_publisher":"https:\/\/www.facebook.com\/AjuntamentVilafames","article_modified_time":"2018-10-19T07:37:54+00:00","twitter_card":"summary_large_image","twitter_site":"@ajtvilafames","twitter_misc":{"Tiempo de lectura":"1 minuto"},"schema":{"@context":"https:\/\/schema.org","@graph":[{"@type":"WebPage","@id":"https:\/\/vilafames.org\/ajuntament__trashed\/periode-mitja-de-pagament\/","url":"https:\/\/vilafames.org\/ajuntament__trashed\/periode-mitja-de-pagament\/","name":"[:ca]Per\u00edode mitj\u00e0 de pagament[:es]Periodo medio de pago[:] - Web de l&#039;Ajuntament de Vilafam\u00e9s","isPartOf":{"@id":"https:\/\/vilafames.org\/#website"},"datePublished":"2016-11-15T16:06:26+00:00","dateModified":"2018-10-19T07:37:54+00:00","breadcrumb":{"@id":"https:\/\/vilafames.org\/ajuntament__trashed\/periode-mitja-de-pagament\/#breadcrumb"},"inLanguage":"es","potentialAction":[{"@type":"ReadAction","target":["https:\/\/vilafames.org\/ajuntament__trashed\/periode-mitja-de-pagament\/"]}]},{"@type":"BreadcrumbList","@id":"https:\/\/vilafames.org\/ajuntament__trashed\/periode-mitja-de-pagament\/#breadcrumb","itemListElement":[{"@type":"ListItem","position":1,"name":"Inici","item":"https:\/\/vilafames.org\/"},{"@type":"ListItem","position":2,"name":"Per\u00edode mitj\u00e0 de pagament"}]},{"@type":"WebSite","@id":"https:\/\/vilafames.org\/#website","url":"https:\/\/vilafames.org\/","name":"Web de l'Ajuntament de Vilafam\u00e9s","description":"Web de l&#039;Ajuntament de Vilafam\u00e9s","publisher":{"@id":"https:\/\/vilafames.org\/#organization"},"potentialAction":[{"@type":"SearchAction","target":{"@type":"EntryPoint","urlTemplate":"https:\/\/vilafames.org\/?s={search_term_string}"},"query-input":{"@type":"PropertyValueSpecification","valueRequired":true,"valueName":"search_term_string"}}],"inLanguage":"es"},{"@type":"Organization","@id":"https:\/\/vilafames.org\/#organization","name":"Web de l'Ajuntament de Vilafam\u00e9s","url":"https:\/\/vilafames.org\/","logo":{"@type":"ImageObject","inLanguage":"es","@id":"https:\/\/vilafames.org\/#\/schema\/logo\/image\/","url":"https:\/\/vilafames.org\/wp-content\/uploads\/cropped-marca_v_rgb-1-1.png","contentUrl":"https:\/\/vilafames.org\/wp-content\/uploads\/cropped-marca_v_rgb-1-1.png","width":558,"height":269,"caption":"Web de l'Ajuntament de Vilafam\u00e9s"},"image":{"@id":"https:\/\/vilafames.org\/#\/schema\/logo\/image\/"},"sameAs":["https:\/\/www.facebook.com\/AjuntamentVilafames","https:\/\/x.com\/ajtvilafames","https:\/\/www.instagram.com\/ajuntamentvilafames\/","https:\/\/www.youtube.com\/channel\/UCjXWt3n8FHiahgKqHZWOTXQ"]}]}},"_links":{"self":[{"href":"https:\/\/vilafames.org\/es\/wp-json\/wp\/v2\/pages\/525","targetHints":{"allow":["GET"]}}],"collection":[{"href":"https:\/\/vilafames.org\/es\/wp-json\/wp\/v2\/pages"}],"about":[{"href":"https:\/\/vilafames.org\/es\/wp-json\/wp\/v2\/types\/page"}],"author":[{"embeddable":true,"href":"https:\/\/vilafames.org\/es\/wp-json\/wp\/v2\/users\/3"}],"replies":[{"embeddable":true,"href":"https:\/\/vilafames.org\/es\/wp-json\/wp\/v2\/comments?post=525"}],"version-history":[{"count":0,"href":"https:\/\/vilafames.org\/es\/wp-json\/wp\/v2\/pages\/525\/revisions"}],"wp:attachment":[{"href":"https:\/\/vilafames.org\/es\/wp-json\/wp\/v2\/media?parent=525"}],"curies":[{"name":"wp","href":"https:\/\/api.w.org\/{rel}","templated":true}]}}