{"id":493,"date":"2016-11-13T18:44:03","date_gmt":"2016-11-13T18:44:03","guid":{"rendered":"http:\/\/vilafames.org\/?page_id=493"},"modified":"2024-12-10T12:30:52","modified_gmt":"2024-12-10T11:30:52","slug":"regidories","status":"publish","type":"page","link":"https:\/\/vilafames.org\/es\/regidories\/","title":{"rendered":"Organizaci\u00f3n municipal"},"content":{"rendered":"<p>[vc_row][vc_column][vc_column_text]\n<h5><span style=\"color: #c8102e;\"><strong>DELEGACIONES DE ALCALDIA<\/strong><\/span><\/h5>\n<p>&#8211;\u00a0 \u00c0REA de Contractaci\u00f3, Esports, Urbanisme, Obres i Projectes Urbans i Mobilitat; ABEL IB\u00c1\u00d1EZ MALLAS\u00c9N<br \/>\n&#8211; \u00c0REA de Hisenda, Noves Tcnologies, Cultura i Museu, Participaci\u00f3 Ciutadana, Parcs i Jardins, Comer\u00e7, Consum i Turisme, i Transici\u00f3 Ecol\u00f2gica (Energia, Residus i Medi Ambient); RA\u00daL FORCADELL GARC\u00cdA<br \/>\n&#8211; \u00c0REA de Seguretat P\u00fablica i Emerg\u00e8ncies, Festes, Ind\u00fastria, Ocupaci\u00f3 i Agricultura; \u00d3SCAR S\u00c1NCHEZ GUALLART<br \/>\n&#8211; \u00c0REA de Salut, Envelliment Actiu, Comunicaci\u00f3, Transpar\u00e8ncia, Serveis i Manteniment i Cementeri; MAR\u00cdA PASCUAL CELADES[\/vc_column_text][vc_empty_space height=\u00bb15px\u00bb][\/vc_column][\/vc_row][vc_row][vc_column][vc_column_text]\n<h5><span style=\"color: #c8102e;\"><strong>TENENCIAS DE ALCALD\u00cdA<\/strong><\/span><\/h5>\n<p>&#8211; ABEL IB\u00c1\u00d1EZ MALLAS\u00c9N; 1\u00aa tinen\u00e7a d&#8217;Alcaldia<br \/>\n&#8211; RA\u00dcL FORCADELL GARCIA; 2\u00aa tinen\u00e7a d&#8217;Alcaldia<br \/>\n&#8211; MAR\u00cdA PASCUAL CELADES; 3\u00aa tinen\u00e7a d&#8217;Alcaldia[\/vc_column_text][vc_empty_space][\/vc_column][\/vc_row]","protected":false},"excerpt":{"rendered":"<p>[vc_row][vc_column][vc_column_text] DELEGACIONES DE ALCALDIA &#8211;\u00a0 \u00c0REA de Contractaci\u00f3, Esports, Urbanisme, Obres i Projectes Urbans i Mobilitat; ABEL IB\u00c1\u00d1EZ MALLAS\u00c9N &#8211; \u00c0REA de Hisenda, Noves Tcnologies, Cultura i Museu, Participaci\u00f3 Ciutadana, Parcs i Jardins, Comer\u00e7, Consum i Turisme, i Transici\u00f3 Ecol\u00f2gica (Energia, Residus i Medi Ambient); RA\u00daL FORCADELL GARC\u00cdA &#8211; \u00c0REA de Seguretat P\u00fablica i Emerg\u00e8ncies, [&hellip;]<\/p>\n","protected":false},"author":3,"featured_media":0,"parent":0,"menu_order":0,"comment_status":"closed","ping_status":"closed","template":"","meta":{"footnotes":""},"class_list":["post-493","page","type-page","status-publish","hentry"],"yoast_head":"<!-- This site is optimized with the Yoast SEO plugin v24.8.1 - https:\/\/yoast.com\/wordpress\/plugins\/seo\/ -->\n<title>Organizaci\u00f3n municipal - Web de l&#039;Ajuntament de Vilafam\u00e9s<\/title>\n<meta name=\"robots\" content=\"index, follow, max-snippet:-1, max-image-preview:large, max-video-preview:-1\" \/>\n<link rel=\"canonical\" href=\"https:\/\/vilafames.org\/ajuntament__trashed\/regidories\/\" \/>\n<meta property=\"og:locale\" content=\"es_ES\" \/>\n<meta property=\"og:type\" content=\"article\" \/>\n<meta property=\"og:title\" content=\"[:ca]Organitzaci\u00f3 municipal[:es]Organizaci\u00f3n municipal[:] - Web de l&#039;Ajuntament de Vilafam\u00e9s\" \/>\n<meta property=\"og:description\" content=\"[vc_row][vc_column][vc_column_text] DELEGACIONES DE ALCALDIA &#8211;\u00a0 \u00c0REA de Contractaci\u00f3, Esports, Urbanisme, Obres i Projectes Urbans i Mobilitat; ABEL IB\u00c1\u00d1EZ MALLAS\u00c9N &#8211; \u00c0REA de Hisenda, Noves Tcnologies, Cultura i Museu, Participaci\u00f3 Ciutadana, Parcs i Jardins, Comer\u00e7, Consum i Turisme, i Transici\u00f3 Ecol\u00f2gica (Energia, Residus i Medi Ambient); RA\u00daL FORCADELL GARC\u00cdA &#8211; \u00c0REA de Seguretat P\u00fablica i Emerg\u00e8ncies, [&hellip;]\" \/>\n<meta property=\"og:url\" content=\"https:\/\/vilafames.org\/ajuntament__trashed\/regidories\/\" \/>\n<meta property=\"og:site_name\" content=\"Web de l&#039;Ajuntament de Vilafam\u00e9s\" \/>\n<meta property=\"article:publisher\" content=\"https:\/\/www.facebook.com\/AjuntamentVilafames\" \/>\n<meta property=\"article:modified_time\" content=\"2024-12-10T11:30:52+00:00\" \/>\n<meta name=\"twitter:card\" content=\"summary_large_image\" \/>\n<meta name=\"twitter:site\" content=\"@ajtvilafames\" \/>\n<meta name=\"twitter:label1\" content=\"Tiempo de lectura\" \/>\n\t<meta name=\"twitter:data1\" content=\"2 minutos\" \/>\n<script type=\"application\/ld+json\" class=\"yoast-schema-graph\">{\"@context\":\"https:\/\/schema.org\",\"@graph\":[{\"@type\":\"WebPage\",\"@id\":\"https:\/\/vilafames.org\/ajuntament__trashed\/regidories\/\",\"url\":\"https:\/\/vilafames.org\/ajuntament__trashed\/regidories\/\",\"name\":\"[:ca]Organitzaci\u00f3 municipal[:es]Organizaci\u00f3n municipal[:] - Web de l&#039;Ajuntament de Vilafam\u00e9s\",\"isPartOf\":{\"@id\":\"https:\/\/vilafames.org\/#website\"},\"datePublished\":\"2016-11-13T18:44:03+00:00\",\"dateModified\":\"2024-12-10T11:30:52+00:00\",\"breadcrumb\":{\"@id\":\"https:\/\/vilafames.org\/ajuntament__trashed\/regidories\/#breadcrumb\"},\"inLanguage\":\"es\",\"potentialAction\":[{\"@type\":\"ReadAction\",\"target\":[\"https:\/\/vilafames.org\/ajuntament__trashed\/regidories\/\"]}]},{\"@type\":\"BreadcrumbList\",\"@id\":\"https:\/\/vilafames.org\/ajuntament__trashed\/regidories\/#breadcrumb\",\"itemListElement\":[{\"@type\":\"ListItem\",\"position\":1,\"name\":\"Inici\",\"item\":\"https:\/\/vilafames.org\/\"},{\"@type\":\"ListItem\",\"position\":2,\"name\":\"Organitzaci\u00f3 municipal\"}]},{\"@type\":\"WebSite\",\"@id\":\"https:\/\/vilafames.org\/#website\",\"url\":\"https:\/\/vilafames.org\/\",\"name\":\"Web de l'Ajuntament de Vilafam\u00e9s\",\"description\":\"Web de l&#039;Ajuntament de Vilafam\u00e9s\",\"publisher\":{\"@id\":\"https:\/\/vilafames.org\/#organization\"},\"potentialAction\":[{\"@type\":\"SearchAction\",\"target\":{\"@type\":\"EntryPoint\",\"urlTemplate\":\"https:\/\/vilafames.org\/?s={search_term_string}\"},\"query-input\":{\"@type\":\"PropertyValueSpecification\",\"valueRequired\":true,\"valueName\":\"search_term_string\"}}],\"inLanguage\":\"es\"},{\"@type\":\"Organization\",\"@id\":\"https:\/\/vilafames.org\/#organization\",\"name\":\"Web de l'Ajuntament de Vilafam\u00e9s\",\"url\":\"https:\/\/vilafames.org\/\",\"logo\":{\"@type\":\"ImageObject\",\"inLanguage\":\"es\",\"@id\":\"https:\/\/vilafames.org\/#\/schema\/logo\/image\/\",\"url\":\"https:\/\/vilafames.org\/wp-content\/uploads\/cropped-marca_v_rgb-1-1.png\",\"contentUrl\":\"https:\/\/vilafames.org\/wp-content\/uploads\/cropped-marca_v_rgb-1-1.png\",\"width\":558,\"height\":269,\"caption\":\"Web de l'Ajuntament de Vilafam\u00e9s\"},\"image\":{\"@id\":\"https:\/\/vilafames.org\/#\/schema\/logo\/image\/\"},\"sameAs\":[\"https:\/\/www.facebook.com\/AjuntamentVilafames\",\"https:\/\/x.com\/ajtvilafames\",\"https:\/\/www.instagram.com\/ajuntamentvilafames\/\",\"https:\/\/www.youtube.com\/channel\/UCjXWt3n8FHiahgKqHZWOTXQ\"]}]}<\/script>\n<!-- \/ Yoast SEO plugin. -->","yoast_head_json":{"title":"[:ca]Organitzaci\u00f3 municipal[:es]Organizaci\u00f3n municipal[:] - Web de l&#039;Ajuntament de Vilafam\u00e9s","robots":{"index":"index","follow":"follow","max-snippet":"max-snippet:-1","max-image-preview":"max-image-preview:large","max-video-preview":"max-video-preview:-1"},"canonical":"https:\/\/vilafames.org\/ajuntament__trashed\/regidories\/","og_locale":"es_ES","og_type":"article","og_title":"[:ca]Organitzaci\u00f3 municipal[:es]Organizaci\u00f3n municipal[:] - Web de l&#039;Ajuntament de Vilafam\u00e9s","og_description":"[vc_row][vc_column][vc_column_text] DELEGACIONES DE ALCALDIA &#8211;\u00a0 \u00c0REA de Contractaci\u00f3, Esports, Urbanisme, Obres i Projectes Urbans i Mobilitat; ABEL IB\u00c1\u00d1EZ MALLAS\u00c9N &#8211; \u00c0REA de Hisenda, Noves Tcnologies, Cultura i Museu, Participaci\u00f3 Ciutadana, Parcs i Jardins, Comer\u00e7, Consum i Turisme, i Transici\u00f3 Ecol\u00f2gica (Energia, Residus i Medi Ambient); RA\u00daL FORCADELL GARC\u00cdA &#8211; \u00c0REA de Seguretat P\u00fablica i Emerg\u00e8ncies, [&hellip;]","og_url":"https:\/\/vilafames.org\/ajuntament__trashed\/regidories\/","og_site_name":"Web de l&#039;Ajuntament de Vilafam\u00e9s","article_publisher":"https:\/\/www.facebook.com\/AjuntamentVilafames","article_modified_time":"2024-12-10T11:30:52+00:00","twitter_card":"summary_large_image","twitter_site":"@ajtvilafames","twitter_misc":{"Tiempo de lectura":"2 minutos"},"schema":{"@context":"https:\/\/schema.org","@graph":[{"@type":"WebPage","@id":"https:\/\/vilafames.org\/ajuntament__trashed\/regidories\/","url":"https:\/\/vilafames.org\/ajuntament__trashed\/regidories\/","name":"[:ca]Organitzaci\u00f3 municipal[:es]Organizaci\u00f3n municipal[:] - Web de l&#039;Ajuntament de Vilafam\u00e9s","isPartOf":{"@id":"https:\/\/vilafames.org\/#website"},"datePublished":"2016-11-13T18:44:03+00:00","dateModified":"2024-12-10T11:30:52+00:00","breadcrumb":{"@id":"https:\/\/vilafames.org\/ajuntament__trashed\/regidories\/#breadcrumb"},"inLanguage":"es","potentialAction":[{"@type":"ReadAction","target":["https:\/\/vilafames.org\/ajuntament__trashed\/regidories\/"]}]},{"@type":"BreadcrumbList","@id":"https:\/\/vilafames.org\/ajuntament__trashed\/regidories\/#breadcrumb","itemListElement":[{"@type":"ListItem","position":1,"name":"Inici","item":"https:\/\/vilafames.org\/"},{"@type":"ListItem","position":2,"name":"Organitzaci\u00f3 municipal"}]},{"@type":"WebSite","@id":"https:\/\/vilafames.org\/#website","url":"https:\/\/vilafames.org\/","name":"Web de l'Ajuntament de Vilafam\u00e9s","description":"Web de l&#039;Ajuntament de Vilafam\u00e9s","publisher":{"@id":"https:\/\/vilafames.org\/#organization"},"potentialAction":[{"@type":"SearchAction","target":{"@type":"EntryPoint","urlTemplate":"https:\/\/vilafames.org\/?s={search_term_string}"},"query-input":{"@type":"PropertyValueSpecification","valueRequired":true,"valueName":"search_term_string"}}],"inLanguage":"es"},{"@type":"Organization","@id":"https:\/\/vilafames.org\/#organization","name":"Web de l'Ajuntament de Vilafam\u00e9s","url":"https:\/\/vilafames.org\/","logo":{"@type":"ImageObject","inLanguage":"es","@id":"https:\/\/vilafames.org\/#\/schema\/logo\/image\/","url":"https:\/\/vilafames.org\/wp-content\/uploads\/cropped-marca_v_rgb-1-1.png","contentUrl":"https:\/\/vilafames.org\/wp-content\/uploads\/cropped-marca_v_rgb-1-1.png","width":558,"height":269,"caption":"Web de l'Ajuntament de Vilafam\u00e9s"},"image":{"@id":"https:\/\/vilafames.org\/#\/schema\/logo\/image\/"},"sameAs":["https:\/\/www.facebook.com\/AjuntamentVilafames","https:\/\/x.com\/ajtvilafames","https:\/\/www.instagram.com\/ajuntamentvilafames\/","https:\/\/www.youtube.com\/channel\/UCjXWt3n8FHiahgKqHZWOTXQ"]}]}},"_links":{"self":[{"href":"https:\/\/vilafames.org\/es\/wp-json\/wp\/v2\/pages\/493","targetHints":{"allow":["GET"]}}],"collection":[{"href":"https:\/\/vilafames.org\/es\/wp-json\/wp\/v2\/pages"}],"about":[{"href":"https:\/\/vilafames.org\/es\/wp-json\/wp\/v2\/types\/page"}],"author":[{"embeddable":true,"href":"https:\/\/vilafames.org\/es\/wp-json\/wp\/v2\/users\/3"}],"replies":[{"embeddable":true,"href":"https:\/\/vilafames.org\/es\/wp-json\/wp\/v2\/comments?post=493"}],"version-history":[{"count":4,"href":"https:\/\/vilafames.org\/es\/wp-json\/wp\/v2\/pages\/493\/revisions"}],"predecessor-version":[{"id":11148,"href":"https:\/\/vilafames.org\/es\/wp-json\/wp\/v2\/pages\/493\/revisions\/11148"}],"wp:attachment":[{"href":"https:\/\/vilafames.org\/es\/wp-json\/wp\/v2\/media?parent=493"}],"curies":[{"name":"wp","href":"https:\/\/api.w.org\/{rel}","templated":true}]}}