{"id":448,"date":"2016-11-13T17:15:02","date_gmt":"2016-11-13T17:15:02","guid":{"rendered":"http:\/\/vilafames.org\/?page_id=448"},"modified":"2026-04-07T12:39:47","modified_gmt":"2026-04-07T10:39:47","slug":"lalcalde","status":"publish","type":"page","link":"https:\/\/vilafames.org\/es\/lalcalde\/","title":{"rendered":"Saludo del alcalde"},"content":{"rendered":"<p>[vc_row][vc_column][vc_column_text]\n<figure id=\"attachment_14188\" aria-describedby=\"caption-attachment-14188\" style=\"width: 400px\" class=\"wp-caption alignnone\"><img decoding=\"async\" class=\"size-medium wp-image-14188 lazyload\" data-src=\"https:\/\/vilafames.org\/wp-content\/uploads\/Abel-Ibanez-alcalde-de-Vilafames-400x600.jpeg\" alt=\"\" width=\"400\" height=\"600\" src=\"data:image\/gif;base64,R0lGODlhAQABAAAAACH5BAEKAAEALAAAAAABAAEAAAICTAEAOw==\" style=\"--smush-placeholder-width: 400px; --smush-placeholder-aspect-ratio: 400\/600;\" \/><figcaption id=\"caption-attachment-14188\" class=\"wp-caption-text\">Abel Ib\u00e1\u00f1ez, alcalde de Vilafam\u00e9s<\/figcaption><\/figure>\n<p>Progr\u00e9s \u00e9s sin\u00f2nim de Vilafam\u00e9s. Som un poble unit, orgull\u00f3s del seu passat i ambici\u00f3s per a millorar el seu futur.<\/p>\n<p>El meu comprom\u00eds com a alcalde \u00e9s contribuir a engrandir eixos valors i continuar escrivint cap\u00edtols il\u00b7lusionants en la nostra hist\u00f2ria. Ser alcalde del meu poble \u00e9s un honor i un privilegi.<\/p>\n<p>L&#8217;experi\u00e8ncia \u00e9s un grau, i aquesta ser\u00e0 la tercera legislatura al capdavant del consistori del meu poble. Vilafam\u00e9s s&#8217;ha consolidat com un referent tur\u00edstic i cultural, amb un llegat de m\u00e9s de 10 anys pertanyent a l&#8217;associaci\u00f3 Pueblos M\u00e1s Bonitos de Espa\u00f1a i amb l&#8217;expansi\u00f3 del MACVAC com una instituci\u00f3 de rellev\u00e0ncia internacional.<\/p>\n<p>Hem treballat durant la \u00faltima d\u00e8cada per a ser un poble que creix any rere any amb pol\u00edtiques de progr\u00e9s que fomenten la divulgaci\u00f3 de la nostra hist\u00f2ria, les nostres festes i tradicions, la preservaci\u00f3 de la nostra cultura o el desenvolupament de les nostres empreses. De fet, al parc empresarial L&#8217;Emperadora prompte es sumar\u00e0 un segon pol\u00edgon, que desenvolupar\u00e0 m\u00e9s i millor la ind\u00fastria castellonenca i crear\u00e0 riquesa i ocupaci\u00f3 de qualitat.<\/p>\n<p>L&#8217;Ajuntament \u00e9s la casa de totes i tots, on la participaci\u00f3 de tota la ciutadania \u00e9s fonamental per a implementar totes les iniciatives i projectes que encap\u00e7ala el ve\u00efnat. Som un consistori lligat a les idees, necessitats i suggeriments del ve\u00efnat, per qu\u00e8 el nostre objectiu \u00e9s fer de Vilafam\u00e9s el millor poble possible.<\/p>\n<p>Les portes de l&#8217;Ajuntament i les del despatx de l&#8217;alcalde estan sempre obertes per a totes i tots. Escoltar, atendre i aprendre s\u00f3n q\u00fcestions de m\u00e0xima import\u00e0ncia per a continuar creixent com a poble.<\/p>\n<p><strong>Abel Ib\u00e0\u00f1ez Mallasen<\/strong>[\/vc_column_text][\/vc_column][\/vc_row]","protected":false},"excerpt":{"rendered":"<p>[vc_row][vc_column][vc_column_text] Progr\u00e9s \u00e9s sin\u00f2nim de Vilafam\u00e9s. Som un poble unit, orgull\u00f3s del seu passat i ambici\u00f3s per a millorar el seu futur. El meu comprom\u00eds com a alcalde \u00e9s contribuir a engrandir eixos valors i continuar escrivint cap\u00edtols il\u00b7lusionants en la nostra hist\u00f2ria. Ser alcalde del meu poble \u00e9s un honor i un privilegi. L&#8217;experi\u00e8ncia [&hellip;]<\/p>\n","protected":false},"author":3,"featured_media":14188,"parent":0,"menu_order":0,"comment_status":"closed","ping_status":"closed","template":"","meta":{"footnotes":""},"class_list":["post-448","page","type-page","status-publish","has-post-thumbnail","hentry"],"yoast_head":"<!-- This site is optimized with the Yoast SEO plugin v24.8.1 - https:\/\/yoast.com\/wordpress\/plugins\/seo\/ -->\n<title>Saludo del alcalde - Web de l&#039;Ajuntament de Vilafam\u00e9s<\/title>\n<meta name=\"robots\" content=\"index, follow, max-snippet:-1, max-image-preview:large, max-video-preview:-1\" \/>\n<link rel=\"canonical\" href=\"https:\/\/vilafames.org\/lalcalde\/\" \/>\n<meta property=\"og:locale\" content=\"es_ES\" \/>\n<meta property=\"og:type\" content=\"article\" \/>\n<meta property=\"og:title\" content=\"[:ca]Salutaci\u00f3 de l&#039;alcalde[:es]Saludo del alcalde[:] - Web de l&#039;Ajuntament de Vilafam\u00e9s\" \/>\n<meta property=\"og:description\" content=\"[vc_row][vc_column][vc_column_text] Progr\u00e9s \u00e9s sin\u00f2nim de Vilafam\u00e9s. Som un poble unit, orgull\u00f3s del seu passat i ambici\u00f3s per a millorar el seu futur. El meu comprom\u00eds com a alcalde \u00e9s contribuir a engrandir eixos valors i continuar escrivint cap\u00edtols il\u00b7lusionants en la nostra hist\u00f2ria. Ser alcalde del meu poble \u00e9s un honor i un privilegi. L&#8217;experi\u00e8ncia [&hellip;]\" \/>\n<meta property=\"og:url\" content=\"https:\/\/vilafames.org\/lalcalde\/\" \/>\n<meta property=\"og:site_name\" content=\"Web de l&#039;Ajuntament de Vilafam\u00e9s\" \/>\n<meta property=\"article:publisher\" content=\"https:\/\/www.facebook.com\/AjuntamentVilafames\" \/>\n<meta property=\"article:modified_time\" content=\"2026-04-07T10:39:47+00:00\" \/>\n<meta property=\"og:image\" content=\"https:\/\/vilafames.org\/wp-content\/uploads\/Abel-Ibanez-alcalde-de-Vilafames.jpeg\" \/>\n\t<meta property=\"og:image:width\" content=\"1280\" \/>\n\t<meta property=\"og:image:height\" content=\"1919\" \/>\n\t<meta property=\"og:image:type\" content=\"image\/jpeg\" \/>\n<meta name=\"twitter:card\" content=\"summary_large_image\" \/>\n<meta name=\"twitter:site\" content=\"@ajtvilafames\" \/>\n<meta name=\"twitter:label1\" content=\"Tiempo de lectura\" \/>\n\t<meta name=\"twitter:data1\" content=\"2 minutos\" \/>\n<script type=\"application\/ld+json\" class=\"yoast-schema-graph\">{\"@context\":\"https:\/\/schema.org\",\"@graph\":[{\"@type\":\"WebPage\",\"@id\":\"https:\/\/vilafames.org\/lalcalde\/\",\"url\":\"https:\/\/vilafames.org\/lalcalde\/\",\"name\":\"[:ca]Salutaci\u00f3 de l'alcalde[:es]Saludo del alcalde[:] - Web de l&#039;Ajuntament de Vilafam\u00e9s\",\"isPartOf\":{\"@id\":\"https:\/\/vilafames.org\/#website\"},\"primaryImageOfPage\":{\"@id\":\"https:\/\/vilafames.org\/lalcalde\/#primaryimage\"},\"image\":{\"@id\":\"https:\/\/vilafames.org\/lalcalde\/#primaryimage\"},\"thumbnailUrl\":\"https:\/\/vilafames.org\/wp-content\/uploads\/Abel-Ibanez-alcalde-de-Vilafames-e1775716603807.jpeg\",\"datePublished\":\"2016-11-13T17:15:02+00:00\",\"dateModified\":\"2026-04-07T10:39:47+00:00\",\"breadcrumb\":{\"@id\":\"https:\/\/vilafames.org\/lalcalde\/#breadcrumb\"},\"inLanguage\":\"es\",\"potentialAction\":[{\"@type\":\"ReadAction\",\"target\":[\"https:\/\/vilafames.org\/lalcalde\/\"]}]},{\"@type\":\"ImageObject\",\"inLanguage\":\"es\",\"@id\":\"https:\/\/vilafames.org\/lalcalde\/#primaryimage\",\"url\":\"https:\/\/vilafames.org\/wp-content\/uploads\/Abel-Ibanez-alcalde-de-Vilafames-e1775716603807.jpeg\",\"contentUrl\":\"https:\/\/vilafames.org\/wp-content\/uploads\/Abel-Ibanez-alcalde-de-Vilafames-e1775716603807.jpeg\",\"width\":1280,\"height\":1638,\"caption\":\"Abel Ib\u00e1\u00f1ez, alcalde de Vilafam\u00e9s\"},{\"@type\":\"BreadcrumbList\",\"@id\":\"https:\/\/vilafames.org\/lalcalde\/#breadcrumb\",\"itemListElement\":[{\"@type\":\"ListItem\",\"position\":1,\"name\":\"Inici\",\"item\":\"https:\/\/vilafames.org\/\"},{\"@type\":\"ListItem\",\"position\":2,\"name\":\"Salutaci\u00f3 de l&#8217;alcalde\"}]},{\"@type\":\"WebSite\",\"@id\":\"https:\/\/vilafames.org\/#website\",\"url\":\"https:\/\/vilafames.org\/\",\"name\":\"Web de l'Ajuntament de Vilafam\u00e9s\",\"description\":\"Web de l&#039;Ajuntament de Vilafam\u00e9s\",\"publisher\":{\"@id\":\"https:\/\/vilafames.org\/#organization\"},\"potentialAction\":[{\"@type\":\"SearchAction\",\"target\":{\"@type\":\"EntryPoint\",\"urlTemplate\":\"https:\/\/vilafames.org\/?s={search_term_string}\"},\"query-input\":{\"@type\":\"PropertyValueSpecification\",\"valueRequired\":true,\"valueName\":\"search_term_string\"}}],\"inLanguage\":\"es\"},{\"@type\":\"Organization\",\"@id\":\"https:\/\/vilafames.org\/#organization\",\"name\":\"Web de l'Ajuntament de Vilafam\u00e9s\",\"url\":\"https:\/\/vilafames.org\/\",\"logo\":{\"@type\":\"ImageObject\",\"inLanguage\":\"es\",\"@id\":\"https:\/\/vilafames.org\/#\/schema\/logo\/image\/\",\"url\":\"https:\/\/vilafames.org\/wp-content\/uploads\/cropped-marca_v_rgb-1-1.png\",\"contentUrl\":\"https:\/\/vilafames.org\/wp-content\/uploads\/cropped-marca_v_rgb-1-1.png\",\"width\":558,\"height\":269,\"caption\":\"Web de l'Ajuntament de Vilafam\u00e9s\"},\"image\":{\"@id\":\"https:\/\/vilafames.org\/#\/schema\/logo\/image\/\"},\"sameAs\":[\"https:\/\/www.facebook.com\/AjuntamentVilafames\",\"https:\/\/x.com\/ajtvilafames\",\"https:\/\/www.instagram.com\/ajuntamentvilafames\/\",\"https:\/\/www.youtube.com\/channel\/UCjXWt3n8FHiahgKqHZWOTXQ\"]}]}<\/script>\n<!-- \/ Yoast SEO plugin. -->","yoast_head_json":{"title":"[:ca]Salutaci\u00f3 de l'alcalde[:es]Saludo del alcalde[:] - Web de l&#039;Ajuntament de Vilafam\u00e9s","robots":{"index":"index","follow":"follow","max-snippet":"max-snippet:-1","max-image-preview":"max-image-preview:large","max-video-preview":"max-video-preview:-1"},"canonical":"https:\/\/vilafames.org\/lalcalde\/","og_locale":"es_ES","og_type":"article","og_title":"[:ca]Salutaci\u00f3 de l'alcalde[:es]Saludo del alcalde[:] - Web de l&#039;Ajuntament de Vilafam\u00e9s","og_description":"[vc_row][vc_column][vc_column_text] Progr\u00e9s \u00e9s sin\u00f2nim de Vilafam\u00e9s. Som un poble unit, orgull\u00f3s del seu passat i ambici\u00f3s per a millorar el seu futur. El meu comprom\u00eds com a alcalde \u00e9s contribuir a engrandir eixos valors i continuar escrivint cap\u00edtols il\u00b7lusionants en la nostra hist\u00f2ria. Ser alcalde del meu poble \u00e9s un honor i un privilegi. L&#8217;experi\u00e8ncia [&hellip;]","og_url":"https:\/\/vilafames.org\/lalcalde\/","og_site_name":"Web de l&#039;Ajuntament de Vilafam\u00e9s","article_publisher":"https:\/\/www.facebook.com\/AjuntamentVilafames","article_modified_time":"2026-04-07T10:39:47+00:00","og_image":[{"width":1280,"height":1919,"url":"https:\/\/vilafames.org\/wp-content\/uploads\/Abel-Ibanez-alcalde-de-Vilafames.jpeg","type":"image\/jpeg"}],"twitter_card":"summary_large_image","twitter_site":"@ajtvilafames","twitter_misc":{"Tiempo de lectura":"2 minutos"},"schema":{"@context":"https:\/\/schema.org","@graph":[{"@type":"WebPage","@id":"https:\/\/vilafames.org\/lalcalde\/","url":"https:\/\/vilafames.org\/lalcalde\/","name":"[:ca]Salutaci\u00f3 de l'alcalde[:es]Saludo del alcalde[:] - Web de l&#039;Ajuntament de Vilafam\u00e9s","isPartOf":{"@id":"https:\/\/vilafames.org\/#website"},"primaryImageOfPage":{"@id":"https:\/\/vilafames.org\/lalcalde\/#primaryimage"},"image":{"@id":"https:\/\/vilafames.org\/lalcalde\/#primaryimage"},"thumbnailUrl":"https:\/\/vilafames.org\/wp-content\/uploads\/Abel-Ibanez-alcalde-de-Vilafames-e1775716603807.jpeg","datePublished":"2016-11-13T17:15:02+00:00","dateModified":"2026-04-07T10:39:47+00:00","breadcrumb":{"@id":"https:\/\/vilafames.org\/lalcalde\/#breadcrumb"},"inLanguage":"es","potentialAction":[{"@type":"ReadAction","target":["https:\/\/vilafames.org\/lalcalde\/"]}]},{"@type":"ImageObject","inLanguage":"es","@id":"https:\/\/vilafames.org\/lalcalde\/#primaryimage","url":"https:\/\/vilafames.org\/wp-content\/uploads\/Abel-Ibanez-alcalde-de-Vilafames-e1775716603807.jpeg","contentUrl":"https:\/\/vilafames.org\/wp-content\/uploads\/Abel-Ibanez-alcalde-de-Vilafames-e1775716603807.jpeg","width":1280,"height":1638,"caption":"Abel Ib\u00e1\u00f1ez, alcalde de Vilafam\u00e9s"},{"@type":"BreadcrumbList","@id":"https:\/\/vilafames.org\/lalcalde\/#breadcrumb","itemListElement":[{"@type":"ListItem","position":1,"name":"Inici","item":"https:\/\/vilafames.org\/"},{"@type":"ListItem","position":2,"name":"Salutaci\u00f3 de l&#8217;alcalde"}]},{"@type":"WebSite","@id":"https:\/\/vilafames.org\/#website","url":"https:\/\/vilafames.org\/","name":"Web de l'Ajuntament de Vilafam\u00e9s","description":"Web de l&#039;Ajuntament de Vilafam\u00e9s","publisher":{"@id":"https:\/\/vilafames.org\/#organization"},"potentialAction":[{"@type":"SearchAction","target":{"@type":"EntryPoint","urlTemplate":"https:\/\/vilafames.org\/?s={search_term_string}"},"query-input":{"@type":"PropertyValueSpecification","valueRequired":true,"valueName":"search_term_string"}}],"inLanguage":"es"},{"@type":"Organization","@id":"https:\/\/vilafames.org\/#organization","name":"Web de l'Ajuntament de Vilafam\u00e9s","url":"https:\/\/vilafames.org\/","logo":{"@type":"ImageObject","inLanguage":"es","@id":"https:\/\/vilafames.org\/#\/schema\/logo\/image\/","url":"https:\/\/vilafames.org\/wp-content\/uploads\/cropped-marca_v_rgb-1-1.png","contentUrl":"https:\/\/vilafames.org\/wp-content\/uploads\/cropped-marca_v_rgb-1-1.png","width":558,"height":269,"caption":"Web de l'Ajuntament de Vilafam\u00e9s"},"image":{"@id":"https:\/\/vilafames.org\/#\/schema\/logo\/image\/"},"sameAs":["https:\/\/www.facebook.com\/AjuntamentVilafames","https:\/\/x.com\/ajtvilafames","https:\/\/www.instagram.com\/ajuntamentvilafames\/","https:\/\/www.youtube.com\/channel\/UCjXWt3n8FHiahgKqHZWOTXQ"]}]}},"_links":{"self":[{"href":"https:\/\/vilafames.org\/es\/wp-json\/wp\/v2\/pages\/448","targetHints":{"allow":["GET"]}}],"collection":[{"href":"https:\/\/vilafames.org\/es\/wp-json\/wp\/v2\/pages"}],"about":[{"href":"https:\/\/vilafames.org\/es\/wp-json\/wp\/v2\/types\/page"}],"author":[{"embeddable":true,"href":"https:\/\/vilafames.org\/es\/wp-json\/wp\/v2\/users\/3"}],"replies":[{"embeddable":true,"href":"https:\/\/vilafames.org\/es\/wp-json\/wp\/v2\/comments?post=448"}],"version-history":[{"count":4,"href":"https:\/\/vilafames.org\/es\/wp-json\/wp\/v2\/pages\/448\/revisions"}],"predecessor-version":[{"id":14193,"href":"https:\/\/vilafames.org\/es\/wp-json\/wp\/v2\/pages\/448\/revisions\/14193"}],"wp:featuredmedia":[{"embeddable":true,"href":"https:\/\/vilafames.org\/es\/wp-json\/wp\/v2\/media\/14188"}],"wp:attachment":[{"href":"https:\/\/vilafames.org\/es\/wp-json\/wp\/v2\/media?parent=448"}],"curies":[{"name":"wp","href":"https:\/\/api.w.org\/{rel}","templated":true}]}}