{"id":4225,"date":"2018-04-24T21:24:09","date_gmt":"2018-04-24T19:24:09","guid":{"rendered":"http:\/\/vilafames.org\/?page_id=4225"},"modified":"2024-08-30T08:43:33","modified_gmt":"2024-08-30T06:43:33","slug":"unitat-de-respir-familiar","status":"publish","type":"page","link":"https:\/\/vilafames.org\/es\/unitat-de-respir-familiar\/","title":{"rendered":"Unitat de Respir Familiar"},"content":{"rendered":"<p>La Unidad de Respiro Familiar es un recurso dirigido a las personas mayores con problemas de discapacidad f\u00edsica o en fase inicial de deterioro cognitivo. La finalidad es mejorar su nivel de autonom\u00eda personal para que permanezcan en su entorno. Al mismo tiempo, pretende ser un apoyo para los familiares que cuidan a personas dependientes para facilitarles la conciliaci\u00f3n de la vida personal, familiar y laboral.<\/p>\n<p>La Diputaci\u00f3n de Castell\u00f3, colabora econ\u00f3micamente con el Servicio de Promoci\u00f3n de la Autonom\u00eda Personal (SPAP)a trav\u00e9s de una subvenci\u00f3n, que para 2024 ha sido, de 7.898,78 \u20ac.<\/p>\n<p><img decoding=\"async\" class=\"alignnone wp-image-10167 lazyload\" data-src=\"https:\/\/vilafames.corvanit.com\/wp-content\/uploads\/DIPCAS-marca2023-600x297.jpg\" alt=\"\" width=\"327\" height=\"162\" data-srcset=\"https:\/\/vilafames.org\/wp-content\/uploads\/DIPCAS-marca2023-600x297.jpg 600w, https:\/\/vilafames.org\/wp-content\/uploads\/DIPCAS-marca2023-1024x508.jpg 1024w, https:\/\/vilafames.org\/wp-content\/uploads\/DIPCAS-marca2023-768x381.jpg 768w, https:\/\/vilafames.org\/wp-content\/uploads\/DIPCAS-marca2023-1536x762.jpg 1536w, https:\/\/vilafames.org\/wp-content\/uploads\/DIPCAS-marca2023.jpg 1773w\" data-sizes=\"(max-width: 327px) 100vw, 327px\" src=\"data:image\/gif;base64,R0lGODlhAQABAAAAACH5BAEKAAEALAAAAAABAAEAAAICTAEAOw==\" style=\"--smush-placeholder-width: 327px; --smush-placeholder-aspect-ratio: 327\/162;\" \/>","protected":false},"excerpt":{"rendered":"<p>La Unidad de Respiro Familiar es un recurso dirigido a las personas mayores con problemas de discapacidad f\u00edsica o en fase inicial de deterioro cognitivo. La finalidad es mejorar su nivel de autonom\u00eda personal para que permanezcan en su entorno. Al mismo tiempo, pretende ser un apoyo para los familiares que cuidan a personas dependientes [&hellip;]<\/p>\n","protected":false},"author":3,"featured_media":0,"parent":0,"menu_order":0,"comment_status":"closed","ping_status":"closed","template":"","meta":{"footnotes":""},"class_list":["post-4225","page","type-page","status-publish","hentry"],"yoast_head":"<!-- This site is optimized with the Yoast SEO plugin v24.8.1 - https:\/\/yoast.com\/wordpress\/plugins\/seo\/ -->\n<title>Unitat de Respir Familiar - Web de l&#039;Ajuntament de Vilafam\u00e9s<\/title>\n<meta name=\"robots\" content=\"index, follow, max-snippet:-1, max-image-preview:large, max-video-preview:-1\" \/>\n<link rel=\"canonical\" href=\"https:\/\/vilafames.org\/unitat-de-respir-familiar\/\" \/>\n<meta property=\"og:locale\" content=\"es_ES\" \/>\n<meta property=\"og:type\" content=\"article\" \/>\n<meta property=\"og:title\" content=\"Unitat de Respir Familiar - Web de l&#039;Ajuntament de Vilafam\u00e9s\" \/>\n<meta property=\"og:description\" content=\"La Unidad de Respiro Familiar es un recurso dirigido a las personas mayores con problemas de discapacidad f\u00edsica o en fase inicial de deterioro cognitivo. La finalidad es mejorar su nivel de autonom\u00eda personal para que permanezcan en su entorno. Al mismo tiempo, pretende ser un apoyo para los familiares que cuidan a personas dependientes [&hellip;]\" \/>\n<meta property=\"og:url\" content=\"https:\/\/vilafames.org\/unitat-de-respir-familiar\/\" \/>\n<meta property=\"og:site_name\" content=\"Web de l&#039;Ajuntament de Vilafam\u00e9s\" \/>\n<meta property=\"article:publisher\" content=\"https:\/\/www.facebook.com\/AjuntamentVilafames\" \/>\n<meta property=\"article:modified_time\" content=\"2024-08-30T06:43:33+00:00\" \/>\n<meta property=\"og:image\" content=\"https:\/\/vilafames.org\/wp-content\/uploads\/DIPCAS-marca2023.jpg\" \/>\n\t<meta property=\"og:image:width\" content=\"1773\" \/>\n\t<meta property=\"og:image:height\" content=\"879\" \/>\n\t<meta property=\"og:image:type\" content=\"image\/jpeg\" \/>\n<meta name=\"twitter:card\" content=\"summary_large_image\" \/>\n<meta name=\"twitter:site\" content=\"@ajtvilafames\" \/>\n<meta name=\"twitter:label1\" content=\"Tiempo de lectura\" \/>\n\t<meta name=\"twitter:data1\" content=\"1 minuto\" \/>\n<script type=\"application\/ld+json\" class=\"yoast-schema-graph\">{\"@context\":\"https:\/\/schema.org\",\"@graph\":[{\"@type\":\"WebPage\",\"@id\":\"https:\/\/vilafames.org\/unitat-de-respir-familiar\/\",\"url\":\"https:\/\/vilafames.org\/unitat-de-respir-familiar\/\",\"name\":\"Unitat de Respir Familiar - Web de l&#039;Ajuntament de Vilafam\u00e9s\",\"isPartOf\":{\"@id\":\"https:\/\/vilafames.org\/#website\"},\"primaryImageOfPage\":{\"@id\":\"https:\/\/vilafames.org\/unitat-de-respir-familiar\/#primaryimage\"},\"image\":{\"@id\":\"https:\/\/vilafames.org\/unitat-de-respir-familiar\/#primaryimage\"},\"thumbnailUrl\":\"https:\/\/vilafames.corvanit.com\/wp-content\/uploads\/DIPCAS-marca2023-600x297.jpg\",\"datePublished\":\"2018-04-24T19:24:09+00:00\",\"dateModified\":\"2024-08-30T06:43:33+00:00\",\"breadcrumb\":{\"@id\":\"https:\/\/vilafames.org\/unitat-de-respir-familiar\/#breadcrumb\"},\"inLanguage\":\"es\",\"potentialAction\":[{\"@type\":\"ReadAction\",\"target\":[\"https:\/\/vilafames.org\/unitat-de-respir-familiar\/\"]}]},{\"@type\":\"ImageObject\",\"inLanguage\":\"es\",\"@id\":\"https:\/\/vilafames.org\/unitat-de-respir-familiar\/#primaryimage\",\"url\":\"https:\/\/vilafames.corvanit.com\/wp-content\/uploads\/DIPCAS-marca2023-600x297.jpg\",\"contentUrl\":\"https:\/\/vilafames.corvanit.com\/wp-content\/uploads\/DIPCAS-marca2023-600x297.jpg\"},{\"@type\":\"BreadcrumbList\",\"@id\":\"https:\/\/vilafames.org\/unitat-de-respir-familiar\/#breadcrumb\",\"itemListElement\":[{\"@type\":\"ListItem\",\"position\":1,\"name\":\"Inici\",\"item\":\"https:\/\/vilafames.org\/\"},{\"@type\":\"ListItem\",\"position\":2,\"name\":\"Unitat de Respir Familiar\"}]},{\"@type\":\"WebSite\",\"@id\":\"https:\/\/vilafames.org\/#website\",\"url\":\"https:\/\/vilafames.org\/\",\"name\":\"Web de l'Ajuntament de Vilafam\u00e9s\",\"description\":\"Web de l&#039;Ajuntament de Vilafam\u00e9s\",\"publisher\":{\"@id\":\"https:\/\/vilafames.org\/#organization\"},\"potentialAction\":[{\"@type\":\"SearchAction\",\"target\":{\"@type\":\"EntryPoint\",\"urlTemplate\":\"https:\/\/vilafames.org\/?s={search_term_string}\"},\"query-input\":{\"@type\":\"PropertyValueSpecification\",\"valueRequired\":true,\"valueName\":\"search_term_string\"}}],\"inLanguage\":\"es\"},{\"@type\":\"Organization\",\"@id\":\"https:\/\/vilafames.org\/#organization\",\"name\":\"Web de l'Ajuntament de Vilafam\u00e9s\",\"url\":\"https:\/\/vilafames.org\/\",\"logo\":{\"@type\":\"ImageObject\",\"inLanguage\":\"es\",\"@id\":\"https:\/\/vilafames.org\/#\/schema\/logo\/image\/\",\"url\":\"https:\/\/vilafames.org\/wp-content\/uploads\/cropped-marca_v_rgb-1-1.png\",\"contentUrl\":\"https:\/\/vilafames.org\/wp-content\/uploads\/cropped-marca_v_rgb-1-1.png\",\"width\":558,\"height\":269,\"caption\":\"Web de l'Ajuntament de Vilafam\u00e9s\"},\"image\":{\"@id\":\"https:\/\/vilafames.org\/#\/schema\/logo\/image\/\"},\"sameAs\":[\"https:\/\/www.facebook.com\/AjuntamentVilafames\",\"https:\/\/x.com\/ajtvilafames\",\"https:\/\/www.instagram.com\/ajuntamentvilafames\/\",\"https:\/\/www.youtube.com\/channel\/UCjXWt3n8FHiahgKqHZWOTXQ\"]}]}<\/script>\n<!-- \/ Yoast SEO plugin. -->","yoast_head_json":{"title":"Unitat de Respir Familiar - Web de l&#039;Ajuntament de Vilafam\u00e9s","robots":{"index":"index","follow":"follow","max-snippet":"max-snippet:-1","max-image-preview":"max-image-preview:large","max-video-preview":"max-video-preview:-1"},"canonical":"https:\/\/vilafames.org\/unitat-de-respir-familiar\/","og_locale":"es_ES","og_type":"article","og_title":"Unitat de Respir Familiar - Web de l&#039;Ajuntament de Vilafam\u00e9s","og_description":"La Unidad de Respiro Familiar es un recurso dirigido a las personas mayores con problemas de discapacidad f\u00edsica o en fase inicial de deterioro cognitivo. La finalidad es mejorar su nivel de autonom\u00eda personal para que permanezcan en su entorno. Al mismo tiempo, pretende ser un apoyo para los familiares que cuidan a personas dependientes [&hellip;]","og_url":"https:\/\/vilafames.org\/unitat-de-respir-familiar\/","og_site_name":"Web de l&#039;Ajuntament de Vilafam\u00e9s","article_publisher":"https:\/\/www.facebook.com\/AjuntamentVilafames","article_modified_time":"2024-08-30T06:43:33+00:00","og_image":[{"width":1773,"height":879,"url":"https:\/\/vilafames.org\/wp-content\/uploads\/DIPCAS-marca2023.jpg","type":"image\/jpeg"}],"twitter_card":"summary_large_image","twitter_site":"@ajtvilafames","twitter_misc":{"Tiempo de lectura":"1 minuto"},"schema":{"@context":"https:\/\/schema.org","@graph":[{"@type":"WebPage","@id":"https:\/\/vilafames.org\/unitat-de-respir-familiar\/","url":"https:\/\/vilafames.org\/unitat-de-respir-familiar\/","name":"Unitat de Respir Familiar - Web de l&#039;Ajuntament de Vilafam\u00e9s","isPartOf":{"@id":"https:\/\/vilafames.org\/#website"},"primaryImageOfPage":{"@id":"https:\/\/vilafames.org\/unitat-de-respir-familiar\/#primaryimage"},"image":{"@id":"https:\/\/vilafames.org\/unitat-de-respir-familiar\/#primaryimage"},"thumbnailUrl":"https:\/\/vilafames.corvanit.com\/wp-content\/uploads\/DIPCAS-marca2023-600x297.jpg","datePublished":"2018-04-24T19:24:09+00:00","dateModified":"2024-08-30T06:43:33+00:00","breadcrumb":{"@id":"https:\/\/vilafames.org\/unitat-de-respir-familiar\/#breadcrumb"},"inLanguage":"es","potentialAction":[{"@type":"ReadAction","target":["https:\/\/vilafames.org\/unitat-de-respir-familiar\/"]}]},{"@type":"ImageObject","inLanguage":"es","@id":"https:\/\/vilafames.org\/unitat-de-respir-familiar\/#primaryimage","url":"https:\/\/vilafames.corvanit.com\/wp-content\/uploads\/DIPCAS-marca2023-600x297.jpg","contentUrl":"https:\/\/vilafames.corvanit.com\/wp-content\/uploads\/DIPCAS-marca2023-600x297.jpg"},{"@type":"BreadcrumbList","@id":"https:\/\/vilafames.org\/unitat-de-respir-familiar\/#breadcrumb","itemListElement":[{"@type":"ListItem","position":1,"name":"Inici","item":"https:\/\/vilafames.org\/"},{"@type":"ListItem","position":2,"name":"Unitat de Respir Familiar"}]},{"@type":"WebSite","@id":"https:\/\/vilafames.org\/#website","url":"https:\/\/vilafames.org\/","name":"Web de l'Ajuntament de Vilafam\u00e9s","description":"Web de l&#039;Ajuntament de Vilafam\u00e9s","publisher":{"@id":"https:\/\/vilafames.org\/#organization"},"potentialAction":[{"@type":"SearchAction","target":{"@type":"EntryPoint","urlTemplate":"https:\/\/vilafames.org\/?s={search_term_string}"},"query-input":{"@type":"PropertyValueSpecification","valueRequired":true,"valueName":"search_term_string"}}],"inLanguage":"es"},{"@type":"Organization","@id":"https:\/\/vilafames.org\/#organization","name":"Web de l'Ajuntament de Vilafam\u00e9s","url":"https:\/\/vilafames.org\/","logo":{"@type":"ImageObject","inLanguage":"es","@id":"https:\/\/vilafames.org\/#\/schema\/logo\/image\/","url":"https:\/\/vilafames.org\/wp-content\/uploads\/cropped-marca_v_rgb-1-1.png","contentUrl":"https:\/\/vilafames.org\/wp-content\/uploads\/cropped-marca_v_rgb-1-1.png","width":558,"height":269,"caption":"Web de l'Ajuntament de Vilafam\u00e9s"},"image":{"@id":"https:\/\/vilafames.org\/#\/schema\/logo\/image\/"},"sameAs":["https:\/\/www.facebook.com\/AjuntamentVilafames","https:\/\/x.com\/ajtvilafames","https:\/\/www.instagram.com\/ajuntamentvilafames\/","https:\/\/www.youtube.com\/channel\/UCjXWt3n8FHiahgKqHZWOTXQ"]}]}},"_links":{"self":[{"href":"https:\/\/vilafames.org\/es\/wp-json\/wp\/v2\/pages\/4225","targetHints":{"allow":["GET"]}}],"collection":[{"href":"https:\/\/vilafames.org\/es\/wp-json\/wp\/v2\/pages"}],"about":[{"href":"https:\/\/vilafames.org\/es\/wp-json\/wp\/v2\/types\/page"}],"author":[{"embeddable":true,"href":"https:\/\/vilafames.org\/es\/wp-json\/wp\/v2\/users\/3"}],"replies":[{"embeddable":true,"href":"https:\/\/vilafames.org\/es\/wp-json\/wp\/v2\/comments?post=4225"}],"version-history":[{"count":0,"href":"https:\/\/vilafames.org\/es\/wp-json\/wp\/v2\/pages\/4225\/revisions"}],"wp:attachment":[{"href":"https:\/\/vilafames.org\/es\/wp-json\/wp\/v2\/media?parent=4225"}],"curies":[{"name":"wp","href":"https:\/\/api.w.org\/{rel}","templated":true}]}}