{"id":3730,"date":"2017-12-18T16:02:02","date_gmt":"2017-12-18T15:02:02","guid":{"rendered":"http:\/\/vilafames.org\/?page_id=3730"},"modified":"2017-12-19T13:02:02","modified_gmt":"2017-12-19T12:02:02","slug":"esborrany-pla-de-mobilitat","status":"publish","type":"page","link":"https:\/\/vilafames.org\/es\/esborrany-pla-de-mobilitat\/","title":{"rendered":"Borrador plan de movilitat"},"content":{"rendered":"<p>El Ayuntamiento de Vilafam\u00e9s est\u00e1 en la etapa final de la redacci\u00f3n del plan de movilidad. Este documento, actualmente se encuentra en la etapa de participaci\u00f3n ciudadana. Esta etapa consta de la presentaci\u00f3n del plan y de una campa\u00f1a de dar a conocer el plan. Hasta el 19 de enero, se podr\u00e1n presentar sugerencias y alegaciones al plan de movilidad mediante el registro oficial del Ayuntamiento. Una vez agotado este tiempo, el Ayuntamiento atender\u00e1 estas propuestas, contestando a cada vecino su inclusi\u00f3n o denegaci\u00f3n. En https:\/\/vilafames.corvanit.com\/es\/esborrany-pla-de-mobilitat\/ puedes consultar el documento, los planos, las fichas propuestas y la presentaci\u00f3n del domingo 17.","protected":false},"excerpt":{"rendered":"<p>El Ayuntamiento de Vilafam\u00e9s est\u00e1 en la etapa final de la redacci\u00f3n del plan de movilidad. Este documento, actualmente se encuentra en la etapa de participaci\u00f3n ciudadana. Esta etapa consta de la presentaci\u00f3n del plan y de una campa\u00f1a de dar a conocer el plan. Hasta el 19 de enero, se podr\u00e1n presentar sugerencias y [&hellip;]<\/p>\n","protected":false},"author":3,"featured_media":0,"parent":0,"menu_order":0,"comment_status":"closed","ping_status":"closed","template":"","meta":{"footnotes":""},"class_list":["post-3730","page","type-page","status-publish","hentry"],"yoast_head":"<!-- This site is optimized with the Yoast SEO plugin v24.8.1 - https:\/\/yoast.com\/wordpress\/plugins\/seo\/ -->\n<title>Borrador plan de movilitat - Web de l&#039;Ajuntament de Vilafam\u00e9s<\/title>\n<meta name=\"robots\" content=\"index, follow, max-snippet:-1, max-image-preview:large, max-video-preview:-1\" \/>\n<link rel=\"canonical\" href=\"https:\/\/vilafames.org\/esborrany-pla-de-mobilitat\/\" \/>\n<meta property=\"og:locale\" content=\"es_ES\" \/>\n<meta property=\"og:type\" content=\"article\" \/>\n<meta property=\"og:title\" content=\"[:ca]Esborrany pla de mobilitat[:es]Borrador plan de movilitat[:] - Web de l&#039;Ajuntament de Vilafam\u00e9s\" \/>\n<meta property=\"og:description\" content=\"El Ayuntamiento de Vilafam\u00e9s est\u00e1 en la etapa final de la redacci\u00f3n del plan de movilidad. Este documento, actualmente se encuentra en la etapa de participaci\u00f3n ciudadana. Esta etapa consta de la presentaci\u00f3n del plan y de una campa\u00f1a de dar a conocer el plan. Hasta el 19 de enero, se podr\u00e1n presentar sugerencias y [&hellip;]\" \/>\n<meta property=\"og:url\" content=\"https:\/\/vilafames.org\/esborrany-pla-de-mobilitat\/\" \/>\n<meta property=\"og:site_name\" content=\"Web de l&#039;Ajuntament de Vilafam\u00e9s\" \/>\n<meta property=\"article:publisher\" content=\"https:\/\/www.facebook.com\/AjuntamentVilafames\" \/>\n<meta property=\"article:modified_time\" content=\"2017-12-19T12:02:02+00:00\" \/>\n<meta name=\"twitter:card\" content=\"summary_large_image\" \/>\n<meta name=\"twitter:site\" content=\"@ajtvilafames\" \/>\n<meta name=\"twitter:label1\" content=\"Tiempo de lectura\" \/>\n\t<meta name=\"twitter:data1\" content=\"1 minuto\" \/>\n<script type=\"application\/ld+json\" class=\"yoast-schema-graph\">{\"@context\":\"https:\/\/schema.org\",\"@graph\":[{\"@type\":\"WebPage\",\"@id\":\"https:\/\/vilafames.org\/esborrany-pla-de-mobilitat\/\",\"url\":\"https:\/\/vilafames.org\/esborrany-pla-de-mobilitat\/\",\"name\":\"[:ca]Esborrany pla de mobilitat[:es]Borrador plan de movilitat[:] - Web de l&#039;Ajuntament de Vilafam\u00e9s\",\"isPartOf\":{\"@id\":\"https:\/\/vilafames.org\/#website\"},\"datePublished\":\"2017-12-18T15:02:02+00:00\",\"dateModified\":\"2017-12-19T12:02:02+00:00\",\"breadcrumb\":{\"@id\":\"https:\/\/vilafames.org\/esborrany-pla-de-mobilitat\/#breadcrumb\"},\"inLanguage\":\"es\",\"potentialAction\":[{\"@type\":\"ReadAction\",\"target\":[\"https:\/\/vilafames.org\/esborrany-pla-de-mobilitat\/\"]}]},{\"@type\":\"BreadcrumbList\",\"@id\":\"https:\/\/vilafames.org\/esborrany-pla-de-mobilitat\/#breadcrumb\",\"itemListElement\":[{\"@type\":\"ListItem\",\"position\":1,\"name\":\"Inici\",\"item\":\"https:\/\/vilafames.org\/\"},{\"@type\":\"ListItem\",\"position\":2,\"name\":\"Esborrany pla de mobilitat\"}]},{\"@type\":\"WebSite\",\"@id\":\"https:\/\/vilafames.org\/#website\",\"url\":\"https:\/\/vilafames.org\/\",\"name\":\"Web de l'Ajuntament de Vilafam\u00e9s\",\"description\":\"Web de l&#039;Ajuntament de Vilafam\u00e9s\",\"publisher\":{\"@id\":\"https:\/\/vilafames.org\/#organization\"},\"potentialAction\":[{\"@type\":\"SearchAction\",\"target\":{\"@type\":\"EntryPoint\",\"urlTemplate\":\"https:\/\/vilafames.org\/?s={search_term_string}\"},\"query-input\":{\"@type\":\"PropertyValueSpecification\",\"valueRequired\":true,\"valueName\":\"search_term_string\"}}],\"inLanguage\":\"es\"},{\"@type\":\"Organization\",\"@id\":\"https:\/\/vilafames.org\/#organization\",\"name\":\"Web de l'Ajuntament de Vilafam\u00e9s\",\"url\":\"https:\/\/vilafames.org\/\",\"logo\":{\"@type\":\"ImageObject\",\"inLanguage\":\"es\",\"@id\":\"https:\/\/vilafames.org\/#\/schema\/logo\/image\/\",\"url\":\"https:\/\/vilafames.org\/wp-content\/uploads\/cropped-marca_v_rgb-1-1.png\",\"contentUrl\":\"https:\/\/vilafames.org\/wp-content\/uploads\/cropped-marca_v_rgb-1-1.png\",\"width\":558,\"height\":269,\"caption\":\"Web de l'Ajuntament de Vilafam\u00e9s\"},\"image\":{\"@id\":\"https:\/\/vilafames.org\/#\/schema\/logo\/image\/\"},\"sameAs\":[\"https:\/\/www.facebook.com\/AjuntamentVilafames\",\"https:\/\/x.com\/ajtvilafames\",\"https:\/\/www.instagram.com\/ajuntamentvilafames\/\",\"https:\/\/www.youtube.com\/channel\/UCjXWt3n8FHiahgKqHZWOTXQ\"]}]}<\/script>\n<!-- \/ Yoast SEO plugin. -->","yoast_head_json":{"title":"[:ca]Esborrany pla de mobilitat[:es]Borrador plan de movilitat[:] - Web de l&#039;Ajuntament de Vilafam\u00e9s","robots":{"index":"index","follow":"follow","max-snippet":"max-snippet:-1","max-image-preview":"max-image-preview:large","max-video-preview":"max-video-preview:-1"},"canonical":"https:\/\/vilafames.org\/esborrany-pla-de-mobilitat\/","og_locale":"es_ES","og_type":"article","og_title":"[:ca]Esborrany pla de mobilitat[:es]Borrador plan de movilitat[:] - Web de l&#039;Ajuntament de Vilafam\u00e9s","og_description":"El Ayuntamiento de Vilafam\u00e9s est\u00e1 en la etapa final de la redacci\u00f3n del plan de movilidad. Este documento, actualmente se encuentra en la etapa de participaci\u00f3n ciudadana. Esta etapa consta de la presentaci\u00f3n del plan y de una campa\u00f1a de dar a conocer el plan. Hasta el 19 de enero, se podr\u00e1n presentar sugerencias y [&hellip;]","og_url":"https:\/\/vilafames.org\/esborrany-pla-de-mobilitat\/","og_site_name":"Web de l&#039;Ajuntament de Vilafam\u00e9s","article_publisher":"https:\/\/www.facebook.com\/AjuntamentVilafames","article_modified_time":"2017-12-19T12:02:02+00:00","twitter_card":"summary_large_image","twitter_site":"@ajtvilafames","twitter_misc":{"Tiempo de lectura":"1 minuto"},"schema":{"@context":"https:\/\/schema.org","@graph":[{"@type":"WebPage","@id":"https:\/\/vilafames.org\/esborrany-pla-de-mobilitat\/","url":"https:\/\/vilafames.org\/esborrany-pla-de-mobilitat\/","name":"[:ca]Esborrany pla de mobilitat[:es]Borrador plan de movilitat[:] - Web de l&#039;Ajuntament de Vilafam\u00e9s","isPartOf":{"@id":"https:\/\/vilafames.org\/#website"},"datePublished":"2017-12-18T15:02:02+00:00","dateModified":"2017-12-19T12:02:02+00:00","breadcrumb":{"@id":"https:\/\/vilafames.org\/esborrany-pla-de-mobilitat\/#breadcrumb"},"inLanguage":"es","potentialAction":[{"@type":"ReadAction","target":["https:\/\/vilafames.org\/esborrany-pla-de-mobilitat\/"]}]},{"@type":"BreadcrumbList","@id":"https:\/\/vilafames.org\/esborrany-pla-de-mobilitat\/#breadcrumb","itemListElement":[{"@type":"ListItem","position":1,"name":"Inici","item":"https:\/\/vilafames.org\/"},{"@type":"ListItem","position":2,"name":"Esborrany pla de mobilitat"}]},{"@type":"WebSite","@id":"https:\/\/vilafames.org\/#website","url":"https:\/\/vilafames.org\/","name":"Web de l'Ajuntament de Vilafam\u00e9s","description":"Web de l&#039;Ajuntament de Vilafam\u00e9s","publisher":{"@id":"https:\/\/vilafames.org\/#organization"},"potentialAction":[{"@type":"SearchAction","target":{"@type":"EntryPoint","urlTemplate":"https:\/\/vilafames.org\/?s={search_term_string}"},"query-input":{"@type":"PropertyValueSpecification","valueRequired":true,"valueName":"search_term_string"}}],"inLanguage":"es"},{"@type":"Organization","@id":"https:\/\/vilafames.org\/#organization","name":"Web de l'Ajuntament de Vilafam\u00e9s","url":"https:\/\/vilafames.org\/","logo":{"@type":"ImageObject","inLanguage":"es","@id":"https:\/\/vilafames.org\/#\/schema\/logo\/image\/","url":"https:\/\/vilafames.org\/wp-content\/uploads\/cropped-marca_v_rgb-1-1.png","contentUrl":"https:\/\/vilafames.org\/wp-content\/uploads\/cropped-marca_v_rgb-1-1.png","width":558,"height":269,"caption":"Web de l'Ajuntament de Vilafam\u00e9s"},"image":{"@id":"https:\/\/vilafames.org\/#\/schema\/logo\/image\/"},"sameAs":["https:\/\/www.facebook.com\/AjuntamentVilafames","https:\/\/x.com\/ajtvilafames","https:\/\/www.instagram.com\/ajuntamentvilafames\/","https:\/\/www.youtube.com\/channel\/UCjXWt3n8FHiahgKqHZWOTXQ"]}]}},"_links":{"self":[{"href":"https:\/\/vilafames.org\/es\/wp-json\/wp\/v2\/pages\/3730","targetHints":{"allow":["GET"]}}],"collection":[{"href":"https:\/\/vilafames.org\/es\/wp-json\/wp\/v2\/pages"}],"about":[{"href":"https:\/\/vilafames.org\/es\/wp-json\/wp\/v2\/types\/page"}],"author":[{"embeddable":true,"href":"https:\/\/vilafames.org\/es\/wp-json\/wp\/v2\/users\/3"}],"replies":[{"embeddable":true,"href":"https:\/\/vilafames.org\/es\/wp-json\/wp\/v2\/comments?post=3730"}],"version-history":[{"count":0,"href":"https:\/\/vilafames.org\/es\/wp-json\/wp\/v2\/pages\/3730\/revisions"}],"wp:attachment":[{"href":"https:\/\/vilafames.org\/es\/wp-json\/wp\/v2\/media?parent=3730"}],"curies":[{"name":"wp","href":"https:\/\/api.w.org\/{rel}","templated":true}]}}