{"id":2986,"date":"2017-07-07T18:59:24","date_gmt":"2017-07-07T16:59:24","guid":{"rendered":"http:\/\/vilafames.org\/?page_id=2986"},"modified":"2018-07-12T21:39:23","modified_gmt":"2018-07-12T19:39:23","slug":"adjudicacio-de-cadafals-festes-2018","status":"publish","type":"page","link":"https:\/\/vilafames.org\/es\/festes\/festes-patronals\/adjudicacio-de-cadafals-festes-2018\/","title":{"rendered":"Adjudicaci\u00f3n de cadafals &#8211; Fiestas 2018"},"content":{"rendered":"<p><strong>OBJETIVO<\/strong>:<\/p>\n<p>Regularizar el proceso de adjudicaci\u00f3n de las posiciones de los cadafals, mediante un proceso legal. Que el dinero recaudado puedan ser declarados y puedan contribuir a pagar parte de las fiestas de forma completamente legal y transparente.<\/p>\n<p><a href=\"https:\/\/vilafames.corvanit.com\/wp-content\/uploads\/pla\u00e7a.png\" target=\"_blank\" rel=\"noopener\"><img decoding=\"async\" class=\"alignleft wp-image-2987 lazyload\" data-src=\"https:\/\/vilafames.corvanit.com\/wp-content\/uploads\/pla\u00e7a.png\" alt=\"\" width=\"393\" height=\"260\" src=\"data:image\/gif;base64,R0lGODlhAQABAAAAACH5BAEKAAEALAAAAAABAAEAAAICTAEAOw==\" style=\"--smush-placeholder-width: 393px; --smush-placeholder-aspect-ratio: 393\/260;\" \/><\/a><\/p>\n<p><strong>ORDENANZA<\/strong>:<\/p>\n<p>Hab\u00eda que\u00a0poner el precio real de mercado, por eso se ha aprobado una ordenanza. La cual establece diferentes zonas dependiendo de los precios de los \u00faltimos a\u00f1os. Se ha hecho una media de los precios de los \u00faltimos 5 a\u00f1os (donde los precios eran m\u00e1s bajos que los a\u00f1os anteriores) y se ha establecido como precio de cada zona la media de la posici\u00f3n de cadafal m\u00e1s barato. Los precios incluyen los 100 euros del buey corrido, pero no los tres d\u00edas de alquiler de 1 mesa y 10 sillas.<\/p>\n<p><strong>PROCEDIMIENTO<\/strong>:<\/p>\n<p><strong>FASE 1<\/strong>:\u00a0En el Ayuntamiento y el 3 de agosto de 18.00 h a 19.00 h &#8211; C\u00e1mara agr\u00edcola<\/p>\n<p>Cada cuadrilla presentar\u00e1 una propuesta econ\u00f3mica como m\u00ednimo en tres zonas diferentes, siempre con un valor superior o igual al que regula el ordenanza. Se entregar\u00e1 viernes 4 de agosto a las 19 horas a la c\u00e1mara agr\u00edcola, y tambi\u00e9n se podr\u00e1 presentar con anterioridad por registro en el Ayuntamiento.<\/p>\n<p>Cada cuadrilla presentar\u00e1 en sobre cerrado al\u00a0registro del Ayuntamiento o el d\u00eda 3 de agosto de las 18.00 h a 19.00 h en la c\u00e1mara agraria:<br \/>\nLa solicitud y una relaci\u00f3n de los componentes de la cuadrilla (3 o 4 personas) en el \u00a0sobre A. Y 3 propuestas econ\u00f3micas, de 3 diferentes zonas como m\u00ednimo en el Sobre B.<\/p>\n<p>Documento a entregar:<\/p>\n<p>Sobre A: <a href=\"https:\/\/vilafames.corvanit.com\/wp-content\/uploads\/sobreA_solicitud_2018.pdf\">Solicitud<\/a> y <a href=\"https:\/\/vilafames.corvanit.com\/wp-content\/uploads\/sobreA_llistat_2018.pdf\">Listado componentes<\/a>. Ejemplos:\u00a0\u00a0<a href=\"https:\/\/vilafames.corvanit.com\/wp-content\/uploads\/sobreA_solicitudRellenat.pdf\" target=\"_blank\" rel=\"noopener\">Solicitud (rellenado)<\/a>\u00a0i\u00a0<a href=\"https:\/\/vilafames.corvanit.com\/wp-content\/uploads\/sobreA_llistatRellenat.pdf\" target=\"_blank\" rel=\"noopener\">Listado de componentes (rellenado)<\/a><br \/>\nSobre B: <a href=\"https:\/\/vilafames.corvanit.com\/wp-content\/uploads\/sobreB_propostesEconomiques_2018.pdf\">Propuestas econ\u00f3micas<\/a>. Ejemplo:\u00a0<a href=\"https:\/\/vilafames.corvanit.com\/wp-content\/uploads\/sobreB_propostesEconomiquesRellenat.pdf\" target=\"_blank\" rel=\"noopener\">Propuestas econ\u00f3micas (rellenado)<\/a><\/p>\n<p>En los sobres hay que escribir fuera:<\/p>\n<ul>\n<li>Sobre A: \u00abSobre A: Documentaci\u00f3n administrativa\u00bb<\/li>\n<li>Sobre B: \u00abSobre B: preposiciones econ\u00f3mica\u00bb<\/li>\n<li>Y un sobre con los Sobre A y B con \u00abProposici\u00f3n para volver Parte en el proce\u00c2dimiento para la adjudi\u00c2caci\u00f3n del uso privativo del dominio p\u00fablico mediante la instalaci\u00f3n de entablados o cadafales para disfrute por las pe\u00f1as en la Pl. La Fuente durant los festejos taurinos celebrados en fiestas patronales Vilafam\u00e9s agosto 20018 \u00ab<\/li>\n<\/ul>\n<p><strong>FASE 2<\/strong>: 3 de agosto &#8211; 19.00 h &#8211; C\u00e1mara agr\u00edcola<\/p>\n<p>Una vez presentadas todas las propuestas, se abrir\u00e1n los sobres y para cada una de las zonas, se coger\u00e1n las mejores propuestas hasta el doble de las posiciones de esta zona. En caso de empate ser\u00e1n todas incluidas.<br \/>\nEmpezar\u00e1 una segunda ronda a viva voz (subasta) entre las cuadrillas que est\u00e9n entre las propuestas seleccionadas. La primera zona ser\u00e1 la m\u00e1s cara y el precio de salida ser\u00e1 lo m\u00e1s alto entre todas las propuestas seleccionadas. Empezar\u00e1 la \u201csube\u201d, quien ofrezca la mejor oferta elegir\u00e1 la posici\u00f3n dentro de esta zona. Una vez adjudicada una posici\u00f3n, la cuadrilla ganadora ser\u00e1 excluida de todas las otras propuestas que haya presentado en otras zonas dejando lugar a otras cuadrillas. Se continuar\u00e1n adjudicando las diferentes posiciones de la zona actual y el precio de salida continuar\u00e1 siendo la mejor propuesta de entre las que quedan en el proceso. De este modo se ir\u00e1n adjudicando todas las posiciones de la zona. Seguidamente se continuar\u00e1 con la segunda zona m\u00e1s cara y se repetir\u00e1 este procedimiento.<br \/>\nUna vez adjudicado el cadafal, se tendr\u00e1 que hacer un ingreso a la cuenta del Ayuntamiento (se indicar\u00e1 la cuenta y el concepto el d\u00eda 4 de agosto), habr\u00e1 tiempo de hacer el ingreso hasta el 11 de agosto.<\/p>\n<ol>\n<li>Se empezar\u00e1 a adjudicar por la zona m\u00e1s cara (Zona 2, Zona 3, Zona 4, Zona 5, Zona 1, Zona 6 y Zona 7)<\/li>\n<li>Se ordenar\u00e1n las propuestas econ\u00f3micas de mayor a menor por zona<\/li>\n<li>Participar\u00e1n en la subasta las mejores propuestas hasta el doble de las posiciones de cada zona. En caso de empate, ser\u00e1n incluidas todas las afectadas<\/li>\n<li>Empieza la subasta entre los seleccionados, quienes m\u00e1s ofrezca elegir\u00e1 la posici\u00f3n de cadafal. Precio de salida lo m\u00e1s alto entre las propuestas<\/li>\n<li>La cuadrilla ganadora ser\u00e1 eliminada de la zona actual y de las otras que haya presentado y dar\u00e1 a cuadrillas que no entrar\u00edan<\/li>\n<li>Se continuar\u00e0n adjudicando las otras posiciones de la zona hasta completarla<\/li>\n<li>Una vez completada, se continuar\u00e1 con las siguientes zonas siguiendo la orden establecido<\/li>\n<\/ol>\n<p>Presentaci\u00f3n explicativa del procedimiento:\u00a0Presentaci\u00f3n <a href=\"https:\/\/vilafames.corvanit.com\/wp-content\/uploads\/sobreB_propostesEconomiquesRellenat-1.pdf\">sobreB_propostesEconomiquesRellenat<\/a><a href=\"https:\/\/vilafames.corvanit.com\/wp-content\/uploads\/sobreB_propostesEconomiques_2018.pdf\">sobreB_propostesEconomiques_2018<\/a><a href=\"https:\/\/vilafames.corvanit.com\/wp-content\/uploads\/sobreA_solicitudRellenat-1.pdf\">sobreA_solicitudRellenat<\/a>","protected":false},"excerpt":{"rendered":"<p>OBJETIVO: Regularizar el proceso de adjudicaci\u00f3n de las posiciones de los cadafals, mediante un proceso legal. Que el dinero recaudado puedan ser declarados y puedan contribuir a pagar parte de las fiestas de forma completamente legal y transparente. ORDENANZA: Hab\u00eda que\u00a0poner el precio real de mercado, por eso se ha aprobado una ordenanza. La cual [&hellip;]<\/p>\n","protected":false},"author":3,"featured_media":0,"parent":1793,"menu_order":0,"comment_status":"closed","ping_status":"closed","template":"","meta":{"footnotes":""},"class_list":["post-2986","page","type-page","status-publish","hentry"],"yoast_head":"<!-- This site is optimized with the Yoast SEO plugin v24.8.1 - https:\/\/yoast.com\/wordpress\/plugins\/seo\/ -->\n<title>Adjudicaci\u00f3n de cadafals - Fiestas 2018 - Web de l&#039;Ajuntament de Vilafam\u00e9s<\/title>\n<meta name=\"robots\" content=\"index, follow, max-snippet:-1, max-image-preview:large, max-video-preview:-1\" \/>\n<link rel=\"canonical\" href=\"https:\/\/vilafames.org\/poble__trashed\/festes\/festes-patronals\/adjudicacio-de-cadafals-festes-2018\/\" \/>\n<meta property=\"og:locale\" content=\"es_ES\" \/>\n<meta property=\"og:type\" content=\"article\" \/>\n<meta property=\"og:title\" content=\"[:ca]Adjudicaci\u00f3 de cadafals - Festes 2018[:es]Adjudicaci\u00f3n de cadafals - Fiestas 2018[:] - Web de l&#039;Ajuntament de Vilafam\u00e9s\" \/>\n<meta property=\"og:description\" content=\"OBJETIVO: Regularizar el proceso de adjudicaci\u00f3n de las posiciones de los cadafals, mediante un proceso legal. Que el dinero recaudado puedan ser declarados y puedan contribuir a pagar parte de las fiestas de forma completamente legal y transparente. ORDENANZA: Hab\u00eda que\u00a0poner el precio real de mercado, por eso se ha aprobado una ordenanza. La cual [&hellip;]\" \/>\n<meta property=\"og:url\" content=\"https:\/\/vilafames.org\/poble__trashed\/festes\/festes-patronals\/adjudicacio-de-cadafals-festes-2018\/\" \/>\n<meta property=\"og:site_name\" content=\"Web de l&#039;Ajuntament de Vilafam\u00e9s\" \/>\n<meta property=\"article:publisher\" content=\"https:\/\/www.facebook.com\/AjuntamentVilafames\" \/>\n<meta property=\"article:modified_time\" content=\"2018-07-12T19:39:23+00:00\" \/>\n<meta name=\"twitter:card\" content=\"summary_large_image\" \/>\n<meta name=\"twitter:site\" content=\"@ajtvilafames\" \/>\n<meta name=\"twitter:label1\" content=\"Tiempo de lectura\" \/>\n\t<meta name=\"twitter:data1\" content=\"7 minutos\" \/>\n<script type=\"application\/ld+json\" class=\"yoast-schema-graph\">{\"@context\":\"https:\/\/schema.org\",\"@graph\":[{\"@type\":\"WebPage\",\"@id\":\"https:\/\/vilafames.org\/poble__trashed\/festes\/festes-patronals\/adjudicacio-de-cadafals-festes-2018\/\",\"url\":\"https:\/\/vilafames.org\/poble__trashed\/festes\/festes-patronals\/adjudicacio-de-cadafals-festes-2018\/\",\"name\":\"[:ca]Adjudicaci\u00f3 de cadafals - Festes 2018[:es]Adjudicaci\u00f3n de cadafals - Fiestas 2018[:] - Web de l&#039;Ajuntament de Vilafam\u00e9s\",\"isPartOf\":{\"@id\":\"https:\/\/vilafames.org\/#website\"},\"datePublished\":\"2017-07-07T16:59:24+00:00\",\"dateModified\":\"2018-07-12T19:39:23+00:00\",\"breadcrumb\":{\"@id\":\"https:\/\/vilafames.org\/poble__trashed\/festes\/festes-patronals\/adjudicacio-de-cadafals-festes-2018\/#breadcrumb\"},\"inLanguage\":\"es\",\"potentialAction\":[{\"@type\":\"ReadAction\",\"target\":[\"https:\/\/vilafames.org\/poble__trashed\/festes\/festes-patronals\/adjudicacio-de-cadafals-festes-2018\/\"]}]},{\"@type\":\"BreadcrumbList\",\"@id\":\"https:\/\/vilafames.org\/poble__trashed\/festes\/festes-patronals\/adjudicacio-de-cadafals-festes-2018\/#breadcrumb\",\"itemListElement\":[{\"@type\":\"ListItem\",\"position\":1,\"name\":\"Inici\",\"item\":\"https:\/\/vilafames.org\/\"},{\"@type\":\"ListItem\",\"position\":2,\"name\":\"Festes i tradicions\",\"item\":\"https:\/\/vilafames.org\/poble__trashed\/festes\/\"},{\"@type\":\"ListItem\",\"position\":3,\"name\":\"Festes patronals\",\"item\":\"https:\/\/vilafames.org\/poble__trashed\/festes\/festes-patronals\/\"},{\"@type\":\"ListItem\",\"position\":4,\"name\":\"Adjudicaci\u00f3 de cadafals &#8211; Festes 2018\"}]},{\"@type\":\"WebSite\",\"@id\":\"https:\/\/vilafames.org\/#website\",\"url\":\"https:\/\/vilafames.org\/\",\"name\":\"Web de l'Ajuntament de Vilafam\u00e9s\",\"description\":\"Web de l&#039;Ajuntament de Vilafam\u00e9s\",\"publisher\":{\"@id\":\"https:\/\/vilafames.org\/#organization\"},\"potentialAction\":[{\"@type\":\"SearchAction\",\"target\":{\"@type\":\"EntryPoint\",\"urlTemplate\":\"https:\/\/vilafames.org\/?s={search_term_string}\"},\"query-input\":{\"@type\":\"PropertyValueSpecification\",\"valueRequired\":true,\"valueName\":\"search_term_string\"}}],\"inLanguage\":\"es\"},{\"@type\":\"Organization\",\"@id\":\"https:\/\/vilafames.org\/#organization\",\"name\":\"Web de l'Ajuntament de Vilafam\u00e9s\",\"url\":\"https:\/\/vilafames.org\/\",\"logo\":{\"@type\":\"ImageObject\",\"inLanguage\":\"es\",\"@id\":\"https:\/\/vilafames.org\/#\/schema\/logo\/image\/\",\"url\":\"https:\/\/vilafames.org\/wp-content\/uploads\/cropped-marca_v_rgb-1-1.png\",\"contentUrl\":\"https:\/\/vilafames.org\/wp-content\/uploads\/cropped-marca_v_rgb-1-1.png\",\"width\":558,\"height\":269,\"caption\":\"Web de l'Ajuntament de Vilafam\u00e9s\"},\"image\":{\"@id\":\"https:\/\/vilafames.org\/#\/schema\/logo\/image\/\"},\"sameAs\":[\"https:\/\/www.facebook.com\/AjuntamentVilafames\",\"https:\/\/x.com\/ajtvilafames\",\"https:\/\/www.instagram.com\/ajuntamentvilafames\/\",\"https:\/\/www.youtube.com\/channel\/UCjXWt3n8FHiahgKqHZWOTXQ\"]}]}<\/script>\n<!-- \/ Yoast SEO plugin. -->","yoast_head_json":{"title":"[:ca]Adjudicaci\u00f3 de cadafals - Festes 2018[:es]Adjudicaci\u00f3n de cadafals - Fiestas 2018[:] - Web de l&#039;Ajuntament de Vilafam\u00e9s","robots":{"index":"index","follow":"follow","max-snippet":"max-snippet:-1","max-image-preview":"max-image-preview:large","max-video-preview":"max-video-preview:-1"},"canonical":"https:\/\/vilafames.org\/poble__trashed\/festes\/festes-patronals\/adjudicacio-de-cadafals-festes-2018\/","og_locale":"es_ES","og_type":"article","og_title":"[:ca]Adjudicaci\u00f3 de cadafals - Festes 2018[:es]Adjudicaci\u00f3n de cadafals - Fiestas 2018[:] - Web de l&#039;Ajuntament de Vilafam\u00e9s","og_description":"OBJETIVO: Regularizar el proceso de adjudicaci\u00f3n de las posiciones de los cadafals, mediante un proceso legal. Que el dinero recaudado puedan ser declarados y puedan contribuir a pagar parte de las fiestas de forma completamente legal y transparente. ORDENANZA: Hab\u00eda que\u00a0poner el precio real de mercado, por eso se ha aprobado una ordenanza. La cual [&hellip;]","og_url":"https:\/\/vilafames.org\/poble__trashed\/festes\/festes-patronals\/adjudicacio-de-cadafals-festes-2018\/","og_site_name":"Web de l&#039;Ajuntament de Vilafam\u00e9s","article_publisher":"https:\/\/www.facebook.com\/AjuntamentVilafames","article_modified_time":"2018-07-12T19:39:23+00:00","twitter_card":"summary_large_image","twitter_site":"@ajtvilafames","twitter_misc":{"Tiempo de lectura":"7 minutos"},"schema":{"@context":"https:\/\/schema.org","@graph":[{"@type":"WebPage","@id":"https:\/\/vilafames.org\/poble__trashed\/festes\/festes-patronals\/adjudicacio-de-cadafals-festes-2018\/","url":"https:\/\/vilafames.org\/poble__trashed\/festes\/festes-patronals\/adjudicacio-de-cadafals-festes-2018\/","name":"[:ca]Adjudicaci\u00f3 de cadafals - Festes 2018[:es]Adjudicaci\u00f3n de cadafals - Fiestas 2018[:] - Web de l&#039;Ajuntament de Vilafam\u00e9s","isPartOf":{"@id":"https:\/\/vilafames.org\/#website"},"datePublished":"2017-07-07T16:59:24+00:00","dateModified":"2018-07-12T19:39:23+00:00","breadcrumb":{"@id":"https:\/\/vilafames.org\/poble__trashed\/festes\/festes-patronals\/adjudicacio-de-cadafals-festes-2018\/#breadcrumb"},"inLanguage":"es","potentialAction":[{"@type":"ReadAction","target":["https:\/\/vilafames.org\/poble__trashed\/festes\/festes-patronals\/adjudicacio-de-cadafals-festes-2018\/"]}]},{"@type":"BreadcrumbList","@id":"https:\/\/vilafames.org\/poble__trashed\/festes\/festes-patronals\/adjudicacio-de-cadafals-festes-2018\/#breadcrumb","itemListElement":[{"@type":"ListItem","position":1,"name":"Inici","item":"https:\/\/vilafames.org\/"},{"@type":"ListItem","position":2,"name":"Festes i tradicions","item":"https:\/\/vilafames.org\/poble__trashed\/festes\/"},{"@type":"ListItem","position":3,"name":"Festes patronals","item":"https:\/\/vilafames.org\/poble__trashed\/festes\/festes-patronals\/"},{"@type":"ListItem","position":4,"name":"Adjudicaci\u00f3 de cadafals &#8211; Festes 2018"}]},{"@type":"WebSite","@id":"https:\/\/vilafames.org\/#website","url":"https:\/\/vilafames.org\/","name":"Web de l'Ajuntament de Vilafam\u00e9s","description":"Web de l&#039;Ajuntament de Vilafam\u00e9s","publisher":{"@id":"https:\/\/vilafames.org\/#organization"},"potentialAction":[{"@type":"SearchAction","target":{"@type":"EntryPoint","urlTemplate":"https:\/\/vilafames.org\/?s={search_term_string}"},"query-input":{"@type":"PropertyValueSpecification","valueRequired":true,"valueName":"search_term_string"}}],"inLanguage":"es"},{"@type":"Organization","@id":"https:\/\/vilafames.org\/#organization","name":"Web de l'Ajuntament de Vilafam\u00e9s","url":"https:\/\/vilafames.org\/","logo":{"@type":"ImageObject","inLanguage":"es","@id":"https:\/\/vilafames.org\/#\/schema\/logo\/image\/","url":"https:\/\/vilafames.org\/wp-content\/uploads\/cropped-marca_v_rgb-1-1.png","contentUrl":"https:\/\/vilafames.org\/wp-content\/uploads\/cropped-marca_v_rgb-1-1.png","width":558,"height":269,"caption":"Web de l'Ajuntament de Vilafam\u00e9s"},"image":{"@id":"https:\/\/vilafames.org\/#\/schema\/logo\/image\/"},"sameAs":["https:\/\/www.facebook.com\/AjuntamentVilafames","https:\/\/x.com\/ajtvilafames","https:\/\/www.instagram.com\/ajuntamentvilafames\/","https:\/\/www.youtube.com\/channel\/UCjXWt3n8FHiahgKqHZWOTXQ"]}]}},"_links":{"self":[{"href":"https:\/\/vilafames.org\/es\/wp-json\/wp\/v2\/pages\/2986","targetHints":{"allow":["GET"]}}],"collection":[{"href":"https:\/\/vilafames.org\/es\/wp-json\/wp\/v2\/pages"}],"about":[{"href":"https:\/\/vilafames.org\/es\/wp-json\/wp\/v2\/types\/page"}],"author":[{"embeddable":true,"href":"https:\/\/vilafames.org\/es\/wp-json\/wp\/v2\/users\/3"}],"replies":[{"embeddable":true,"href":"https:\/\/vilafames.org\/es\/wp-json\/wp\/v2\/comments?post=2986"}],"version-history":[{"count":0,"href":"https:\/\/vilafames.org\/es\/wp-json\/wp\/v2\/pages\/2986\/revisions"}],"up":[{"embeddable":true,"href":"https:\/\/vilafames.org\/es\/wp-json\/wp\/v2\/pages\/1793"}],"wp:attachment":[{"href":"https:\/\/vilafames.org\/es\/wp-json\/wp\/v2\/media?parent=2986"}],"curies":[{"name":"wp","href":"https:\/\/api.w.org\/{rel}","templated":true}]}}