{"id":2786,"date":"2017-05-24T14:47:56","date_gmt":"2017-05-24T12:47:56","guid":{"rendered":"http:\/\/vilafames.org\/?page_id=2786"},"modified":"2017-05-25T12:01:14","modified_gmt":"2017-05-25T10:01:14","slug":"sollicitud-de-difusio-publica-dactivitat-2","status":"publish","type":"page","link":"https:\/\/vilafames.org\/es\/impressos-oficials\/sollicitud-de-difusio-publica-dactivitat-2\/","title":{"rendered":"Solicitud de difusi\u00f3n p\u00fablica de actividad"},"content":{"rendered":"<p>El ayuntamiento de Vilafam\u00e9s, con la finalidad de promocionar el comercio y las empresas locales ha establecido, entre otras actuaciones, la realizaci\u00f3n de una gu\u00eda comercial y empresarial en diferentes plataformas on-line.<\/p>\n<p>Con el fin de tener actualizada la informaci\u00f3n, cualquier empresa que quiera aparecer anunciada en dichos soportes, as\u00ed como los cambios que se pudieran originar, deber\u00e1n ser comunicados al ayuntamiento a trav\u00e9s del siguiente formulario.<\/p>\n<p><a href=\"https:\/\/goo.gl\/forms\/TV0IRygH0msVtoMH2\" target=\"_blank\" rel=\"noopener noreferrer\">Formulario de Solicitud de difusi\u00f3n p\u00fablica de actividad<\/a>","protected":false},"excerpt":{"rendered":"<p>El ayuntamiento de Vilafam\u00e9s, con la finalidad de promocionar el comercio y las empresas locales ha establecido, entre otras actuaciones, la realizaci\u00f3n de una gu\u00eda comercial y empresarial en diferentes plataformas on-line. Con el fin de tener actualizada la informaci\u00f3n, cualquier empresa que quiera aparecer anunciada en dichos soportes, as\u00ed como los cambios que se [&hellip;]<\/p>\n","protected":false},"author":3,"featured_media":0,"parent":179,"menu_order":0,"comment_status":"closed","ping_status":"closed","template":"","meta":{"footnotes":""},"class_list":["post-2786","page","type-page","status-publish","hentry"],"yoast_head":"<!-- This site is optimized with the Yoast SEO plugin v24.8.1 - https:\/\/yoast.com\/wordpress\/plugins\/seo\/ -->\n<title>Solicitud de difusi\u00f3n p\u00fablica de actividad - Web de l&#039;Ajuntament de Vilafam\u00e9s<\/title>\n<meta name=\"robots\" content=\"index, follow, max-snippet:-1, max-image-preview:large, max-video-preview:-1\" \/>\n<link rel=\"canonical\" href=\"https:\/\/vilafames.org\/ajuntament__trashed\/impressos-oficials\/sollicitud-de-difusio-publica-dactivitat-2\/\" \/>\n<meta property=\"og:locale\" content=\"es_ES\" \/>\n<meta property=\"og:type\" content=\"article\" \/>\n<meta property=\"og:title\" content=\"[:ca]Sol\u00b7licitud de difusi\u00f3 p\u00fablica d&#039;activitat[:es]Solicitud de difusi\u00f3n p\u00fablica de actividad[:] - Web de l&#039;Ajuntament de Vilafam\u00e9s\" \/>\n<meta property=\"og:description\" content=\"El ayuntamiento de Vilafam\u00e9s, con la finalidad de promocionar el comercio y las empresas locales ha establecido, entre otras actuaciones, la realizaci\u00f3n de una gu\u00eda comercial y empresarial en diferentes plataformas on-line. Con el fin de tener actualizada la informaci\u00f3n, cualquier empresa que quiera aparecer anunciada en dichos soportes, as\u00ed como los cambios que se [&hellip;]\" \/>\n<meta property=\"og:url\" content=\"https:\/\/vilafames.org\/ajuntament__trashed\/impressos-oficials\/sollicitud-de-difusio-publica-dactivitat-2\/\" \/>\n<meta property=\"og:site_name\" content=\"Web de l&#039;Ajuntament de Vilafam\u00e9s\" \/>\n<meta property=\"article:publisher\" content=\"https:\/\/www.facebook.com\/AjuntamentVilafames\" \/>\n<meta property=\"article:modified_time\" content=\"2017-05-25T10:01:14+00:00\" \/>\n<meta name=\"twitter:card\" content=\"summary_large_image\" \/>\n<meta name=\"twitter:site\" content=\"@ajtvilafames\" \/>\n<meta name=\"twitter:label1\" content=\"Tiempo de lectura\" \/>\n\t<meta name=\"twitter:data1\" content=\"1 minuto\" \/>\n<script type=\"application\/ld+json\" class=\"yoast-schema-graph\">{\"@context\":\"https:\/\/schema.org\",\"@graph\":[{\"@type\":\"WebPage\",\"@id\":\"https:\/\/vilafames.org\/ajuntament__trashed\/impressos-oficials\/sollicitud-de-difusio-publica-dactivitat-2\/\",\"url\":\"https:\/\/vilafames.org\/ajuntament__trashed\/impressos-oficials\/sollicitud-de-difusio-publica-dactivitat-2\/\",\"name\":\"[:ca]Sol\u00b7licitud de difusi\u00f3 p\u00fablica d'activitat[:es]Solicitud de difusi\u00f3n p\u00fablica de actividad[:] - Web de l&#039;Ajuntament de Vilafam\u00e9s\",\"isPartOf\":{\"@id\":\"https:\/\/vilafames.org\/#website\"},\"datePublished\":\"2017-05-24T12:47:56+00:00\",\"dateModified\":\"2017-05-25T10:01:14+00:00\",\"breadcrumb\":{\"@id\":\"https:\/\/vilafames.org\/ajuntament__trashed\/impressos-oficials\/sollicitud-de-difusio-publica-dactivitat-2\/#breadcrumb\"},\"inLanguage\":\"es\",\"potentialAction\":[{\"@type\":\"ReadAction\",\"target\":[\"https:\/\/vilafames.org\/ajuntament__trashed\/impressos-oficials\/sollicitud-de-difusio-publica-dactivitat-2\/\"]}]},{\"@type\":\"BreadcrumbList\",\"@id\":\"https:\/\/vilafames.org\/ajuntament__trashed\/impressos-oficials\/sollicitud-de-difusio-publica-dactivitat-2\/#breadcrumb\",\"itemListElement\":[{\"@type\":\"ListItem\",\"position\":1,\"name\":\"Inici\",\"item\":\"https:\/\/vilafames.org\/\"},{\"@type\":\"ListItem\",\"position\":2,\"name\":\"Impressos oficials\",\"item\":\"https:\/\/vilafames.org\/ajuntament__trashed\/impressos-oficials\/\"},{\"@type\":\"ListItem\",\"position\":3,\"name\":\"Sol\u00b7licitud de difusi\u00f3 p\u00fablica d&#8217;activitat\"}]},{\"@type\":\"WebSite\",\"@id\":\"https:\/\/vilafames.org\/#website\",\"url\":\"https:\/\/vilafames.org\/\",\"name\":\"Web de l'Ajuntament de Vilafam\u00e9s\",\"description\":\"Web de l&#039;Ajuntament de Vilafam\u00e9s\",\"publisher\":{\"@id\":\"https:\/\/vilafames.org\/#organization\"},\"potentialAction\":[{\"@type\":\"SearchAction\",\"target\":{\"@type\":\"EntryPoint\",\"urlTemplate\":\"https:\/\/vilafames.org\/?s={search_term_string}\"},\"query-input\":{\"@type\":\"PropertyValueSpecification\",\"valueRequired\":true,\"valueName\":\"search_term_string\"}}],\"inLanguage\":\"es\"},{\"@type\":\"Organization\",\"@id\":\"https:\/\/vilafames.org\/#organization\",\"name\":\"Web de l'Ajuntament de Vilafam\u00e9s\",\"url\":\"https:\/\/vilafames.org\/\",\"logo\":{\"@type\":\"ImageObject\",\"inLanguage\":\"es\",\"@id\":\"https:\/\/vilafames.org\/#\/schema\/logo\/image\/\",\"url\":\"https:\/\/vilafames.org\/wp-content\/uploads\/cropped-marca_v_rgb-1-1.png\",\"contentUrl\":\"https:\/\/vilafames.org\/wp-content\/uploads\/cropped-marca_v_rgb-1-1.png\",\"width\":558,\"height\":269,\"caption\":\"Web de l'Ajuntament de Vilafam\u00e9s\"},\"image\":{\"@id\":\"https:\/\/vilafames.org\/#\/schema\/logo\/image\/\"},\"sameAs\":[\"https:\/\/www.facebook.com\/AjuntamentVilafames\",\"https:\/\/x.com\/ajtvilafames\",\"https:\/\/www.instagram.com\/ajuntamentvilafames\/\",\"https:\/\/www.youtube.com\/channel\/UCjXWt3n8FHiahgKqHZWOTXQ\"]}]}<\/script>\n<!-- \/ Yoast SEO plugin. -->","yoast_head_json":{"title":"[:ca]Sol\u00b7licitud de difusi\u00f3 p\u00fablica d'activitat[:es]Solicitud de difusi\u00f3n p\u00fablica de actividad[:] - Web de l&#039;Ajuntament de Vilafam\u00e9s","robots":{"index":"index","follow":"follow","max-snippet":"max-snippet:-1","max-image-preview":"max-image-preview:large","max-video-preview":"max-video-preview:-1"},"canonical":"https:\/\/vilafames.org\/ajuntament__trashed\/impressos-oficials\/sollicitud-de-difusio-publica-dactivitat-2\/","og_locale":"es_ES","og_type":"article","og_title":"[:ca]Sol\u00b7licitud de difusi\u00f3 p\u00fablica d'activitat[:es]Solicitud de difusi\u00f3n p\u00fablica de actividad[:] - Web de l&#039;Ajuntament de Vilafam\u00e9s","og_description":"El ayuntamiento de Vilafam\u00e9s, con la finalidad de promocionar el comercio y las empresas locales ha establecido, entre otras actuaciones, la realizaci\u00f3n de una gu\u00eda comercial y empresarial en diferentes plataformas on-line. Con el fin de tener actualizada la informaci\u00f3n, cualquier empresa que quiera aparecer anunciada en dichos soportes, as\u00ed como los cambios que se [&hellip;]","og_url":"https:\/\/vilafames.org\/ajuntament__trashed\/impressos-oficials\/sollicitud-de-difusio-publica-dactivitat-2\/","og_site_name":"Web de l&#039;Ajuntament de Vilafam\u00e9s","article_publisher":"https:\/\/www.facebook.com\/AjuntamentVilafames","article_modified_time":"2017-05-25T10:01:14+00:00","twitter_card":"summary_large_image","twitter_site":"@ajtvilafames","twitter_misc":{"Tiempo de lectura":"1 minuto"},"schema":{"@context":"https:\/\/schema.org","@graph":[{"@type":"WebPage","@id":"https:\/\/vilafames.org\/ajuntament__trashed\/impressos-oficials\/sollicitud-de-difusio-publica-dactivitat-2\/","url":"https:\/\/vilafames.org\/ajuntament__trashed\/impressos-oficials\/sollicitud-de-difusio-publica-dactivitat-2\/","name":"[:ca]Sol\u00b7licitud de difusi\u00f3 p\u00fablica d'activitat[:es]Solicitud de difusi\u00f3n p\u00fablica de actividad[:] - Web de l&#039;Ajuntament de Vilafam\u00e9s","isPartOf":{"@id":"https:\/\/vilafames.org\/#website"},"datePublished":"2017-05-24T12:47:56+00:00","dateModified":"2017-05-25T10:01:14+00:00","breadcrumb":{"@id":"https:\/\/vilafames.org\/ajuntament__trashed\/impressos-oficials\/sollicitud-de-difusio-publica-dactivitat-2\/#breadcrumb"},"inLanguage":"es","potentialAction":[{"@type":"ReadAction","target":["https:\/\/vilafames.org\/ajuntament__trashed\/impressos-oficials\/sollicitud-de-difusio-publica-dactivitat-2\/"]}]},{"@type":"BreadcrumbList","@id":"https:\/\/vilafames.org\/ajuntament__trashed\/impressos-oficials\/sollicitud-de-difusio-publica-dactivitat-2\/#breadcrumb","itemListElement":[{"@type":"ListItem","position":1,"name":"Inici","item":"https:\/\/vilafames.org\/"},{"@type":"ListItem","position":2,"name":"Impressos oficials","item":"https:\/\/vilafames.org\/ajuntament__trashed\/impressos-oficials\/"},{"@type":"ListItem","position":3,"name":"Sol\u00b7licitud de difusi\u00f3 p\u00fablica d&#8217;activitat"}]},{"@type":"WebSite","@id":"https:\/\/vilafames.org\/#website","url":"https:\/\/vilafames.org\/","name":"Web de l'Ajuntament de Vilafam\u00e9s","description":"Web de l&#039;Ajuntament de Vilafam\u00e9s","publisher":{"@id":"https:\/\/vilafames.org\/#organization"},"potentialAction":[{"@type":"SearchAction","target":{"@type":"EntryPoint","urlTemplate":"https:\/\/vilafames.org\/?s={search_term_string}"},"query-input":{"@type":"PropertyValueSpecification","valueRequired":true,"valueName":"search_term_string"}}],"inLanguage":"es"},{"@type":"Organization","@id":"https:\/\/vilafames.org\/#organization","name":"Web de l'Ajuntament de Vilafam\u00e9s","url":"https:\/\/vilafames.org\/","logo":{"@type":"ImageObject","inLanguage":"es","@id":"https:\/\/vilafames.org\/#\/schema\/logo\/image\/","url":"https:\/\/vilafames.org\/wp-content\/uploads\/cropped-marca_v_rgb-1-1.png","contentUrl":"https:\/\/vilafames.org\/wp-content\/uploads\/cropped-marca_v_rgb-1-1.png","width":558,"height":269,"caption":"Web de l'Ajuntament de Vilafam\u00e9s"},"image":{"@id":"https:\/\/vilafames.org\/#\/schema\/logo\/image\/"},"sameAs":["https:\/\/www.facebook.com\/AjuntamentVilafames","https:\/\/x.com\/ajtvilafames","https:\/\/www.instagram.com\/ajuntamentvilafames\/","https:\/\/www.youtube.com\/channel\/UCjXWt3n8FHiahgKqHZWOTXQ"]}]}},"_links":{"self":[{"href":"https:\/\/vilafames.org\/es\/wp-json\/wp\/v2\/pages\/2786","targetHints":{"allow":["GET"]}}],"collection":[{"href":"https:\/\/vilafames.org\/es\/wp-json\/wp\/v2\/pages"}],"about":[{"href":"https:\/\/vilafames.org\/es\/wp-json\/wp\/v2\/types\/page"}],"author":[{"embeddable":true,"href":"https:\/\/vilafames.org\/es\/wp-json\/wp\/v2\/users\/3"}],"replies":[{"embeddable":true,"href":"https:\/\/vilafames.org\/es\/wp-json\/wp\/v2\/comments?post=2786"}],"version-history":[{"count":0,"href":"https:\/\/vilafames.org\/es\/wp-json\/wp\/v2\/pages\/2786\/revisions"}],"up":[{"embeddable":true,"href":"https:\/\/vilafames.org\/es\/wp-json\/wp\/v2\/pages\/179"}],"wp:attachment":[{"href":"https:\/\/vilafames.org\/es\/wp-json\/wp\/v2\/media?parent=2786"}],"curies":[{"name":"wp","href":"https:\/\/api.w.org\/{rel}","templated":true}]}}