{"id":2539,"date":"2017-04-10T10:36:08","date_gmt":"2017-04-10T08:36:08","guid":{"rendered":"http:\/\/vilafames.org\/?page_id=2539"},"modified":"2022-10-11T08:48:54","modified_gmt":"2022-10-11T06:48:54","slug":"codi-de-conducta-personal-public","status":"publish","type":"page","link":"https:\/\/vilafames.org\/es\/codi-de-conducta-personal-public\/","title":{"rendered":"C\u00f3digo de conducta del personal p\u00fablico al servicio del ayuntamiento de Vilafam\u00e9s"},"content":{"rendered":"<p>El ayuntamiento en sesi\u00f3n plenaria de 6 de octubre de 2022, aprob\u00f3 el Plan de Medidas Antifraude el cual contiene, en el anexo IV, el C\u00f3digo de Conducta de los empleados p\u00fablicos al servicio del Ayuntamiento de Vilafam\u00e9s.<\/p>\n<p>El C\u00f3digo, constituye una herramienta esencial para la mejora de la calidad institucional y reforzar la confianza de la ciudadan\u00eda con la instituci\u00f3n, alineada con una pol\u00edtica de calidad institucional.<\/p>\n<p>Siguiendo el criterio establecido por la OCDE a su \u00abRecomendaci\u00f3n sobre Integridad P\u00fablica de 26 de enero de 2017\u00bb, el sector p\u00fablico tiene que implementar sistemas de integridad, promover una cultura \u00e9tica y ejercer el liderazgo necesario en este \u00e1mbito y, por \u00faltimo, demostrar una rendici\u00f3n de cuentas real y efectiva, para que los resultados de la actividad administrativa lleguen a la ciudadan\u00eda y puedan ser comprendidos por esta.","protected":false},"excerpt":{"rendered":"<p>El ayuntamiento en sesi\u00f3n plenaria de 6 de octubre de 2022, aprob\u00f3 el Plan de Medidas Antifraude el cual contiene, en el anexo IV, el C\u00f3digo de Conducta de los empleados p\u00fablicos al servicio del Ayuntamiento de Vilafam\u00e9s. El C\u00f3digo, constituye una herramienta esencial para la mejora de la calidad institucional y reforzar la confianza [&hellip;]<\/p>\n","protected":false},"author":3,"featured_media":0,"parent":0,"menu_order":4,"comment_status":"closed","ping_status":"closed","template":"","meta":{"footnotes":""},"class_list":["post-2539","page","type-page","status-publish","hentry"],"yoast_head":"<!-- This site is optimized with the Yoast SEO plugin v24.8.1 - https:\/\/yoast.com\/wordpress\/plugins\/seo\/ -->\n<title>C\u00f3digo de conducta del personal p\u00fablico al servicio del ayuntamiento de Vilafam\u00e9s - Web de l&#039;Ajuntament de Vilafam\u00e9s<\/title>\n<meta name=\"robots\" content=\"index, follow, max-snippet:-1, max-image-preview:large, max-video-preview:-1\" \/>\n<link rel=\"canonical\" href=\"https:\/\/vilafames.org\/ajuntament__trashed\/codi-de-conducta-personal-public\/\" \/>\n<meta property=\"og:locale\" content=\"es_ES\" \/>\n<meta property=\"og:type\" content=\"article\" \/>\n<meta property=\"og:title\" content=\"[:ca]Codi de conducta del personal p\u00fablic al servei de l&#039;ajuntament de Vilafam\u00e9s[:es]C\u00f3digo de conducta del personal p\u00fablico al servicio del ayuntamiento de Vilafam\u00e9s[:] - Web de l&#039;Ajuntament de Vilafam\u00e9s\" \/>\n<meta property=\"og:description\" content=\"El ayuntamiento en sesi\u00f3n plenaria de 6 de octubre de 2022, aprob\u00f3 el Plan de Medidas Antifraude el cual contiene, en el anexo IV, el C\u00f3digo de Conducta de los empleados p\u00fablicos al servicio del Ayuntamiento de Vilafam\u00e9s. El C\u00f3digo, constituye una herramienta esencial para la mejora de la calidad institucional y reforzar la confianza [&hellip;]\" \/>\n<meta property=\"og:url\" content=\"https:\/\/vilafames.org\/ajuntament__trashed\/codi-de-conducta-personal-public\/\" \/>\n<meta property=\"og:site_name\" content=\"Web de l&#039;Ajuntament de Vilafam\u00e9s\" \/>\n<meta property=\"article:publisher\" content=\"https:\/\/www.facebook.com\/AjuntamentVilafames\" \/>\n<meta property=\"article:modified_time\" content=\"2022-10-11T06:48:54+00:00\" \/>\n<meta name=\"twitter:card\" content=\"summary_large_image\" \/>\n<meta name=\"twitter:site\" content=\"@ajtvilafames\" \/>\n<meta name=\"twitter:label1\" content=\"Tiempo de lectura\" \/>\n\t<meta name=\"twitter:data1\" content=\"1 minuto\" \/>\n<script type=\"application\/ld+json\" class=\"yoast-schema-graph\">{\"@context\":\"https:\/\/schema.org\",\"@graph\":[{\"@type\":\"WebPage\",\"@id\":\"https:\/\/vilafames.org\/ajuntament__trashed\/codi-de-conducta-personal-public\/\",\"url\":\"https:\/\/vilafames.org\/ajuntament__trashed\/codi-de-conducta-personal-public\/\",\"name\":\"[:ca]Codi de conducta del personal p\u00fablic al servei de l'ajuntament de Vilafam\u00e9s[:es]C\u00f3digo de conducta del personal p\u00fablico al servicio del ayuntamiento de Vilafam\u00e9s[:] - Web de l&#039;Ajuntament de Vilafam\u00e9s\",\"isPartOf\":{\"@id\":\"https:\/\/vilafames.org\/#website\"},\"datePublished\":\"2017-04-10T08:36:08+00:00\",\"dateModified\":\"2022-10-11T06:48:54+00:00\",\"breadcrumb\":{\"@id\":\"https:\/\/vilafames.org\/ajuntament__trashed\/codi-de-conducta-personal-public\/#breadcrumb\"},\"inLanguage\":\"es\",\"potentialAction\":[{\"@type\":\"ReadAction\",\"target\":[\"https:\/\/vilafames.org\/ajuntament__trashed\/codi-de-conducta-personal-public\/\"]}]},{\"@type\":\"BreadcrumbList\",\"@id\":\"https:\/\/vilafames.org\/ajuntament__trashed\/codi-de-conducta-personal-public\/#breadcrumb\",\"itemListElement\":[{\"@type\":\"ListItem\",\"position\":1,\"name\":\"Inici\",\"item\":\"https:\/\/vilafames.org\/\"},{\"@type\":\"ListItem\",\"position\":2,\"name\":\"Codi de conducta del personal p\u00fablic al servei de l&#8217;ajuntament de Vilafam\u00e9s\"}]},{\"@type\":\"WebSite\",\"@id\":\"https:\/\/vilafames.org\/#website\",\"url\":\"https:\/\/vilafames.org\/\",\"name\":\"Web de l'Ajuntament de Vilafam\u00e9s\",\"description\":\"Web de l&#039;Ajuntament de Vilafam\u00e9s\",\"publisher\":{\"@id\":\"https:\/\/vilafames.org\/#organization\"},\"potentialAction\":[{\"@type\":\"SearchAction\",\"target\":{\"@type\":\"EntryPoint\",\"urlTemplate\":\"https:\/\/vilafames.org\/?s={search_term_string}\"},\"query-input\":{\"@type\":\"PropertyValueSpecification\",\"valueRequired\":true,\"valueName\":\"search_term_string\"}}],\"inLanguage\":\"es\"},{\"@type\":\"Organization\",\"@id\":\"https:\/\/vilafames.org\/#organization\",\"name\":\"Web de l'Ajuntament de Vilafam\u00e9s\",\"url\":\"https:\/\/vilafames.org\/\",\"logo\":{\"@type\":\"ImageObject\",\"inLanguage\":\"es\",\"@id\":\"https:\/\/vilafames.org\/#\/schema\/logo\/image\/\",\"url\":\"https:\/\/vilafames.org\/wp-content\/uploads\/cropped-marca_v_rgb-1-1.png\",\"contentUrl\":\"https:\/\/vilafames.org\/wp-content\/uploads\/cropped-marca_v_rgb-1-1.png\",\"width\":558,\"height\":269,\"caption\":\"Web de l'Ajuntament de Vilafam\u00e9s\"},\"image\":{\"@id\":\"https:\/\/vilafames.org\/#\/schema\/logo\/image\/\"},\"sameAs\":[\"https:\/\/www.facebook.com\/AjuntamentVilafames\",\"https:\/\/x.com\/ajtvilafames\",\"https:\/\/www.instagram.com\/ajuntamentvilafames\/\",\"https:\/\/www.youtube.com\/channel\/UCjXWt3n8FHiahgKqHZWOTXQ\"]}]}<\/script>\n<!-- \/ Yoast SEO plugin. -->","yoast_head_json":{"title":"[:ca]Codi de conducta del personal p\u00fablic al servei de l'ajuntament de Vilafam\u00e9s[:es]C\u00f3digo de conducta del personal p\u00fablico al servicio del ayuntamiento de Vilafam\u00e9s[:] - Web de l&#039;Ajuntament de Vilafam\u00e9s","robots":{"index":"index","follow":"follow","max-snippet":"max-snippet:-1","max-image-preview":"max-image-preview:large","max-video-preview":"max-video-preview:-1"},"canonical":"https:\/\/vilafames.org\/ajuntament__trashed\/codi-de-conducta-personal-public\/","og_locale":"es_ES","og_type":"article","og_title":"[:ca]Codi de conducta del personal p\u00fablic al servei de l'ajuntament de Vilafam\u00e9s[:es]C\u00f3digo de conducta del personal p\u00fablico al servicio del ayuntamiento de Vilafam\u00e9s[:] - Web de l&#039;Ajuntament de Vilafam\u00e9s","og_description":"El ayuntamiento en sesi\u00f3n plenaria de 6 de octubre de 2022, aprob\u00f3 el Plan de Medidas Antifraude el cual contiene, en el anexo IV, el C\u00f3digo de Conducta de los empleados p\u00fablicos al servicio del Ayuntamiento de Vilafam\u00e9s. El C\u00f3digo, constituye una herramienta esencial para la mejora de la calidad institucional y reforzar la confianza [&hellip;]","og_url":"https:\/\/vilafames.org\/ajuntament__trashed\/codi-de-conducta-personal-public\/","og_site_name":"Web de l&#039;Ajuntament de Vilafam\u00e9s","article_publisher":"https:\/\/www.facebook.com\/AjuntamentVilafames","article_modified_time":"2022-10-11T06:48:54+00:00","twitter_card":"summary_large_image","twitter_site":"@ajtvilafames","twitter_misc":{"Tiempo de lectura":"1 minuto"},"schema":{"@context":"https:\/\/schema.org","@graph":[{"@type":"WebPage","@id":"https:\/\/vilafames.org\/ajuntament__trashed\/codi-de-conducta-personal-public\/","url":"https:\/\/vilafames.org\/ajuntament__trashed\/codi-de-conducta-personal-public\/","name":"[:ca]Codi de conducta del personal p\u00fablic al servei de l'ajuntament de Vilafam\u00e9s[:es]C\u00f3digo de conducta del personal p\u00fablico al servicio del ayuntamiento de Vilafam\u00e9s[:] - Web de l&#039;Ajuntament de Vilafam\u00e9s","isPartOf":{"@id":"https:\/\/vilafames.org\/#website"},"datePublished":"2017-04-10T08:36:08+00:00","dateModified":"2022-10-11T06:48:54+00:00","breadcrumb":{"@id":"https:\/\/vilafames.org\/ajuntament__trashed\/codi-de-conducta-personal-public\/#breadcrumb"},"inLanguage":"es","potentialAction":[{"@type":"ReadAction","target":["https:\/\/vilafames.org\/ajuntament__trashed\/codi-de-conducta-personal-public\/"]}]},{"@type":"BreadcrumbList","@id":"https:\/\/vilafames.org\/ajuntament__trashed\/codi-de-conducta-personal-public\/#breadcrumb","itemListElement":[{"@type":"ListItem","position":1,"name":"Inici","item":"https:\/\/vilafames.org\/"},{"@type":"ListItem","position":2,"name":"Codi de conducta del personal p\u00fablic al servei de l&#8217;ajuntament de Vilafam\u00e9s"}]},{"@type":"WebSite","@id":"https:\/\/vilafames.org\/#website","url":"https:\/\/vilafames.org\/","name":"Web de l'Ajuntament de Vilafam\u00e9s","description":"Web de l&#039;Ajuntament de Vilafam\u00e9s","publisher":{"@id":"https:\/\/vilafames.org\/#organization"},"potentialAction":[{"@type":"SearchAction","target":{"@type":"EntryPoint","urlTemplate":"https:\/\/vilafames.org\/?s={search_term_string}"},"query-input":{"@type":"PropertyValueSpecification","valueRequired":true,"valueName":"search_term_string"}}],"inLanguage":"es"},{"@type":"Organization","@id":"https:\/\/vilafames.org\/#organization","name":"Web de l'Ajuntament de Vilafam\u00e9s","url":"https:\/\/vilafames.org\/","logo":{"@type":"ImageObject","inLanguage":"es","@id":"https:\/\/vilafames.org\/#\/schema\/logo\/image\/","url":"https:\/\/vilafames.org\/wp-content\/uploads\/cropped-marca_v_rgb-1-1.png","contentUrl":"https:\/\/vilafames.org\/wp-content\/uploads\/cropped-marca_v_rgb-1-1.png","width":558,"height":269,"caption":"Web de l'Ajuntament de Vilafam\u00e9s"},"image":{"@id":"https:\/\/vilafames.org\/#\/schema\/logo\/image\/"},"sameAs":["https:\/\/www.facebook.com\/AjuntamentVilafames","https:\/\/x.com\/ajtvilafames","https:\/\/www.instagram.com\/ajuntamentvilafames\/","https:\/\/www.youtube.com\/channel\/UCjXWt3n8FHiahgKqHZWOTXQ"]}]}},"_links":{"self":[{"href":"https:\/\/vilafames.org\/es\/wp-json\/wp\/v2\/pages\/2539","targetHints":{"allow":["GET"]}}],"collection":[{"href":"https:\/\/vilafames.org\/es\/wp-json\/wp\/v2\/pages"}],"about":[{"href":"https:\/\/vilafames.org\/es\/wp-json\/wp\/v2\/types\/page"}],"author":[{"embeddable":true,"href":"https:\/\/vilafames.org\/es\/wp-json\/wp\/v2\/users\/3"}],"replies":[{"embeddable":true,"href":"https:\/\/vilafames.org\/es\/wp-json\/wp\/v2\/comments?post=2539"}],"version-history":[{"count":0,"href":"https:\/\/vilafames.org\/es\/wp-json\/wp\/v2\/pages\/2539\/revisions"}],"wp:attachment":[{"href":"https:\/\/vilafames.org\/es\/wp-json\/wp\/v2\/media?parent=2539"}],"curies":[{"name":"wp","href":"https:\/\/api.w.org\/{rel}","templated":true}]}}