{"id":2525,"date":"2017-04-06T14:45:18","date_gmt":"2017-04-06T12:45:18","guid":{"rendered":"http:\/\/vilafames.org\/?page_id=2525"},"modified":"2017-04-10T08:33:32","modified_gmt":"2017-04-10T06:33:32","slug":"setmana-santa","status":"publish","type":"page","link":"https:\/\/vilafames.org\/es\/festes\/setmana-santa\/","title":{"rendered":"Semana Santa"},"content":{"rendered":"<p>La Semana Santa en Vilafam\u00e9s, al igual que en el occidente cristiano, supone la conmemoraci\u00f3n anual de la Pasi\u00f3n, Muerte y Resurrecci\u00f3n de Jes\u00fas. Es una festividad de honda tradici\u00f3n que se inicia el Domingo de Ramos y finaliza con el Domingo de Resurrecci\u00f3n.<\/p>\n<p>Se tiene documentado en el siglo XVIII la representaci\u00f3n de la Pasi\u00f3n de Jes\u00fas a trav\u00e9s de la obra \u00abLa Inocencia castigada\u00bb obra de Tom\u00e0s Serra i Pal\u00f3s, de Burriana, la cual se representaba en tres jornadas.<\/p>\n<p>Papel destacado en la celebraci\u00f3n de la Semana Santa tiene la Cofrad\u00eda de la Precios\u00edsima Sangre de Nuestro Se\u00f1or Jesucristo, la cual se encarga de la organizaci\u00f3n de las diferentes celebraciones, donde destacan las procesiones del Jueves Santo, Viernes Santo (o del Entierro) y el domingo la procesi\u00f3n del Encuentro.<\/p>\n<p>En las \u00faltimas d\u00e9cadas se ha convertido en tradicional, el Domingo de Resurrecci\u00f3n, realizar una comida campestre las collas de amigos, donde por la tarde se merienda la tradicional \u00abmona de Pasqua\u00bb.<\/p>\n<p><a href=\"https:\/\/vilafames.corvanit.com\/poble\/festes\/setmana-santa\/setmana-santa-2017\/\"><img decoding=\"async\" class=\"alignnone wp-image-2476 size-medium lazyload\" data-src=\"https:\/\/vilafames.corvanit.com\/wp-content\/uploads\/IMG_6924-modificada-600x400.jpg\" alt=\"\" width=\"600\" height=\"400\" data-srcset=\"https:\/\/vilafames.org\/wp-content\/uploads\/IMG_6924-modificada-600x400.jpg 600w, https:\/\/vilafames.org\/wp-content\/uploads\/IMG_6924-modificada-768x512.jpg 768w, https:\/\/vilafames.org\/wp-content\/uploads\/IMG_6924-modificada-1024x683.jpg 1024w, https:\/\/vilafames.org\/wp-content\/uploads\/IMG_6924-modificada.jpg 1296w\" data-sizes=\"(max-width: 600px) 100vw, 600px\" src=\"data:image\/gif;base64,R0lGODlhAQABAAAAACH5BAEKAAEALAAAAAABAAEAAAICTAEAOw==\" style=\"--smush-placeholder-width: 600px; --smush-placeholder-aspect-ratio: 600\/400;\" \/><\/a>","protected":false},"excerpt":{"rendered":"<p>La Semana Santa en Vilafam\u00e9s, al igual que en el occidente cristiano, supone la conmemoraci\u00f3n anual de la Pasi\u00f3n, Muerte y Resurrecci\u00f3n de Jes\u00fas. Es una festividad de honda tradici\u00f3n que se inicia el Domingo de Ramos y finaliza con el Domingo de Resurrecci\u00f3n. Se tiene documentado en el siglo XVIII la representaci\u00f3n de la [&hellip;]<\/p>\n","protected":false},"author":3,"featured_media":2476,"parent":666,"menu_order":0,"comment_status":"closed","ping_status":"closed","template":"","meta":{"footnotes":""},"class_list":["post-2525","page","type-page","status-publish","has-post-thumbnail","hentry"],"yoast_head":"<!-- This site is optimized with the Yoast SEO plugin v24.8.1 - https:\/\/yoast.com\/wordpress\/plugins\/seo\/ -->\n<title>Semana Santa - Web de l&#039;Ajuntament de Vilafam\u00e9s<\/title>\n<meta name=\"robots\" content=\"index, follow, max-snippet:-1, max-image-preview:large, max-video-preview:-1\" \/>\n<link rel=\"canonical\" href=\"https:\/\/vilafames.org\/poble__trashed\/festes\/setmana-santa\/\" \/>\n<meta property=\"og:locale\" content=\"es_ES\" \/>\n<meta property=\"og:type\" content=\"article\" \/>\n<meta property=\"og:title\" content=\"[:ca]Setmana Santa[:es]Semana Santa[:] - Web de l&#039;Ajuntament de Vilafam\u00e9s\" \/>\n<meta property=\"og:description\" content=\"La Semana Santa en Vilafam\u00e9s, al igual que en el occidente cristiano, supone la conmemoraci\u00f3n anual de la Pasi\u00f3n, Muerte y Resurrecci\u00f3n de Jes\u00fas. Es una festividad de honda tradici\u00f3n que se inicia el Domingo de Ramos y finaliza con el Domingo de Resurrecci\u00f3n. Se tiene documentado en el siglo XVIII la representaci\u00f3n de la [&hellip;]\" \/>\n<meta property=\"og:url\" content=\"https:\/\/vilafames.org\/poble__trashed\/festes\/setmana-santa\/\" \/>\n<meta property=\"og:site_name\" content=\"Web de l&#039;Ajuntament de Vilafam\u00e9s\" \/>\n<meta property=\"article:publisher\" content=\"https:\/\/www.facebook.com\/AjuntamentVilafames\" \/>\n<meta property=\"article:modified_time\" content=\"2017-04-10T06:33:32+00:00\" \/>\n<meta property=\"og:image\" content=\"https:\/\/vilafames.org\/wp-content\/uploads\/IMG_6924-modificada.jpg\" \/>\n\t<meta property=\"og:image:width\" content=\"1296\" \/>\n\t<meta property=\"og:image:height\" content=\"864\" \/>\n\t<meta property=\"og:image:type\" content=\"image\/jpeg\" \/>\n<meta name=\"twitter:card\" content=\"summary_large_image\" \/>\n<meta name=\"twitter:site\" content=\"@ajtvilafames\" \/>\n<meta name=\"twitter:label1\" content=\"Tiempo de lectura\" \/>\n\t<meta name=\"twitter:data1\" content=\"2 minutos\" \/>\n<script type=\"application\/ld+json\" class=\"yoast-schema-graph\">{\"@context\":\"https:\/\/schema.org\",\"@graph\":[{\"@type\":\"WebPage\",\"@id\":\"https:\/\/vilafames.org\/poble__trashed\/festes\/setmana-santa\/\",\"url\":\"https:\/\/vilafames.org\/poble__trashed\/festes\/setmana-santa\/\",\"name\":\"[:ca]Setmana Santa[:es]Semana Santa[:] - Web de l&#039;Ajuntament de Vilafam\u00e9s\",\"isPartOf\":{\"@id\":\"https:\/\/vilafames.org\/#website\"},\"primaryImageOfPage\":{\"@id\":\"https:\/\/vilafames.org\/poble__trashed\/festes\/setmana-santa\/#primaryimage\"},\"image\":{\"@id\":\"https:\/\/vilafames.org\/poble__trashed\/festes\/setmana-santa\/#primaryimage\"},\"thumbnailUrl\":\"https:\/\/vilafames.org\/wp-content\/uploads\/IMG_6924-modificada.jpg\",\"datePublished\":\"2017-04-06T12:45:18+00:00\",\"dateModified\":\"2017-04-10T06:33:32+00:00\",\"breadcrumb\":{\"@id\":\"https:\/\/vilafames.org\/poble__trashed\/festes\/setmana-santa\/#breadcrumb\"},\"inLanguage\":\"es\",\"potentialAction\":[{\"@type\":\"ReadAction\",\"target\":[\"https:\/\/vilafames.org\/poble__trashed\/festes\/setmana-santa\/\"]}]},{\"@type\":\"ImageObject\",\"inLanguage\":\"es\",\"@id\":\"https:\/\/vilafames.org\/poble__trashed\/festes\/setmana-santa\/#primaryimage\",\"url\":\"https:\/\/vilafames.org\/wp-content\/uploads\/IMG_6924-modificada.jpg\",\"contentUrl\":\"https:\/\/vilafames.org\/wp-content\/uploads\/IMG_6924-modificada.jpg\",\"width\":1296,\"height\":864},{\"@type\":\"BreadcrumbList\",\"@id\":\"https:\/\/vilafames.org\/poble__trashed\/festes\/setmana-santa\/#breadcrumb\",\"itemListElement\":[{\"@type\":\"ListItem\",\"position\":1,\"name\":\"Inici\",\"item\":\"https:\/\/vilafames.org\/\"},{\"@type\":\"ListItem\",\"position\":2,\"name\":\"Festes i tradicions\",\"item\":\"https:\/\/vilafames.org\/poble__trashed\/festes\/\"},{\"@type\":\"ListItem\",\"position\":3,\"name\":\"Setmana Santa\"}]},{\"@type\":\"WebSite\",\"@id\":\"https:\/\/vilafames.org\/#website\",\"url\":\"https:\/\/vilafames.org\/\",\"name\":\"Web de l'Ajuntament de Vilafam\u00e9s\",\"description\":\"Web de l&#039;Ajuntament de Vilafam\u00e9s\",\"publisher\":{\"@id\":\"https:\/\/vilafames.org\/#organization\"},\"potentialAction\":[{\"@type\":\"SearchAction\",\"target\":{\"@type\":\"EntryPoint\",\"urlTemplate\":\"https:\/\/vilafames.org\/?s={search_term_string}\"},\"query-input\":{\"@type\":\"PropertyValueSpecification\",\"valueRequired\":true,\"valueName\":\"search_term_string\"}}],\"inLanguage\":\"es\"},{\"@type\":\"Organization\",\"@id\":\"https:\/\/vilafames.org\/#organization\",\"name\":\"Web de l'Ajuntament de Vilafam\u00e9s\",\"url\":\"https:\/\/vilafames.org\/\",\"logo\":{\"@type\":\"ImageObject\",\"inLanguage\":\"es\",\"@id\":\"https:\/\/vilafames.org\/#\/schema\/logo\/image\/\",\"url\":\"https:\/\/vilafames.org\/wp-content\/uploads\/cropped-marca_v_rgb-1-1.png\",\"contentUrl\":\"https:\/\/vilafames.org\/wp-content\/uploads\/cropped-marca_v_rgb-1-1.png\",\"width\":558,\"height\":269,\"caption\":\"Web de l'Ajuntament de Vilafam\u00e9s\"},\"image\":{\"@id\":\"https:\/\/vilafames.org\/#\/schema\/logo\/image\/\"},\"sameAs\":[\"https:\/\/www.facebook.com\/AjuntamentVilafames\",\"https:\/\/x.com\/ajtvilafames\",\"https:\/\/www.instagram.com\/ajuntamentvilafames\/\",\"https:\/\/www.youtube.com\/channel\/UCjXWt3n8FHiahgKqHZWOTXQ\"]}]}<\/script>\n<!-- \/ Yoast SEO plugin. -->","yoast_head_json":{"title":"[:ca]Setmana Santa[:es]Semana Santa[:] - Web de l&#039;Ajuntament de Vilafam\u00e9s","robots":{"index":"index","follow":"follow","max-snippet":"max-snippet:-1","max-image-preview":"max-image-preview:large","max-video-preview":"max-video-preview:-1"},"canonical":"https:\/\/vilafames.org\/poble__trashed\/festes\/setmana-santa\/","og_locale":"es_ES","og_type":"article","og_title":"[:ca]Setmana Santa[:es]Semana Santa[:] - Web de l&#039;Ajuntament de Vilafam\u00e9s","og_description":"La Semana Santa en Vilafam\u00e9s, al igual que en el occidente cristiano, supone la conmemoraci\u00f3n anual de la Pasi\u00f3n, Muerte y Resurrecci\u00f3n de Jes\u00fas. Es una festividad de honda tradici\u00f3n que se inicia el Domingo de Ramos y finaliza con el Domingo de Resurrecci\u00f3n. Se tiene documentado en el siglo XVIII la representaci\u00f3n de la [&hellip;]","og_url":"https:\/\/vilafames.org\/poble__trashed\/festes\/setmana-santa\/","og_site_name":"Web de l&#039;Ajuntament de Vilafam\u00e9s","article_publisher":"https:\/\/www.facebook.com\/AjuntamentVilafames","article_modified_time":"2017-04-10T06:33:32+00:00","og_image":[{"width":1296,"height":864,"url":"https:\/\/vilafames.org\/wp-content\/uploads\/IMG_6924-modificada.jpg","type":"image\/jpeg"}],"twitter_card":"summary_large_image","twitter_site":"@ajtvilafames","twitter_misc":{"Tiempo de lectura":"2 minutos"},"schema":{"@context":"https:\/\/schema.org","@graph":[{"@type":"WebPage","@id":"https:\/\/vilafames.org\/poble__trashed\/festes\/setmana-santa\/","url":"https:\/\/vilafames.org\/poble__trashed\/festes\/setmana-santa\/","name":"[:ca]Setmana Santa[:es]Semana Santa[:] - Web de l&#039;Ajuntament de Vilafam\u00e9s","isPartOf":{"@id":"https:\/\/vilafames.org\/#website"},"primaryImageOfPage":{"@id":"https:\/\/vilafames.org\/poble__trashed\/festes\/setmana-santa\/#primaryimage"},"image":{"@id":"https:\/\/vilafames.org\/poble__trashed\/festes\/setmana-santa\/#primaryimage"},"thumbnailUrl":"https:\/\/vilafames.org\/wp-content\/uploads\/IMG_6924-modificada.jpg","datePublished":"2017-04-06T12:45:18+00:00","dateModified":"2017-04-10T06:33:32+00:00","breadcrumb":{"@id":"https:\/\/vilafames.org\/poble__trashed\/festes\/setmana-santa\/#breadcrumb"},"inLanguage":"es","potentialAction":[{"@type":"ReadAction","target":["https:\/\/vilafames.org\/poble__trashed\/festes\/setmana-santa\/"]}]},{"@type":"ImageObject","inLanguage":"es","@id":"https:\/\/vilafames.org\/poble__trashed\/festes\/setmana-santa\/#primaryimage","url":"https:\/\/vilafames.org\/wp-content\/uploads\/IMG_6924-modificada.jpg","contentUrl":"https:\/\/vilafames.org\/wp-content\/uploads\/IMG_6924-modificada.jpg","width":1296,"height":864},{"@type":"BreadcrumbList","@id":"https:\/\/vilafames.org\/poble__trashed\/festes\/setmana-santa\/#breadcrumb","itemListElement":[{"@type":"ListItem","position":1,"name":"Inici","item":"https:\/\/vilafames.org\/"},{"@type":"ListItem","position":2,"name":"Festes i tradicions","item":"https:\/\/vilafames.org\/poble__trashed\/festes\/"},{"@type":"ListItem","position":3,"name":"Setmana Santa"}]},{"@type":"WebSite","@id":"https:\/\/vilafames.org\/#website","url":"https:\/\/vilafames.org\/","name":"Web de l'Ajuntament de Vilafam\u00e9s","description":"Web de l&#039;Ajuntament de Vilafam\u00e9s","publisher":{"@id":"https:\/\/vilafames.org\/#organization"},"potentialAction":[{"@type":"SearchAction","target":{"@type":"EntryPoint","urlTemplate":"https:\/\/vilafames.org\/?s={search_term_string}"},"query-input":{"@type":"PropertyValueSpecification","valueRequired":true,"valueName":"search_term_string"}}],"inLanguage":"es"},{"@type":"Organization","@id":"https:\/\/vilafames.org\/#organization","name":"Web de l'Ajuntament de Vilafam\u00e9s","url":"https:\/\/vilafames.org\/","logo":{"@type":"ImageObject","inLanguage":"es","@id":"https:\/\/vilafames.org\/#\/schema\/logo\/image\/","url":"https:\/\/vilafames.org\/wp-content\/uploads\/cropped-marca_v_rgb-1-1.png","contentUrl":"https:\/\/vilafames.org\/wp-content\/uploads\/cropped-marca_v_rgb-1-1.png","width":558,"height":269,"caption":"Web de l'Ajuntament de Vilafam\u00e9s"},"image":{"@id":"https:\/\/vilafames.org\/#\/schema\/logo\/image\/"},"sameAs":["https:\/\/www.facebook.com\/AjuntamentVilafames","https:\/\/x.com\/ajtvilafames","https:\/\/www.instagram.com\/ajuntamentvilafames\/","https:\/\/www.youtube.com\/channel\/UCjXWt3n8FHiahgKqHZWOTXQ"]}]}},"_links":{"self":[{"href":"https:\/\/vilafames.org\/es\/wp-json\/wp\/v2\/pages\/2525","targetHints":{"allow":["GET"]}}],"collection":[{"href":"https:\/\/vilafames.org\/es\/wp-json\/wp\/v2\/pages"}],"about":[{"href":"https:\/\/vilafames.org\/es\/wp-json\/wp\/v2\/types\/page"}],"author":[{"embeddable":true,"href":"https:\/\/vilafames.org\/es\/wp-json\/wp\/v2\/users\/3"}],"replies":[{"embeddable":true,"href":"https:\/\/vilafames.org\/es\/wp-json\/wp\/v2\/comments?post=2525"}],"version-history":[{"count":0,"href":"https:\/\/vilafames.org\/es\/wp-json\/wp\/v2\/pages\/2525\/revisions"}],"up":[{"embeddable":true,"href":"https:\/\/vilafames.org\/es\/wp-json\/wp\/v2\/pages\/666"}],"wp:featuredmedia":[{"embeddable":true,"href":"https:\/\/vilafames.org\/es\/wp-json\/wp\/v2\/media\/2476"}],"wp:attachment":[{"href":"https:\/\/vilafames.org\/es\/wp-json\/wp\/v2\/media?parent=2525"}],"curies":[{"name":"wp","href":"https:\/\/api.w.org\/{rel}","templated":true}]}}