{"id":2072,"date":"2017-01-31T11:51:44","date_gmt":"2017-01-31T10:51:44","guid":{"rendered":"http:\/\/vilafames.org\/?page_id=2072"},"modified":"2017-01-31T13:09:10","modified_gmt":"2017-01-31T12:09:10","slug":"nova-web-municipal","status":"publish","type":"page","link":"https:\/\/vilafames.org\/es\/nova-web-municipal\/","title":{"rendered":"Nueva web municipal"},"content":{"rendered":"<p>El Ayuntamiento de Vilafam\u00e9s os presenta la nueva p\u00e1gina web municipal www.vilafames.es. M\u00e1s moderna, atractiva y adaptada para tablets, tel\u00e9fonos m\u00f3viles y ordenadores convencionales. Clara, transparente y accesible para todos los vecinos, vecinas y visitantes.<\/p>\n<p>En el men\u00fa inicial podr\u00e1 acceder a toda la informaci\u00f3n relativa al Ayuntamiento. El alcalde y su agenda diaria, los concejales, los plenos, las ordenanzas y el portal de transparencia &#8230;. Un espacio abierto a su consulta y participaci\u00f3n.<\/p>\n<p><img decoding=\"async\" data-src=\"https:\/\/vilafames.corvanit.com\/wp-content\/uploads\/webPresentacio.jpg\" alt=\"\" width=\"1000\" height=\"637\" class=\"alignnone size-full wp-image-2068 lazyload\" data-srcset=\"https:\/\/vilafames.org\/wp-content\/uploads\/webPresentacio.jpg 1000w, https:\/\/vilafames.org\/wp-content\/uploads\/webPresentacio-600x382.jpg 600w, https:\/\/vilafames.org\/wp-content\/uploads\/webPresentacio-768x489.jpg 768w\" data-sizes=\"(max-width: 1000px) 100vw, 1000px\" src=\"data:image\/gif;base64,R0lGODlhAQABAAAAACH5BAEKAAEALAAAAAABAAEAAAICTAEAOw==\" style=\"--smush-placeholder-width: 1000px; --smush-placeholder-aspect-ratio: 1000\/637;\" \/><\/p>\n<p>En la web podr\u00e1 conocer todos los servicios del pueblo. La app Vilafam\u00e9s Info, leer el bolet\u00edn de informaci\u00f3n municipal, las instalaciones y servicios municipales, las farmacias de guardia, la recogida de residuos &#8230; todo a un clic de distancia<\/p>\n<p>Historia, patrimonio, rutas, gastronom\u00eda, tradiciones, las fiestas &#8230; tambi\u00e9n est\u00e1n Vilafames.es Porque vecinos y visitantes conozcan quienes somos, que hacemos y qu\u00e9 ofrecemos.<\/p>\n<p><iframe title=\"Nova web - Ajuntament de Vilafam\u00e9s\" width=\"500\" height=\"281\" data-src=\"https:\/\/www.youtube.com\/embed\/hLyj0x6AHts?feature=oembed\" frameborder=\"0\" allow=\"accelerometer; autoplay; clipboard-write; encrypted-media; gyroscope; picture-in-picture; web-share\" referrerpolicy=\"strict-origin-when-cross-origin\" allowfullscreen src=\"data:image\/gif;base64,R0lGODlhAQABAAAAACH5BAEKAAEALAAAAAABAAEAAAICTAEAOw==\" class=\"lazyload\" data-load-mode=\"1\"><\/iframe><\/p>\n<p>Y como no todas las noticias y actualidad que genera el Ayuntamiento al d\u00eda, para que sep\u00e1is como es la gesti\u00f3n del d\u00eda a d\u00eda, la agenda del pueblo, los avisos.<\/p>\n<p>Adem\u00e1s, la web contiene un men\u00fa de acceso r\u00e1pido llamado Vilafam\u00e9s m\u00e1s cerca, que posibilitar\u00e1 a los navegantes tener a un solo clic el contenido m\u00e1s relevante en cada \u00e9poca del a\u00f1o. Tambi\u00e9n ofrece un men\u00fa en la parte de la derecha donde se puede acceder a la sede electr\u00f3nica, gu\u00eda comercial, web de transparencia o conectar con la estaci\u00f3n meteorol\u00f3gica instalada en el mismo consistorio.<\/p>\n<p>Vilafames.es ser\u00e1 una web activa, que ir\u00e1 cambiando y adapt\u00e1ndose al pueblo, a las sugerencias que nos puedan plantear y la realidad de los vecinos, vecinas y visitantes.<\/p>\n<p>En la nueva web municipal no olvidemos los enlaces con el museo de arte contempor\u00e1neo, con el paraje natural de San Miguel y con todo lo que identifica a Vilafam\u00e9s.<\/p>\n<p>En Castellano y en Valenciano, con indicaciones f\u00e1ciles y sencillas de c\u00f3mo llegar al pueblo, con fotos y videos, con la informaci\u00f3n meteorol\u00f3gica. Una web creado con las tecnolog\u00edas web m\u00e1s innovadoras para ofrecer la mejor opci\u00f3n se adapta a los nuevos tiempos y que desde ahora ser\u00e1 su portal de acceso a Vilafam\u00e9s. Bienvenidos.","protected":false},"excerpt":{"rendered":"<p>El Ayuntamiento de Vilafam\u00e9s os presenta la nueva p\u00e1gina web municipal www.vilafames.es. M\u00e1s moderna, atractiva y adaptada para tablets, tel\u00e9fonos m\u00f3viles y ordenadores convencionales. Clara, transparente y accesible para todos los vecinos, vecinas y visitantes. En el men\u00fa inicial podr\u00e1 acceder a toda la informaci\u00f3n relativa al Ayuntamiento. El alcalde y su agenda diaria, los [&hellip;]<\/p>\n","protected":false},"author":3,"featured_media":0,"parent":0,"menu_order":0,"comment_status":"closed","ping_status":"closed","template":"","meta":{"footnotes":""},"class_list":["post-2072","page","type-page","status-publish","hentry"],"yoast_head":"<!-- This site is optimized with the Yoast SEO plugin v24.8.1 - https:\/\/yoast.com\/wordpress\/plugins\/seo\/ -->\n<title>Nueva web municipal - Web de l&#039;Ajuntament de Vilafam\u00e9s<\/title>\n<meta name=\"robots\" content=\"index, follow, max-snippet:-1, max-image-preview:large, max-video-preview:-1\" \/>\n<link rel=\"canonical\" href=\"https:\/\/vilafames.org\/nova-web-municipal\/\" \/>\n<meta property=\"og:locale\" content=\"es_ES\" \/>\n<meta property=\"og:type\" content=\"article\" \/>\n<meta property=\"og:title\" content=\"[:ca]Nova web municipal[:es]Nueva web municipal[:] - Web de l&#039;Ajuntament de Vilafam\u00e9s\" \/>\n<meta property=\"og:description\" content=\"El Ayuntamiento de Vilafam\u00e9s os presenta la nueva p\u00e1gina web municipal www.vilafames.es. M\u00e1s moderna, atractiva y adaptada para tablets, tel\u00e9fonos m\u00f3viles y ordenadores convencionales. Clara, transparente y accesible para todos los vecinos, vecinas y visitantes. En el men\u00fa inicial podr\u00e1 acceder a toda la informaci\u00f3n relativa al Ayuntamiento. El alcalde y su agenda diaria, los [&hellip;]\" \/>\n<meta property=\"og:url\" content=\"https:\/\/vilafames.org\/nova-web-municipal\/\" \/>\n<meta property=\"og:site_name\" content=\"Web de l&#039;Ajuntament de Vilafam\u00e9s\" \/>\n<meta property=\"article:publisher\" content=\"https:\/\/www.facebook.com\/AjuntamentVilafames\" \/>\n<meta property=\"article:modified_time\" content=\"2017-01-31T12:09:10+00:00\" \/>\n<meta property=\"og:image\" content=\"https:\/\/vilafames.org\/wp-content\/uploads\/webPresentacio.jpg\" \/>\n\t<meta property=\"og:image:width\" content=\"1000\" \/>\n\t<meta property=\"og:image:height\" content=\"637\" \/>\n\t<meta property=\"og:image:type\" content=\"image\/jpeg\" \/>\n<meta name=\"twitter:card\" content=\"summary_large_image\" \/>\n<meta name=\"twitter:site\" content=\"@ajtvilafames\" \/>\n<meta name=\"twitter:label1\" content=\"Tiempo de lectura\" \/>\n\t<meta name=\"twitter:data1\" content=\"4 minutos\" \/>\n<script type=\"application\/ld+json\" class=\"yoast-schema-graph\">{\"@context\":\"https:\/\/schema.org\",\"@graph\":[{\"@type\":\"WebPage\",\"@id\":\"https:\/\/vilafames.org\/nova-web-municipal\/\",\"url\":\"https:\/\/vilafames.org\/nova-web-municipal\/\",\"name\":\"[:ca]Nova web municipal[:es]Nueva web municipal[:] - Web de l&#039;Ajuntament de Vilafam\u00e9s\",\"isPartOf\":{\"@id\":\"https:\/\/vilafames.org\/#website\"},\"primaryImageOfPage\":{\"@id\":\"https:\/\/vilafames.org\/nova-web-municipal\/#primaryimage\"},\"image\":{\"@id\":\"https:\/\/vilafames.org\/nova-web-municipal\/#primaryimage\"},\"thumbnailUrl\":\"https:\/\/vilafames.corvanit.com\/wp-content\/uploads\/webPresentacio.jpg\",\"datePublished\":\"2017-01-31T10:51:44+00:00\",\"dateModified\":\"2017-01-31T12:09:10+00:00\",\"breadcrumb\":{\"@id\":\"https:\/\/vilafames.org\/nova-web-municipal\/#breadcrumb\"},\"inLanguage\":\"es\",\"potentialAction\":[{\"@type\":\"ReadAction\",\"target\":[\"https:\/\/vilafames.org\/nova-web-municipal\/\"]}]},{\"@type\":\"ImageObject\",\"inLanguage\":\"es\",\"@id\":\"https:\/\/vilafames.org\/nova-web-municipal\/#primaryimage\",\"url\":\"https:\/\/vilafames.corvanit.com\/wp-content\/uploads\/webPresentacio.jpg\",\"contentUrl\":\"https:\/\/vilafames.corvanit.com\/wp-content\/uploads\/webPresentacio.jpg\"},{\"@type\":\"BreadcrumbList\",\"@id\":\"https:\/\/vilafames.org\/nova-web-municipal\/#breadcrumb\",\"itemListElement\":[{\"@type\":\"ListItem\",\"position\":1,\"name\":\"Inici\",\"item\":\"https:\/\/vilafames.org\/\"},{\"@type\":\"ListItem\",\"position\":2,\"name\":\"Nova web municipal\"}]},{\"@type\":\"WebSite\",\"@id\":\"https:\/\/vilafames.org\/#website\",\"url\":\"https:\/\/vilafames.org\/\",\"name\":\"Web de l'Ajuntament de Vilafam\u00e9s\",\"description\":\"Web de l&#039;Ajuntament de Vilafam\u00e9s\",\"publisher\":{\"@id\":\"https:\/\/vilafames.org\/#organization\"},\"potentialAction\":[{\"@type\":\"SearchAction\",\"target\":{\"@type\":\"EntryPoint\",\"urlTemplate\":\"https:\/\/vilafames.org\/?s={search_term_string}\"},\"query-input\":{\"@type\":\"PropertyValueSpecification\",\"valueRequired\":true,\"valueName\":\"search_term_string\"}}],\"inLanguage\":\"es\"},{\"@type\":\"Organization\",\"@id\":\"https:\/\/vilafames.org\/#organization\",\"name\":\"Web de l'Ajuntament de Vilafam\u00e9s\",\"url\":\"https:\/\/vilafames.org\/\",\"logo\":{\"@type\":\"ImageObject\",\"inLanguage\":\"es\",\"@id\":\"https:\/\/vilafames.org\/#\/schema\/logo\/image\/\",\"url\":\"https:\/\/vilafames.org\/wp-content\/uploads\/cropped-marca_v_rgb-1-1.png\",\"contentUrl\":\"https:\/\/vilafames.org\/wp-content\/uploads\/cropped-marca_v_rgb-1-1.png\",\"width\":558,\"height\":269,\"caption\":\"Web de l'Ajuntament de Vilafam\u00e9s\"},\"image\":{\"@id\":\"https:\/\/vilafames.org\/#\/schema\/logo\/image\/\"},\"sameAs\":[\"https:\/\/www.facebook.com\/AjuntamentVilafames\",\"https:\/\/x.com\/ajtvilafames\",\"https:\/\/www.instagram.com\/ajuntamentvilafames\/\",\"https:\/\/www.youtube.com\/channel\/UCjXWt3n8FHiahgKqHZWOTXQ\"]}]}<\/script>\n<!-- \/ Yoast SEO plugin. -->","yoast_head_json":{"title":"[:ca]Nova web municipal[:es]Nueva web municipal[:] - Web de l&#039;Ajuntament de Vilafam\u00e9s","robots":{"index":"index","follow":"follow","max-snippet":"max-snippet:-1","max-image-preview":"max-image-preview:large","max-video-preview":"max-video-preview:-1"},"canonical":"https:\/\/vilafames.org\/nova-web-municipal\/","og_locale":"es_ES","og_type":"article","og_title":"[:ca]Nova web municipal[:es]Nueva web municipal[:] - Web de l&#039;Ajuntament de Vilafam\u00e9s","og_description":"El Ayuntamiento de Vilafam\u00e9s os presenta la nueva p\u00e1gina web municipal www.vilafames.es. M\u00e1s moderna, atractiva y adaptada para tablets, tel\u00e9fonos m\u00f3viles y ordenadores convencionales. Clara, transparente y accesible para todos los vecinos, vecinas y visitantes. En el men\u00fa inicial podr\u00e1 acceder a toda la informaci\u00f3n relativa al Ayuntamiento. El alcalde y su agenda diaria, los [&hellip;]","og_url":"https:\/\/vilafames.org\/nova-web-municipal\/","og_site_name":"Web de l&#039;Ajuntament de Vilafam\u00e9s","article_publisher":"https:\/\/www.facebook.com\/AjuntamentVilafames","article_modified_time":"2017-01-31T12:09:10+00:00","og_image":[{"width":1000,"height":637,"url":"https:\/\/vilafames.org\/wp-content\/uploads\/webPresentacio.jpg","type":"image\/jpeg"}],"twitter_card":"summary_large_image","twitter_site":"@ajtvilafames","twitter_misc":{"Tiempo de lectura":"4 minutos"},"schema":{"@context":"https:\/\/schema.org","@graph":[{"@type":"WebPage","@id":"https:\/\/vilafames.org\/nova-web-municipal\/","url":"https:\/\/vilafames.org\/nova-web-municipal\/","name":"[:ca]Nova web municipal[:es]Nueva web municipal[:] - Web de l&#039;Ajuntament de Vilafam\u00e9s","isPartOf":{"@id":"https:\/\/vilafames.org\/#website"},"primaryImageOfPage":{"@id":"https:\/\/vilafames.org\/nova-web-municipal\/#primaryimage"},"image":{"@id":"https:\/\/vilafames.org\/nova-web-municipal\/#primaryimage"},"thumbnailUrl":"https:\/\/vilafames.corvanit.com\/wp-content\/uploads\/webPresentacio.jpg","datePublished":"2017-01-31T10:51:44+00:00","dateModified":"2017-01-31T12:09:10+00:00","breadcrumb":{"@id":"https:\/\/vilafames.org\/nova-web-municipal\/#breadcrumb"},"inLanguage":"es","potentialAction":[{"@type":"ReadAction","target":["https:\/\/vilafames.org\/nova-web-municipal\/"]}]},{"@type":"ImageObject","inLanguage":"es","@id":"https:\/\/vilafames.org\/nova-web-municipal\/#primaryimage","url":"https:\/\/vilafames.corvanit.com\/wp-content\/uploads\/webPresentacio.jpg","contentUrl":"https:\/\/vilafames.corvanit.com\/wp-content\/uploads\/webPresentacio.jpg"},{"@type":"BreadcrumbList","@id":"https:\/\/vilafames.org\/nova-web-municipal\/#breadcrumb","itemListElement":[{"@type":"ListItem","position":1,"name":"Inici","item":"https:\/\/vilafames.org\/"},{"@type":"ListItem","position":2,"name":"Nova web municipal"}]},{"@type":"WebSite","@id":"https:\/\/vilafames.org\/#website","url":"https:\/\/vilafames.org\/","name":"Web de l'Ajuntament de Vilafam\u00e9s","description":"Web de l&#039;Ajuntament de Vilafam\u00e9s","publisher":{"@id":"https:\/\/vilafames.org\/#organization"},"potentialAction":[{"@type":"SearchAction","target":{"@type":"EntryPoint","urlTemplate":"https:\/\/vilafames.org\/?s={search_term_string}"},"query-input":{"@type":"PropertyValueSpecification","valueRequired":true,"valueName":"search_term_string"}}],"inLanguage":"es"},{"@type":"Organization","@id":"https:\/\/vilafames.org\/#organization","name":"Web de l'Ajuntament de Vilafam\u00e9s","url":"https:\/\/vilafames.org\/","logo":{"@type":"ImageObject","inLanguage":"es","@id":"https:\/\/vilafames.org\/#\/schema\/logo\/image\/","url":"https:\/\/vilafames.org\/wp-content\/uploads\/cropped-marca_v_rgb-1-1.png","contentUrl":"https:\/\/vilafames.org\/wp-content\/uploads\/cropped-marca_v_rgb-1-1.png","width":558,"height":269,"caption":"Web de l'Ajuntament de Vilafam\u00e9s"},"image":{"@id":"https:\/\/vilafames.org\/#\/schema\/logo\/image\/"},"sameAs":["https:\/\/www.facebook.com\/AjuntamentVilafames","https:\/\/x.com\/ajtvilafames","https:\/\/www.instagram.com\/ajuntamentvilafames\/","https:\/\/www.youtube.com\/channel\/UCjXWt3n8FHiahgKqHZWOTXQ"]}]}},"_links":{"self":[{"href":"https:\/\/vilafames.org\/es\/wp-json\/wp\/v2\/pages\/2072","targetHints":{"allow":["GET"]}}],"collection":[{"href":"https:\/\/vilafames.org\/es\/wp-json\/wp\/v2\/pages"}],"about":[{"href":"https:\/\/vilafames.org\/es\/wp-json\/wp\/v2\/types\/page"}],"author":[{"embeddable":true,"href":"https:\/\/vilafames.org\/es\/wp-json\/wp\/v2\/users\/3"}],"replies":[{"embeddable":true,"href":"https:\/\/vilafames.org\/es\/wp-json\/wp\/v2\/comments?post=2072"}],"version-history":[{"count":0,"href":"https:\/\/vilafames.org\/es\/wp-json\/wp\/v2\/pages\/2072\/revisions"}],"wp:attachment":[{"href":"https:\/\/vilafames.org\/es\/wp-json\/wp\/v2\/media?parent=2072"}],"curies":[{"name":"wp","href":"https:\/\/api.w.org\/{rel}","templated":true}]}}