{"id":1808,"date":"2017-01-28T14:44:28","date_gmt":"2017-01-28T13:44:28","guid":{"rendered":"http:\/\/vilafames.org\/?page_id=1808"},"modified":"2017-01-28T14:56:55","modified_gmt":"2017-01-28T13:56:55","slug":"servei-guifi-net","status":"publish","type":"page","link":"https:\/\/vilafames.org\/es\/internet-public-gratuit\/servei-guifi-net\/","title":{"rendered":"Servicio Guifi.net"},"content":{"rendered":"<p>El Ayuntamiento de Vilafam\u00e9s cuenta con la infraestructura necesaria para disfrutar del sistema Guifi.net, con la intenci\u00f3n de ofrecer a sus vecinos y vecinas de una red de telecomunicaciones p\u00fablica, libre, abierta y neutral.<\/p>\n<p><strong>\u00bfQU\u00c9 OFRECE EL AYUNTAMIENTO?<\/strong><\/p>\n<p>El consistorio cuenta con diferentes repetidores de cobertura Guifi.net, llamados supernodos. Estos est\u00e1n instalados en diferentes puntos estrat\u00e9gicos para cubrir el m\u00e1ximo posible de extensi\u00f3n. Concretamente son situados en la calle San Antonio y el campanario de la iglesia parroquial. Adem\u00e1s, tambi\u00e9n ofrece tres puntos de acceso gratuito durante 60 minutos situados en la Plaza la Fuente, Plaza Hermanas Mas y Plaza la Cerrar.<\/p>\n<p><strong>VENTAJAS DE ESTAR CONECTADO A GUIFI.NET<\/strong><\/p>\n<ul>\n<li>Formar\u00e1s parte y ampliar\u00e1s la red de telecomunicaciones Guifi.net<br \/>\nNo tendr\u00e1s que pagar ninguna cuota mensual para su uso. El \u00fanico coste ser\u00e1 la adquisici\u00f3n, configuraci\u00f3n e instalaci\u00f3n de la antena necesaria (Nanostation) para la recepci\u00f3n de la se\u00f1al.<\/li>\n<\/ul>\n<p><strong>\u00bfQU\u00c9 EXPERIENCIAS TIENE GUIFI.NET?<\/strong><\/p>\n<p>Muchas personas ya est\u00e1n disfrutando de Guifi.net en diferentes pueblos de la Comunidad Valenciana y de Catalu\u00f1a.<\/p>\n<p><strong>\u00bfQUI\u00c9N PUEDE\u00a0CONECTAR?<\/strong><\/p>\n<p>Pueden conectar todos los vecinos de Vilafam\u00e9s que tengan una primera o segunda residencia dentro del t\u00e9rmino municipal. Podr\u00e1n recibir la se\u00f1al todos los vecinos que mantengan visibilidad directa con la antena emisora \u200b\u200bsituada en la zona del repetidor de televisi\u00f3n.<\/p>\n<p><strong>\u00bfQU\u00c9 HACER?<\/strong><\/p>\n<ul>\n<li>Deber\u00e1s adquirir y configurar la antena para poder instalar. El Ayuntamiento pone a disposici\u00f3n de todos los vecinos las instrucciones para que las personas con conocimientos suficientes puedan realizar la instalaci\u00f3n. Tambi\u00e9n pueden encargar la instalaci\u00f3n a cualquier empresa especializada.<br \/>\nDespu\u00e9s tienes que pedir el alta como usuario en el Ayuntamiento, llenando el Modelo de solicitud de usuario y contrase\u00f1a<\/li>\n<\/ul>\n<p><strong>POR QU\u00c9 USUARIO Y CONTRASE\u00d1A (por implantar)?<\/strong><\/p>\n<p>El Ayuntamiento comparte su acceso de forma libre en Internet pero tampoco quiere que nadie faja mal uso de la red. Por eso ha activado un proxy, donde s\u00f3lo aquellos usuarios que hayan sido autorizados podr\u00e1n acceder a la red.<\/p>\n<p><strong>DEBES SABER &#8230;<\/strong><\/p>\n<ul>\n<li>Ni Guifi.net ni el Ayuntamiento de Vilafam\u00e9s no son un proveedor de Internet, aunque puede acceder a Internet mediante esta infraestructura.<\/li>\n<li>La red se basa en la utilizaci\u00f3n del dominio p\u00fablico radioel\u00e9ctrico mediante de las frecuencias de uso com\u00fan.<\/li>\n<li>La oferta de este servicio no tiene ning\u00fan fin comercial.<\/li>\n<li>Si un d\u00eda no funciona el supernodo, no se podr\u00e1 reclamar al Ayuntamiento para que el servicio es gratuito. Guifi.net y el Ayuntamiento no se hacen responsables de las posibles interrupciones temporales del suministro. No obstante, el Ayuntamiento se compromete a reparar el suministro lo antes posible.<\/li>\n<li>El Ayuntamiento se encargar\u00e1 exclusivamente del mantenimiento de su equipo instalado, adem\u00e1s de las antenas Nanostation instaladas en los domicilios particulares.<\/li>\n<li>Cada vecino ser\u00e1 responsable de la adquisici\u00f3n, montaje y mantenimiento de su antena.<\/li>\n<li>No se garantiza ning\u00fan ancho de banda, que estar\u00e1 condicionado en funci\u00f3n de los usuarios conectados en ese momento.<\/li>\n<li>Est\u00e1n restringidas las descargas p2p (programas tipo eMule o Ares)<\/li>\n<li>En caso de mal uso de la conexi\u00f3n a Internet, el consistorio podr\u00e1 tomar las medidas oportunas que podr\u00e1n ser desde limitar considerablemente la velocidad de navegaci\u00f3n a directamente anular el acceso del usuario en concreto. Con estas medidas excepcionales se garantizar\u00e1 la calidad del servicio en beneficio de toda la comunidad Guifi.<\/li>\n<li>Es totalmente legal. Este proyecto de Guifi.net en Vilafam\u00e9s ha sido notificado a la Comisi\u00f3n del Mercado de las Telecomunicaciones y cuenta con autorizaci\u00f3n favorable. As\u00ed, el Ayuntamiento ha sido inscrito en el Registro de Operadores de Red y servicios de comunicaciones electr\u00f3nicas.<\/li>\n<\/ul>\n<p>","protected":false},"excerpt":{"rendered":"<p>El Ayuntamiento de Vilafam\u00e9s cuenta con la infraestructura necesaria para disfrutar del sistema Guifi.net, con la intenci\u00f3n de ofrecer a sus vecinos y vecinas de una red de telecomunicaciones p\u00fablica, libre, abierta y neutral. \u00bfQU\u00c9 OFRECE EL AYUNTAMIENTO? El consistorio cuenta con diferentes repetidores de cobertura Guifi.net, llamados supernodos. Estos est\u00e1n instalados en diferentes puntos [&hellip;]<\/p>\n","protected":false},"author":3,"featured_media":1816,"parent":1748,"menu_order":0,"comment_status":"closed","ping_status":"closed","template":"","meta":{"footnotes":""},"class_list":["post-1808","page","type-page","status-publish","has-post-thumbnail","hentry"],"yoast_head":"<!-- This site is optimized with the Yoast SEO plugin v24.8.1 - https:\/\/yoast.com\/wordpress\/plugins\/seo\/ -->\n<title>Servicio Guifi.net - Web de l&#039;Ajuntament de Vilafam\u00e9s<\/title>\n<meta name=\"robots\" content=\"index, follow, max-snippet:-1, max-image-preview:large, max-video-preview:-1\" \/>\n<link rel=\"canonical\" href=\"https:\/\/vilafames.org\/internet-public-gratuit\/servei-guifi-net\/\" \/>\n<meta property=\"og:locale\" content=\"es_ES\" \/>\n<meta property=\"og:type\" content=\"article\" \/>\n<meta property=\"og:title\" content=\"[:ca]Servei Guifi.net[:es]Servicio Guifi.net[:] - Web de l&#039;Ajuntament de Vilafam\u00e9s\" \/>\n<meta property=\"og:description\" content=\"El Ayuntamiento de Vilafam\u00e9s cuenta con la infraestructura necesaria para disfrutar del sistema Guifi.net, con la intenci\u00f3n de ofrecer a sus vecinos y vecinas de una red de telecomunicaciones p\u00fablica, libre, abierta y neutral. \u00bfQU\u00c9 OFRECE EL AYUNTAMIENTO? El consistorio cuenta con diferentes repetidores de cobertura Guifi.net, llamados supernodos. Estos est\u00e1n instalados en diferentes puntos [&hellip;]\" \/>\n<meta property=\"og:url\" content=\"https:\/\/vilafames.org\/internet-public-gratuit\/servei-guifi-net\/\" \/>\n<meta property=\"og:site_name\" content=\"Web de l&#039;Ajuntament de Vilafam\u00e9s\" \/>\n<meta property=\"article:publisher\" content=\"https:\/\/www.facebook.com\/AjuntamentVilafames\" \/>\n<meta property=\"article:modified_time\" content=\"2017-01-28T13:56:55+00:00\" \/>\n<meta property=\"og:image\" content=\"https:\/\/vilafames.org\/wp-content\/uploads\/guifi.fw_.png\" \/>\n\t<meta property=\"og:image:width\" content=\"300\" \/>\n\t<meta property=\"og:image:height\" content=\"300\" \/>\n\t<meta property=\"og:image:type\" content=\"image\/png\" \/>\n<meta name=\"twitter:card\" content=\"summary_large_image\" \/>\n<meta name=\"twitter:site\" content=\"@ajtvilafames\" \/>\n<meta name=\"twitter:label1\" content=\"Tiempo de lectura\" \/>\n\t<meta name=\"twitter:data1\" content=\"6 minutos\" \/>\n<script type=\"application\/ld+json\" class=\"yoast-schema-graph\">{\"@context\":\"https:\/\/schema.org\",\"@graph\":[{\"@type\":\"WebPage\",\"@id\":\"https:\/\/vilafames.org\/internet-public-gratuit\/servei-guifi-net\/\",\"url\":\"https:\/\/vilafames.org\/internet-public-gratuit\/servei-guifi-net\/\",\"name\":\"[:ca]Servei Guifi.net[:es]Servicio Guifi.net[:] - Web de l&#039;Ajuntament de Vilafam\u00e9s\",\"isPartOf\":{\"@id\":\"https:\/\/vilafames.org\/#website\"},\"primaryImageOfPage\":{\"@id\":\"https:\/\/vilafames.org\/internet-public-gratuit\/servei-guifi-net\/#primaryimage\"},\"image\":{\"@id\":\"https:\/\/vilafames.org\/internet-public-gratuit\/servei-guifi-net\/#primaryimage\"},\"thumbnailUrl\":\"https:\/\/vilafames.org\/wp-content\/uploads\/guifi.fw_.png\",\"datePublished\":\"2017-01-28T13:44:28+00:00\",\"dateModified\":\"2017-01-28T13:56:55+00:00\",\"breadcrumb\":{\"@id\":\"https:\/\/vilafames.org\/internet-public-gratuit\/servei-guifi-net\/#breadcrumb\"},\"inLanguage\":\"es\",\"potentialAction\":[{\"@type\":\"ReadAction\",\"target\":[\"https:\/\/vilafames.org\/internet-public-gratuit\/servei-guifi-net\/\"]}]},{\"@type\":\"ImageObject\",\"inLanguage\":\"es\",\"@id\":\"https:\/\/vilafames.org\/internet-public-gratuit\/servei-guifi-net\/#primaryimage\",\"url\":\"https:\/\/vilafames.org\/wp-content\/uploads\/guifi.fw_.png\",\"contentUrl\":\"https:\/\/vilafames.org\/wp-content\/uploads\/guifi.fw_.png\",\"width\":300,\"height\":300},{\"@type\":\"BreadcrumbList\",\"@id\":\"https:\/\/vilafames.org\/internet-public-gratuit\/servei-guifi-net\/#breadcrumb\",\"itemListElement\":[{\"@type\":\"ListItem\",\"position\":1,\"name\":\"Inici\",\"item\":\"https:\/\/vilafames.org\/\"},{\"@type\":\"ListItem\",\"position\":2,\"name\":\"Internet p\u00fablic gratu\u00eft\",\"item\":\"https:\/\/vilafames.org\/internet-public-gratuit\/\"},{\"@type\":\"ListItem\",\"position\":3,\"name\":\"Servei Guifi.net\"}]},{\"@type\":\"WebSite\",\"@id\":\"https:\/\/vilafames.org\/#website\",\"url\":\"https:\/\/vilafames.org\/\",\"name\":\"Web de l'Ajuntament de Vilafam\u00e9s\",\"description\":\"Web de l&#039;Ajuntament de Vilafam\u00e9s\",\"publisher\":{\"@id\":\"https:\/\/vilafames.org\/#organization\"},\"potentialAction\":[{\"@type\":\"SearchAction\",\"target\":{\"@type\":\"EntryPoint\",\"urlTemplate\":\"https:\/\/vilafames.org\/?s={search_term_string}\"},\"query-input\":{\"@type\":\"PropertyValueSpecification\",\"valueRequired\":true,\"valueName\":\"search_term_string\"}}],\"inLanguage\":\"es\"},{\"@type\":\"Organization\",\"@id\":\"https:\/\/vilafames.org\/#organization\",\"name\":\"Web de l'Ajuntament de Vilafam\u00e9s\",\"url\":\"https:\/\/vilafames.org\/\",\"logo\":{\"@type\":\"ImageObject\",\"inLanguage\":\"es\",\"@id\":\"https:\/\/vilafames.org\/#\/schema\/logo\/image\/\",\"url\":\"https:\/\/vilafames.org\/wp-content\/uploads\/cropped-marca_v_rgb-1-1.png\",\"contentUrl\":\"https:\/\/vilafames.org\/wp-content\/uploads\/cropped-marca_v_rgb-1-1.png\",\"width\":558,\"height\":269,\"caption\":\"Web de l'Ajuntament de Vilafam\u00e9s\"},\"image\":{\"@id\":\"https:\/\/vilafames.org\/#\/schema\/logo\/image\/\"},\"sameAs\":[\"https:\/\/www.facebook.com\/AjuntamentVilafames\",\"https:\/\/x.com\/ajtvilafames\",\"https:\/\/www.instagram.com\/ajuntamentvilafames\/\",\"https:\/\/www.youtube.com\/channel\/UCjXWt3n8FHiahgKqHZWOTXQ\"]}]}<\/script>\n<!-- \/ Yoast SEO plugin. -->","yoast_head_json":{"title":"[:ca]Servei Guifi.net[:es]Servicio Guifi.net[:] - Web de l&#039;Ajuntament de Vilafam\u00e9s","robots":{"index":"index","follow":"follow","max-snippet":"max-snippet:-1","max-image-preview":"max-image-preview:large","max-video-preview":"max-video-preview:-1"},"canonical":"https:\/\/vilafames.org\/internet-public-gratuit\/servei-guifi-net\/","og_locale":"es_ES","og_type":"article","og_title":"[:ca]Servei Guifi.net[:es]Servicio Guifi.net[:] - Web de l&#039;Ajuntament de Vilafam\u00e9s","og_description":"El Ayuntamiento de Vilafam\u00e9s cuenta con la infraestructura necesaria para disfrutar del sistema Guifi.net, con la intenci\u00f3n de ofrecer a sus vecinos y vecinas de una red de telecomunicaciones p\u00fablica, libre, abierta y neutral. \u00bfQU\u00c9 OFRECE EL AYUNTAMIENTO? El consistorio cuenta con diferentes repetidores de cobertura Guifi.net, llamados supernodos. Estos est\u00e1n instalados en diferentes puntos [&hellip;]","og_url":"https:\/\/vilafames.org\/internet-public-gratuit\/servei-guifi-net\/","og_site_name":"Web de l&#039;Ajuntament de Vilafam\u00e9s","article_publisher":"https:\/\/www.facebook.com\/AjuntamentVilafames","article_modified_time":"2017-01-28T13:56:55+00:00","og_image":[{"width":300,"height":300,"url":"https:\/\/vilafames.org\/wp-content\/uploads\/guifi.fw_.png","type":"image\/png"}],"twitter_card":"summary_large_image","twitter_site":"@ajtvilafames","twitter_misc":{"Tiempo de lectura":"6 minutos"},"schema":{"@context":"https:\/\/schema.org","@graph":[{"@type":"WebPage","@id":"https:\/\/vilafames.org\/internet-public-gratuit\/servei-guifi-net\/","url":"https:\/\/vilafames.org\/internet-public-gratuit\/servei-guifi-net\/","name":"[:ca]Servei Guifi.net[:es]Servicio Guifi.net[:] - Web de l&#039;Ajuntament de Vilafam\u00e9s","isPartOf":{"@id":"https:\/\/vilafames.org\/#website"},"primaryImageOfPage":{"@id":"https:\/\/vilafames.org\/internet-public-gratuit\/servei-guifi-net\/#primaryimage"},"image":{"@id":"https:\/\/vilafames.org\/internet-public-gratuit\/servei-guifi-net\/#primaryimage"},"thumbnailUrl":"https:\/\/vilafames.org\/wp-content\/uploads\/guifi.fw_.png","datePublished":"2017-01-28T13:44:28+00:00","dateModified":"2017-01-28T13:56:55+00:00","breadcrumb":{"@id":"https:\/\/vilafames.org\/internet-public-gratuit\/servei-guifi-net\/#breadcrumb"},"inLanguage":"es","potentialAction":[{"@type":"ReadAction","target":["https:\/\/vilafames.org\/internet-public-gratuit\/servei-guifi-net\/"]}]},{"@type":"ImageObject","inLanguage":"es","@id":"https:\/\/vilafames.org\/internet-public-gratuit\/servei-guifi-net\/#primaryimage","url":"https:\/\/vilafames.org\/wp-content\/uploads\/guifi.fw_.png","contentUrl":"https:\/\/vilafames.org\/wp-content\/uploads\/guifi.fw_.png","width":300,"height":300},{"@type":"BreadcrumbList","@id":"https:\/\/vilafames.org\/internet-public-gratuit\/servei-guifi-net\/#breadcrumb","itemListElement":[{"@type":"ListItem","position":1,"name":"Inici","item":"https:\/\/vilafames.org\/"},{"@type":"ListItem","position":2,"name":"Internet p\u00fablic gratu\u00eft","item":"https:\/\/vilafames.org\/internet-public-gratuit\/"},{"@type":"ListItem","position":3,"name":"Servei Guifi.net"}]},{"@type":"WebSite","@id":"https:\/\/vilafames.org\/#website","url":"https:\/\/vilafames.org\/","name":"Web de l'Ajuntament de Vilafam\u00e9s","description":"Web de l&#039;Ajuntament de Vilafam\u00e9s","publisher":{"@id":"https:\/\/vilafames.org\/#organization"},"potentialAction":[{"@type":"SearchAction","target":{"@type":"EntryPoint","urlTemplate":"https:\/\/vilafames.org\/?s={search_term_string}"},"query-input":{"@type":"PropertyValueSpecification","valueRequired":true,"valueName":"search_term_string"}}],"inLanguage":"es"},{"@type":"Organization","@id":"https:\/\/vilafames.org\/#organization","name":"Web de l'Ajuntament de Vilafam\u00e9s","url":"https:\/\/vilafames.org\/","logo":{"@type":"ImageObject","inLanguage":"es","@id":"https:\/\/vilafames.org\/#\/schema\/logo\/image\/","url":"https:\/\/vilafames.org\/wp-content\/uploads\/cropped-marca_v_rgb-1-1.png","contentUrl":"https:\/\/vilafames.org\/wp-content\/uploads\/cropped-marca_v_rgb-1-1.png","width":558,"height":269,"caption":"Web de l'Ajuntament de Vilafam\u00e9s"},"image":{"@id":"https:\/\/vilafames.org\/#\/schema\/logo\/image\/"},"sameAs":["https:\/\/www.facebook.com\/AjuntamentVilafames","https:\/\/x.com\/ajtvilafames","https:\/\/www.instagram.com\/ajuntamentvilafames\/","https:\/\/www.youtube.com\/channel\/UCjXWt3n8FHiahgKqHZWOTXQ"]}]}},"_links":{"self":[{"href":"https:\/\/vilafames.org\/es\/wp-json\/wp\/v2\/pages\/1808","targetHints":{"allow":["GET"]}}],"collection":[{"href":"https:\/\/vilafames.org\/es\/wp-json\/wp\/v2\/pages"}],"about":[{"href":"https:\/\/vilafames.org\/es\/wp-json\/wp\/v2\/types\/page"}],"author":[{"embeddable":true,"href":"https:\/\/vilafames.org\/es\/wp-json\/wp\/v2\/users\/3"}],"replies":[{"embeddable":true,"href":"https:\/\/vilafames.org\/es\/wp-json\/wp\/v2\/comments?post=1808"}],"version-history":[{"count":0,"href":"https:\/\/vilafames.org\/es\/wp-json\/wp\/v2\/pages\/1808\/revisions"}],"up":[{"embeddable":true,"href":"https:\/\/vilafames.org\/es\/wp-json\/wp\/v2\/pages\/1748"}],"wp:featuredmedia":[{"embeddable":true,"href":"https:\/\/vilafames.org\/es\/wp-json\/wp\/v2\/media\/1816"}],"wp:attachment":[{"href":"https:\/\/vilafames.org\/es\/wp-json\/wp\/v2\/media?parent=1808"}],"curies":[{"name":"wp","href":"https:\/\/api.w.org\/{rel}","templated":true}]}}