{"id":1796,"date":"2017-01-28T14:07:48","date_gmt":"2017-01-28T13:07:48","guid":{"rendered":"http:\/\/vilafames.org\/?page_id=1796"},"modified":"2017-01-28T14:07:48","modified_gmt":"2017-01-28T13:07:48","slug":"sant-miquel-de-veremes","status":"publish","type":"page","link":"https:\/\/vilafames.org\/es\/festes\/sant-miquel-de-veremes\/","title":{"rendered":"Sant Miquel de Veremes"},"content":{"rendered":"<p>Festividad que tiene lugar el 29 de septiembre, siendo nuevamente el patr\u00f3n del municipio, San Miguel, a quien se dedica la festividad. \u00c9sta recibe el sobrenombre de Veremes por celebrarse tras el periodo de recogida de la uva, actividad importante en la poblaci\u00f3n durante la segunda mitad del siglo XX y para diferenciarla de la celebraci\u00f3n que tiene lugar el cuarto domingo de Cuaresma. Dicha festividad cuenta con la realizaci\u00f3n de diversos actos que tienen lugar en la propia ermita: excursiones, comidas, celebraci\u00f3n lit\u00fargica, etc.<\/p>\n<p><img decoding=\"async\" class=\"alignnone size-large wp-image-1797 lazyload\" data-src=\"https:\/\/vilafames.corvanit.com\/wp-content\/uploads\/AF7H1494-1024x683.jpg\" alt=\"\" width=\"500\" height=\"333\" data-srcset=\"https:\/\/vilafames.org\/wp-content\/uploads\/AF7H1494-1024x683.jpg 1024w, https:\/\/vilafames.org\/wp-content\/uploads\/AF7H1494-300x200.jpg 300w, https:\/\/vilafames.org\/wp-content\/uploads\/AF7H1494-768x512.jpg 768w\" data-sizes=\"(max-width: 500px) 100vw, 500px\" src=\"data:image\/gif;base64,R0lGODlhAQABAAAAACH5BAEKAAEALAAAAAABAAEAAAICTAEAOw==\" style=\"--smush-placeholder-width: 500px; --smush-placeholder-aspect-ratio: 500\/333;\" \/>","protected":false},"excerpt":{"rendered":"<p>Festividad que tiene lugar el 29 de septiembre, siendo nuevamente el patr\u00f3n del municipio, San Miguel, a quien se dedica la festividad. \u00c9sta recibe el sobrenombre de Veremes por celebrarse tras el periodo de recogida de la uva, actividad importante en la poblaci\u00f3n durante la segunda mitad del siglo XX y para diferenciarla de la [&hellip;]<\/p>\n","protected":false},"author":3,"featured_media":1797,"parent":666,"menu_order":0,"comment_status":"closed","ping_status":"closed","template":"","meta":{"footnotes":""},"class_list":["post-1796","page","type-page","status-publish","has-post-thumbnail","hentry"],"yoast_head":"<!-- This site is optimized with the Yoast SEO plugin v24.8.1 - https:\/\/yoast.com\/wordpress\/plugins\/seo\/ -->\n<title>Sant Miquel de Veremes - Web de l&#039;Ajuntament de Vilafam\u00e9s<\/title>\n<meta name=\"robots\" content=\"index, follow, max-snippet:-1, max-image-preview:large, max-video-preview:-1\" \/>\n<link rel=\"canonical\" href=\"https:\/\/vilafames.org\/poble__trashed\/festes\/sant-miquel-de-veremes\/\" \/>\n<meta property=\"og:locale\" content=\"es_ES\" \/>\n<meta property=\"og:type\" content=\"article\" \/>\n<meta property=\"og:title\" content=\"Sant Miquel de Veremes - Web de l&#039;Ajuntament de Vilafam\u00e9s\" \/>\n<meta property=\"og:description\" content=\"Festividad que tiene lugar el 29 de septiembre, siendo nuevamente el patr\u00f3n del municipio, San Miguel, a quien se dedica la festividad. \u00c9sta recibe el sobrenombre de Veremes por celebrarse tras el periodo de recogida de la uva, actividad importante en la poblaci\u00f3n durante la segunda mitad del siglo XX y para diferenciarla de la [&hellip;]\" \/>\n<meta property=\"og:url\" content=\"https:\/\/vilafames.org\/poble__trashed\/festes\/sant-miquel-de-veremes\/\" \/>\n<meta property=\"og:site_name\" content=\"Web de l&#039;Ajuntament de Vilafam\u00e9s\" \/>\n<meta property=\"article:publisher\" content=\"https:\/\/www.facebook.com\/AjuntamentVilafames\" \/>\n<meta property=\"og:image\" content=\"https:\/\/vilafames.org\/wp-content\/uploads\/AF7H1494-1024x683.jpg\" \/>\n\t<meta property=\"og:image:width\" content=\"1024\" \/>\n\t<meta property=\"og:image:height\" content=\"683\" \/>\n\t<meta property=\"og:image:type\" content=\"image\/jpeg\" \/>\n<meta name=\"twitter:card\" content=\"summary_large_image\" \/>\n<meta name=\"twitter:site\" content=\"@ajtvilafames\" \/>\n<meta name=\"twitter:label1\" content=\"Tiempo de lectura\" \/>\n\t<meta name=\"twitter:data1\" content=\"1 minuto\" \/>\n<script type=\"application\/ld+json\" class=\"yoast-schema-graph\">{\"@context\":\"https:\/\/schema.org\",\"@graph\":[{\"@type\":\"WebPage\",\"@id\":\"https:\/\/vilafames.org\/poble__trashed\/festes\/sant-miquel-de-veremes\/\",\"url\":\"https:\/\/vilafames.org\/poble__trashed\/festes\/sant-miquel-de-veremes\/\",\"name\":\"Sant Miquel de Veremes - Web de l&#039;Ajuntament de Vilafam\u00e9s\",\"isPartOf\":{\"@id\":\"https:\/\/vilafames.org\/#website\"},\"primaryImageOfPage\":{\"@id\":\"https:\/\/vilafames.org\/poble__trashed\/festes\/sant-miquel-de-veremes\/#primaryimage\"},\"image\":{\"@id\":\"https:\/\/vilafames.org\/poble__trashed\/festes\/sant-miquel-de-veremes\/#primaryimage\"},\"thumbnailUrl\":\"https:\/\/vilafames.org\/wp-content\/uploads\/AF7H1494.jpg\",\"datePublished\":\"2017-01-28T13:07:48+00:00\",\"breadcrumb\":{\"@id\":\"https:\/\/vilafames.org\/poble__trashed\/festes\/sant-miquel-de-veremes\/#breadcrumb\"},\"inLanguage\":\"es\",\"potentialAction\":[{\"@type\":\"ReadAction\",\"target\":[\"https:\/\/vilafames.org\/poble__trashed\/festes\/sant-miquel-de-veremes\/\"]}]},{\"@type\":\"ImageObject\",\"inLanguage\":\"es\",\"@id\":\"https:\/\/vilafames.org\/poble__trashed\/festes\/sant-miquel-de-veremes\/#primaryimage\",\"url\":\"https:\/\/vilafames.org\/wp-content\/uploads\/AF7H1494.jpg\",\"contentUrl\":\"https:\/\/vilafames.org\/wp-content\/uploads\/AF7H1494.jpg\",\"width\":2448,\"height\":1632},{\"@type\":\"BreadcrumbList\",\"@id\":\"https:\/\/vilafames.org\/poble__trashed\/festes\/sant-miquel-de-veremes\/#breadcrumb\",\"itemListElement\":[{\"@type\":\"ListItem\",\"position\":1,\"name\":\"Inici\",\"item\":\"https:\/\/vilafames.org\/\"},{\"@type\":\"ListItem\",\"position\":2,\"name\":\"Festes i tradicions\",\"item\":\"https:\/\/vilafames.org\/poble__trashed\/festes\/\"},{\"@type\":\"ListItem\",\"position\":3,\"name\":\"Sant Miquel de Veremes\"}]},{\"@type\":\"WebSite\",\"@id\":\"https:\/\/vilafames.org\/#website\",\"url\":\"https:\/\/vilafames.org\/\",\"name\":\"Web de l'Ajuntament de Vilafam\u00e9s\",\"description\":\"Web de l&#039;Ajuntament de Vilafam\u00e9s\",\"publisher\":{\"@id\":\"https:\/\/vilafames.org\/#organization\"},\"potentialAction\":[{\"@type\":\"SearchAction\",\"target\":{\"@type\":\"EntryPoint\",\"urlTemplate\":\"https:\/\/vilafames.org\/?s={search_term_string}\"},\"query-input\":{\"@type\":\"PropertyValueSpecification\",\"valueRequired\":true,\"valueName\":\"search_term_string\"}}],\"inLanguage\":\"es\"},{\"@type\":\"Organization\",\"@id\":\"https:\/\/vilafames.org\/#organization\",\"name\":\"Web de l'Ajuntament de Vilafam\u00e9s\",\"url\":\"https:\/\/vilafames.org\/\",\"logo\":{\"@type\":\"ImageObject\",\"inLanguage\":\"es\",\"@id\":\"https:\/\/vilafames.org\/#\/schema\/logo\/image\/\",\"url\":\"https:\/\/vilafames.org\/wp-content\/uploads\/cropped-marca_v_rgb-1-1.png\",\"contentUrl\":\"https:\/\/vilafames.org\/wp-content\/uploads\/cropped-marca_v_rgb-1-1.png\",\"width\":558,\"height\":269,\"caption\":\"Web de l'Ajuntament de Vilafam\u00e9s\"},\"image\":{\"@id\":\"https:\/\/vilafames.org\/#\/schema\/logo\/image\/\"},\"sameAs\":[\"https:\/\/www.facebook.com\/AjuntamentVilafames\",\"https:\/\/x.com\/ajtvilafames\",\"https:\/\/www.instagram.com\/ajuntamentvilafames\/\",\"https:\/\/www.youtube.com\/channel\/UCjXWt3n8FHiahgKqHZWOTXQ\"]}]}<\/script>\n<!-- \/ Yoast SEO plugin. -->","yoast_head_json":{"title":"Sant Miquel de Veremes - Web de l&#039;Ajuntament de Vilafam\u00e9s","robots":{"index":"index","follow":"follow","max-snippet":"max-snippet:-1","max-image-preview":"max-image-preview:large","max-video-preview":"max-video-preview:-1"},"canonical":"https:\/\/vilafames.org\/poble__trashed\/festes\/sant-miquel-de-veremes\/","og_locale":"es_ES","og_type":"article","og_title":"Sant Miquel de Veremes - Web de l&#039;Ajuntament de Vilafam\u00e9s","og_description":"Festividad que tiene lugar el 29 de septiembre, siendo nuevamente el patr\u00f3n del municipio, San Miguel, a quien se dedica la festividad. \u00c9sta recibe el sobrenombre de Veremes por celebrarse tras el periodo de recogida de la uva, actividad importante en la poblaci\u00f3n durante la segunda mitad del siglo XX y para diferenciarla de la [&hellip;]","og_url":"https:\/\/vilafames.org\/poble__trashed\/festes\/sant-miquel-de-veremes\/","og_site_name":"Web de l&#039;Ajuntament de Vilafam\u00e9s","article_publisher":"https:\/\/www.facebook.com\/AjuntamentVilafames","og_image":[{"width":1024,"height":683,"url":"https:\/\/vilafames.org\/wp-content\/uploads\/AF7H1494-1024x683.jpg","type":"image\/jpeg"}],"twitter_card":"summary_large_image","twitter_site":"@ajtvilafames","twitter_misc":{"Tiempo de lectura":"1 minuto"},"schema":{"@context":"https:\/\/schema.org","@graph":[{"@type":"WebPage","@id":"https:\/\/vilafames.org\/poble__trashed\/festes\/sant-miquel-de-veremes\/","url":"https:\/\/vilafames.org\/poble__trashed\/festes\/sant-miquel-de-veremes\/","name":"Sant Miquel de Veremes - Web de l&#039;Ajuntament de Vilafam\u00e9s","isPartOf":{"@id":"https:\/\/vilafames.org\/#website"},"primaryImageOfPage":{"@id":"https:\/\/vilafames.org\/poble__trashed\/festes\/sant-miquel-de-veremes\/#primaryimage"},"image":{"@id":"https:\/\/vilafames.org\/poble__trashed\/festes\/sant-miquel-de-veremes\/#primaryimage"},"thumbnailUrl":"https:\/\/vilafames.org\/wp-content\/uploads\/AF7H1494.jpg","datePublished":"2017-01-28T13:07:48+00:00","breadcrumb":{"@id":"https:\/\/vilafames.org\/poble__trashed\/festes\/sant-miquel-de-veremes\/#breadcrumb"},"inLanguage":"es","potentialAction":[{"@type":"ReadAction","target":["https:\/\/vilafames.org\/poble__trashed\/festes\/sant-miquel-de-veremes\/"]}]},{"@type":"ImageObject","inLanguage":"es","@id":"https:\/\/vilafames.org\/poble__trashed\/festes\/sant-miquel-de-veremes\/#primaryimage","url":"https:\/\/vilafames.org\/wp-content\/uploads\/AF7H1494.jpg","contentUrl":"https:\/\/vilafames.org\/wp-content\/uploads\/AF7H1494.jpg","width":2448,"height":1632},{"@type":"BreadcrumbList","@id":"https:\/\/vilafames.org\/poble__trashed\/festes\/sant-miquel-de-veremes\/#breadcrumb","itemListElement":[{"@type":"ListItem","position":1,"name":"Inici","item":"https:\/\/vilafames.org\/"},{"@type":"ListItem","position":2,"name":"Festes i tradicions","item":"https:\/\/vilafames.org\/poble__trashed\/festes\/"},{"@type":"ListItem","position":3,"name":"Sant Miquel de Veremes"}]},{"@type":"WebSite","@id":"https:\/\/vilafames.org\/#website","url":"https:\/\/vilafames.org\/","name":"Web de l'Ajuntament de Vilafam\u00e9s","description":"Web de l&#039;Ajuntament de Vilafam\u00e9s","publisher":{"@id":"https:\/\/vilafames.org\/#organization"},"potentialAction":[{"@type":"SearchAction","target":{"@type":"EntryPoint","urlTemplate":"https:\/\/vilafames.org\/?s={search_term_string}"},"query-input":{"@type":"PropertyValueSpecification","valueRequired":true,"valueName":"search_term_string"}}],"inLanguage":"es"},{"@type":"Organization","@id":"https:\/\/vilafames.org\/#organization","name":"Web de l'Ajuntament de Vilafam\u00e9s","url":"https:\/\/vilafames.org\/","logo":{"@type":"ImageObject","inLanguage":"es","@id":"https:\/\/vilafames.org\/#\/schema\/logo\/image\/","url":"https:\/\/vilafames.org\/wp-content\/uploads\/cropped-marca_v_rgb-1-1.png","contentUrl":"https:\/\/vilafames.org\/wp-content\/uploads\/cropped-marca_v_rgb-1-1.png","width":558,"height":269,"caption":"Web de l'Ajuntament de Vilafam\u00e9s"},"image":{"@id":"https:\/\/vilafames.org\/#\/schema\/logo\/image\/"},"sameAs":["https:\/\/www.facebook.com\/AjuntamentVilafames","https:\/\/x.com\/ajtvilafames","https:\/\/www.instagram.com\/ajuntamentvilafames\/","https:\/\/www.youtube.com\/channel\/UCjXWt3n8FHiahgKqHZWOTXQ"]}]}},"_links":{"self":[{"href":"https:\/\/vilafames.org\/es\/wp-json\/wp\/v2\/pages\/1796","targetHints":{"allow":["GET"]}}],"collection":[{"href":"https:\/\/vilafames.org\/es\/wp-json\/wp\/v2\/pages"}],"about":[{"href":"https:\/\/vilafames.org\/es\/wp-json\/wp\/v2\/types\/page"}],"author":[{"embeddable":true,"href":"https:\/\/vilafames.org\/es\/wp-json\/wp\/v2\/users\/3"}],"replies":[{"embeddable":true,"href":"https:\/\/vilafames.org\/es\/wp-json\/wp\/v2\/comments?post=1796"}],"version-history":[{"count":0,"href":"https:\/\/vilafames.org\/es\/wp-json\/wp\/v2\/pages\/1796\/revisions"}],"up":[{"embeddable":true,"href":"https:\/\/vilafames.org\/es\/wp-json\/wp\/v2\/pages\/666"}],"wp:featuredmedia":[{"embeddable":true,"href":"https:\/\/vilafames.org\/es\/wp-json\/wp\/v2\/media\/1797"}],"wp:attachment":[{"href":"https:\/\/vilafames.org\/es\/wp-json\/wp\/v2\/media?parent=1796"}],"curies":[{"name":"wp","href":"https:\/\/api.w.org\/{rel}","templated":true}]}}