{"id":1793,"date":"2017-01-28T14:02:33","date_gmt":"2017-01-28T13:02:33","guid":{"rendered":"http:\/\/vilafames.org\/?page_id=1793"},"modified":"2017-01-28T14:02:33","modified_gmt":"2017-01-28T13:02:33","slug":"festes-patronals","status":"publish","type":"page","link":"https:\/\/vilafames.org\/es\/festes\/festes-patronals\/","title":{"rendered":"Fiestas patronales"},"content":{"rendered":"<p>Las fiestas patronales, en honor a la Virgen de la Asunci\u00f3n y al Cristo de la Sangre, tienen lugar a mediados de agosto. Las actividades son muy variadas con la realizaci\u00f3n de exposiciones, conciertos, actividades deportivas, concursos, verbenas, corridas de toros, aunque entre todos ellos destaca el acto de la Serenata al bou, toro que recibe un trato especial y diferente al resto de reses que se exhiben. \u00c9ste, tras la lidia por las diversas calles del pueblo, se expone abierto en canal en la plaza de la Font, momento en que la banda de m\u00fasica comienza el concierto o serenata.<\/p>\n<p><img decoding=\"async\" class=\"alignnone size-large wp-image-1794 lazyload\" data-src=\"https:\/\/vilafames.corvanit.com\/wp-content\/uploads\/MG_6462f-1024x683.jpg\" alt=\"\" width=\"500\" height=\"333\" data-srcset=\"https:\/\/vilafames.org\/wp-content\/uploads\/MG_6462f-1024x683.jpg 1024w, https:\/\/vilafames.org\/wp-content\/uploads\/MG_6462f-300x200.jpg 300w, https:\/\/vilafames.org\/wp-content\/uploads\/MG_6462f-768x512.jpg 768w\" data-sizes=\"(max-width: 500px) 100vw, 500px\" src=\"data:image\/gif;base64,R0lGODlhAQABAAAAACH5BAEKAAEALAAAAAABAAEAAAICTAEAOw==\" style=\"--smush-placeholder-width: 500px; --smush-placeholder-aspect-ratio: 500\/333;\" \/>","protected":false},"excerpt":{"rendered":"<p>Las fiestas patronales, en honor a la Virgen de la Asunci\u00f3n y al Cristo de la Sangre, tienen lugar a mediados de agosto. Las actividades son muy variadas con la realizaci\u00f3n de exposiciones, conciertos, actividades deportivas, concursos, verbenas, corridas de toros, aunque entre todos ellos destaca el acto de la Serenata al bou, toro que [&hellip;]<\/p>\n","protected":false},"author":3,"featured_media":1794,"parent":666,"menu_order":0,"comment_status":"closed","ping_status":"closed","template":"","meta":{"footnotes":""},"class_list":["post-1793","page","type-page","status-publish","has-post-thumbnail","hentry"],"yoast_head":"<!-- This site is optimized with the Yoast SEO plugin v24.8.1 - https:\/\/yoast.com\/wordpress\/plugins\/seo\/ -->\n<title>Fiestas patronales - Web de l&#039;Ajuntament de Vilafam\u00e9s<\/title>\n<meta name=\"robots\" content=\"index, follow, max-snippet:-1, max-image-preview:large, max-video-preview:-1\" \/>\n<link rel=\"canonical\" href=\"https:\/\/vilafames.org\/poble__trashed\/festes\/festes-patronals\/\" \/>\n<meta property=\"og:locale\" content=\"es_ES\" \/>\n<meta property=\"og:type\" content=\"article\" \/>\n<meta property=\"og:title\" content=\"[:ca]Festes patronals[:es]Fiestas patronales[:] - Web de l&#039;Ajuntament de Vilafam\u00e9s\" \/>\n<meta property=\"og:description\" content=\"Las fiestas patronales, en honor a la Virgen de la Asunci\u00f3n y al Cristo de la Sangre, tienen lugar a mediados de agosto. Las actividades son muy variadas con la realizaci\u00f3n de exposiciones, conciertos, actividades deportivas, concursos, verbenas, corridas de toros, aunque entre todos ellos destaca el acto de la Serenata al bou, toro que [&hellip;]\" \/>\n<meta property=\"og:url\" content=\"https:\/\/vilafames.org\/poble__trashed\/festes\/festes-patronals\/\" \/>\n<meta property=\"og:site_name\" content=\"Web de l&#039;Ajuntament de Vilafam\u00e9s\" \/>\n<meta property=\"article:publisher\" content=\"https:\/\/www.facebook.com\/AjuntamentVilafames\" \/>\n<meta property=\"og:image\" content=\"https:\/\/vilafames.org\/wp-content\/uploads\/MG_6462f.jpg\" \/>\n\t<meta property=\"og:image:width\" content=\"5616\" \/>\n\t<meta property=\"og:image:height\" content=\"3744\" \/>\n\t<meta property=\"og:image:type\" content=\"image\/jpeg\" \/>\n<meta name=\"twitter:card\" content=\"summary_large_image\" \/>\n<meta name=\"twitter:site\" content=\"@ajtvilafames\" \/>\n<meta name=\"twitter:label1\" content=\"Tiempo de lectura\" \/>\n\t<meta name=\"twitter:data1\" content=\"1 minuto\" \/>\n<script type=\"application\/ld+json\" class=\"yoast-schema-graph\">{\"@context\":\"https:\/\/schema.org\",\"@graph\":[{\"@type\":\"WebPage\",\"@id\":\"https:\/\/vilafames.org\/poble__trashed\/festes\/festes-patronals\/\",\"url\":\"https:\/\/vilafames.org\/poble__trashed\/festes\/festes-patronals\/\",\"name\":\"[:ca]Festes patronals[:es]Fiestas patronales[:] - Web de l&#039;Ajuntament de Vilafam\u00e9s\",\"isPartOf\":{\"@id\":\"https:\/\/vilafames.org\/#website\"},\"primaryImageOfPage\":{\"@id\":\"https:\/\/vilafames.org\/poble__trashed\/festes\/festes-patronals\/#primaryimage\"},\"image\":{\"@id\":\"https:\/\/vilafames.org\/poble__trashed\/festes\/festes-patronals\/#primaryimage\"},\"thumbnailUrl\":\"https:\/\/vilafames.org\/wp-content\/uploads\/MG_6462f.jpg\",\"datePublished\":\"2017-01-28T13:02:33+00:00\",\"breadcrumb\":{\"@id\":\"https:\/\/vilafames.org\/poble__trashed\/festes\/festes-patronals\/#breadcrumb\"},\"inLanguage\":\"es\",\"potentialAction\":[{\"@type\":\"ReadAction\",\"target\":[\"https:\/\/vilafames.org\/poble__trashed\/festes\/festes-patronals\/\"]}]},{\"@type\":\"ImageObject\",\"inLanguage\":\"es\",\"@id\":\"https:\/\/vilafames.org\/poble__trashed\/festes\/festes-patronals\/#primaryimage\",\"url\":\"https:\/\/vilafames.org\/wp-content\/uploads\/MG_6462f.jpg\",\"contentUrl\":\"https:\/\/vilafames.org\/wp-content\/uploads\/MG_6462f.jpg\",\"width\":5616,\"height\":3744},{\"@type\":\"BreadcrumbList\",\"@id\":\"https:\/\/vilafames.org\/poble__trashed\/festes\/festes-patronals\/#breadcrumb\",\"itemListElement\":[{\"@type\":\"ListItem\",\"position\":1,\"name\":\"Inici\",\"item\":\"https:\/\/vilafames.org\/\"},{\"@type\":\"ListItem\",\"position\":2,\"name\":\"Festes i tradicions\",\"item\":\"https:\/\/vilafames.org\/poble__trashed\/festes\/\"},{\"@type\":\"ListItem\",\"position\":3,\"name\":\"Festes patronals\"}]},{\"@type\":\"WebSite\",\"@id\":\"https:\/\/vilafames.org\/#website\",\"url\":\"https:\/\/vilafames.org\/\",\"name\":\"Web de l'Ajuntament de Vilafam\u00e9s\",\"description\":\"Web de l&#039;Ajuntament de Vilafam\u00e9s\",\"publisher\":{\"@id\":\"https:\/\/vilafames.org\/#organization\"},\"potentialAction\":[{\"@type\":\"SearchAction\",\"target\":{\"@type\":\"EntryPoint\",\"urlTemplate\":\"https:\/\/vilafames.org\/?s={search_term_string}\"},\"query-input\":{\"@type\":\"PropertyValueSpecification\",\"valueRequired\":true,\"valueName\":\"search_term_string\"}}],\"inLanguage\":\"es\"},{\"@type\":\"Organization\",\"@id\":\"https:\/\/vilafames.org\/#organization\",\"name\":\"Web de l'Ajuntament de Vilafam\u00e9s\",\"url\":\"https:\/\/vilafames.org\/\",\"logo\":{\"@type\":\"ImageObject\",\"inLanguage\":\"es\",\"@id\":\"https:\/\/vilafames.org\/#\/schema\/logo\/image\/\",\"url\":\"https:\/\/vilafames.org\/wp-content\/uploads\/cropped-marca_v_rgb-1-1.png\",\"contentUrl\":\"https:\/\/vilafames.org\/wp-content\/uploads\/cropped-marca_v_rgb-1-1.png\",\"width\":558,\"height\":269,\"caption\":\"Web de l'Ajuntament de Vilafam\u00e9s\"},\"image\":{\"@id\":\"https:\/\/vilafames.org\/#\/schema\/logo\/image\/\"},\"sameAs\":[\"https:\/\/www.facebook.com\/AjuntamentVilafames\",\"https:\/\/x.com\/ajtvilafames\",\"https:\/\/www.instagram.com\/ajuntamentvilafames\/\",\"https:\/\/www.youtube.com\/channel\/UCjXWt3n8FHiahgKqHZWOTXQ\"]}]}<\/script>\n<!-- \/ Yoast SEO plugin. -->","yoast_head_json":{"title":"[:ca]Festes patronals[:es]Fiestas patronales[:] - Web de l&#039;Ajuntament de Vilafam\u00e9s","robots":{"index":"index","follow":"follow","max-snippet":"max-snippet:-1","max-image-preview":"max-image-preview:large","max-video-preview":"max-video-preview:-1"},"canonical":"https:\/\/vilafames.org\/poble__trashed\/festes\/festes-patronals\/","og_locale":"es_ES","og_type":"article","og_title":"[:ca]Festes patronals[:es]Fiestas patronales[:] - Web de l&#039;Ajuntament de Vilafam\u00e9s","og_description":"Las fiestas patronales, en honor a la Virgen de la Asunci\u00f3n y al Cristo de la Sangre, tienen lugar a mediados de agosto. Las actividades son muy variadas con la realizaci\u00f3n de exposiciones, conciertos, actividades deportivas, concursos, verbenas, corridas de toros, aunque entre todos ellos destaca el acto de la Serenata al bou, toro que [&hellip;]","og_url":"https:\/\/vilafames.org\/poble__trashed\/festes\/festes-patronals\/","og_site_name":"Web de l&#039;Ajuntament de Vilafam\u00e9s","article_publisher":"https:\/\/www.facebook.com\/AjuntamentVilafames","og_image":[{"width":5616,"height":3744,"url":"https:\/\/vilafames.org\/wp-content\/uploads\/MG_6462f.jpg","type":"image\/jpeg"}],"twitter_card":"summary_large_image","twitter_site":"@ajtvilafames","twitter_misc":{"Tiempo de lectura":"1 minuto"},"schema":{"@context":"https:\/\/schema.org","@graph":[{"@type":"WebPage","@id":"https:\/\/vilafames.org\/poble__trashed\/festes\/festes-patronals\/","url":"https:\/\/vilafames.org\/poble__trashed\/festes\/festes-patronals\/","name":"[:ca]Festes patronals[:es]Fiestas patronales[:] - Web de l&#039;Ajuntament de Vilafam\u00e9s","isPartOf":{"@id":"https:\/\/vilafames.org\/#website"},"primaryImageOfPage":{"@id":"https:\/\/vilafames.org\/poble__trashed\/festes\/festes-patronals\/#primaryimage"},"image":{"@id":"https:\/\/vilafames.org\/poble__trashed\/festes\/festes-patronals\/#primaryimage"},"thumbnailUrl":"https:\/\/vilafames.org\/wp-content\/uploads\/MG_6462f.jpg","datePublished":"2017-01-28T13:02:33+00:00","breadcrumb":{"@id":"https:\/\/vilafames.org\/poble__trashed\/festes\/festes-patronals\/#breadcrumb"},"inLanguage":"es","potentialAction":[{"@type":"ReadAction","target":["https:\/\/vilafames.org\/poble__trashed\/festes\/festes-patronals\/"]}]},{"@type":"ImageObject","inLanguage":"es","@id":"https:\/\/vilafames.org\/poble__trashed\/festes\/festes-patronals\/#primaryimage","url":"https:\/\/vilafames.org\/wp-content\/uploads\/MG_6462f.jpg","contentUrl":"https:\/\/vilafames.org\/wp-content\/uploads\/MG_6462f.jpg","width":5616,"height":3744},{"@type":"BreadcrumbList","@id":"https:\/\/vilafames.org\/poble__trashed\/festes\/festes-patronals\/#breadcrumb","itemListElement":[{"@type":"ListItem","position":1,"name":"Inici","item":"https:\/\/vilafames.org\/"},{"@type":"ListItem","position":2,"name":"Festes i tradicions","item":"https:\/\/vilafames.org\/poble__trashed\/festes\/"},{"@type":"ListItem","position":3,"name":"Festes patronals"}]},{"@type":"WebSite","@id":"https:\/\/vilafames.org\/#website","url":"https:\/\/vilafames.org\/","name":"Web de l'Ajuntament de Vilafam\u00e9s","description":"Web de l&#039;Ajuntament de Vilafam\u00e9s","publisher":{"@id":"https:\/\/vilafames.org\/#organization"},"potentialAction":[{"@type":"SearchAction","target":{"@type":"EntryPoint","urlTemplate":"https:\/\/vilafames.org\/?s={search_term_string}"},"query-input":{"@type":"PropertyValueSpecification","valueRequired":true,"valueName":"search_term_string"}}],"inLanguage":"es"},{"@type":"Organization","@id":"https:\/\/vilafames.org\/#organization","name":"Web de l'Ajuntament de Vilafam\u00e9s","url":"https:\/\/vilafames.org\/","logo":{"@type":"ImageObject","inLanguage":"es","@id":"https:\/\/vilafames.org\/#\/schema\/logo\/image\/","url":"https:\/\/vilafames.org\/wp-content\/uploads\/cropped-marca_v_rgb-1-1.png","contentUrl":"https:\/\/vilafames.org\/wp-content\/uploads\/cropped-marca_v_rgb-1-1.png","width":558,"height":269,"caption":"Web de l'Ajuntament de Vilafam\u00e9s"},"image":{"@id":"https:\/\/vilafames.org\/#\/schema\/logo\/image\/"},"sameAs":["https:\/\/www.facebook.com\/AjuntamentVilafames","https:\/\/x.com\/ajtvilafames","https:\/\/www.instagram.com\/ajuntamentvilafames\/","https:\/\/www.youtube.com\/channel\/UCjXWt3n8FHiahgKqHZWOTXQ"]}]}},"_links":{"self":[{"href":"https:\/\/vilafames.org\/es\/wp-json\/wp\/v2\/pages\/1793","targetHints":{"allow":["GET"]}}],"collection":[{"href":"https:\/\/vilafames.org\/es\/wp-json\/wp\/v2\/pages"}],"about":[{"href":"https:\/\/vilafames.org\/es\/wp-json\/wp\/v2\/types\/page"}],"author":[{"embeddable":true,"href":"https:\/\/vilafames.org\/es\/wp-json\/wp\/v2\/users\/3"}],"replies":[{"embeddable":true,"href":"https:\/\/vilafames.org\/es\/wp-json\/wp\/v2\/comments?post=1793"}],"version-history":[{"count":0,"href":"https:\/\/vilafames.org\/es\/wp-json\/wp\/v2\/pages\/1793\/revisions"}],"up":[{"embeddable":true,"href":"https:\/\/vilafames.org\/es\/wp-json\/wp\/v2\/pages\/666"}],"wp:featuredmedia":[{"embeddable":true,"href":"https:\/\/vilafames.org\/es\/wp-json\/wp\/v2\/media\/1794"}],"wp:attachment":[{"href":"https:\/\/vilafames.org\/es\/wp-json\/wp\/v2\/media?parent=1793"}],"curies":[{"name":"wp","href":"https:\/\/api.w.org\/{rel}","templated":true}]}}