{"id":1612,"date":"2017-01-22T19:35:32","date_gmt":"2017-01-22T18:35:32","guid":{"rendered":"http:\/\/vilafames.org\/?page_id=1612"},"modified":"2024-12-22T11:52:18","modified_gmt":"2024-12-22T10:52:18","slug":"esglesia-de-lassumpcio","status":"publish","type":"page","link":"https:\/\/vilafames.org\/es\/patrimoni\/esglesia-de-lassumpcio\/","title":{"rendered":"Iglesia de la Asunci\u00f3n"},"content":{"rendered":"<p><img decoding=\"async\" class=\"alignleft wp-image-11425 lazyload\" data-src=\"https:\/\/vilafames.corvanit.com\/wp-content\/uploads\/iglesiaasuncioncupula-1-1-573x600.jpg\" alt=\"\" width=\"300\" height=\"314\" data-srcset=\"https:\/\/vilafames.org\/wp-content\/uploads\/iglesiaasuncioncupula-1-1-573x600.jpg 573w, https:\/\/vilafames.org\/wp-content\/uploads\/iglesiaasuncioncupula-1-1-977x1024.jpg 977w, https:\/\/vilafames.org\/wp-content\/uploads\/iglesiaasuncioncupula-1-1-768x805.jpg 768w, https:\/\/vilafames.org\/wp-content\/uploads\/iglesiaasuncioncupula-1-1.jpg 1024w\" data-sizes=\"(max-width: 300px) 100vw, 300px\" src=\"data:image\/gif;base64,R0lGODlhAQABAAAAACH5BAEKAAEALAAAAAABAAEAAAICTAEAOw==\" style=\"--smush-placeholder-width: 300px; --smush-placeholder-aspect-ratio: 300\/314;\" \/>De finales del s. XVI, comienza la construcci\u00f3n en 1594. Su planta es trazada por el maestro de la Seo de Tortosa, Mart\u00edn de Mendoza y adjudicada para su realizaci\u00f3n a Juan Palacios.<\/p>\n<p>En 1778 se reforma, prolong\u00e1ndose el crucero con la Capilla de la Comuni\u00f3n y nuevo presbiterio, bajo la direcci\u00f3n de Andr\u00e9s Moreno, concluyendo las obras de ampliaci\u00f3n en 1783.<\/p>\n<p>La c\u00fapula, demolida por amenazar ruina, se erig\u00eda de nuevo en 1806, bajo direcci\u00f3n de Jos\u00e9 M\u00e1s Ayora.<\/p>\n<p><img decoding=\"async\" class=\"wp-image-1660 alignright lazyload\" data-src=\"https:\/\/vilafames.corvanit.com\/wp-content\/uploads\/iglesiaasuncion-interior-1.jpg\" alt=\"\" width=\"600\" height=\"400\" data-srcset=\"https:\/\/vilafames.org\/wp-content\/uploads\/iglesiaasuncion-interior-1.jpg 1024w, https:\/\/vilafames.org\/wp-content\/uploads\/iglesiaasuncion-interior-1-300x200.jpg 300w, https:\/\/vilafames.org\/wp-content\/uploads\/iglesiaasuncion-interior-1-768x512.jpg 768w\" data-sizes=\"(max-width: 600px) 100vw, 600px\" src=\"data:image\/gif;base64,R0lGODlhAQABAAAAACH5BAEKAAEALAAAAAABAAEAAAICTAEAOw==\" style=\"--smush-placeholder-width: 600px; --smush-placeholder-aspect-ratio: 600\/400;\" \/><\/p>\n<p>Realizada en siller\u00eda, rodeno del terreno y mamposter\u00eda, cubre con teja \u00e1rabe a doble vertiente. Presenta portada fechada en 1601. En el interior se estructura en planta de una sola nave, de cuatro tramos m\u00e1s presbiterio, crucero y capillas entre contrafuertes. Soportes de pilastras corintias, arcos de medio punto con apliques dorados y b\u00f3veda de medio ca\u00f1\u00f3n con lunetos, toda ella decorada con elementos barrocos, apreci\u00e1ndose tambi\u00e9n las nervaduras como elementos persistentes del g\u00f3tico recientemente pasado. En el crucero c\u00fapula ciega sin linterna. Presenta torre campanario adosado de tres cuerpos m\u00e1s remate.<\/p>\n<p>El retablo mayor, de principios del siglo XVII, fue trazado por Agust\u00edn Sanz y adjudicado a Bernardo Monfort.<\/p>\n<p>Destaca as\u00ed mismo la decoraci\u00f3n pict\u00f3rica al fresco en la Capilla de la Comuni\u00f3n y pechinas de la c\u00fapula, obra de J. Oliet, as\u00ed como interesantes ornamentos, orfebrer\u00eda y z\u00f3calo de cer\u00e1mica valenciana del siglo XVIII.<\/p>\n<div id='gallery-2' class='gallery galleryid-1612 gallery-columns-3 gallery-size-medium'><figure class='gallery-item'>\n\t\t\t<div class='gallery-icon portrait'>\n\t\t\t\t<a href='https:\/\/vilafames.org\/wp-content\/uploads\/iglesiaasuncionretablomayor-683x1024-1.jpg'><img decoding=\"async\" width=\"400\" height=\"600\" data-src=\"https:\/\/vilafames.org\/wp-content\/uploads\/iglesiaasuncionretablomayor-683x1024-1-400x600.jpg\" class=\"attachment-medium size-medium lazyload\" alt=\"\" data-srcset=\"https:\/\/vilafames.org\/wp-content\/uploads\/iglesiaasuncionretablomayor-683x1024-1-400x600.jpg 400w, https:\/\/vilafames.org\/wp-content\/uploads\/iglesiaasuncionretablomayor-683x1024-1.jpg 683w\" data-sizes=\"(max-width: 400px) 100vw, 400px\" src=\"data:image\/gif;base64,R0lGODlhAQABAAAAACH5BAEKAAEALAAAAAABAAEAAAICTAEAOw==\" style=\"--smush-placeholder-width: 400px; --smush-placeholder-aspect-ratio: 400\/600;\" \/><\/a>\n\t\t\t<\/div><\/figure><figure class='gallery-item'>\n\t\t\t<div class='gallery-icon portrait'>\n\t\t\t\t<a href='https:\/\/vilafames.org\/wp-content\/uploads\/iglesiaasuncionorgano-683x1024-1.jpg'><img decoding=\"async\" width=\"400\" height=\"600\" data-src=\"https:\/\/vilafames.org\/wp-content\/uploads\/iglesiaasuncionorgano-683x1024-1-400x600.jpg\" class=\"attachment-medium size-medium lazyload\" alt=\"\" data-srcset=\"https:\/\/vilafames.org\/wp-content\/uploads\/iglesiaasuncionorgano-683x1024-1-400x600.jpg 400w, https:\/\/vilafames.org\/wp-content\/uploads\/iglesiaasuncionorgano-683x1024-1.jpg 683w\" data-sizes=\"(max-width: 400px) 100vw, 400px\" src=\"data:image\/gif;base64,R0lGODlhAQABAAAAACH5BAEKAAEALAAAAAABAAEAAAICTAEAOw==\" style=\"--smush-placeholder-width: 400px; --smush-placeholder-aspect-ratio: 400\/600;\" \/><\/a>\n\t\t\t<\/div><\/figure><figure class='gallery-item'>\n\t\t\t<div class='gallery-icon portrait'>\n\t\t\t\t<a href='https:\/\/vilafames.org\/wp-content\/uploads\/campanar-2.jpg'><img decoding=\"async\" width=\"450\" height=\"600\" data-src=\"https:\/\/vilafames.org\/wp-content\/uploads\/campanar-2-450x600.jpg\" class=\"attachment-medium size-medium lazyload\" alt=\"\" data-srcset=\"https:\/\/vilafames.org\/wp-content\/uploads\/campanar-2-450x600.jpg 450w, https:\/\/vilafames.org\/wp-content\/uploads\/campanar-2-768x1024.jpg 768w, https:\/\/vilafames.org\/wp-content\/uploads\/campanar-2.jpg 1024w\" data-sizes=\"(max-width: 450px) 100vw, 450px\" src=\"data:image\/gif;base64,R0lGODlhAQABAAAAACH5BAEKAAEALAAAAAABAAEAAAICTAEAOw==\" style=\"--smush-placeholder-width: 450px; --smush-placeholder-aspect-ratio: 450\/600;\" \/><\/a>\n\t\t\t<\/div><\/figure>\n\t\t<\/div>\n\n<p>La construcci\u00f3n de la iglesia, en la mitad exterior de la muralla que rodeaba la villa, comport\u00f3 el acondicionamiento de la explanada que se ubica delante de la misma, el conocido como Planet.<\/p>\n<p>En la sacrist\u00eda, se ubica una muestra de los diferentes ornamentos, pinturas, esculturas, recuperados de la iglesia.","protected":false},"excerpt":{"rendered":"<p>De finales del s. XVI, comienza la construcci\u00f3n en 1594. Su planta es trazada por el maestro de la Seo de Tortosa, Mart\u00edn de Mendoza y adjudicada para su realizaci\u00f3n a Juan Palacios. En 1778 se reforma, prolong\u00e1ndose el crucero con la Capilla de la Comuni\u00f3n y nuevo presbiterio, bajo la direcci\u00f3n de Andr\u00e9s Moreno, [&hellip;]<\/p>\n","protected":false},"author":3,"featured_media":1665,"parent":662,"menu_order":0,"comment_status":"closed","ping_status":"closed","template":"","meta":{"footnotes":""},"class_list":["post-1612","page","type-page","status-publish","has-post-thumbnail","hentry"],"yoast_head":"<!-- This site is optimized with the Yoast SEO plugin v24.8.1 - https:\/\/yoast.com\/wordpress\/plugins\/seo\/ -->\n<title>Iglesia de la Asunci\u00f3n - Web de l&#039;Ajuntament de Vilafam\u00e9s<\/title>\n<meta name=\"robots\" content=\"index, follow, max-snippet:-1, max-image-preview:large, max-video-preview:-1\" \/>\n<link rel=\"canonical\" href=\"https:\/\/vilafames.org\/poble__trashed\/patrimoni\/esglesia-de-lassumpcio\/\" \/>\n<meta property=\"og:locale\" content=\"es_ES\" \/>\n<meta property=\"og:type\" content=\"article\" \/>\n<meta property=\"og:title\" content=\"Iglesia de la Asunci\u00f3n - Web de l&#039;Ajuntament de Vilafam\u00e9s\" \/>\n<meta property=\"og:description\" content=\"De finales del s. XVI, comienza la construcci\u00f3n en 1594. Su planta es trazada por el maestro de la Seo de Tortosa, Mart\u00edn de Mendoza y adjudicada para su realizaci\u00f3n a Juan Palacios. En 1778 se reforma, prolong\u00e1ndose el crucero con la Capilla de la Comuni\u00f3n y nuevo presbiterio, bajo la direcci\u00f3n de Andr\u00e9s Moreno, [&hellip;]\" \/>\n<meta property=\"og:url\" content=\"https:\/\/vilafames.org\/poble__trashed\/patrimoni\/esglesia-de-lassumpcio\/\" \/>\n<meta property=\"og:site_name\" content=\"Web de l&#039;Ajuntament de Vilafam\u00e9s\" \/>\n<meta property=\"article:publisher\" content=\"https:\/\/www.facebook.com\/AjuntamentVilafames\" \/>\n<meta property=\"article:modified_time\" content=\"2024-12-22T10:52:18+00:00\" \/>\n<meta property=\"og:image\" content=\"https:\/\/vilafames.org\/wp-content\/uploads\/campanar.jpg\" \/>\n\t<meta property=\"og:image:width\" content=\"1024\" \/>\n\t<meta property=\"og:image:height\" content=\"1365\" \/>\n\t<meta property=\"og:image:type\" content=\"image\/jpeg\" \/>\n<meta name=\"twitter:card\" content=\"summary_large_image\" \/>\n<meta name=\"twitter:site\" content=\"@ajtvilafames\" \/>\n<meta name=\"twitter:label1\" content=\"Tiempo de lectura\" \/>\n\t<meta name=\"twitter:data1\" content=\"3 minutos\" \/>\n<script type=\"application\/ld+json\" class=\"yoast-schema-graph\">{\"@context\":\"https:\/\/schema.org\",\"@graph\":[{\"@type\":\"WebPage\",\"@id\":\"https:\/\/vilafames.org\/poble__trashed\/patrimoni\/esglesia-de-lassumpcio\/\",\"url\":\"https:\/\/vilafames.org\/poble__trashed\/patrimoni\/esglesia-de-lassumpcio\/\",\"name\":\"Iglesia de la Asunci\u00f3n - Web de l&#039;Ajuntament de Vilafam\u00e9s\",\"isPartOf\":{\"@id\":\"https:\/\/vilafames.org\/#website\"},\"primaryImageOfPage\":{\"@id\":\"https:\/\/vilafames.org\/poble__trashed\/patrimoni\/esglesia-de-lassumpcio\/#primaryimage\"},\"image\":{\"@id\":\"https:\/\/vilafames.org\/poble__trashed\/patrimoni\/esglesia-de-lassumpcio\/#primaryimage\"},\"thumbnailUrl\":\"https:\/\/vilafames.org\/wp-content\/uploads\/campanar.jpg\",\"datePublished\":\"2017-01-22T18:35:32+00:00\",\"dateModified\":\"2024-12-22T10:52:18+00:00\",\"breadcrumb\":{\"@id\":\"https:\/\/vilafames.org\/poble__trashed\/patrimoni\/esglesia-de-lassumpcio\/#breadcrumb\"},\"inLanguage\":\"es\",\"potentialAction\":[{\"@type\":\"ReadAction\",\"target\":[\"https:\/\/vilafames.org\/poble__trashed\/patrimoni\/esglesia-de-lassumpcio\/\"]}]},{\"@type\":\"ImageObject\",\"inLanguage\":\"es\",\"@id\":\"https:\/\/vilafames.org\/poble__trashed\/patrimoni\/esglesia-de-lassumpcio\/#primaryimage\",\"url\":\"https:\/\/vilafames.org\/wp-content\/uploads\/campanar.jpg\",\"contentUrl\":\"https:\/\/vilafames.org\/wp-content\/uploads\/campanar.jpg\",\"width\":1024,\"height\":1365},{\"@type\":\"BreadcrumbList\",\"@id\":\"https:\/\/vilafames.org\/poble__trashed\/patrimoni\/esglesia-de-lassumpcio\/#breadcrumb\",\"itemListElement\":[{\"@type\":\"ListItem\",\"position\":1,\"name\":\"Inici\",\"item\":\"https:\/\/vilafames.org\/\"},{\"@type\":\"ListItem\",\"position\":2,\"name\":\"Patrimonio\",\"item\":\"https:\/\/vilafames.org\/poble__trashed\/patrimoni\/\"},{\"@type\":\"ListItem\",\"position\":3,\"name\":\"Iglesia de la Asunci\u00f3n\"}]},{\"@type\":\"WebSite\",\"@id\":\"https:\/\/vilafames.org\/#website\",\"url\":\"https:\/\/vilafames.org\/\",\"name\":\"Web de l'Ajuntament de Vilafam\u00e9s\",\"description\":\"Web de l&#039;Ajuntament de Vilafam\u00e9s\",\"publisher\":{\"@id\":\"https:\/\/vilafames.org\/#organization\"},\"potentialAction\":[{\"@type\":\"SearchAction\",\"target\":{\"@type\":\"EntryPoint\",\"urlTemplate\":\"https:\/\/vilafames.org\/?s={search_term_string}\"},\"query-input\":{\"@type\":\"PropertyValueSpecification\",\"valueRequired\":true,\"valueName\":\"search_term_string\"}}],\"inLanguage\":\"es\"},{\"@type\":\"Organization\",\"@id\":\"https:\/\/vilafames.org\/#organization\",\"name\":\"Web de l'Ajuntament de Vilafam\u00e9s\",\"url\":\"https:\/\/vilafames.org\/\",\"logo\":{\"@type\":\"ImageObject\",\"inLanguage\":\"es\",\"@id\":\"https:\/\/vilafames.org\/#\/schema\/logo\/image\/\",\"url\":\"https:\/\/vilafames.org\/wp-content\/uploads\/cropped-marca_v_rgb-1-1.png\",\"contentUrl\":\"https:\/\/vilafames.org\/wp-content\/uploads\/cropped-marca_v_rgb-1-1.png\",\"width\":558,\"height\":269,\"caption\":\"Web de l'Ajuntament de Vilafam\u00e9s\"},\"image\":{\"@id\":\"https:\/\/vilafames.org\/#\/schema\/logo\/image\/\"},\"sameAs\":[\"https:\/\/www.facebook.com\/AjuntamentVilafames\",\"https:\/\/x.com\/ajtvilafames\",\"https:\/\/www.instagram.com\/ajuntamentvilafames\/\",\"https:\/\/www.youtube.com\/channel\/UCjXWt3n8FHiahgKqHZWOTXQ\"]}]}<\/script>\n<!-- \/ Yoast SEO plugin. -->","yoast_head_json":{"title":"Iglesia de la Asunci\u00f3n - Web de l&#039;Ajuntament de Vilafam\u00e9s","robots":{"index":"index","follow":"follow","max-snippet":"max-snippet:-1","max-image-preview":"max-image-preview:large","max-video-preview":"max-video-preview:-1"},"canonical":"https:\/\/vilafames.org\/poble__trashed\/patrimoni\/esglesia-de-lassumpcio\/","og_locale":"es_ES","og_type":"article","og_title":"Iglesia de la Asunci\u00f3n - Web de l&#039;Ajuntament de Vilafam\u00e9s","og_description":"De finales del s. XVI, comienza la construcci\u00f3n en 1594. Su planta es trazada por el maestro de la Seo de Tortosa, Mart\u00edn de Mendoza y adjudicada para su realizaci\u00f3n a Juan Palacios. En 1778 se reforma, prolong\u00e1ndose el crucero con la Capilla de la Comuni\u00f3n y nuevo presbiterio, bajo la direcci\u00f3n de Andr\u00e9s Moreno, [&hellip;]","og_url":"https:\/\/vilafames.org\/poble__trashed\/patrimoni\/esglesia-de-lassumpcio\/","og_site_name":"Web de l&#039;Ajuntament de Vilafam\u00e9s","article_publisher":"https:\/\/www.facebook.com\/AjuntamentVilafames","article_modified_time":"2024-12-22T10:52:18+00:00","og_image":[{"width":1024,"height":1365,"url":"https:\/\/vilafames.org\/wp-content\/uploads\/campanar.jpg","type":"image\/jpeg"}],"twitter_card":"summary_large_image","twitter_site":"@ajtvilafames","twitter_misc":{"Tiempo de lectura":"3 minutos"},"schema":{"@context":"https:\/\/schema.org","@graph":[{"@type":"WebPage","@id":"https:\/\/vilafames.org\/poble__trashed\/patrimoni\/esglesia-de-lassumpcio\/","url":"https:\/\/vilafames.org\/poble__trashed\/patrimoni\/esglesia-de-lassumpcio\/","name":"Iglesia de la Asunci\u00f3n - Web de l&#039;Ajuntament de Vilafam\u00e9s","isPartOf":{"@id":"https:\/\/vilafames.org\/#website"},"primaryImageOfPage":{"@id":"https:\/\/vilafames.org\/poble__trashed\/patrimoni\/esglesia-de-lassumpcio\/#primaryimage"},"image":{"@id":"https:\/\/vilafames.org\/poble__trashed\/patrimoni\/esglesia-de-lassumpcio\/#primaryimage"},"thumbnailUrl":"https:\/\/vilafames.org\/wp-content\/uploads\/campanar.jpg","datePublished":"2017-01-22T18:35:32+00:00","dateModified":"2024-12-22T10:52:18+00:00","breadcrumb":{"@id":"https:\/\/vilafames.org\/poble__trashed\/patrimoni\/esglesia-de-lassumpcio\/#breadcrumb"},"inLanguage":"es","potentialAction":[{"@type":"ReadAction","target":["https:\/\/vilafames.org\/poble__trashed\/patrimoni\/esglesia-de-lassumpcio\/"]}]},{"@type":"ImageObject","inLanguage":"es","@id":"https:\/\/vilafames.org\/poble__trashed\/patrimoni\/esglesia-de-lassumpcio\/#primaryimage","url":"https:\/\/vilafames.org\/wp-content\/uploads\/campanar.jpg","contentUrl":"https:\/\/vilafames.org\/wp-content\/uploads\/campanar.jpg","width":1024,"height":1365},{"@type":"BreadcrumbList","@id":"https:\/\/vilafames.org\/poble__trashed\/patrimoni\/esglesia-de-lassumpcio\/#breadcrumb","itemListElement":[{"@type":"ListItem","position":1,"name":"Inici","item":"https:\/\/vilafames.org\/"},{"@type":"ListItem","position":2,"name":"Patrimonio","item":"https:\/\/vilafames.org\/poble__trashed\/patrimoni\/"},{"@type":"ListItem","position":3,"name":"Iglesia de la Asunci\u00f3n"}]},{"@type":"WebSite","@id":"https:\/\/vilafames.org\/#website","url":"https:\/\/vilafames.org\/","name":"Web de l'Ajuntament de Vilafam\u00e9s","description":"Web de l&#039;Ajuntament de Vilafam\u00e9s","publisher":{"@id":"https:\/\/vilafames.org\/#organization"},"potentialAction":[{"@type":"SearchAction","target":{"@type":"EntryPoint","urlTemplate":"https:\/\/vilafames.org\/?s={search_term_string}"},"query-input":{"@type":"PropertyValueSpecification","valueRequired":true,"valueName":"search_term_string"}}],"inLanguage":"es"},{"@type":"Organization","@id":"https:\/\/vilafames.org\/#organization","name":"Web de l'Ajuntament de Vilafam\u00e9s","url":"https:\/\/vilafames.org\/","logo":{"@type":"ImageObject","inLanguage":"es","@id":"https:\/\/vilafames.org\/#\/schema\/logo\/image\/","url":"https:\/\/vilafames.org\/wp-content\/uploads\/cropped-marca_v_rgb-1-1.png","contentUrl":"https:\/\/vilafames.org\/wp-content\/uploads\/cropped-marca_v_rgb-1-1.png","width":558,"height":269,"caption":"Web de l'Ajuntament de Vilafam\u00e9s"},"image":{"@id":"https:\/\/vilafames.org\/#\/schema\/logo\/image\/"},"sameAs":["https:\/\/www.facebook.com\/AjuntamentVilafames","https:\/\/x.com\/ajtvilafames","https:\/\/www.instagram.com\/ajuntamentvilafames\/","https:\/\/www.youtube.com\/channel\/UCjXWt3n8FHiahgKqHZWOTXQ"]}]}},"_links":{"self":[{"href":"https:\/\/vilafames.org\/es\/wp-json\/wp\/v2\/pages\/1612","targetHints":{"allow":["GET"]}}],"collection":[{"href":"https:\/\/vilafames.org\/es\/wp-json\/wp\/v2\/pages"}],"about":[{"href":"https:\/\/vilafames.org\/es\/wp-json\/wp\/v2\/types\/page"}],"author":[{"embeddable":true,"href":"https:\/\/vilafames.org\/es\/wp-json\/wp\/v2\/users\/3"}],"replies":[{"embeddable":true,"href":"https:\/\/vilafames.org\/es\/wp-json\/wp\/v2\/comments?post=1612"}],"version-history":[{"count":9,"href":"https:\/\/vilafames.org\/es\/wp-json\/wp\/v2\/pages\/1612\/revisions"}],"predecessor-version":[{"id":11540,"href":"https:\/\/vilafames.org\/es\/wp-json\/wp\/v2\/pages\/1612\/revisions\/11540"}],"up":[{"embeddable":true,"href":"https:\/\/vilafames.org\/es\/wp-json\/wp\/v2\/pages\/662"}],"wp:featuredmedia":[{"embeddable":true,"href":"https:\/\/vilafames.org\/es\/wp-json\/wp\/v2\/media\/1665"}],"wp:attachment":[{"href":"https:\/\/vilafames.org\/es\/wp-json\/wp\/v2\/media?parent=1612"}],"curies":[{"name":"wp","href":"https:\/\/api.w.org\/{rel}","templated":true}]}}