{"id":1610,"date":"2017-01-22T19:34:55","date_gmt":"2017-01-22T18:34:55","guid":{"rendered":"http:\/\/vilafames.org\/?page_id=1610"},"modified":"2024-12-21T18:13:13","modified_gmt":"2024-12-21T17:13:13","slug":"lesglesia-de-la-sang","status":"publish","type":"page","link":"https:\/\/vilafames.org\/es\/patrimoni\/lesglesia-de-la-sang\/","title":{"rendered":"La Iglesia de la Sangre"},"content":{"rendered":"<p><img decoding=\"async\" class=\"wp-image-11405 size-full alignleft lazyload\" data-src=\"https:\/\/vilafames.corvanit.com\/wp-content\/uploads\/Iglesia-de-la-Sangre-1.jpg\" alt=\"\" width=\"600\" height=\"450\" src=\"data:image\/gif;base64,R0lGODlhAQABAAAAACH5BAEKAAEALAAAAAABAAEAAAICTAEAOw==\" style=\"--smush-placeholder-width: 600px; --smush-placeholder-aspect-ratio: 600\/450;\" \/>La Iglesia de la Sangre constituye el primer recinto cultual de \u00e9poca cristiana de la localidad. Tras la conquista de la villa por el rey Jaume I, se proceder\u00e1 a la construcci\u00f3n del templo parroquial. En origen se trata de una iglesia del tipo denominado de \u00abreconquista\u00bb. \u00c9stas se caracterizan por presentar una nave de sal\u00f3n, con arcos diafragma o apuntados que sirven para sustentar la cubierta le\u00f1osa, a doble vertiente o, bien, plana como posiblemente se d\u00e9 en el caso de Vilafam\u00e9s.<\/p>\n<p>En la construcci\u00f3n inicial de la iglesia, dedicada a Santa Mar\u00eda, se aprovecharan una serie de elementos arquitect\u00f3nicos preexistentes como son un aljibe de \u00e9poca hispano-musulmana (encima del cual se construir\u00e1 la nueva iglesia, utilizando \u00e9ste como cripta de enterramiento) y parte de la muralla, igualmente de \u00e9poca andalus\u00ed y reformada en el siglo XIV.<\/p>\n<p><img decoding=\"async\" class=\"wp-image-1653 alignright lazyload\" data-src=\"https:\/\/vilafames.corvanit.com\/wp-content\/uploads\/esglesiadelasangpresbiteri.jpg\" alt=\"\" width=\"600\" height=\"400\" data-srcset=\"https:\/\/vilafames.org\/wp-content\/uploads\/esglesiadelasangpresbiteri.jpg 1024w, https:\/\/vilafames.org\/wp-content\/uploads\/esglesiadelasangpresbiteri-300x200.jpg 300w, https:\/\/vilafames.org\/wp-content\/uploads\/esglesiadelasangpresbiteri-768x512.jpg 768w\" data-sizes=\"(max-width: 600px) 100vw, 600px\" src=\"data:image\/gif;base64,R0lGODlhAQABAAAAACH5BAEKAAEALAAAAAABAAEAAAICTAEAOw==\" style=\"--smush-placeholder-width: 600px; --smush-placeholder-aspect-ratio: 600\/400;\" \/><\/p>\n<p>De la iglesia original se conservan todav\u00eda la puerta sur de acceso, con arco de medio punto y los arranques de los arcos diafragma, en el interior del templo, as\u00ed como restos pict\u00f3ricos del antiguo retablo mural que se localizaba en la cabecera de la iglesia. Estas pinturas constituyen uno de los escasos ejemplos de pintura g\u00f3tica mural existentes en la Comunitat Valenciana, lo cual las dota de un gran valor hist\u00f3rico y patrimonial.<\/p>\n<p>Entre finales del siglo XIV y principios del siglo XV, la iglesia sufre la primera reforma, produci\u00e9ndose una ampliaci\u00f3n de la misma hacia la parte de los pies.<\/p>\n<p>Durante el siglo XVII, con la construcci\u00f3n del nuevo templo parroquial, la iglesia de Santa Mar\u00eda quedar\u00e1 en desuso. Este hecho motivar\u00e1 que la Cofrad\u00eda de la Pur\u00edsima Sangre de Jes\u00fas de la localidad, solicite del ayuntamiento la cesi\u00f3n de la iglesia. El 8 de enero de 1612, el ayuntamiento acordaba la donaci\u00f3n. Este hecho comportar\u00e1 que, ya en poder de la Cofrad\u00eda, se produzca una gran reforma del templo. Dicha reforma afectar\u00e1 tanto a nivel estructural, procedi\u00e9ndose a la mutilaci\u00f3n de los arcos diafragma de la primitiva iglesia g\u00f3tica, como a los elementos ornamentales que dar\u00e1n lugar a la configuraci\u00f3n actual de la iglesia y, pasar\u00e1 a denominarse, a partir de este momento, iglesia de la Sangre, haciendo referencia al titular de la misma el Cristo de la Sangre.<\/p>\n<p><img decoding=\"async\" class=\"wp-image-11421 size-medium alignleft lazyload\" data-src=\"https:\/\/vilafames.corvanit.com\/wp-content\/uploads\/esglesiadelasangpintures-1-600x400.jpg\" alt=\"\" width=\"600\" height=\"400\" data-srcset=\"https:\/\/vilafames.org\/wp-content\/uploads\/esglesiadelasangpintures-1-600x400.jpg 600w, https:\/\/vilafames.org\/wp-content\/uploads\/esglesiadelasangpintures-1-768x512.jpg 768w, https:\/\/vilafames.org\/wp-content\/uploads\/esglesiadelasangpintures-1.jpg 1024w\" data-sizes=\"(max-width: 600px) 100vw, 600px\" src=\"data:image\/gif;base64,R0lGODlhAQABAAAAACH5BAEKAAEALAAAAAABAAEAAAICTAEAOw==\" style=\"--smush-placeholder-width: 600px; --smush-placeholder-aspect-ratio: 600\/400;\" \/><\/p>\n<p>La iglesia actual, se articula en una nave rectangular, con un cuadrado saliente al lado del Evangelio (la capilla de Santa B\u00e1rbara). De cuatro tramos m\u00e1s presbiterio, presenta coro alto en los pies y capillas en los laterales entre contrafuertes. En el alzado se utilizan pilastras adosadas de orden corintio, las cuales soportan un entablamento con resaltes en los ejes de las pilastras. Sobre \u00e9stas se sit\u00faa la c\u00fapula de ca\u00f1\u00f3n dividida por arcos fajones con lunetos, pero sin luz directa. Los \u00fanicos puntos de luz que presenta la iglesia, son la ventana saetera del presbiterio y la existente en el coro.<\/p>\n<p>En la ornamentaci\u00f3n interior destacan los diferentes retablos barrocos (altar mayor, capilla de San Crist\u00f3bal, capilla de Santa B\u00e1rbara y capilla de la Dolorosa) y las pinturas al fresco, con efectos ilusionistas y motivos de la Pasi\u00f3n en el presbiterio, atribuidas al entorno de los Guill\u00f3 Barcel\u00f3.","protected":false},"excerpt":{"rendered":"<p>La Iglesia de la Sangre constituye el primer recinto cultual de \u00e9poca cristiana de la localidad. Tras la conquista de la villa por el rey Jaume I, se proceder\u00e1 a la construcci\u00f3n del templo parroquial. En origen se trata de una iglesia del tipo denominado de \u00abreconquista\u00bb. \u00c9stas se caracterizan por presentar una nave de [&hellip;]<\/p>\n","protected":false},"author":3,"featured_media":1779,"parent":662,"menu_order":0,"comment_status":"closed","ping_status":"closed","template":"","meta":{"footnotes":""},"class_list":["post-1610","page","type-page","status-publish","has-post-thumbnail","hentry"],"yoast_head":"<!-- This site is optimized with the Yoast SEO plugin v24.8.1 - https:\/\/yoast.com\/wordpress\/plugins\/seo\/ -->\n<title>La Iglesia de la Sangre - Web de l&#039;Ajuntament de Vilafam\u00e9s<\/title>\n<meta name=\"robots\" content=\"index, follow, max-snippet:-1, max-image-preview:large, max-video-preview:-1\" \/>\n<link rel=\"canonical\" href=\"https:\/\/vilafames.org\/poble__trashed\/patrimoni\/lesglesia-de-la-sang\/\" \/>\n<meta property=\"og:locale\" content=\"es_ES\" \/>\n<meta property=\"og:type\" content=\"article\" \/>\n<meta property=\"og:title\" content=\"[:ca]L&#039;esgl\u00e9sia de la Sang[:es]La Iglesia de la Sangre[:] - Web de l&#039;Ajuntament de Vilafam\u00e9s\" \/>\n<meta property=\"og:description\" content=\"La Iglesia de la Sangre constituye el primer recinto cultual de \u00e9poca cristiana de la localidad. Tras la conquista de la villa por el rey Jaume I, se proceder\u00e1 a la construcci\u00f3n del templo parroquial. En origen se trata de una iglesia del tipo denominado de \u00abreconquista\u00bb. \u00c9stas se caracterizan por presentar una nave de [&hellip;]\" \/>\n<meta property=\"og:url\" content=\"https:\/\/vilafames.org\/poble__trashed\/patrimoni\/lesglesia-de-la-sang\/\" \/>\n<meta property=\"og:site_name\" content=\"Web de l&#039;Ajuntament de Vilafam\u00e9s\" \/>\n<meta property=\"article:publisher\" content=\"https:\/\/www.facebook.com\/AjuntamentVilafames\" \/>\n<meta property=\"article:modified_time\" content=\"2024-12-21T17:13:13+00:00\" \/>\n<meta property=\"og:image\" content=\"https:\/\/vilafames.org\/wp-content\/uploads\/Iglesia-de-la-Sangre.jpg\" \/>\n\t<meta property=\"og:image:width\" content=\"600\" \/>\n\t<meta property=\"og:image:height\" content=\"450\" \/>\n\t<meta property=\"og:image:type\" content=\"image\/jpeg\" \/>\n<meta name=\"twitter:card\" content=\"summary_large_image\" \/>\n<meta name=\"twitter:site\" content=\"@ajtvilafames\" \/>\n<meta name=\"twitter:label1\" content=\"Tiempo de lectura\" \/>\n\t<meta name=\"twitter:data1\" content=\"6 minutos\" \/>\n<script type=\"application\/ld+json\" class=\"yoast-schema-graph\">{\"@context\":\"https:\/\/schema.org\",\"@graph\":[{\"@type\":\"WebPage\",\"@id\":\"https:\/\/vilafames.org\/poble__trashed\/patrimoni\/lesglesia-de-la-sang\/\",\"url\":\"https:\/\/vilafames.org\/poble__trashed\/patrimoni\/lesglesia-de-la-sang\/\",\"name\":\"[:ca]L'esgl\u00e9sia de la Sang[:es]La Iglesia de la Sangre[:] - Web de l&#039;Ajuntament de Vilafam\u00e9s\",\"isPartOf\":{\"@id\":\"https:\/\/vilafames.org\/#website\"},\"primaryImageOfPage\":{\"@id\":\"https:\/\/vilafames.org\/poble__trashed\/patrimoni\/lesglesia-de-la-sang\/#primaryimage\"},\"image\":{\"@id\":\"https:\/\/vilafames.org\/poble__trashed\/patrimoni\/lesglesia-de-la-sang\/#primaryimage\"},\"thumbnailUrl\":\"https:\/\/vilafames.org\/wp-content\/uploads\/Iglesia-de-la-Sangre.jpg\",\"datePublished\":\"2017-01-22T18:34:55+00:00\",\"dateModified\":\"2024-12-21T17:13:13+00:00\",\"breadcrumb\":{\"@id\":\"https:\/\/vilafames.org\/poble__trashed\/patrimoni\/lesglesia-de-la-sang\/#breadcrumb\"},\"inLanguage\":\"es\",\"potentialAction\":[{\"@type\":\"ReadAction\",\"target\":[\"https:\/\/vilafames.org\/poble__trashed\/patrimoni\/lesglesia-de-la-sang\/\"]}]},{\"@type\":\"ImageObject\",\"inLanguage\":\"es\",\"@id\":\"https:\/\/vilafames.org\/poble__trashed\/patrimoni\/lesglesia-de-la-sang\/#primaryimage\",\"url\":\"https:\/\/vilafames.org\/wp-content\/uploads\/Iglesia-de-la-Sangre.jpg\",\"contentUrl\":\"https:\/\/vilafames.org\/wp-content\/uploads\/Iglesia-de-la-Sangre.jpg\",\"width\":600,\"height\":450},{\"@type\":\"BreadcrumbList\",\"@id\":\"https:\/\/vilafames.org\/poble__trashed\/patrimoni\/lesglesia-de-la-sang\/#breadcrumb\",\"itemListElement\":[{\"@type\":\"ListItem\",\"position\":1,\"name\":\"Inici\",\"item\":\"https:\/\/vilafames.org\/\"},{\"@type\":\"ListItem\",\"position\":2,\"name\":\"Patrimonio\",\"item\":\"https:\/\/vilafames.org\/poble__trashed\/patrimoni\/\"},{\"@type\":\"ListItem\",\"position\":3,\"name\":\"L&#8217;esgl\u00e9sia de la Sang\"}]},{\"@type\":\"WebSite\",\"@id\":\"https:\/\/vilafames.org\/#website\",\"url\":\"https:\/\/vilafames.org\/\",\"name\":\"Web de l'Ajuntament de Vilafam\u00e9s\",\"description\":\"Web de l&#039;Ajuntament de Vilafam\u00e9s\",\"publisher\":{\"@id\":\"https:\/\/vilafames.org\/#organization\"},\"potentialAction\":[{\"@type\":\"SearchAction\",\"target\":{\"@type\":\"EntryPoint\",\"urlTemplate\":\"https:\/\/vilafames.org\/?s={search_term_string}\"},\"query-input\":{\"@type\":\"PropertyValueSpecification\",\"valueRequired\":true,\"valueName\":\"search_term_string\"}}],\"inLanguage\":\"es\"},{\"@type\":\"Organization\",\"@id\":\"https:\/\/vilafames.org\/#organization\",\"name\":\"Web de l'Ajuntament de Vilafam\u00e9s\",\"url\":\"https:\/\/vilafames.org\/\",\"logo\":{\"@type\":\"ImageObject\",\"inLanguage\":\"es\",\"@id\":\"https:\/\/vilafames.org\/#\/schema\/logo\/image\/\",\"url\":\"https:\/\/vilafames.org\/wp-content\/uploads\/cropped-marca_v_rgb-1-1.png\",\"contentUrl\":\"https:\/\/vilafames.org\/wp-content\/uploads\/cropped-marca_v_rgb-1-1.png\",\"width\":558,\"height\":269,\"caption\":\"Web de l'Ajuntament de Vilafam\u00e9s\"},\"image\":{\"@id\":\"https:\/\/vilafames.org\/#\/schema\/logo\/image\/\"},\"sameAs\":[\"https:\/\/www.facebook.com\/AjuntamentVilafames\",\"https:\/\/x.com\/ajtvilafames\",\"https:\/\/www.instagram.com\/ajuntamentvilafames\/\",\"https:\/\/www.youtube.com\/channel\/UCjXWt3n8FHiahgKqHZWOTXQ\"]}]}<\/script>\n<!-- \/ Yoast SEO plugin. -->","yoast_head_json":{"title":"[:ca]L'esgl\u00e9sia de la Sang[:es]La Iglesia de la Sangre[:] - Web de l&#039;Ajuntament de Vilafam\u00e9s","robots":{"index":"index","follow":"follow","max-snippet":"max-snippet:-1","max-image-preview":"max-image-preview:large","max-video-preview":"max-video-preview:-1"},"canonical":"https:\/\/vilafames.org\/poble__trashed\/patrimoni\/lesglesia-de-la-sang\/","og_locale":"es_ES","og_type":"article","og_title":"[:ca]L'esgl\u00e9sia de la Sang[:es]La Iglesia de la Sangre[:] - Web de l&#039;Ajuntament de Vilafam\u00e9s","og_description":"La Iglesia de la Sangre constituye el primer recinto cultual de \u00e9poca cristiana de la localidad. Tras la conquista de la villa por el rey Jaume I, se proceder\u00e1 a la construcci\u00f3n del templo parroquial. En origen se trata de una iglesia del tipo denominado de \u00abreconquista\u00bb. \u00c9stas se caracterizan por presentar una nave de [&hellip;]","og_url":"https:\/\/vilafames.org\/poble__trashed\/patrimoni\/lesglesia-de-la-sang\/","og_site_name":"Web de l&#039;Ajuntament de Vilafam\u00e9s","article_publisher":"https:\/\/www.facebook.com\/AjuntamentVilafames","article_modified_time":"2024-12-21T17:13:13+00:00","og_image":[{"width":600,"height":450,"url":"https:\/\/vilafames.org\/wp-content\/uploads\/Iglesia-de-la-Sangre.jpg","type":"image\/jpeg"}],"twitter_card":"summary_large_image","twitter_site":"@ajtvilafames","twitter_misc":{"Tiempo de lectura":"6 minutos"},"schema":{"@context":"https:\/\/schema.org","@graph":[{"@type":"WebPage","@id":"https:\/\/vilafames.org\/poble__trashed\/patrimoni\/lesglesia-de-la-sang\/","url":"https:\/\/vilafames.org\/poble__trashed\/patrimoni\/lesglesia-de-la-sang\/","name":"[:ca]L'esgl\u00e9sia de la Sang[:es]La Iglesia de la Sangre[:] - Web de l&#039;Ajuntament de Vilafam\u00e9s","isPartOf":{"@id":"https:\/\/vilafames.org\/#website"},"primaryImageOfPage":{"@id":"https:\/\/vilafames.org\/poble__trashed\/patrimoni\/lesglesia-de-la-sang\/#primaryimage"},"image":{"@id":"https:\/\/vilafames.org\/poble__trashed\/patrimoni\/lesglesia-de-la-sang\/#primaryimage"},"thumbnailUrl":"https:\/\/vilafames.org\/wp-content\/uploads\/Iglesia-de-la-Sangre.jpg","datePublished":"2017-01-22T18:34:55+00:00","dateModified":"2024-12-21T17:13:13+00:00","breadcrumb":{"@id":"https:\/\/vilafames.org\/poble__trashed\/patrimoni\/lesglesia-de-la-sang\/#breadcrumb"},"inLanguage":"es","potentialAction":[{"@type":"ReadAction","target":["https:\/\/vilafames.org\/poble__trashed\/patrimoni\/lesglesia-de-la-sang\/"]}]},{"@type":"ImageObject","inLanguage":"es","@id":"https:\/\/vilafames.org\/poble__trashed\/patrimoni\/lesglesia-de-la-sang\/#primaryimage","url":"https:\/\/vilafames.org\/wp-content\/uploads\/Iglesia-de-la-Sangre.jpg","contentUrl":"https:\/\/vilafames.org\/wp-content\/uploads\/Iglesia-de-la-Sangre.jpg","width":600,"height":450},{"@type":"BreadcrumbList","@id":"https:\/\/vilafames.org\/poble__trashed\/patrimoni\/lesglesia-de-la-sang\/#breadcrumb","itemListElement":[{"@type":"ListItem","position":1,"name":"Inici","item":"https:\/\/vilafames.org\/"},{"@type":"ListItem","position":2,"name":"Patrimonio","item":"https:\/\/vilafames.org\/poble__trashed\/patrimoni\/"},{"@type":"ListItem","position":3,"name":"L&#8217;esgl\u00e9sia de la Sang"}]},{"@type":"WebSite","@id":"https:\/\/vilafames.org\/#website","url":"https:\/\/vilafames.org\/","name":"Web de l'Ajuntament de Vilafam\u00e9s","description":"Web de l&#039;Ajuntament de Vilafam\u00e9s","publisher":{"@id":"https:\/\/vilafames.org\/#organization"},"potentialAction":[{"@type":"SearchAction","target":{"@type":"EntryPoint","urlTemplate":"https:\/\/vilafames.org\/?s={search_term_string}"},"query-input":{"@type":"PropertyValueSpecification","valueRequired":true,"valueName":"search_term_string"}}],"inLanguage":"es"},{"@type":"Organization","@id":"https:\/\/vilafames.org\/#organization","name":"Web de l'Ajuntament de Vilafam\u00e9s","url":"https:\/\/vilafames.org\/","logo":{"@type":"ImageObject","inLanguage":"es","@id":"https:\/\/vilafames.org\/#\/schema\/logo\/image\/","url":"https:\/\/vilafames.org\/wp-content\/uploads\/cropped-marca_v_rgb-1-1.png","contentUrl":"https:\/\/vilafames.org\/wp-content\/uploads\/cropped-marca_v_rgb-1-1.png","width":558,"height":269,"caption":"Web de l'Ajuntament de Vilafam\u00e9s"},"image":{"@id":"https:\/\/vilafames.org\/#\/schema\/logo\/image\/"},"sameAs":["https:\/\/www.facebook.com\/AjuntamentVilafames","https:\/\/x.com\/ajtvilafames","https:\/\/www.instagram.com\/ajuntamentvilafames\/","https:\/\/www.youtube.com\/channel\/UCjXWt3n8FHiahgKqHZWOTXQ"]}]}},"_links":{"self":[{"href":"https:\/\/vilafames.org\/es\/wp-json\/wp\/v2\/pages\/1610","targetHints":{"allow":["GET"]}}],"collection":[{"href":"https:\/\/vilafames.org\/es\/wp-json\/wp\/v2\/pages"}],"about":[{"href":"https:\/\/vilafames.org\/es\/wp-json\/wp\/v2\/types\/page"}],"author":[{"embeddable":true,"href":"https:\/\/vilafames.org\/es\/wp-json\/wp\/v2\/users\/3"}],"replies":[{"embeddable":true,"href":"https:\/\/vilafames.org\/es\/wp-json\/wp\/v2\/comments?post=1610"}],"version-history":[{"count":2,"href":"https:\/\/vilafames.org\/es\/wp-json\/wp\/v2\/pages\/1610\/revisions"}],"predecessor-version":[{"id":11509,"href":"https:\/\/vilafames.org\/es\/wp-json\/wp\/v2\/pages\/1610\/revisions\/11509"}],"up":[{"embeddable":true,"href":"https:\/\/vilafames.org\/es\/wp-json\/wp\/v2\/pages\/662"}],"wp:featuredmedia":[{"embeddable":true,"href":"https:\/\/vilafames.org\/es\/wp-json\/wp\/v2\/media\/1779"}],"wp:attachment":[{"href":"https:\/\/vilafames.org\/es\/wp-json\/wp\/v2\/media?parent=1610"}],"curies":[{"name":"wp","href":"https:\/\/api.w.org\/{rel}","templated":true}]}}