{"id":1608,"date":"2017-01-22T19:34:23","date_gmt":"2017-01-22T18:34:23","guid":{"rendered":"http:\/\/vilafames.org\/?page_id=1608"},"modified":"2024-12-21T18:06:37","modified_gmt":"2024-12-21T17:06:37","slug":"castell","status":"publish","type":"page","link":"https:\/\/vilafames.org\/es\/patrimoni\/castell\/","title":{"rendered":"Castillo"},"content":{"rendered":"<p><img decoding=\"async\" class=\"wp-image-11415 size-medium alignleft lazyload\" data-src=\"https:\/\/vilafames.corvanit.com\/wp-content\/uploads\/castell-1-600x450.jpg\" alt=\"\" width=\"600\" height=\"450\" data-srcset=\"https:\/\/vilafames.org\/wp-content\/uploads\/castell-1-600x450.jpg 600w, https:\/\/vilafames.org\/wp-content\/uploads\/castell-1-768x576.jpg 768w, https:\/\/vilafames.org\/wp-content\/uploads\/castell-1.jpg 1024w\" data-sizes=\"(max-width: 600px) 100vw, 600px\" src=\"data:image\/gif;base64,R0lGODlhAQABAAAAACH5BAEKAAEALAAAAAABAAEAAAICTAEAOw==\" style=\"--smush-placeholder-width: 600px; --smush-placeholder-aspect-ratio: 600\/450;\" \/>Situado en lo alto de la villa, donde se documentan indicios de poblamiento anterior (Abric del Castell), su utilizaci\u00f3n como tal es de origen andalus\u00ed, tal y como se desprende de la denominaci\u00f3n que se le otorga al lugar en diversos documentos \u201cBeni-Hamez\u201d. Conquistado por Jaime I en 1233 ha sufrido diferentes reformas a lo largo de su historia, siendo sus vestigios m\u00e1s antiguos del siglo XIV; momento en que el maestre de la Orden de Montesa obliga a los habitantes de Vilafam\u00e9s a reparar y reforzar las fortificaciones del lugar (1375) a la vez que se transforma en un gran castillo-palacio. Su aspecto actual se configur\u00f3 en el siglo XIX durante las guerras Carlistas, momento en que se construy\u00f3 la torre central circular, uno de los pocos ejemplos de arquitectura carlista de la Comunidad Valenciana<\/p>\n<p>Est\u00e1 declarado Bien de Inter\u00e9s Cultural e inscrito en la categor\u00eda de Monumento.","protected":false},"excerpt":{"rendered":"<p>Situado en lo alto de la villa, donde se documentan indicios de poblamiento anterior (Abric del Castell), su utilizaci\u00f3n como tal es de origen andalus\u00ed, tal y como se desprende de la denominaci\u00f3n que se le otorga al lugar en diversos documentos \u201cBeni-Hamez\u201d. Conquistado por Jaime I en 1233 ha sufrido diferentes reformas a lo [&hellip;]<\/p>\n","protected":false},"author":3,"featured_media":1649,"parent":662,"menu_order":0,"comment_status":"closed","ping_status":"closed","template":"","meta":{"footnotes":""},"class_list":["post-1608","page","type-page","status-publish","has-post-thumbnail","hentry"],"yoast_head":"<!-- This site is optimized with the Yoast SEO plugin v24.8.1 - https:\/\/yoast.com\/wordpress\/plugins\/seo\/ -->\n<title>Castillo - Web de l&#039;Ajuntament de Vilafam\u00e9s<\/title>\n<meta name=\"robots\" content=\"index, follow, max-snippet:-1, max-image-preview:large, max-video-preview:-1\" \/>\n<link rel=\"canonical\" href=\"https:\/\/vilafames.org\/poble__trashed\/patrimoni\/castell\/\" \/>\n<meta property=\"og:locale\" content=\"es_ES\" \/>\n<meta property=\"og:type\" content=\"article\" \/>\n<meta property=\"og:title\" content=\"[:ca]Castell[:es]Castillo[:] - Web de l&#039;Ajuntament de Vilafam\u00e9s\" \/>\n<meta property=\"og:description\" content=\"Situado en lo alto de la villa, donde se documentan indicios de poblamiento anterior (Abric del Castell), su utilizaci\u00f3n como tal es de origen andalus\u00ed, tal y como se desprende de la denominaci\u00f3n que se le otorga al lugar en diversos documentos \u201cBeni-Hamez\u201d. Conquistado por Jaime I en 1233 ha sufrido diferentes reformas a lo [&hellip;]\" \/>\n<meta property=\"og:url\" content=\"https:\/\/vilafames.org\/poble__trashed\/patrimoni\/castell\/\" \/>\n<meta property=\"og:site_name\" content=\"Web de l&#039;Ajuntament de Vilafam\u00e9s\" \/>\n<meta property=\"article:publisher\" content=\"https:\/\/www.facebook.com\/AjuntamentVilafames\" \/>\n<meta property=\"article:modified_time\" content=\"2024-12-21T17:06:37+00:00\" \/>\n<meta property=\"og:image\" content=\"https:\/\/vilafames.org\/wp-content\/uploads\/castell.jpg\" \/>\n\t<meta property=\"og:image:width\" content=\"1024\" \/>\n\t<meta property=\"og:image:height\" content=\"768\" \/>\n\t<meta property=\"og:image:type\" content=\"image\/jpeg\" \/>\n<meta name=\"twitter:card\" content=\"summary_large_image\" \/>\n<meta name=\"twitter:site\" content=\"@ajtvilafames\" \/>\n<meta name=\"twitter:label1\" content=\"Tiempo de lectura\" \/>\n\t<meta name=\"twitter:data1\" content=\"2 minutos\" \/>\n<script type=\"application\/ld+json\" class=\"yoast-schema-graph\">{\"@context\":\"https:\/\/schema.org\",\"@graph\":[{\"@type\":\"WebPage\",\"@id\":\"https:\/\/vilafames.org\/poble__trashed\/patrimoni\/castell\/\",\"url\":\"https:\/\/vilafames.org\/poble__trashed\/patrimoni\/castell\/\",\"name\":\"[:ca]Castell[:es]Castillo[:] - Web de l&#039;Ajuntament de Vilafam\u00e9s\",\"isPartOf\":{\"@id\":\"https:\/\/vilafames.org\/#website\"},\"primaryImageOfPage\":{\"@id\":\"https:\/\/vilafames.org\/poble__trashed\/patrimoni\/castell\/#primaryimage\"},\"image\":{\"@id\":\"https:\/\/vilafames.org\/poble__trashed\/patrimoni\/castell\/#primaryimage\"},\"thumbnailUrl\":\"https:\/\/vilafames.org\/wp-content\/uploads\/castell.jpg\",\"datePublished\":\"2017-01-22T18:34:23+00:00\",\"dateModified\":\"2024-12-21T17:06:37+00:00\",\"breadcrumb\":{\"@id\":\"https:\/\/vilafames.org\/poble__trashed\/patrimoni\/castell\/#breadcrumb\"},\"inLanguage\":\"es\",\"potentialAction\":[{\"@type\":\"ReadAction\",\"target\":[\"https:\/\/vilafames.org\/poble__trashed\/patrimoni\/castell\/\"]}]},{\"@type\":\"ImageObject\",\"inLanguage\":\"es\",\"@id\":\"https:\/\/vilafames.org\/poble__trashed\/patrimoni\/castell\/#primaryimage\",\"url\":\"https:\/\/vilafames.org\/wp-content\/uploads\/castell.jpg\",\"contentUrl\":\"https:\/\/vilafames.org\/wp-content\/uploads\/castell.jpg\",\"width\":1024,\"height\":768},{\"@type\":\"BreadcrumbList\",\"@id\":\"https:\/\/vilafames.org\/poble__trashed\/patrimoni\/castell\/#breadcrumb\",\"itemListElement\":[{\"@type\":\"ListItem\",\"position\":1,\"name\":\"Inici\",\"item\":\"https:\/\/vilafames.org\/\"},{\"@type\":\"ListItem\",\"position\":2,\"name\":\"Patrimonio\",\"item\":\"https:\/\/vilafames.org\/poble__trashed\/patrimoni\/\"},{\"@type\":\"ListItem\",\"position\":3,\"name\":\"Castell\"}]},{\"@type\":\"WebSite\",\"@id\":\"https:\/\/vilafames.org\/#website\",\"url\":\"https:\/\/vilafames.org\/\",\"name\":\"Web de l'Ajuntament de Vilafam\u00e9s\",\"description\":\"Web de l&#039;Ajuntament de Vilafam\u00e9s\",\"publisher\":{\"@id\":\"https:\/\/vilafames.org\/#organization\"},\"potentialAction\":[{\"@type\":\"SearchAction\",\"target\":{\"@type\":\"EntryPoint\",\"urlTemplate\":\"https:\/\/vilafames.org\/?s={search_term_string}\"},\"query-input\":{\"@type\":\"PropertyValueSpecification\",\"valueRequired\":true,\"valueName\":\"search_term_string\"}}],\"inLanguage\":\"es\"},{\"@type\":\"Organization\",\"@id\":\"https:\/\/vilafames.org\/#organization\",\"name\":\"Web de l'Ajuntament de Vilafam\u00e9s\",\"url\":\"https:\/\/vilafames.org\/\",\"logo\":{\"@type\":\"ImageObject\",\"inLanguage\":\"es\",\"@id\":\"https:\/\/vilafames.org\/#\/schema\/logo\/image\/\",\"url\":\"https:\/\/vilafames.org\/wp-content\/uploads\/cropped-marca_v_rgb-1-1.png\",\"contentUrl\":\"https:\/\/vilafames.org\/wp-content\/uploads\/cropped-marca_v_rgb-1-1.png\",\"width\":558,\"height\":269,\"caption\":\"Web de l'Ajuntament de Vilafam\u00e9s\"},\"image\":{\"@id\":\"https:\/\/vilafames.org\/#\/schema\/logo\/image\/\"},\"sameAs\":[\"https:\/\/www.facebook.com\/AjuntamentVilafames\",\"https:\/\/x.com\/ajtvilafames\",\"https:\/\/www.instagram.com\/ajuntamentvilafames\/\",\"https:\/\/www.youtube.com\/channel\/UCjXWt3n8FHiahgKqHZWOTXQ\"]}]}<\/script>\n<!-- \/ Yoast SEO plugin. -->","yoast_head_json":{"title":"[:ca]Castell[:es]Castillo[:] - Web de l&#039;Ajuntament de Vilafam\u00e9s","robots":{"index":"index","follow":"follow","max-snippet":"max-snippet:-1","max-image-preview":"max-image-preview:large","max-video-preview":"max-video-preview:-1"},"canonical":"https:\/\/vilafames.org\/poble__trashed\/patrimoni\/castell\/","og_locale":"es_ES","og_type":"article","og_title":"[:ca]Castell[:es]Castillo[:] - Web de l&#039;Ajuntament de Vilafam\u00e9s","og_description":"Situado en lo alto de la villa, donde se documentan indicios de poblamiento anterior (Abric del Castell), su utilizaci\u00f3n como tal es de origen andalus\u00ed, tal y como se desprende de la denominaci\u00f3n que se le otorga al lugar en diversos documentos \u201cBeni-Hamez\u201d. Conquistado por Jaime I en 1233 ha sufrido diferentes reformas a lo [&hellip;]","og_url":"https:\/\/vilafames.org\/poble__trashed\/patrimoni\/castell\/","og_site_name":"Web de l&#039;Ajuntament de Vilafam\u00e9s","article_publisher":"https:\/\/www.facebook.com\/AjuntamentVilafames","article_modified_time":"2024-12-21T17:06:37+00:00","og_image":[{"width":1024,"height":768,"url":"https:\/\/vilafames.org\/wp-content\/uploads\/castell.jpg","type":"image\/jpeg"}],"twitter_card":"summary_large_image","twitter_site":"@ajtvilafames","twitter_misc":{"Tiempo de lectura":"2 minutos"},"schema":{"@context":"https:\/\/schema.org","@graph":[{"@type":"WebPage","@id":"https:\/\/vilafames.org\/poble__trashed\/patrimoni\/castell\/","url":"https:\/\/vilafames.org\/poble__trashed\/patrimoni\/castell\/","name":"[:ca]Castell[:es]Castillo[:] - Web de l&#039;Ajuntament de Vilafam\u00e9s","isPartOf":{"@id":"https:\/\/vilafames.org\/#website"},"primaryImageOfPage":{"@id":"https:\/\/vilafames.org\/poble__trashed\/patrimoni\/castell\/#primaryimage"},"image":{"@id":"https:\/\/vilafames.org\/poble__trashed\/patrimoni\/castell\/#primaryimage"},"thumbnailUrl":"https:\/\/vilafames.org\/wp-content\/uploads\/castell.jpg","datePublished":"2017-01-22T18:34:23+00:00","dateModified":"2024-12-21T17:06:37+00:00","breadcrumb":{"@id":"https:\/\/vilafames.org\/poble__trashed\/patrimoni\/castell\/#breadcrumb"},"inLanguage":"es","potentialAction":[{"@type":"ReadAction","target":["https:\/\/vilafames.org\/poble__trashed\/patrimoni\/castell\/"]}]},{"@type":"ImageObject","inLanguage":"es","@id":"https:\/\/vilafames.org\/poble__trashed\/patrimoni\/castell\/#primaryimage","url":"https:\/\/vilafames.org\/wp-content\/uploads\/castell.jpg","contentUrl":"https:\/\/vilafames.org\/wp-content\/uploads\/castell.jpg","width":1024,"height":768},{"@type":"BreadcrumbList","@id":"https:\/\/vilafames.org\/poble__trashed\/patrimoni\/castell\/#breadcrumb","itemListElement":[{"@type":"ListItem","position":1,"name":"Inici","item":"https:\/\/vilafames.org\/"},{"@type":"ListItem","position":2,"name":"Patrimonio","item":"https:\/\/vilafames.org\/poble__trashed\/patrimoni\/"},{"@type":"ListItem","position":3,"name":"Castell"}]},{"@type":"WebSite","@id":"https:\/\/vilafames.org\/#website","url":"https:\/\/vilafames.org\/","name":"Web de l'Ajuntament de Vilafam\u00e9s","description":"Web de l&#039;Ajuntament de Vilafam\u00e9s","publisher":{"@id":"https:\/\/vilafames.org\/#organization"},"potentialAction":[{"@type":"SearchAction","target":{"@type":"EntryPoint","urlTemplate":"https:\/\/vilafames.org\/?s={search_term_string}"},"query-input":{"@type":"PropertyValueSpecification","valueRequired":true,"valueName":"search_term_string"}}],"inLanguage":"es"},{"@type":"Organization","@id":"https:\/\/vilafames.org\/#organization","name":"Web de l'Ajuntament de Vilafam\u00e9s","url":"https:\/\/vilafames.org\/","logo":{"@type":"ImageObject","inLanguage":"es","@id":"https:\/\/vilafames.org\/#\/schema\/logo\/image\/","url":"https:\/\/vilafames.org\/wp-content\/uploads\/cropped-marca_v_rgb-1-1.png","contentUrl":"https:\/\/vilafames.org\/wp-content\/uploads\/cropped-marca_v_rgb-1-1.png","width":558,"height":269,"caption":"Web de l'Ajuntament de Vilafam\u00e9s"},"image":{"@id":"https:\/\/vilafames.org\/#\/schema\/logo\/image\/"},"sameAs":["https:\/\/www.facebook.com\/AjuntamentVilafames","https:\/\/x.com\/ajtvilafames","https:\/\/www.instagram.com\/ajuntamentvilafames\/","https:\/\/www.youtube.com\/channel\/UCjXWt3n8FHiahgKqHZWOTXQ"]}]}},"_links":{"self":[{"href":"https:\/\/vilafames.org\/es\/wp-json\/wp\/v2\/pages\/1608","targetHints":{"allow":["GET"]}}],"collection":[{"href":"https:\/\/vilafames.org\/es\/wp-json\/wp\/v2\/pages"}],"about":[{"href":"https:\/\/vilafames.org\/es\/wp-json\/wp\/v2\/types\/page"}],"author":[{"embeddable":true,"href":"https:\/\/vilafames.org\/es\/wp-json\/wp\/v2\/users\/3"}],"replies":[{"embeddable":true,"href":"https:\/\/vilafames.org\/es\/wp-json\/wp\/v2\/comments?post=1608"}],"version-history":[{"count":2,"href":"https:\/\/vilafames.org\/es\/wp-json\/wp\/v2\/pages\/1608\/revisions"}],"predecessor-version":[{"id":11506,"href":"https:\/\/vilafames.org\/es\/wp-json\/wp\/v2\/pages\/1608\/revisions\/11506"}],"up":[{"embeddable":true,"href":"https:\/\/vilafames.org\/es\/wp-json\/wp\/v2\/pages\/662"}],"wp:featuredmedia":[{"embeddable":true,"href":"https:\/\/vilafames.org\/es\/wp-json\/wp\/v2\/media\/1649"}],"wp:attachment":[{"href":"https:\/\/vilafames.org\/es\/wp-json\/wp\/v2\/media?parent=1608"}],"curies":[{"name":"wp","href":"https:\/\/api.w.org\/{rel}","templated":true}]}}