{"id":1600,"date":"2017-01-22T19:30:56","date_gmt":"2017-01-22T18:30:56","guid":{"rendered":"http:\/\/vilafames.org\/?page_id=1600"},"modified":"2024-12-21T17:46:38","modified_gmt":"2024-12-21T16:46:38","slug":"la-cova-matutano","status":"publish","type":"page","link":"https:\/\/vilafames.org\/es\/patrimoni\/la-cova-matutano\/","title":{"rendered":"La cova Matutano"},"content":{"rendered":"<p><img decoding=\"async\" class=\"wp-image-1640 alignleft lazyload\" data-src=\"https:\/\/vilafames.corvanit.com\/wp-content\/uploads\/covamatutano.jpg\" alt=\"\" width=\"600\" height=\"365\" data-srcset=\"https:\/\/vilafames.org\/wp-content\/uploads\/covamatutano.jpg 1024w, https:\/\/vilafames.org\/wp-content\/uploads\/covamatutano-300x183.jpg 300w, https:\/\/vilafames.org\/wp-content\/uploads\/covamatutano-768x467.jpg 768w\" data-sizes=\"(max-width: 600px) 100vw, 600px\" src=\"data:image\/gif;base64,R0lGODlhAQABAAAAACH5BAEKAAEALAAAAAABAAEAAAICTAEAOw==\" style=\"--smush-placeholder-width: 600px; --smush-placeholder-aspect-ratio: 600\/365;\" \/>\u00a0La cavidad de peque\u00f1as dimensiones (70m2) se encuentra ubicada en la parte trasera interior de una vivienda situada en pleno n\u00facleo urbano, justo al pie del Tossal de la Font. Presenta un singular inter\u00e9s puesto que constituye uno de los principales yacimientos del paleol\u00edtico superior final de este periodo en el pa\u00eds valenciano.<\/p>\n<p>El asentamiento tuvo un largo periodo ocupacional, obtenido mediante 11 muestras org\u00e1nicas analizadas por el sistema de dataci\u00f3n absoluta radioactiva del carbono-14, que abarcar\u00eda desde el 12.000 al 9.000 a\u00f1os antes de la Era, con dos periodos bien diferenciados, uno magdaleniense superior inicial, con tres ocupaciones \u2013Matutano IV,III, II- (0,12-0,11 anE) y otro epimagdaleniense \u2013Matutano I- (0,11-0,90 anE). La primera etapa del h\u00e1bitat corresponde a un momento clim\u00e1tico de la fase de la glaciaci\u00f3n W\u00fcrm, fase IV, con periodos fr\u00edos y secos, alternados con momentos h\u00famedos; la segunda constituye una perduraci\u00f3n atenuada del anterior con aumento de las fases h\u00famedas y una temperatura ligeramente c\u00e1lida, episodio conocido como fase de B\u00f6lling.<\/p>\n<p>El modo de vida de los ocupantes de la cueva a lo largo de los 3.000 a\u00f1os de existencia del h\u00e1bitat, no sufri\u00f3 cambios bruscos, transform\u00e1ndose paulatinamente en su cultura material y en su estrategia de producci\u00f3n econ\u00f3mica cazadora-recolectora. Los cazadores magdalenienses capturaban caballos, ciervos, cabras montesas y conejos. El registro material arqueol\u00f3gico ha proporcionado una industria l\u00edtica formada por un abundante instrumental en silex de \u00fatiles de tipo raspador, buril, raedera, etc; adem\u00e1s de una interesante industria \u00f3sea de distintos usos dom\u00e9sticos y caza, constituida por azagayas, arpones, varillas, puntas, agujas de coser, etc. Las gentes de la etapa posterior epimagdaleniense, introdujeron apenas cambios en el instrumental de trabajo, \u00fanicamente var\u00edan los porcentajes de fabricaci\u00f3n, aumentando por ejemplo los instrumentos denticulados, los cuales facilitar\u00edan el trabajo de objetos de hueso y madera; igualmente los animales cazados difieren en su presencia, predominando el conejo y el ciervo. En dicho periodo aparecen unas interesantes manifestaciones de arte figurativo (arte mueble), grab\u00e1ndose en plaquetas de piedra figuraciones estilizadas de animales mediante trazos muy finos, c\u00e9rvidos, b\u00f3vidos, entre otros.","protected":false},"excerpt":{"rendered":"<p>\u00a0La cavidad de peque\u00f1as dimensiones (70m2) se encuentra ubicada en la parte trasera interior de una vivienda situada en pleno n\u00facleo urbano, justo al pie del Tossal de la Font. Presenta un singular inter\u00e9s puesto que constituye uno de los principales yacimientos del paleol\u00edtico superior final de este periodo en el pa\u00eds valenciano. El asentamiento [&hellip;]<\/p>\n","protected":false},"author":3,"featured_media":1640,"parent":662,"menu_order":0,"comment_status":"closed","ping_status":"closed","template":"","meta":{"footnotes":""},"class_list":["post-1600","page","type-page","status-publish","has-post-thumbnail","hentry"],"yoast_head":"<!-- This site is optimized with the Yoast SEO plugin v24.8.1 - https:\/\/yoast.com\/wordpress\/plugins\/seo\/ -->\n<title>La cova Matutano - Web de l&#039;Ajuntament de Vilafam\u00e9s<\/title>\n<meta name=\"robots\" content=\"index, follow, max-snippet:-1, max-image-preview:large, max-video-preview:-1\" \/>\n<link rel=\"canonical\" href=\"https:\/\/vilafames.org\/poble__trashed\/patrimoni\/la-cova-matutano\/\" \/>\n<meta property=\"og:locale\" content=\"es_ES\" \/>\n<meta property=\"og:type\" content=\"article\" \/>\n<meta property=\"og:title\" content=\"La cova Matutano - Web de l&#039;Ajuntament de Vilafam\u00e9s\" \/>\n<meta property=\"og:description\" content=\"\u00a0La cavidad de peque\u00f1as dimensiones (70m2) se encuentra ubicada en la parte trasera interior de una vivienda situada en pleno n\u00facleo urbano, justo al pie del Tossal de la Font. Presenta un singular inter\u00e9s puesto que constituye uno de los principales yacimientos del paleol\u00edtico superior final de este periodo en el pa\u00eds valenciano. El asentamiento [&hellip;]\" \/>\n<meta property=\"og:url\" content=\"https:\/\/vilafames.org\/poble__trashed\/patrimoni\/la-cova-matutano\/\" \/>\n<meta property=\"og:site_name\" content=\"Web de l&#039;Ajuntament de Vilafam\u00e9s\" \/>\n<meta property=\"article:publisher\" content=\"https:\/\/www.facebook.com\/AjuntamentVilafames\" \/>\n<meta property=\"article:modified_time\" content=\"2024-12-21T16:46:38+00:00\" \/>\n<meta property=\"og:image\" content=\"https:\/\/vilafames.org\/wp-content\/uploads\/covamatutano.jpg\" \/>\n\t<meta property=\"og:image:width\" content=\"1024\" \/>\n\t<meta property=\"og:image:height\" content=\"623\" \/>\n\t<meta property=\"og:image:type\" content=\"image\/jpeg\" \/>\n<meta name=\"twitter:card\" content=\"summary_large_image\" \/>\n<meta name=\"twitter:site\" content=\"@ajtvilafames\" \/>\n<meta name=\"twitter:label1\" content=\"Tiempo de lectura\" \/>\n\t<meta name=\"twitter:data1\" content=\"4 minutos\" \/>\n<script type=\"application\/ld+json\" class=\"yoast-schema-graph\">{\"@context\":\"https:\/\/schema.org\",\"@graph\":[{\"@type\":\"WebPage\",\"@id\":\"https:\/\/vilafames.org\/poble__trashed\/patrimoni\/la-cova-matutano\/\",\"url\":\"https:\/\/vilafames.org\/poble__trashed\/patrimoni\/la-cova-matutano\/\",\"name\":\"La cova Matutano - Web de l&#039;Ajuntament de Vilafam\u00e9s\",\"isPartOf\":{\"@id\":\"https:\/\/vilafames.org\/#website\"},\"primaryImageOfPage\":{\"@id\":\"https:\/\/vilafames.org\/poble__trashed\/patrimoni\/la-cova-matutano\/#primaryimage\"},\"image\":{\"@id\":\"https:\/\/vilafames.org\/poble__trashed\/patrimoni\/la-cova-matutano\/#primaryimage\"},\"thumbnailUrl\":\"https:\/\/vilafames.org\/wp-content\/uploads\/covamatutano.jpg\",\"datePublished\":\"2017-01-22T18:30:56+00:00\",\"dateModified\":\"2024-12-21T16:46:38+00:00\",\"breadcrumb\":{\"@id\":\"https:\/\/vilafames.org\/poble__trashed\/patrimoni\/la-cova-matutano\/#breadcrumb\"},\"inLanguage\":\"es\",\"potentialAction\":[{\"@type\":\"ReadAction\",\"target\":[\"https:\/\/vilafames.org\/poble__trashed\/patrimoni\/la-cova-matutano\/\"]}]},{\"@type\":\"ImageObject\",\"inLanguage\":\"es\",\"@id\":\"https:\/\/vilafames.org\/poble__trashed\/patrimoni\/la-cova-matutano\/#primaryimage\",\"url\":\"https:\/\/vilafames.org\/wp-content\/uploads\/covamatutano.jpg\",\"contentUrl\":\"https:\/\/vilafames.org\/wp-content\/uploads\/covamatutano.jpg\",\"width\":1024,\"height\":623},{\"@type\":\"BreadcrumbList\",\"@id\":\"https:\/\/vilafames.org\/poble__trashed\/patrimoni\/la-cova-matutano\/#breadcrumb\",\"itemListElement\":[{\"@type\":\"ListItem\",\"position\":1,\"name\":\"Inici\",\"item\":\"https:\/\/vilafames.org\/\"},{\"@type\":\"ListItem\",\"position\":2,\"name\":\"Patrimonio\",\"item\":\"https:\/\/vilafames.org\/poble__trashed\/patrimoni\/\"},{\"@type\":\"ListItem\",\"position\":3,\"name\":\"La cova Matutano\"}]},{\"@type\":\"WebSite\",\"@id\":\"https:\/\/vilafames.org\/#website\",\"url\":\"https:\/\/vilafames.org\/\",\"name\":\"Web de l'Ajuntament de Vilafam\u00e9s\",\"description\":\"Web de l&#039;Ajuntament de Vilafam\u00e9s\",\"publisher\":{\"@id\":\"https:\/\/vilafames.org\/#organization\"},\"potentialAction\":[{\"@type\":\"SearchAction\",\"target\":{\"@type\":\"EntryPoint\",\"urlTemplate\":\"https:\/\/vilafames.org\/?s={search_term_string}\"},\"query-input\":{\"@type\":\"PropertyValueSpecification\",\"valueRequired\":true,\"valueName\":\"search_term_string\"}}],\"inLanguage\":\"es\"},{\"@type\":\"Organization\",\"@id\":\"https:\/\/vilafames.org\/#organization\",\"name\":\"Web de l'Ajuntament de Vilafam\u00e9s\",\"url\":\"https:\/\/vilafames.org\/\",\"logo\":{\"@type\":\"ImageObject\",\"inLanguage\":\"es\",\"@id\":\"https:\/\/vilafames.org\/#\/schema\/logo\/image\/\",\"url\":\"https:\/\/vilafames.org\/wp-content\/uploads\/cropped-marca_v_rgb-1-1.png\",\"contentUrl\":\"https:\/\/vilafames.org\/wp-content\/uploads\/cropped-marca_v_rgb-1-1.png\",\"width\":558,\"height\":269,\"caption\":\"Web de l'Ajuntament de Vilafam\u00e9s\"},\"image\":{\"@id\":\"https:\/\/vilafames.org\/#\/schema\/logo\/image\/\"},\"sameAs\":[\"https:\/\/www.facebook.com\/AjuntamentVilafames\",\"https:\/\/x.com\/ajtvilafames\",\"https:\/\/www.instagram.com\/ajuntamentvilafames\/\",\"https:\/\/www.youtube.com\/channel\/UCjXWt3n8FHiahgKqHZWOTXQ\"]}]}<\/script>\n<!-- \/ Yoast SEO plugin. -->","yoast_head_json":{"title":"La cova Matutano - Web de l&#039;Ajuntament de Vilafam\u00e9s","robots":{"index":"index","follow":"follow","max-snippet":"max-snippet:-1","max-image-preview":"max-image-preview:large","max-video-preview":"max-video-preview:-1"},"canonical":"https:\/\/vilafames.org\/poble__trashed\/patrimoni\/la-cova-matutano\/","og_locale":"es_ES","og_type":"article","og_title":"La cova Matutano - Web de l&#039;Ajuntament de Vilafam\u00e9s","og_description":"\u00a0La cavidad de peque\u00f1as dimensiones (70m2) se encuentra ubicada en la parte trasera interior de una vivienda situada en pleno n\u00facleo urbano, justo al pie del Tossal de la Font. Presenta un singular inter\u00e9s puesto que constituye uno de los principales yacimientos del paleol\u00edtico superior final de este periodo en el pa\u00eds valenciano. El asentamiento [&hellip;]","og_url":"https:\/\/vilafames.org\/poble__trashed\/patrimoni\/la-cova-matutano\/","og_site_name":"Web de l&#039;Ajuntament de Vilafam\u00e9s","article_publisher":"https:\/\/www.facebook.com\/AjuntamentVilafames","article_modified_time":"2024-12-21T16:46:38+00:00","og_image":[{"width":1024,"height":623,"url":"https:\/\/vilafames.org\/wp-content\/uploads\/covamatutano.jpg","type":"image\/jpeg"}],"twitter_card":"summary_large_image","twitter_site":"@ajtvilafames","twitter_misc":{"Tiempo de lectura":"4 minutos"},"schema":{"@context":"https:\/\/schema.org","@graph":[{"@type":"WebPage","@id":"https:\/\/vilafames.org\/poble__trashed\/patrimoni\/la-cova-matutano\/","url":"https:\/\/vilafames.org\/poble__trashed\/patrimoni\/la-cova-matutano\/","name":"La cova Matutano - Web de l&#039;Ajuntament de Vilafam\u00e9s","isPartOf":{"@id":"https:\/\/vilafames.org\/#website"},"primaryImageOfPage":{"@id":"https:\/\/vilafames.org\/poble__trashed\/patrimoni\/la-cova-matutano\/#primaryimage"},"image":{"@id":"https:\/\/vilafames.org\/poble__trashed\/patrimoni\/la-cova-matutano\/#primaryimage"},"thumbnailUrl":"https:\/\/vilafames.org\/wp-content\/uploads\/covamatutano.jpg","datePublished":"2017-01-22T18:30:56+00:00","dateModified":"2024-12-21T16:46:38+00:00","breadcrumb":{"@id":"https:\/\/vilafames.org\/poble__trashed\/patrimoni\/la-cova-matutano\/#breadcrumb"},"inLanguage":"es","potentialAction":[{"@type":"ReadAction","target":["https:\/\/vilafames.org\/poble__trashed\/patrimoni\/la-cova-matutano\/"]}]},{"@type":"ImageObject","inLanguage":"es","@id":"https:\/\/vilafames.org\/poble__trashed\/patrimoni\/la-cova-matutano\/#primaryimage","url":"https:\/\/vilafames.org\/wp-content\/uploads\/covamatutano.jpg","contentUrl":"https:\/\/vilafames.org\/wp-content\/uploads\/covamatutano.jpg","width":1024,"height":623},{"@type":"BreadcrumbList","@id":"https:\/\/vilafames.org\/poble__trashed\/patrimoni\/la-cova-matutano\/#breadcrumb","itemListElement":[{"@type":"ListItem","position":1,"name":"Inici","item":"https:\/\/vilafames.org\/"},{"@type":"ListItem","position":2,"name":"Patrimonio","item":"https:\/\/vilafames.org\/poble__trashed\/patrimoni\/"},{"@type":"ListItem","position":3,"name":"La cova Matutano"}]},{"@type":"WebSite","@id":"https:\/\/vilafames.org\/#website","url":"https:\/\/vilafames.org\/","name":"Web de l'Ajuntament de Vilafam\u00e9s","description":"Web de l&#039;Ajuntament de Vilafam\u00e9s","publisher":{"@id":"https:\/\/vilafames.org\/#organization"},"potentialAction":[{"@type":"SearchAction","target":{"@type":"EntryPoint","urlTemplate":"https:\/\/vilafames.org\/?s={search_term_string}"},"query-input":{"@type":"PropertyValueSpecification","valueRequired":true,"valueName":"search_term_string"}}],"inLanguage":"es"},{"@type":"Organization","@id":"https:\/\/vilafames.org\/#organization","name":"Web de l'Ajuntament de Vilafam\u00e9s","url":"https:\/\/vilafames.org\/","logo":{"@type":"ImageObject","inLanguage":"es","@id":"https:\/\/vilafames.org\/#\/schema\/logo\/image\/","url":"https:\/\/vilafames.org\/wp-content\/uploads\/cropped-marca_v_rgb-1-1.png","contentUrl":"https:\/\/vilafames.org\/wp-content\/uploads\/cropped-marca_v_rgb-1-1.png","width":558,"height":269,"caption":"Web de l'Ajuntament de Vilafam\u00e9s"},"image":{"@id":"https:\/\/vilafames.org\/#\/schema\/logo\/image\/"},"sameAs":["https:\/\/www.facebook.com\/AjuntamentVilafames","https:\/\/x.com\/ajtvilafames","https:\/\/www.instagram.com\/ajuntamentvilafames\/","https:\/\/www.youtube.com\/channel\/UCjXWt3n8FHiahgKqHZWOTXQ"]}]}},"_links":{"self":[{"href":"https:\/\/vilafames.org\/es\/wp-json\/wp\/v2\/pages\/1600","targetHints":{"allow":["GET"]}}],"collection":[{"href":"https:\/\/vilafames.org\/es\/wp-json\/wp\/v2\/pages"}],"about":[{"href":"https:\/\/vilafames.org\/es\/wp-json\/wp\/v2\/types\/page"}],"author":[{"embeddable":true,"href":"https:\/\/vilafames.org\/es\/wp-json\/wp\/v2\/users\/3"}],"replies":[{"embeddable":true,"href":"https:\/\/vilafames.org\/es\/wp-json\/wp\/v2\/comments?post=1600"}],"version-history":[{"count":3,"href":"https:\/\/vilafames.org\/es\/wp-json\/wp\/v2\/pages\/1600\/revisions"}],"predecessor-version":[{"id":11491,"href":"https:\/\/vilafames.org\/es\/wp-json\/wp\/v2\/pages\/1600\/revisions\/11491"}],"up":[{"embeddable":true,"href":"https:\/\/vilafames.org\/es\/wp-json\/wp\/v2\/pages\/662"}],"wp:featuredmedia":[{"embeddable":true,"href":"https:\/\/vilafames.org\/es\/wp-json\/wp\/v2\/media\/1640"}],"wp:attachment":[{"href":"https:\/\/vilafames.org\/es\/wp-json\/wp\/v2\/media?parent=1600"}],"curies":[{"name":"wp","href":"https:\/\/api.w.org\/{rel}","templated":true}]}}