{"id":1598,"date":"2017-01-22T19:30:11","date_gmt":"2017-01-22T18:30:11","guid":{"rendered":"http:\/\/vilafames.org\/?page_id=1598"},"modified":"2024-12-21T17:41:45","modified_gmt":"2024-12-21T16:41:45","slug":"el-tossal-de-la-font","status":"publish","type":"page","link":"https:\/\/vilafames.org\/es\/patrimoni\/el-tossal-de-la-font\/","title":{"rendered":"El tossal de la Font"},"content":{"rendered":"<p><img decoding=\"async\" class=\"wp-image-11402 size-medium alignleft lazyload\" data-src=\"https:\/\/vilafames.corvanit.com\/wp-content\/uploads\/covadeltossaldelafont-1-1-600x396.jpg\" alt=\"\" width=\"600\" height=\"396\" data-srcset=\"https:\/\/vilafames.org\/wp-content\/uploads\/covadeltossaldelafont-1-1-600x396.jpg 600w, https:\/\/vilafames.org\/wp-content\/uploads\/covadeltossaldelafont-1-1-768x507.jpg 768w, https:\/\/vilafames.org\/wp-content\/uploads\/covadeltossaldelafont-1-1.jpg 1024w\" data-sizes=\"(max-width: 600px) 100vw, 600px\" src=\"data:image\/gif;base64,R0lGODlhAQABAAAAACH5BAEKAAEALAAAAAABAAEAAAICTAEAOw==\" style=\"--smush-placeholder-width: 600px; --smush-placeholder-aspect-ratio: 600\/396;\" \/><\/p>\n<p>La cova es troba situada al vessant oest del tossal de la Font, tossal que es troba al costat del nucli urb\u00e0 de la poblaci\u00f3. Aquesta cavitat forma part d&#8217;una extensa xarxa c\u00e0rstica que ocupa el subs\u00f2l del tossal amb un recorregut de 2.282 metres de galeries interiors. El jaciment es troba just a la boca d&#8217;acc\u00e9s i forma part d&#8217;una colada argilosa for\u00e7a esquerdada de l&#8217;edat w\u00fcrmiana.<\/p>\n<p>Les tasques arqueol\u00f2giques realitzades en aquesta zona van proporcionar unes interesant\u00edssimes restes humanes que pertanyen a l&#8217;esp\u00e8cie Homo neanderthalensis, constitu\u00efdes per un fragment distal amb di\u00e0fisi i ep\u00edfisi de l&#8217;h\u00famer esquerre, un fragment d&#8217;os il\u00edac, porci\u00f3 retrocotilidiana, o coxal dret; ambdues restes sembla que corresponguen a un sol individu jove, possiblement de sexe femen\u00ed, i un fragment de molar superior permanent esquerre d&#8217;un individu infantil d&#8217;uns 8 anys d&#8217;edat.<\/p>\n<p>Quant a les restes de cultura material, es van recollir 3 resquills de s\u00edlex retocats i 1 amb evidents mostres de presentar retocs d&#8217;\u00fas. Aquesta ind\u00fastria pertanyia a un tecnocomplex mosteri\u00e0 t\u00edpic (paleol\u00edtic mitj\u00e0).<br \/>\nLa fauna que ha aparegut es compon principalment de cavalls, c\u00e9rvols, cabres salvatges, hienes, c\u00e0nids salvatges i conills. La microfauna consisteix en diverses esp\u00e8cies de rosegadors.<\/p>\n<p><img decoding=\"async\" class=\"wp-image-11417 size-full alignright lazyload\" data-src=\"https:\/\/vilafames.corvanit.com\/wp-content\/uploads\/covadeltossaldelafont1-300x185-1.jpg\" alt=\"\" width=\"300\" height=\"185\" src=\"data:image\/gif;base64,R0lGODlhAQABAAAAACH5BAEKAAEALAAAAAABAAEAAAICTAEAOw==\" style=\"--smush-placeholder-width: 300px; --smush-placeholder-aspect-ratio: 300\/185;\" \/>Les an\u00e0lisis pol\u00b7l\u00edniques indiquen la pres\u00e8ncia als voltants de la cova d&#8217;esp\u00e8cies vegetals com pins, oms, alzines, castanyers, verns, plantes gram\u00ednies i herb\u00e0cies, especialment lotus i espadanya o boga de fulla ampla, aquestes \u00faltimes d&#8217;indrets humits, aix\u00f2 indica que potser la cubeta de Vilafames f\u00f3ra una zona amb llacunes.<\/p>\n<p>La dataci\u00f3 relativa de la microfauna situa el marc cronol\u00f2gic a finals de l&#8217;interglaciar Riss-W\u00fcrm (120.000-90.000\/80.000 anys) i els inicis de la glaciaci\u00f3 W\u00fcrm (90.000\/80.000-50.000 anys). D&#8217;altra banda, les datacions absolutes obtingudes mitjan\u00e7ant el sistema radioactiu de l&#8217;U-Th, foren de 188.929\u00b18900 anys (nivell inferior a les troballes) i 61.846\u00b1585 anys (nivell superior). Les restes humanes podrien correspondre a un moment m\u00e9s antic, potser al per\u00edode glaciar del W\u00fcrm antic (90.000-70.000 anys), ja que els trets anat\u00f2mics de l&#8217;h\u00famer marquen la pertinen\u00e7a a una varietat arca\u00eftzant de neandertal.<\/p>\n<p>L&#8217;any 1985 es va verificar un sondeig estratigr\u00e0fic a la zona del vest\u00edbul d&#8217;entrada de la cavitat amb la finalitat d&#8217;obtenir dades sobre ocupacions postplioc\u00e8niques a la cova. Aquesta zona presentava indicis d&#8217;haver estat remoguda parcialment per antigues actuacions clandestines. Es van establir dos talls contigus, posteriorment unificats, amb una extensi\u00f3 de 12,50 m2. La pot\u00e8ncia sediment\u00e0ria va arribar als 3,20 metres de profunditat. Es va obtenir una seq\u00fc\u00e8ncia cronocultural que assenyalava una ocupaci\u00f3 de gent pastora durant el III mil\u00b7lenni (2810\u00b170 anE. i 2190\u00b1100 anE), al llarg del per\u00edode eneol\u00edtic o calcol\u00edtic i que, potser, va arribar tamb\u00e9 al moment inicial del bronze antic, a principis del II mil\u00b7lenni. Posteriorment, la cova va ser visitada ocasionalment durant les etapes hispanoromana, medieval i moderna. Les galeries m\u00e9s profundes i rec\u00f2ndites de la caverna es van utilitzar com a llocs d&#8217;enterraments, ja que els aixovars i els materials assenyalen la pertinen\u00e7a a l&#8217;\u00e8poca eneol\u00edtica.<\/p>\n","protected":false},"excerpt":{"rendered":"<p>La cova es troba situada al vessant oest del tossal de la Font, tossal que es troba al costat del nucli urb\u00e0 de la poblaci\u00f3. Aquesta cavitat forma part d&#8217;una extensa xarxa c\u00e0rstica que ocupa el subs\u00f2l del tossal amb un recorregut de 2.282 metres de galeries interiors. El jaciment es troba just a la [&hellip;]<\/p>\n","protected":false},"author":3,"featured_media":1638,"parent":662,"menu_order":0,"comment_status":"closed","ping_status":"closed","template":"","meta":{"footnotes":""},"class_list":["post-1598","page","type-page","status-publish","has-post-thumbnail","hentry"],"yoast_head":"<!-- This site is optimized with the Yoast SEO plugin v24.8.1 - https:\/\/yoast.com\/wordpress\/plugins\/seo\/ -->\n<title>El tossal de la Font - Web de l&#039;Ajuntament de Vilafam\u00e9s<\/title>\n<meta name=\"robots\" content=\"index, follow, max-snippet:-1, max-image-preview:large, max-video-preview:-1\" \/>\n<link rel=\"canonical\" href=\"https:\/\/vilafames.org\/poble__trashed\/patrimoni\/el-tossal-de-la-font\/\" \/>\n<meta property=\"og:locale\" content=\"es_ES\" \/>\n<meta property=\"og:type\" content=\"article\" \/>\n<meta property=\"og:title\" content=\"El tossal de la Font - Web de l&#039;Ajuntament de Vilafam\u00e9s\" \/>\n<meta property=\"og:description\" content=\"La cova es troba situada al vessant oest del tossal de la Font, tossal que es troba al costat del nucli urb\u00e0 de la poblaci\u00f3. Aquesta cavitat forma part d&#8217;una extensa xarxa c\u00e0rstica que ocupa el subs\u00f2l del tossal amb un recorregut de 2.282 metres de galeries interiors. El jaciment es troba just a la [&hellip;]\" \/>\n<meta property=\"og:url\" content=\"https:\/\/vilafames.org\/poble__trashed\/patrimoni\/el-tossal-de-la-font\/\" \/>\n<meta property=\"og:site_name\" content=\"Web de l&#039;Ajuntament de Vilafam\u00e9s\" \/>\n<meta property=\"article:publisher\" content=\"https:\/\/www.facebook.com\/AjuntamentVilafames\" \/>\n<meta property=\"article:modified_time\" content=\"2024-12-21T16:41:45+00:00\" \/>\n<meta property=\"og:image\" content=\"https:\/\/vilafames.org\/wp-content\/uploads\/covadeltossaldelafont-1.jpg\" \/>\n\t<meta property=\"og:image:width\" content=\"1024\" \/>\n\t<meta property=\"og:image:height\" content=\"676\" \/>\n\t<meta property=\"og:image:type\" content=\"image\/jpeg\" \/>\n<meta name=\"twitter:card\" content=\"summary_large_image\" \/>\n<meta name=\"twitter:site\" content=\"@ajtvilafames\" \/>\n<meta name=\"twitter:label1\" content=\"Tiempo de lectura\" \/>\n\t<meta name=\"twitter:data1\" content=\"3 minutos\" \/>\n<script type=\"application\/ld+json\" class=\"yoast-schema-graph\">{\"@context\":\"https:\/\/schema.org\",\"@graph\":[{\"@type\":\"WebPage\",\"@id\":\"https:\/\/vilafames.org\/poble__trashed\/patrimoni\/el-tossal-de-la-font\/\",\"url\":\"https:\/\/vilafames.org\/poble__trashed\/patrimoni\/el-tossal-de-la-font\/\",\"name\":\"El tossal de la Font - Web de l&#039;Ajuntament de Vilafam\u00e9s\",\"isPartOf\":{\"@id\":\"https:\/\/vilafames.org\/#website\"},\"primaryImageOfPage\":{\"@id\":\"https:\/\/vilafames.org\/poble__trashed\/patrimoni\/el-tossal-de-la-font\/#primaryimage\"},\"image\":{\"@id\":\"https:\/\/vilafames.org\/poble__trashed\/patrimoni\/el-tossal-de-la-font\/#primaryimage\"},\"thumbnailUrl\":\"https:\/\/vilafames.org\/wp-content\/uploads\/covadeltossaldelafont-1.jpg\",\"datePublished\":\"2017-01-22T18:30:11+00:00\",\"dateModified\":\"2024-12-21T16:41:45+00:00\",\"breadcrumb\":{\"@id\":\"https:\/\/vilafames.org\/poble__trashed\/patrimoni\/el-tossal-de-la-font\/#breadcrumb\"},\"inLanguage\":\"es\",\"potentialAction\":[{\"@type\":\"ReadAction\",\"target\":[\"https:\/\/vilafames.org\/poble__trashed\/patrimoni\/el-tossal-de-la-font\/\"]}]},{\"@type\":\"ImageObject\",\"inLanguage\":\"es\",\"@id\":\"https:\/\/vilafames.org\/poble__trashed\/patrimoni\/el-tossal-de-la-font\/#primaryimage\",\"url\":\"https:\/\/vilafames.org\/wp-content\/uploads\/covadeltossaldelafont-1.jpg\",\"contentUrl\":\"https:\/\/vilafames.org\/wp-content\/uploads\/covadeltossaldelafont-1.jpg\",\"width\":1024,\"height\":676},{\"@type\":\"BreadcrumbList\",\"@id\":\"https:\/\/vilafames.org\/poble__trashed\/patrimoni\/el-tossal-de-la-font\/#breadcrumb\",\"itemListElement\":[{\"@type\":\"ListItem\",\"position\":1,\"name\":\"Inici\",\"item\":\"https:\/\/vilafames.org\/\"},{\"@type\":\"ListItem\",\"position\":2,\"name\":\"Patrimonio\",\"item\":\"https:\/\/vilafames.org\/poble__trashed\/patrimoni\/\"},{\"@type\":\"ListItem\",\"position\":3,\"name\":\"El tossal de la Font\"}]},{\"@type\":\"WebSite\",\"@id\":\"https:\/\/vilafames.org\/#website\",\"url\":\"https:\/\/vilafames.org\/\",\"name\":\"Web de l'Ajuntament de Vilafam\u00e9s\",\"description\":\"Web de l&#039;Ajuntament de Vilafam\u00e9s\",\"publisher\":{\"@id\":\"https:\/\/vilafames.org\/#organization\"},\"potentialAction\":[{\"@type\":\"SearchAction\",\"target\":{\"@type\":\"EntryPoint\",\"urlTemplate\":\"https:\/\/vilafames.org\/?s={search_term_string}\"},\"query-input\":{\"@type\":\"PropertyValueSpecification\",\"valueRequired\":true,\"valueName\":\"search_term_string\"}}],\"inLanguage\":\"es\"},{\"@type\":\"Organization\",\"@id\":\"https:\/\/vilafames.org\/#organization\",\"name\":\"Web de l'Ajuntament de Vilafam\u00e9s\",\"url\":\"https:\/\/vilafames.org\/\",\"logo\":{\"@type\":\"ImageObject\",\"inLanguage\":\"es\",\"@id\":\"https:\/\/vilafames.org\/#\/schema\/logo\/image\/\",\"url\":\"https:\/\/vilafames.org\/wp-content\/uploads\/cropped-marca_v_rgb-1-1.png\",\"contentUrl\":\"https:\/\/vilafames.org\/wp-content\/uploads\/cropped-marca_v_rgb-1-1.png\",\"width\":558,\"height\":269,\"caption\":\"Web de l'Ajuntament de Vilafam\u00e9s\"},\"image\":{\"@id\":\"https:\/\/vilafames.org\/#\/schema\/logo\/image\/\"},\"sameAs\":[\"https:\/\/www.facebook.com\/AjuntamentVilafames\",\"https:\/\/x.com\/ajtvilafames\",\"https:\/\/www.instagram.com\/ajuntamentvilafames\/\",\"https:\/\/www.youtube.com\/channel\/UCjXWt3n8FHiahgKqHZWOTXQ\"]}]}<\/script>\n<!-- \/ Yoast SEO plugin. -->","yoast_head_json":{"title":"El tossal de la Font - Web de l&#039;Ajuntament de Vilafam\u00e9s","robots":{"index":"index","follow":"follow","max-snippet":"max-snippet:-1","max-image-preview":"max-image-preview:large","max-video-preview":"max-video-preview:-1"},"canonical":"https:\/\/vilafames.org\/poble__trashed\/patrimoni\/el-tossal-de-la-font\/","og_locale":"es_ES","og_type":"article","og_title":"El tossal de la Font - Web de l&#039;Ajuntament de Vilafam\u00e9s","og_description":"La cova es troba situada al vessant oest del tossal de la Font, tossal que es troba al costat del nucli urb\u00e0 de la poblaci\u00f3. Aquesta cavitat forma part d&#8217;una extensa xarxa c\u00e0rstica que ocupa el subs\u00f2l del tossal amb un recorregut de 2.282 metres de galeries interiors. El jaciment es troba just a la [&hellip;]","og_url":"https:\/\/vilafames.org\/poble__trashed\/patrimoni\/el-tossal-de-la-font\/","og_site_name":"Web de l&#039;Ajuntament de Vilafam\u00e9s","article_publisher":"https:\/\/www.facebook.com\/AjuntamentVilafames","article_modified_time":"2024-12-21T16:41:45+00:00","og_image":[{"width":1024,"height":676,"url":"https:\/\/vilafames.org\/wp-content\/uploads\/covadeltossaldelafont-1.jpg","type":"image\/jpeg"}],"twitter_card":"summary_large_image","twitter_site":"@ajtvilafames","twitter_misc":{"Tiempo de lectura":"3 minutos"},"schema":{"@context":"https:\/\/schema.org","@graph":[{"@type":"WebPage","@id":"https:\/\/vilafames.org\/poble__trashed\/patrimoni\/el-tossal-de-la-font\/","url":"https:\/\/vilafames.org\/poble__trashed\/patrimoni\/el-tossal-de-la-font\/","name":"El tossal de la Font - Web de l&#039;Ajuntament de Vilafam\u00e9s","isPartOf":{"@id":"https:\/\/vilafames.org\/#website"},"primaryImageOfPage":{"@id":"https:\/\/vilafames.org\/poble__trashed\/patrimoni\/el-tossal-de-la-font\/#primaryimage"},"image":{"@id":"https:\/\/vilafames.org\/poble__trashed\/patrimoni\/el-tossal-de-la-font\/#primaryimage"},"thumbnailUrl":"https:\/\/vilafames.org\/wp-content\/uploads\/covadeltossaldelafont-1.jpg","datePublished":"2017-01-22T18:30:11+00:00","dateModified":"2024-12-21T16:41:45+00:00","breadcrumb":{"@id":"https:\/\/vilafames.org\/poble__trashed\/patrimoni\/el-tossal-de-la-font\/#breadcrumb"},"inLanguage":"es","potentialAction":[{"@type":"ReadAction","target":["https:\/\/vilafames.org\/poble__trashed\/patrimoni\/el-tossal-de-la-font\/"]}]},{"@type":"ImageObject","inLanguage":"es","@id":"https:\/\/vilafames.org\/poble__trashed\/patrimoni\/el-tossal-de-la-font\/#primaryimage","url":"https:\/\/vilafames.org\/wp-content\/uploads\/covadeltossaldelafont-1.jpg","contentUrl":"https:\/\/vilafames.org\/wp-content\/uploads\/covadeltossaldelafont-1.jpg","width":1024,"height":676},{"@type":"BreadcrumbList","@id":"https:\/\/vilafames.org\/poble__trashed\/patrimoni\/el-tossal-de-la-font\/#breadcrumb","itemListElement":[{"@type":"ListItem","position":1,"name":"Inici","item":"https:\/\/vilafames.org\/"},{"@type":"ListItem","position":2,"name":"Patrimonio","item":"https:\/\/vilafames.org\/poble__trashed\/patrimoni\/"},{"@type":"ListItem","position":3,"name":"El tossal de la Font"}]},{"@type":"WebSite","@id":"https:\/\/vilafames.org\/#website","url":"https:\/\/vilafames.org\/","name":"Web de l'Ajuntament de Vilafam\u00e9s","description":"Web de l&#039;Ajuntament de Vilafam\u00e9s","publisher":{"@id":"https:\/\/vilafames.org\/#organization"},"potentialAction":[{"@type":"SearchAction","target":{"@type":"EntryPoint","urlTemplate":"https:\/\/vilafames.org\/?s={search_term_string}"},"query-input":{"@type":"PropertyValueSpecification","valueRequired":true,"valueName":"search_term_string"}}],"inLanguage":"es"},{"@type":"Organization","@id":"https:\/\/vilafames.org\/#organization","name":"Web de l'Ajuntament de Vilafam\u00e9s","url":"https:\/\/vilafames.org\/","logo":{"@type":"ImageObject","inLanguage":"es","@id":"https:\/\/vilafames.org\/#\/schema\/logo\/image\/","url":"https:\/\/vilafames.org\/wp-content\/uploads\/cropped-marca_v_rgb-1-1.png","contentUrl":"https:\/\/vilafames.org\/wp-content\/uploads\/cropped-marca_v_rgb-1-1.png","width":558,"height":269,"caption":"Web de l'Ajuntament de Vilafam\u00e9s"},"image":{"@id":"https:\/\/vilafames.org\/#\/schema\/logo\/image\/"},"sameAs":["https:\/\/www.facebook.com\/AjuntamentVilafames","https:\/\/x.com\/ajtvilafames","https:\/\/www.instagram.com\/ajuntamentvilafames\/","https:\/\/www.youtube.com\/channel\/UCjXWt3n8FHiahgKqHZWOTXQ"]}]}},"_links":{"self":[{"href":"https:\/\/vilafames.org\/es\/wp-json\/wp\/v2\/pages\/1598","targetHints":{"allow":["GET"]}}],"collection":[{"href":"https:\/\/vilafames.org\/es\/wp-json\/wp\/v2\/pages"}],"about":[{"href":"https:\/\/vilafames.org\/es\/wp-json\/wp\/v2\/types\/page"}],"author":[{"embeddable":true,"href":"https:\/\/vilafames.org\/es\/wp-json\/wp\/v2\/users\/3"}],"replies":[{"embeddable":true,"href":"https:\/\/vilafames.org\/es\/wp-json\/wp\/v2\/comments?post=1598"}],"version-history":[{"count":4,"href":"https:\/\/vilafames.org\/es\/wp-json\/wp\/v2\/pages\/1598\/revisions"}],"predecessor-version":[{"id":11488,"href":"https:\/\/vilafames.org\/es\/wp-json\/wp\/v2\/pages\/1598\/revisions\/11488"}],"up":[{"embeddable":true,"href":"https:\/\/vilafames.org\/es\/wp-json\/wp\/v2\/pages\/662"}],"wp:featuredmedia":[{"embeddable":true,"href":"https:\/\/vilafames.org\/es\/wp-json\/wp\/v2\/media\/1638"}],"wp:attachment":[{"href":"https:\/\/vilafames.org\/es\/wp-json\/wp\/v2\/media?parent=1598"}],"curies":[{"name":"wp","href":"https:\/\/api.w.org\/{rel}","templated":true}]}}