{"id":1596,"date":"2017-01-22T19:29:24","date_gmt":"2017-01-22T18:29:24","guid":{"rendered":"http:\/\/vilafames.org\/?page_id=1596"},"modified":"2024-12-21T17:34:15","modified_gmt":"2024-12-21T16:34:15","slug":"conjunt-historic","status":"publish","type":"page","link":"https:\/\/vilafames.org\/es\/patrimoni\/conjunt-historic\/","title":{"rendered":"Conjunt hist\u00f2ric"},"content":{"rendered":"<p><img decoding=\"async\" class=\"alignleft wp-image-1634 lazyload\" data-src=\"https:\/\/vilafames.corvanit.com\/wp-content\/uploads\/vilafamespanoramica3-300x195.jpg\" alt=\"\" width=\"500\" height=\"326\" data-srcset=\"https:\/\/vilafames.org\/wp-content\/uploads\/vilafamespanoramica3-300x195.jpg 300w, https:\/\/vilafames.org\/wp-content\/uploads\/vilafamespanoramica3-768x500.jpg 768w, https:\/\/vilafames.org\/wp-content\/uploads\/vilafamespanoramica3.jpg 1024w\" data-sizes=\"(max-width: 500px) 100vw, 500px\" src=\"data:image\/gif;base64,R0lGODlhAQABAAAAACH5BAEKAAEALAAAAAABAAEAAAICTAEAOw==\" style=\"--smush-placeholder-width: 500px; --smush-placeholder-aspect-ratio: 500\/326;\" \/><\/p>\n<p>Situado en la parte alta de la poblaci\u00f3n. Es un conjunto que aparece rodeado por una muralla, realizada durante el siglo XIV, que engloba en su interior a las diversas edificaciones urbanas as\u00ed como los edificios emblem\u00e1ticos del municipio. Se observa, en el trazado urban\u00edstico, la existencia de dos zonas diferenciadas; la superior, caracterizada por la existencia de calles estrechas y zigzagueantes, mientras que en la inferior, las calles son de trazado lineal, adaptadas a la topograf\u00eda.<\/p>\n<p>En 2005, se declar\u00f3 Bien de Inter\u00e9s Cultural, en la categor\u00eda de conjunto hist\u00f3rico, por parte de la Generalitat Valenciana. Entre los motivos que llevaron a esta declaraci\u00f3n, tal y como se indica en la misma, est\u00e1 el que \u00abse trata de uno de los conjuntos hist\u00f3rico-art\u00edsticos de mayor importancia de la Comunidad Valenciana, por su gran belleza y alto grado de conservaci\u00f3n, as\u00ed como por el enclave paisaj\u00edstico donde se encuentra ubicada y donde se integra con su particular silueta. Posee una trama medieval adaptada a su particular topograf\u00eda, donde coexiste una interesante arquitectura popular junto a edificios significativos de la arquitectura civil y religiosa, g\u00f3tica y barroca\u00bb.","protected":false},"excerpt":{"rendered":"<p>Situado en la parte alta de la poblaci\u00f3n. Es un conjunto que aparece rodeado por una muralla, realizada durante el siglo XIV, que engloba en su interior a las diversas edificaciones urbanas as\u00ed como los edificios emblem\u00e1ticos del municipio. Se observa, en el trazado urban\u00edstico, la existencia de dos zonas diferenciadas; la superior, caracterizada por [&hellip;]<\/p>\n","protected":false},"author":3,"featured_media":1634,"parent":662,"menu_order":0,"comment_status":"closed","ping_status":"closed","template":"","meta":{"footnotes":""},"class_list":["post-1596","page","type-page","status-publish","has-post-thumbnail","hentry"],"yoast_head":"<!-- This site is optimized with the Yoast SEO plugin v24.8.1 - https:\/\/yoast.com\/wordpress\/plugins\/seo\/ -->\n<title>Conjunt hist\u00f2ric - Web de l&#039;Ajuntament de Vilafam\u00e9s<\/title>\n<meta name=\"robots\" content=\"index, follow, max-snippet:-1, max-image-preview:large, max-video-preview:-1\" \/>\n<link rel=\"canonical\" href=\"https:\/\/vilafames.org\/poble__trashed\/patrimoni\/conjunt-historic\/\" \/>\n<meta property=\"og:locale\" content=\"es_ES\" \/>\n<meta property=\"og:type\" content=\"article\" \/>\n<meta property=\"og:title\" content=\"Conjunt hist\u00f2ric - Web de l&#039;Ajuntament de Vilafam\u00e9s\" \/>\n<meta property=\"og:description\" content=\"Situado en la parte alta de la poblaci\u00f3n. Es un conjunto que aparece rodeado por una muralla, realizada durante el siglo XIV, que engloba en su interior a las diversas edificaciones urbanas as\u00ed como los edificios emblem\u00e1ticos del municipio. Se observa, en el trazado urban\u00edstico, la existencia de dos zonas diferenciadas; la superior, caracterizada por [&hellip;]\" \/>\n<meta property=\"og:url\" content=\"https:\/\/vilafames.org\/poble__trashed\/patrimoni\/conjunt-historic\/\" \/>\n<meta property=\"og:site_name\" content=\"Web de l&#039;Ajuntament de Vilafam\u00e9s\" \/>\n<meta property=\"article:publisher\" content=\"https:\/\/www.facebook.com\/AjuntamentVilafames\" \/>\n<meta property=\"article:modified_time\" content=\"2024-12-21T16:34:15+00:00\" \/>\n<meta property=\"og:image\" content=\"https:\/\/vilafames.org\/wp-content\/uploads\/vilafamespanoramica3.jpg\" \/>\n\t<meta property=\"og:image:width\" content=\"1024\" \/>\n\t<meta property=\"og:image:height\" content=\"667\" \/>\n\t<meta property=\"og:image:type\" content=\"image\/jpeg\" \/>\n<meta name=\"twitter:card\" content=\"summary_large_image\" \/>\n<meta name=\"twitter:site\" content=\"@ajtvilafames\" \/>\n<meta name=\"twitter:label1\" content=\"Tiempo de lectura\" \/>\n\t<meta name=\"twitter:data1\" content=\"2 minutos\" \/>\n<script type=\"application\/ld+json\" class=\"yoast-schema-graph\">{\"@context\":\"https:\/\/schema.org\",\"@graph\":[{\"@type\":\"WebPage\",\"@id\":\"https:\/\/vilafames.org\/poble__trashed\/patrimoni\/conjunt-historic\/\",\"url\":\"https:\/\/vilafames.org\/poble__trashed\/patrimoni\/conjunt-historic\/\",\"name\":\"Conjunt hist\u00f2ric - Web de l&#039;Ajuntament de Vilafam\u00e9s\",\"isPartOf\":{\"@id\":\"https:\/\/vilafames.org\/#website\"},\"primaryImageOfPage\":{\"@id\":\"https:\/\/vilafames.org\/poble__trashed\/patrimoni\/conjunt-historic\/#primaryimage\"},\"image\":{\"@id\":\"https:\/\/vilafames.org\/poble__trashed\/patrimoni\/conjunt-historic\/#primaryimage\"},\"thumbnailUrl\":\"https:\/\/vilafames.org\/wp-content\/uploads\/vilafamespanoramica3.jpg\",\"datePublished\":\"2017-01-22T18:29:24+00:00\",\"dateModified\":\"2024-12-21T16:34:15+00:00\",\"breadcrumb\":{\"@id\":\"https:\/\/vilafames.org\/poble__trashed\/patrimoni\/conjunt-historic\/#breadcrumb\"},\"inLanguage\":\"es\",\"potentialAction\":[{\"@type\":\"ReadAction\",\"target\":[\"https:\/\/vilafames.org\/poble__trashed\/patrimoni\/conjunt-historic\/\"]}]},{\"@type\":\"ImageObject\",\"inLanguage\":\"es\",\"@id\":\"https:\/\/vilafames.org\/poble__trashed\/patrimoni\/conjunt-historic\/#primaryimage\",\"url\":\"https:\/\/vilafames.org\/wp-content\/uploads\/vilafamespanoramica3.jpg\",\"contentUrl\":\"https:\/\/vilafames.org\/wp-content\/uploads\/vilafamespanoramica3.jpg\",\"width\":1024,\"height\":667},{\"@type\":\"BreadcrumbList\",\"@id\":\"https:\/\/vilafames.org\/poble__trashed\/patrimoni\/conjunt-historic\/#breadcrumb\",\"itemListElement\":[{\"@type\":\"ListItem\",\"position\":1,\"name\":\"Inici\",\"item\":\"https:\/\/vilafames.org\/\"},{\"@type\":\"ListItem\",\"position\":2,\"name\":\"Patrimonio\",\"item\":\"https:\/\/vilafames.org\/poble__trashed\/patrimoni\/\"},{\"@type\":\"ListItem\",\"position\":3,\"name\":\"Conjunt hist\u00f2ric\"}]},{\"@type\":\"WebSite\",\"@id\":\"https:\/\/vilafames.org\/#website\",\"url\":\"https:\/\/vilafames.org\/\",\"name\":\"Web de l'Ajuntament de Vilafam\u00e9s\",\"description\":\"Web de l&#039;Ajuntament de Vilafam\u00e9s\",\"publisher\":{\"@id\":\"https:\/\/vilafames.org\/#organization\"},\"potentialAction\":[{\"@type\":\"SearchAction\",\"target\":{\"@type\":\"EntryPoint\",\"urlTemplate\":\"https:\/\/vilafames.org\/?s={search_term_string}\"},\"query-input\":{\"@type\":\"PropertyValueSpecification\",\"valueRequired\":true,\"valueName\":\"search_term_string\"}}],\"inLanguage\":\"es\"},{\"@type\":\"Organization\",\"@id\":\"https:\/\/vilafames.org\/#organization\",\"name\":\"Web de l'Ajuntament de Vilafam\u00e9s\",\"url\":\"https:\/\/vilafames.org\/\",\"logo\":{\"@type\":\"ImageObject\",\"inLanguage\":\"es\",\"@id\":\"https:\/\/vilafames.org\/#\/schema\/logo\/image\/\",\"url\":\"https:\/\/vilafames.org\/wp-content\/uploads\/cropped-marca_v_rgb-1-1.png\",\"contentUrl\":\"https:\/\/vilafames.org\/wp-content\/uploads\/cropped-marca_v_rgb-1-1.png\",\"width\":558,\"height\":269,\"caption\":\"Web de l'Ajuntament de Vilafam\u00e9s\"},\"image\":{\"@id\":\"https:\/\/vilafames.org\/#\/schema\/logo\/image\/\"},\"sameAs\":[\"https:\/\/www.facebook.com\/AjuntamentVilafames\",\"https:\/\/x.com\/ajtvilafames\",\"https:\/\/www.instagram.com\/ajuntamentvilafames\/\",\"https:\/\/www.youtube.com\/channel\/UCjXWt3n8FHiahgKqHZWOTXQ\"]}]}<\/script>\n<!-- \/ Yoast SEO plugin. -->","yoast_head_json":{"title":"Conjunt hist\u00f2ric - Web de l&#039;Ajuntament de Vilafam\u00e9s","robots":{"index":"index","follow":"follow","max-snippet":"max-snippet:-1","max-image-preview":"max-image-preview:large","max-video-preview":"max-video-preview:-1"},"canonical":"https:\/\/vilafames.org\/poble__trashed\/patrimoni\/conjunt-historic\/","og_locale":"es_ES","og_type":"article","og_title":"Conjunt hist\u00f2ric - Web de l&#039;Ajuntament de Vilafam\u00e9s","og_description":"Situado en la parte alta de la poblaci\u00f3n. Es un conjunto que aparece rodeado por una muralla, realizada durante el siglo XIV, que engloba en su interior a las diversas edificaciones urbanas as\u00ed como los edificios emblem\u00e1ticos del municipio. Se observa, en el trazado urban\u00edstico, la existencia de dos zonas diferenciadas; la superior, caracterizada por [&hellip;]","og_url":"https:\/\/vilafames.org\/poble__trashed\/patrimoni\/conjunt-historic\/","og_site_name":"Web de l&#039;Ajuntament de Vilafam\u00e9s","article_publisher":"https:\/\/www.facebook.com\/AjuntamentVilafames","article_modified_time":"2024-12-21T16:34:15+00:00","og_image":[{"width":1024,"height":667,"url":"https:\/\/vilafames.org\/wp-content\/uploads\/vilafamespanoramica3.jpg","type":"image\/jpeg"}],"twitter_card":"summary_large_image","twitter_site":"@ajtvilafames","twitter_misc":{"Tiempo de lectura":"2 minutos"},"schema":{"@context":"https:\/\/schema.org","@graph":[{"@type":"WebPage","@id":"https:\/\/vilafames.org\/poble__trashed\/patrimoni\/conjunt-historic\/","url":"https:\/\/vilafames.org\/poble__trashed\/patrimoni\/conjunt-historic\/","name":"Conjunt hist\u00f2ric - Web de l&#039;Ajuntament de Vilafam\u00e9s","isPartOf":{"@id":"https:\/\/vilafames.org\/#website"},"primaryImageOfPage":{"@id":"https:\/\/vilafames.org\/poble__trashed\/patrimoni\/conjunt-historic\/#primaryimage"},"image":{"@id":"https:\/\/vilafames.org\/poble__trashed\/patrimoni\/conjunt-historic\/#primaryimage"},"thumbnailUrl":"https:\/\/vilafames.org\/wp-content\/uploads\/vilafamespanoramica3.jpg","datePublished":"2017-01-22T18:29:24+00:00","dateModified":"2024-12-21T16:34:15+00:00","breadcrumb":{"@id":"https:\/\/vilafames.org\/poble__trashed\/patrimoni\/conjunt-historic\/#breadcrumb"},"inLanguage":"es","potentialAction":[{"@type":"ReadAction","target":["https:\/\/vilafames.org\/poble__trashed\/patrimoni\/conjunt-historic\/"]}]},{"@type":"ImageObject","inLanguage":"es","@id":"https:\/\/vilafames.org\/poble__trashed\/patrimoni\/conjunt-historic\/#primaryimage","url":"https:\/\/vilafames.org\/wp-content\/uploads\/vilafamespanoramica3.jpg","contentUrl":"https:\/\/vilafames.org\/wp-content\/uploads\/vilafamespanoramica3.jpg","width":1024,"height":667},{"@type":"BreadcrumbList","@id":"https:\/\/vilafames.org\/poble__trashed\/patrimoni\/conjunt-historic\/#breadcrumb","itemListElement":[{"@type":"ListItem","position":1,"name":"Inici","item":"https:\/\/vilafames.org\/"},{"@type":"ListItem","position":2,"name":"Patrimonio","item":"https:\/\/vilafames.org\/poble__trashed\/patrimoni\/"},{"@type":"ListItem","position":3,"name":"Conjunt hist\u00f2ric"}]},{"@type":"WebSite","@id":"https:\/\/vilafames.org\/#website","url":"https:\/\/vilafames.org\/","name":"Web de l'Ajuntament de Vilafam\u00e9s","description":"Web de l&#039;Ajuntament de Vilafam\u00e9s","publisher":{"@id":"https:\/\/vilafames.org\/#organization"},"potentialAction":[{"@type":"SearchAction","target":{"@type":"EntryPoint","urlTemplate":"https:\/\/vilafames.org\/?s={search_term_string}"},"query-input":{"@type":"PropertyValueSpecification","valueRequired":true,"valueName":"search_term_string"}}],"inLanguage":"es"},{"@type":"Organization","@id":"https:\/\/vilafames.org\/#organization","name":"Web de l'Ajuntament de Vilafam\u00e9s","url":"https:\/\/vilafames.org\/","logo":{"@type":"ImageObject","inLanguage":"es","@id":"https:\/\/vilafames.org\/#\/schema\/logo\/image\/","url":"https:\/\/vilafames.org\/wp-content\/uploads\/cropped-marca_v_rgb-1-1.png","contentUrl":"https:\/\/vilafames.org\/wp-content\/uploads\/cropped-marca_v_rgb-1-1.png","width":558,"height":269,"caption":"Web de l'Ajuntament de Vilafam\u00e9s"},"image":{"@id":"https:\/\/vilafames.org\/#\/schema\/logo\/image\/"},"sameAs":["https:\/\/www.facebook.com\/AjuntamentVilafames","https:\/\/x.com\/ajtvilafames","https:\/\/www.instagram.com\/ajuntamentvilafames\/","https:\/\/www.youtube.com\/channel\/UCjXWt3n8FHiahgKqHZWOTXQ"]}]}},"_links":{"self":[{"href":"https:\/\/vilafames.org\/es\/wp-json\/wp\/v2\/pages\/1596","targetHints":{"allow":["GET"]}}],"collection":[{"href":"https:\/\/vilafames.org\/es\/wp-json\/wp\/v2\/pages"}],"about":[{"href":"https:\/\/vilafames.org\/es\/wp-json\/wp\/v2\/types\/page"}],"author":[{"embeddable":true,"href":"https:\/\/vilafames.org\/es\/wp-json\/wp\/v2\/users\/3"}],"replies":[{"embeddable":true,"href":"https:\/\/vilafames.org\/es\/wp-json\/wp\/v2\/comments?post=1596"}],"version-history":[{"count":5,"href":"https:\/\/vilafames.org\/es\/wp-json\/wp\/v2\/pages\/1596\/revisions"}],"predecessor-version":[{"id":11483,"href":"https:\/\/vilafames.org\/es\/wp-json\/wp\/v2\/pages\/1596\/revisions\/11483"}],"up":[{"embeddable":true,"href":"https:\/\/vilafames.org\/es\/wp-json\/wp\/v2\/pages\/662"}],"wp:featuredmedia":[{"embeddable":true,"href":"https:\/\/vilafames.org\/es\/wp-json\/wp\/v2\/media\/1634"}],"wp:attachment":[{"href":"https:\/\/vilafames.org\/es\/wp-json\/wp\/v2\/media?parent=1596"}],"curies":[{"name":"wp","href":"https:\/\/api.w.org\/{rel}","templated":true}]}}