{"id":1581,"date":"2017-01-20T23:42:54","date_gmt":"2017-01-20T22:42:54","guid":{"rendered":"http:\/\/vilafames.org\/?page_id=1581"},"modified":"2017-02-07T15:59:38","modified_gmt":"2017-02-07T14:59:38","slug":"vilafames-info","status":"publish","type":"page","link":"https:\/\/vilafames.org\/es\/vilafames-info\/","title":{"rendered":"Vilafam\u00e9s Info: APP m\u00f3vil"},"content":{"rendered":"<p><img decoding=\"async\" class=\"alignnone size-full wp-image-1895 lazyload\" data-src=\"https:\/\/vilafames.corvanit.com\/wp-content\/uploads\/one-hand-iphone-6-mockup-5.jpg\" alt=\"\" width=\"1000\" height=\"667\" data-srcset=\"https:\/\/vilafames.org\/wp-content\/uploads\/one-hand-iphone-6-mockup-5.jpg 1000w, https:\/\/vilafames.org\/wp-content\/uploads\/one-hand-iphone-6-mockup-5-600x400.jpg 600w, https:\/\/vilafames.org\/wp-content\/uploads\/one-hand-iphone-6-mockup-5-768x512.jpg 768w\" data-sizes=\"(max-width: 1000px) 100vw, 1000px\" src=\"data:image\/gif;base64,R0lGODlhAQABAAAAACH5BAEKAAEALAAAAAABAAEAAAICTAEAOw==\" style=\"--smush-placeholder-width: 1000px; --smush-placeholder-aspect-ratio: 1000\/667;\" \/><\/p>\n<p>Vilafam\u00e9s Info es una app nativa para tel\u00e9fonos m\u00f3viles que permite a los vecinos y vecinas que se la descarguen acceder a agenda de eventos, noticias, bandos y avisos, acceso a los tel\u00e9fonos de inter\u00e9s de servicios y emergencias as\u00ed como de comercios y empresas. La aplicaci\u00f3n funciona en castellano y valenciano. Adem\u00e1s permite suscribirse a los bandos. recibir avisos y conocer el tiempo.<\/p>\n<p><strong>Participaci\u00f3n ciudadana<br \/>\n<\/strong>As\u00ed mismo la aplicaci\u00f3n dispone de un sistema de comunicaci\u00f3n de incidencias que permite a los vecinos y vecinas comunicar al consistorio cualquier aviso para que los servicios municipales act\u00faen en consecuencia. La comunicaci\u00f3n de incidencias permite realizar la comunicaci\u00f3n aportando fotograf\u00edas, texto y geolocalizaci\u00f3n del lugar donde se ha detectado.<\/p>\n<p><iframe title=\"VILAFAMES INFO\" width=\"500\" height=\"281\" data-src=\"https:\/\/www.youtube.com\/embed\/BYtZGHlPL2E?feature=oembed\" frameborder=\"0\" allow=\"accelerometer; autoplay; clipboard-write; encrypted-media; gyroscope; picture-in-picture; web-share\" referrerpolicy=\"strict-origin-when-cross-origin\" allowfullscreen src=\"data:image\/gif;base64,R0lGODlhAQABAAAAACH5BAEKAAEALAAAAAABAAEAAAICTAEAOw==\" class=\"lazyload\" data-load-mode=\"1\"><\/iframe><\/p>\n<p>Vilafames Info se puede descargar en las plataformas <a href=\"https:\/\/play.google.com\/store\/apps\/details?id=com.vicopo.com.vilafames\">Google Play<\/a> para dispositivos Android y <a href=\"https:\/\/itunes.apple.com\/es\/app\/vilafames-info\/id1146359504?mt=8\">App Store<\/a> para dispositivos Apple.","protected":false},"excerpt":{"rendered":"<p>Vilafam\u00e9s Info es una app nativa para tel\u00e9fonos m\u00f3viles que permite a los vecinos y vecinas que se la descarguen acceder a agenda de eventos, noticias, bandos y avisos, acceso a los tel\u00e9fonos de inter\u00e9s de servicios y emergencias as\u00ed como de comercios y empresas. La aplicaci\u00f3n funciona en castellano y valenciano. Adem\u00e1s permite suscribirse [&hellip;]<\/p>\n","protected":false},"author":3,"featured_media":1895,"parent":0,"menu_order":0,"comment_status":"closed","ping_status":"closed","template":"","meta":{"footnotes":""},"class_list":["post-1581","page","type-page","status-publish","has-post-thumbnail","hentry"],"yoast_head":"<!-- This site is optimized with the Yoast SEO plugin v24.8.1 - https:\/\/yoast.com\/wordpress\/plugins\/seo\/ -->\n<title>Vilafam\u00e9s Info: APP m\u00f3vil - Web de l&#039;Ajuntament de Vilafam\u00e9s<\/title>\n<meta name=\"robots\" content=\"index, follow, max-snippet:-1, max-image-preview:large, max-video-preview:-1\" \/>\n<link rel=\"canonical\" href=\"https:\/\/vilafames.org\/serveis__trashed\/vilafames-info\/\" \/>\n<meta property=\"og:locale\" content=\"es_ES\" \/>\n<meta property=\"og:type\" content=\"article\" \/>\n<meta property=\"og:title\" content=\"[:ca]Vilafam\u00e9s Info: APP m\u00f2bil [:es]Vilafam\u00e9s Info: APP m\u00f3vil[:] - Web de l&#039;Ajuntament de Vilafam\u00e9s\" \/>\n<meta property=\"og:description\" content=\"Vilafam\u00e9s Info es una app nativa para tel\u00e9fonos m\u00f3viles que permite a los vecinos y vecinas que se la descarguen acceder a agenda de eventos, noticias, bandos y avisos, acceso a los tel\u00e9fonos de inter\u00e9s de servicios y emergencias as\u00ed como de comercios y empresas. La aplicaci\u00f3n funciona en castellano y valenciano. Adem\u00e1s permite suscribirse [&hellip;]\" \/>\n<meta property=\"og:url\" content=\"https:\/\/vilafames.org\/serveis__trashed\/vilafames-info\/\" \/>\n<meta property=\"og:site_name\" content=\"Web de l&#039;Ajuntament de Vilafam\u00e9s\" \/>\n<meta property=\"article:publisher\" content=\"https:\/\/www.facebook.com\/AjuntamentVilafames\" \/>\n<meta property=\"article:modified_time\" content=\"2017-02-07T14:59:38+00:00\" \/>\n<meta property=\"og:image\" content=\"https:\/\/vilafames.org\/wp-content\/uploads\/one-hand-iphone-6-mockup-5.jpg\" \/>\n\t<meta property=\"og:image:width\" content=\"1000\" \/>\n\t<meta property=\"og:image:height\" content=\"667\" \/>\n\t<meta property=\"og:image:type\" content=\"image\/jpeg\" \/>\n<meta name=\"twitter:card\" content=\"summary_large_image\" \/>\n<meta name=\"twitter:site\" content=\"@ajtvilafames\" \/>\n<meta name=\"twitter:label1\" content=\"Tiempo de lectura\" \/>\n\t<meta name=\"twitter:data1\" content=\"2 minutos\" \/>\n<script type=\"application\/ld+json\" class=\"yoast-schema-graph\">{\"@context\":\"https:\/\/schema.org\",\"@graph\":[{\"@type\":\"WebPage\",\"@id\":\"https:\/\/vilafames.org\/serveis__trashed\/vilafames-info\/\",\"url\":\"https:\/\/vilafames.org\/serveis__trashed\/vilafames-info\/\",\"name\":\"[:ca]Vilafam\u00e9s Info: APP m\u00f2bil [:es]Vilafam\u00e9s Info: APP m\u00f3vil[:] - Web de l&#039;Ajuntament de Vilafam\u00e9s\",\"isPartOf\":{\"@id\":\"https:\/\/vilafames.org\/#website\"},\"primaryImageOfPage\":{\"@id\":\"https:\/\/vilafames.org\/serveis__trashed\/vilafames-info\/#primaryimage\"},\"image\":{\"@id\":\"https:\/\/vilafames.org\/serveis__trashed\/vilafames-info\/#primaryimage\"},\"thumbnailUrl\":\"https:\/\/vilafames.org\/wp-content\/uploads\/one-hand-iphone-6-mockup-5.jpg\",\"datePublished\":\"2017-01-20T22:42:54+00:00\",\"dateModified\":\"2017-02-07T14:59:38+00:00\",\"breadcrumb\":{\"@id\":\"https:\/\/vilafames.org\/serveis__trashed\/vilafames-info\/#breadcrumb\"},\"inLanguage\":\"es\",\"potentialAction\":[{\"@type\":\"ReadAction\",\"target\":[\"https:\/\/vilafames.org\/serveis__trashed\/vilafames-info\/\"]}]},{\"@type\":\"ImageObject\",\"inLanguage\":\"es\",\"@id\":\"https:\/\/vilafames.org\/serveis__trashed\/vilafames-info\/#primaryimage\",\"url\":\"https:\/\/vilafames.org\/wp-content\/uploads\/one-hand-iphone-6-mockup-5.jpg\",\"contentUrl\":\"https:\/\/vilafames.org\/wp-content\/uploads\/one-hand-iphone-6-mockup-5.jpg\",\"width\":1000,\"height\":667},{\"@type\":\"BreadcrumbList\",\"@id\":\"https:\/\/vilafames.org\/serveis__trashed\/vilafames-info\/#breadcrumb\",\"itemListElement\":[{\"@type\":\"ListItem\",\"position\":1,\"name\":\"Inici\",\"item\":\"https:\/\/vilafames.org\/\"},{\"@type\":\"ListItem\",\"position\":2,\"name\":\"Vilafam\u00e9s Info: APP m\u00f2bil\"}]},{\"@type\":\"WebSite\",\"@id\":\"https:\/\/vilafames.org\/#website\",\"url\":\"https:\/\/vilafames.org\/\",\"name\":\"Web de l'Ajuntament de Vilafam\u00e9s\",\"description\":\"Web de l&#039;Ajuntament de Vilafam\u00e9s\",\"publisher\":{\"@id\":\"https:\/\/vilafames.org\/#organization\"},\"potentialAction\":[{\"@type\":\"SearchAction\",\"target\":{\"@type\":\"EntryPoint\",\"urlTemplate\":\"https:\/\/vilafames.org\/?s={search_term_string}\"},\"query-input\":{\"@type\":\"PropertyValueSpecification\",\"valueRequired\":true,\"valueName\":\"search_term_string\"}}],\"inLanguage\":\"es\"},{\"@type\":\"Organization\",\"@id\":\"https:\/\/vilafames.org\/#organization\",\"name\":\"Web de l'Ajuntament de Vilafam\u00e9s\",\"url\":\"https:\/\/vilafames.org\/\",\"logo\":{\"@type\":\"ImageObject\",\"inLanguage\":\"es\",\"@id\":\"https:\/\/vilafames.org\/#\/schema\/logo\/image\/\",\"url\":\"https:\/\/vilafames.org\/wp-content\/uploads\/cropped-marca_v_rgb-1-1.png\",\"contentUrl\":\"https:\/\/vilafames.org\/wp-content\/uploads\/cropped-marca_v_rgb-1-1.png\",\"width\":558,\"height\":269,\"caption\":\"Web de l'Ajuntament de Vilafam\u00e9s\"},\"image\":{\"@id\":\"https:\/\/vilafames.org\/#\/schema\/logo\/image\/\"},\"sameAs\":[\"https:\/\/www.facebook.com\/AjuntamentVilafames\",\"https:\/\/x.com\/ajtvilafames\",\"https:\/\/www.instagram.com\/ajuntamentvilafames\/\",\"https:\/\/www.youtube.com\/channel\/UCjXWt3n8FHiahgKqHZWOTXQ\"]}]}<\/script>\n<!-- \/ Yoast SEO plugin. -->","yoast_head_json":{"title":"[:ca]Vilafam\u00e9s Info: APP m\u00f2bil [:es]Vilafam\u00e9s Info: APP m\u00f3vil[:] - Web de l&#039;Ajuntament de Vilafam\u00e9s","robots":{"index":"index","follow":"follow","max-snippet":"max-snippet:-1","max-image-preview":"max-image-preview:large","max-video-preview":"max-video-preview:-1"},"canonical":"https:\/\/vilafames.org\/serveis__trashed\/vilafames-info\/","og_locale":"es_ES","og_type":"article","og_title":"[:ca]Vilafam\u00e9s Info: APP m\u00f2bil [:es]Vilafam\u00e9s Info: APP m\u00f3vil[:] - Web de l&#039;Ajuntament de Vilafam\u00e9s","og_description":"Vilafam\u00e9s Info es una app nativa para tel\u00e9fonos m\u00f3viles que permite a los vecinos y vecinas que se la descarguen acceder a agenda de eventos, noticias, bandos y avisos, acceso a los tel\u00e9fonos de inter\u00e9s de servicios y emergencias as\u00ed como de comercios y empresas. La aplicaci\u00f3n funciona en castellano y valenciano. Adem\u00e1s permite suscribirse [&hellip;]","og_url":"https:\/\/vilafames.org\/serveis__trashed\/vilafames-info\/","og_site_name":"Web de l&#039;Ajuntament de Vilafam\u00e9s","article_publisher":"https:\/\/www.facebook.com\/AjuntamentVilafames","article_modified_time":"2017-02-07T14:59:38+00:00","og_image":[{"width":1000,"height":667,"url":"https:\/\/vilafames.org\/wp-content\/uploads\/one-hand-iphone-6-mockup-5.jpg","type":"image\/jpeg"}],"twitter_card":"summary_large_image","twitter_site":"@ajtvilafames","twitter_misc":{"Tiempo de lectura":"2 minutos"},"schema":{"@context":"https:\/\/schema.org","@graph":[{"@type":"WebPage","@id":"https:\/\/vilafames.org\/serveis__trashed\/vilafames-info\/","url":"https:\/\/vilafames.org\/serveis__trashed\/vilafames-info\/","name":"[:ca]Vilafam\u00e9s Info: APP m\u00f2bil [:es]Vilafam\u00e9s Info: APP m\u00f3vil[:] - Web de l&#039;Ajuntament de Vilafam\u00e9s","isPartOf":{"@id":"https:\/\/vilafames.org\/#website"},"primaryImageOfPage":{"@id":"https:\/\/vilafames.org\/serveis__trashed\/vilafames-info\/#primaryimage"},"image":{"@id":"https:\/\/vilafames.org\/serveis__trashed\/vilafames-info\/#primaryimage"},"thumbnailUrl":"https:\/\/vilafames.org\/wp-content\/uploads\/one-hand-iphone-6-mockup-5.jpg","datePublished":"2017-01-20T22:42:54+00:00","dateModified":"2017-02-07T14:59:38+00:00","breadcrumb":{"@id":"https:\/\/vilafames.org\/serveis__trashed\/vilafames-info\/#breadcrumb"},"inLanguage":"es","potentialAction":[{"@type":"ReadAction","target":["https:\/\/vilafames.org\/serveis__trashed\/vilafames-info\/"]}]},{"@type":"ImageObject","inLanguage":"es","@id":"https:\/\/vilafames.org\/serveis__trashed\/vilafames-info\/#primaryimage","url":"https:\/\/vilafames.org\/wp-content\/uploads\/one-hand-iphone-6-mockup-5.jpg","contentUrl":"https:\/\/vilafames.org\/wp-content\/uploads\/one-hand-iphone-6-mockup-5.jpg","width":1000,"height":667},{"@type":"BreadcrumbList","@id":"https:\/\/vilafames.org\/serveis__trashed\/vilafames-info\/#breadcrumb","itemListElement":[{"@type":"ListItem","position":1,"name":"Inici","item":"https:\/\/vilafames.org\/"},{"@type":"ListItem","position":2,"name":"Vilafam\u00e9s Info: APP m\u00f2bil"}]},{"@type":"WebSite","@id":"https:\/\/vilafames.org\/#website","url":"https:\/\/vilafames.org\/","name":"Web de l'Ajuntament de Vilafam\u00e9s","description":"Web de l&#039;Ajuntament de Vilafam\u00e9s","publisher":{"@id":"https:\/\/vilafames.org\/#organization"},"potentialAction":[{"@type":"SearchAction","target":{"@type":"EntryPoint","urlTemplate":"https:\/\/vilafames.org\/?s={search_term_string}"},"query-input":{"@type":"PropertyValueSpecification","valueRequired":true,"valueName":"search_term_string"}}],"inLanguage":"es"},{"@type":"Organization","@id":"https:\/\/vilafames.org\/#organization","name":"Web de l'Ajuntament de Vilafam\u00e9s","url":"https:\/\/vilafames.org\/","logo":{"@type":"ImageObject","inLanguage":"es","@id":"https:\/\/vilafames.org\/#\/schema\/logo\/image\/","url":"https:\/\/vilafames.org\/wp-content\/uploads\/cropped-marca_v_rgb-1-1.png","contentUrl":"https:\/\/vilafames.org\/wp-content\/uploads\/cropped-marca_v_rgb-1-1.png","width":558,"height":269,"caption":"Web de l'Ajuntament de Vilafam\u00e9s"},"image":{"@id":"https:\/\/vilafames.org\/#\/schema\/logo\/image\/"},"sameAs":["https:\/\/www.facebook.com\/AjuntamentVilafames","https:\/\/x.com\/ajtvilafames","https:\/\/www.instagram.com\/ajuntamentvilafames\/","https:\/\/www.youtube.com\/channel\/UCjXWt3n8FHiahgKqHZWOTXQ"]}]}},"_links":{"self":[{"href":"https:\/\/vilafames.org\/es\/wp-json\/wp\/v2\/pages\/1581","targetHints":{"allow":["GET"]}}],"collection":[{"href":"https:\/\/vilafames.org\/es\/wp-json\/wp\/v2\/pages"}],"about":[{"href":"https:\/\/vilafames.org\/es\/wp-json\/wp\/v2\/types\/page"}],"author":[{"embeddable":true,"href":"https:\/\/vilafames.org\/es\/wp-json\/wp\/v2\/users\/3"}],"replies":[{"embeddable":true,"href":"https:\/\/vilafames.org\/es\/wp-json\/wp\/v2\/comments?post=1581"}],"version-history":[{"count":0,"href":"https:\/\/vilafames.org\/es\/wp-json\/wp\/v2\/pages\/1581\/revisions"}],"wp:featuredmedia":[{"embeddable":true,"href":"https:\/\/vilafames.org\/es\/wp-json\/wp\/v2\/media\/1895"}],"wp:attachment":[{"href":"https:\/\/vilafames.org\/es\/wp-json\/wp\/v2\/media?parent=1581"}],"curies":[{"name":"wp","href":"https:\/\/api.w.org\/{rel}","templated":true}]}}