{"id":1472,"date":"2017-01-16T09:40:43","date_gmt":"2017-01-16T08:40:43","guid":{"rendered":"http:\/\/vilafames.org\/?page_id=1472"},"modified":"2024-12-19T12:12:56","modified_gmt":"2024-12-19T11:12:56","slug":"butlleti-dinformacio-municipal","status":"publish","type":"page","link":"https:\/\/vilafames.org\/es\/butlleti-dinformacio-municipal\/","title":{"rendered":"Bolet\u00edn de informaci\u00f3n municipal"},"content":{"rendered":"<p>[vc_row][vc_column width=\u00bb1\/2&#8243;][vc_single_image image=\u00bb11338&#8243; img_size=\u00bbfull\u00bb onclick=\u00bbcustom_link\u00bb title=\u00bbBIM Verano 2023&#8243; link=\u00bbhttps:\/\/vilafames.corvanit.com\/wp-content\/uploads\/BIM-VILAFAMES-ESTIU.pdf \u00ab][\/vc_column][\/vc_row][vc_row][vc_column width=\u00bb1\/2&#8243;][vc_single_image image=\u00bb11340&#8243; img_size=\u00bbfull\u00bb onclick=\u00bbcustom_link\u00bb img_link_target=\u00bb_blank\u00bb title=\u00bbBIM Marzo 2023&#8243; link=\u00bbhttps:\/\/vilafames.corvanit.com\/wp-content\/uploads\/BIM-VILAFAMES-MARC-2023.pdf\u00bb][\/vc_column][vc_column width=\u00bb1\/2&#8243;][vc_single_image image=\u00bb11342&#8243; img_size=\u00bbfull\u00bb onclick=\u00bbcustom_link\u00bb title=\u00bbBIM Noviembre 2022&#8243; link=\u00bbhttps:\/\/vilafames.corvanit.com\/wp-content\/uploads\/BIM-VILAFAMES-NOVEMBRE-2022.pdf\u00bb][\/vc_column][\/vc_row][vc_row][vc_column width=\u00bb1\/2&#8243;][vc_single_image image=\u00bb11343&#8243; img_size=\u00bbfull\u00bb onclick=\u00bbcustom_link\u00bb img_link_target=\u00bb_blank\u00bb title=\u00bbBIM Mayo 2022&#8243; link=\u00bbhttps:\/\/vilafames.corvanit.com\/wp-content\/uploads\/BIM-VILAFAMES-MAIG-2022.pdf\u00bb][\/vc_column][vc_column width=\u00bb1\/2&#8243;][vc_single_image image=\u00bb9233&#8243; img_size=\u00bbfull\u00bb onclick=\u00bbcustom_link\u00bb title=\u00bbBIM Octubre 2021&#8243; link=\u00bbhttps:\/\/vilafames.corvanit.com\/wp-content\/uploads\/BIM-VILAFAMES-OCTUBRE-2021.pdf\u00bb][\/vc_column][\/vc_row][vc_row][vc_column width=\u00bb1\/2&#8243;][vc_single_image image=\u00bb5865&#8243; img_size=\u00bbfull\u00bb onclick=\u00bbcustom_link\u00bb img_link_target=\u00bb_blank\u00bb title=\u00bbBIM Enero 2019&#8243; link=\u00bbhttps:\/\/issuu.com\/ajvilafames\/docs\/bim_gener_2019.\u00bb][\/vc_column][vc_column width=\u00bb1\/2&#8243;][vc_single_image image=\u00bb5862&#8243; img_size=\u00bbfull\u00bb onclick=\u00bbcustom_link\u00bb title=\u00bbBIM Octubre 2018&#8243; link=\u00bbhttps:\/\/issuu.com\/ajvilafames\/docs\/bim_octubre_2018&#8243;][\/vc_column][\/vc_row][vc_row][vc_column][vc_separator el_width=\u00bb70&#8243;][\/vc_column][\/vc_row][vc_row][vc_column width=\u00bb1\/2&#8243;][vc_single_image image=\u00bb11345&#8243; img_size=\u00bbfull\u00bb onclick=\u00bbcustom_link\u00bb img_link_target=\u00bb_blank\u00bb title=\u00bbBIM Julio 2018&#8243; link=\u00bbhttps:\/\/issuu.com\/ajvilafames\/docs\/bim_juliol_2018&#8243;][\/vc_column][vc_column width=\u00bb1\/2&#8243;][vc_single_image image=\u00bb11358&#8243; img_size=\u00bbfull\u00bb onclick=\u00bbcustom_link\u00bb title=\u00bbBIM Marzo 2018&#8243; link=\u00bbhttps:\/\/issuu.com\/ajvilafames\/docs\/bim_mar__definitiu_3&#8243;][\/vc_column][\/vc_row][vc_row][vc_column][vc_separator el_width=\u00bb70&#8243;][\/vc_column][\/vc_row][vc_row][vc_column width=\u00bb1\/2&#8243;][vc_single_image image=\u00bb5861&#8243; img_size=\u00bbfull\u00bb onclick=\u00bbcustom_link\u00bb img_link_target=\u00bb_blank\u00bb title=\u00bbBIM Diciembre 2017&#8243; link=\u00bbhttps:\/\/issuu.com\/ajvilafames\/docs\/bim_desembre_definitiu\u00bb][\/vc_column][vc_column width=\u00bb1\/2&#8243;][vc_single_image image=\u00bb11356&#8243; img_size=\u00bbfull\u00bb onclick=\u00bbcustom_link\u00bb title=\u00bbBIM Octubre 2017&#8243; link=\u00bbhttps:\/\/issuu.com\/ajvilafames\/docs\/bim_octubre_definitiu.\u00bb][\/vc_column][\/vc_row][vc_row][vc_column][vc_separator el_width=\u00bb70&#8243;][\/vc_column][\/vc_row][vc_row][vc_column width=\u00bb1\/2&#8243;][vc_single_image image=\u00bb11349&#8243; img_size=\u00bbfull\u00bb onclick=\u00bbcustom_link\u00bb img_link_target=\u00bb_blank\u00bb title=\u00bbBIM Agosto 2017&#8243; link=\u00bbhttps:\/\/issuu.com\/home\/published\/bim_definitiu._agost_2017&#8243;][\/vc_column][vc_column width=\u00bb1\/2&#8243;][vc_single_image image=\u00bb5859&#8243; img_size=\u00bbfull\u00bb onclick=\u00bbcustom_link\u00bb title=\u00bbBIM Abril 2017&#8243; link=\u00bbhttps:\/\/issuu.com\/ajvilafames\/docs\/bim_vilafames_abril_2017_definitiu_\u00bb][\/vc_column][vc_column width=\u00bb1\/2&#8243;][\/vc_column][\/vc_row][vc_row][vc_column][vc_separator el_width=\u00bb70&#8243;][\/vc_column][\/vc_row][vc_row][vc_column width=\u00bb1\/2&#8243;][vc_single_image image=\u00bb11359&#8243; img_size=\u00bbfull\u00bb onclick=\u00bbcustom_link\u00bb img_link_target=\u00bb_blank\u00bb title=\u00bbBIM Enero 2017&#8243; link=\u00bbhttps:\/\/issuu.com\/ajvilafames\/docs\/bim_vilafames_gener_2017__1_\u00bb][\/vc_column][vc_column width=\u00bb1\/2&#8243;][vc_single_image image=\u00bb11351&#8243; img_size=\u00bbfull\u00bb onclick=\u00bbcustom_link\u00bb title=\u00bbBIM Octubre 2016&#8243; link=\u00bbhttps:\/\/issuu.com\/ajvilafames\/docs\/bim_vilafames_agost_definitiu\u00bb][\/vc_column][\/vc_row][vc_row][vc_column][vc_separator el_width=\u00bb70&#8243;][\/vc_column][\/vc_row][vc_row][vc_column width=\u00bb1\/2&#8243;][vc_single_image image=\u00bb11360&#8243; img_size=\u00bbfull\u00bb onclick=\u00bbcustom_link\u00bb img_link_target=\u00bb_blank\u00bb title=\u00bbBIM Agosto 2016&#8243; link=\u00bbhttps:\/\/issuu.com\/ajvilafames\/docs\/bim_vilafames_octubre_19102016&#8243;][\/vc_column][vc_column width=\u00bb1\/2&#8243;][vc_single_image image=\u00bb11361&#8243; img_size=\u00bbfull\u00bb onclick=\u00bbcustom_link\u00bb title=\u00bbBIM Mayo 2016&#8243; link=\u00bbhttps:\/\/issuu.com\/ajvilafames\/docs\/bim_ajuntament_de_vilafam__s_1-2016&#8243;][\/vc_column][\/vc_row][vc_row][vc_column width=\u00bb1\/2&#8243;][\/vc_column][vc_column width=\u00bb1\/2&#8243;][\/vc_column][\/vc_row]\n","protected":false},"excerpt":{"rendered":"<p>[vc_row][vc_column width=\u00bb1\/2&#8243;][vc_single_image image=\u00bb11338&#8243; img_size=\u00bbfull\u00bb onclick=\u00bbcustom_link\u00bb title=\u00bbBIM Verano 2023&#8243; link=\u00bbhttps:\/\/vilafames.corvanit.com\/wp-content\/uploads\/BIM-VILAFAMES-ESTIU.pdf \u00ab][\/vc_column][\/vc_row][vc_row][vc_column width=\u00bb1\/2&#8243;][vc_single_image image=\u00bb11340&#8243; img_size=\u00bbfull\u00bb onclick=\u00bbcustom_link\u00bb img_link_target=\u00bb_blank\u00bb title=\u00bbBIM Marzo 2023&#8243; link=\u00bbhttps:\/\/vilafames.corvanit.com\/wp-content\/uploads\/BIM-VILAFAMES-MARC-2023.pdf\u00bb][\/vc_column][vc_column width=\u00bb1\/2&#8243;][vc_single_image image=\u00bb11342&#8243; img_size=\u00bbfull\u00bb onclick=\u00bbcustom_link\u00bb title=\u00bbBIM Noviembre 2022&#8243; link=\u00bbhttps:\/\/vilafames.corvanit.com\/wp-content\/uploads\/BIM-VILAFAMES-NOVEMBRE-2022.pdf\u00bb][\/vc_column][\/vc_row][vc_row][vc_column width=\u00bb1\/2&#8243;][vc_single_image image=\u00bb11343&#8243; img_size=\u00bbfull\u00bb onclick=\u00bbcustom_link\u00bb img_link_target=\u00bb_blank\u00bb title=\u00bbBIM Mayo 2022&#8243; link=\u00bbhttps:\/\/vilafames.corvanit.com\/wp-content\/uploads\/BIM-VILAFAMES-MAIG-2022.pdf\u00bb][\/vc_column][vc_column width=\u00bb1\/2&#8243;][vc_single_image image=\u00bb9233&#8243; img_size=\u00bbfull\u00bb onclick=\u00bbcustom_link\u00bb title=\u00bbBIM Octubre 2021&#8243; link=\u00bbhttps:\/\/vilafames.corvanit.com\/wp-content\/uploads\/BIM-VILAFAMES-OCTUBRE-2021.pdf\u00bb][\/vc_column][\/vc_row][vc_row][vc_column width=\u00bb1\/2&#8243;][vc_single_image image=\u00bb5865&#8243; img_size=\u00bbfull\u00bb onclick=\u00bbcustom_link\u00bb img_link_target=\u00bb_blank\u00bb title=\u00bbBIM Enero 2019&#8243; link=\u00bbhttps:\/\/issuu.com\/ajvilafames\/docs\/bim_gener_2019.\u00bb][\/vc_column][vc_column width=\u00bb1\/2&#8243;][vc_single_image image=\u00bb5862&#8243; [&hellip;]<\/p>\n","protected":false},"author":3,"featured_media":0,"parent":0,"menu_order":0,"comment_status":"closed","ping_status":"closed","template":"","meta":{"footnotes":""},"class_list":["post-1472","page","type-page","status-publish","hentry"],"yoast_head":"<!-- This site is optimized with the Yoast SEO plugin v24.8.1 - https:\/\/yoast.com\/wordpress\/plugins\/seo\/ -->\n<title>Bolet\u00edn de informaci\u00f3n municipal - Web de l&#039;Ajuntament de Vilafam\u00e9s<\/title>\n<meta name=\"robots\" content=\"index, follow, max-snippet:-1, max-image-preview:large, max-video-preview:-1\" \/>\n<link rel=\"canonical\" href=\"https:\/\/vilafames.org\/butlleti-dinformacio-municipal\/\" \/>\n<meta property=\"og:locale\" content=\"es_ES\" \/>\n<meta property=\"og:type\" content=\"article\" \/>\n<meta property=\"og:title\" content=\"[:ca]Butllet\u00ed d&#039;informaci\u00f3 municipal[:es]Bolet\u00edn de informaci\u00f3n municipal[:] - Web de l&#039;Ajuntament de Vilafam\u00e9s\" \/>\n<meta property=\"og:description\" content=\"[vc_row][vc_column width=\u00bb1\/2&#8243;][vc_single_image image=\u00bb11338&#8243; img_size=\u00bbfull\u00bb onclick=\u00bbcustom_link\u00bb title=\u00bbBIM Verano 2023&#8243; link=\u00bbhttps:\/\/vilafames.corvanit.com\/wp-content\/uploads\/BIM-VILAFAMES-ESTIU.pdf \u00ab][\/vc_column][\/vc_row][vc_row][vc_column width=\u00bb1\/2&#8243;][vc_single_image image=\u00bb11340&#8243; img_size=\u00bbfull\u00bb onclick=\u00bbcustom_link\u00bb img_link_target=\u00bb_blank\u00bb title=\u00bbBIM Marzo 2023&#8243; link=\u00bbhttps:\/\/vilafames.corvanit.com\/wp-content\/uploads\/BIM-VILAFAMES-MARC-2023.pdf\u00bb][\/vc_column][vc_column width=\u00bb1\/2&#8243;][vc_single_image image=\u00bb11342&#8243; img_size=\u00bbfull\u00bb onclick=\u00bbcustom_link\u00bb title=\u00bbBIM Noviembre 2022&#8243; link=\u00bbhttps:\/\/vilafames.corvanit.com\/wp-content\/uploads\/BIM-VILAFAMES-NOVEMBRE-2022.pdf\u00bb][\/vc_column][\/vc_row][vc_row][vc_column width=\u00bb1\/2&#8243;][vc_single_image image=\u00bb11343&#8243; img_size=\u00bbfull\u00bb onclick=\u00bbcustom_link\u00bb img_link_target=\u00bb_blank\u00bb title=\u00bbBIM Mayo 2022&#8243; link=\u00bbhttps:\/\/vilafames.corvanit.com\/wp-content\/uploads\/BIM-VILAFAMES-MAIG-2022.pdf\u00bb][\/vc_column][vc_column width=\u00bb1\/2&#8243;][vc_single_image image=\u00bb9233&#8243; img_size=\u00bbfull\u00bb onclick=\u00bbcustom_link\u00bb title=\u00bbBIM Octubre 2021&#8243; link=\u00bbhttps:\/\/vilafames.corvanit.com\/wp-content\/uploads\/BIM-VILAFAMES-OCTUBRE-2021.pdf\u00bb][\/vc_column][\/vc_row][vc_row][vc_column width=\u00bb1\/2&#8243;][vc_single_image image=\u00bb5865&#8243; img_size=\u00bbfull\u00bb onclick=\u00bbcustom_link\u00bb img_link_target=\u00bb_blank\u00bb title=\u00bbBIM Enero 2019&#8243; link=\u00bbhttps:\/\/issuu.com\/ajvilafames\/docs\/bim_gener_2019.\u00bb][\/vc_column][vc_column width=\u00bb1\/2&#8243;][vc_single_image image=\u00bb5862&#8243; [&hellip;]\" \/>\n<meta property=\"og:url\" content=\"https:\/\/vilafames.org\/butlleti-dinformacio-municipal\/\" \/>\n<meta property=\"og:site_name\" content=\"Web de l&#039;Ajuntament de Vilafam\u00e9s\" \/>\n<meta property=\"article:publisher\" content=\"https:\/\/www.facebook.com\/AjuntamentVilafames\" \/>\n<meta property=\"article:modified_time\" content=\"2024-12-19T11:12:56+00:00\" \/>\n<meta name=\"twitter:card\" content=\"summary_large_image\" \/>\n<meta name=\"twitter:site\" content=\"@ajtvilafames\" \/>\n<meta name=\"twitter:label1\" content=\"Tiempo de lectura\" \/>\n\t<meta name=\"twitter:data1\" content=\"3 minutos\" \/>\n<script type=\"application\/ld+json\" class=\"yoast-schema-graph\">{\"@context\":\"https:\/\/schema.org\",\"@graph\":[{\"@type\":\"WebPage\",\"@id\":\"https:\/\/vilafames.org\/butlleti-dinformacio-municipal\/\",\"url\":\"https:\/\/vilafames.org\/butlleti-dinformacio-municipal\/\",\"name\":\"[:ca]Butllet\u00ed d'informaci\u00f3 municipal[:es]Bolet\u00edn de informaci\u00f3n municipal[:] - Web de l&#039;Ajuntament de Vilafam\u00e9s\",\"isPartOf\":{\"@id\":\"https:\/\/vilafames.org\/#website\"},\"datePublished\":\"2017-01-16T08:40:43+00:00\",\"dateModified\":\"2024-12-19T11:12:56+00:00\",\"breadcrumb\":{\"@id\":\"https:\/\/vilafames.org\/butlleti-dinformacio-municipal\/#breadcrumb\"},\"inLanguage\":\"es\",\"potentialAction\":[{\"@type\":\"ReadAction\",\"target\":[\"https:\/\/vilafames.org\/butlleti-dinformacio-municipal\/\"]}]},{\"@type\":\"BreadcrumbList\",\"@id\":\"https:\/\/vilafames.org\/butlleti-dinformacio-municipal\/#breadcrumb\",\"itemListElement\":[{\"@type\":\"ListItem\",\"position\":1,\"name\":\"Inici\",\"item\":\"https:\/\/vilafames.org\/\"},{\"@type\":\"ListItem\",\"position\":2,\"name\":\"Butllet\u00ed d&#8217;informaci\u00f3 municipal\"}]},{\"@type\":\"WebSite\",\"@id\":\"https:\/\/vilafames.org\/#website\",\"url\":\"https:\/\/vilafames.org\/\",\"name\":\"Web de l'Ajuntament de Vilafam\u00e9s\",\"description\":\"Web de l&#039;Ajuntament de Vilafam\u00e9s\",\"publisher\":{\"@id\":\"https:\/\/vilafames.org\/#organization\"},\"potentialAction\":[{\"@type\":\"SearchAction\",\"target\":{\"@type\":\"EntryPoint\",\"urlTemplate\":\"https:\/\/vilafames.org\/?s={search_term_string}\"},\"query-input\":{\"@type\":\"PropertyValueSpecification\",\"valueRequired\":true,\"valueName\":\"search_term_string\"}}],\"inLanguage\":\"es\"},{\"@type\":\"Organization\",\"@id\":\"https:\/\/vilafames.org\/#organization\",\"name\":\"Web de l'Ajuntament de Vilafam\u00e9s\",\"url\":\"https:\/\/vilafames.org\/\",\"logo\":{\"@type\":\"ImageObject\",\"inLanguage\":\"es\",\"@id\":\"https:\/\/vilafames.org\/#\/schema\/logo\/image\/\",\"url\":\"https:\/\/vilafames.org\/wp-content\/uploads\/cropped-marca_v_rgb-1-1.png\",\"contentUrl\":\"https:\/\/vilafames.org\/wp-content\/uploads\/cropped-marca_v_rgb-1-1.png\",\"width\":558,\"height\":269,\"caption\":\"Web de l'Ajuntament de Vilafam\u00e9s\"},\"image\":{\"@id\":\"https:\/\/vilafames.org\/#\/schema\/logo\/image\/\"},\"sameAs\":[\"https:\/\/www.facebook.com\/AjuntamentVilafames\",\"https:\/\/x.com\/ajtvilafames\",\"https:\/\/www.instagram.com\/ajuntamentvilafames\/\",\"https:\/\/www.youtube.com\/channel\/UCjXWt3n8FHiahgKqHZWOTXQ\"]}]}<\/script>\n<!-- \/ Yoast SEO plugin. -->","yoast_head_json":{"title":"[:ca]Butllet\u00ed d'informaci\u00f3 municipal[:es]Bolet\u00edn de informaci\u00f3n municipal[:] - Web de l&#039;Ajuntament de Vilafam\u00e9s","robots":{"index":"index","follow":"follow","max-snippet":"max-snippet:-1","max-image-preview":"max-image-preview:large","max-video-preview":"max-video-preview:-1"},"canonical":"https:\/\/vilafames.org\/butlleti-dinformacio-municipal\/","og_locale":"es_ES","og_type":"article","og_title":"[:ca]Butllet\u00ed d'informaci\u00f3 municipal[:es]Bolet\u00edn de informaci\u00f3n municipal[:] - Web de l&#039;Ajuntament de Vilafam\u00e9s","og_description":"[vc_row][vc_column width=\u00bb1\/2&#8243;][vc_single_image image=\u00bb11338&#8243; img_size=\u00bbfull\u00bb onclick=\u00bbcustom_link\u00bb title=\u00bbBIM Verano 2023&#8243; link=\u00bbhttps:\/\/vilafames.corvanit.com\/wp-content\/uploads\/BIM-VILAFAMES-ESTIU.pdf \u00ab][\/vc_column][\/vc_row][vc_row][vc_column width=\u00bb1\/2&#8243;][vc_single_image image=\u00bb11340&#8243; img_size=\u00bbfull\u00bb onclick=\u00bbcustom_link\u00bb img_link_target=\u00bb_blank\u00bb title=\u00bbBIM Marzo 2023&#8243; link=\u00bbhttps:\/\/vilafames.corvanit.com\/wp-content\/uploads\/BIM-VILAFAMES-MARC-2023.pdf\u00bb][\/vc_column][vc_column width=\u00bb1\/2&#8243;][vc_single_image image=\u00bb11342&#8243; img_size=\u00bbfull\u00bb onclick=\u00bbcustom_link\u00bb title=\u00bbBIM Noviembre 2022&#8243; link=\u00bbhttps:\/\/vilafames.corvanit.com\/wp-content\/uploads\/BIM-VILAFAMES-NOVEMBRE-2022.pdf\u00bb][\/vc_column][\/vc_row][vc_row][vc_column width=\u00bb1\/2&#8243;][vc_single_image image=\u00bb11343&#8243; img_size=\u00bbfull\u00bb onclick=\u00bbcustom_link\u00bb img_link_target=\u00bb_blank\u00bb title=\u00bbBIM Mayo 2022&#8243; link=\u00bbhttps:\/\/vilafames.corvanit.com\/wp-content\/uploads\/BIM-VILAFAMES-MAIG-2022.pdf\u00bb][\/vc_column][vc_column width=\u00bb1\/2&#8243;][vc_single_image image=\u00bb9233&#8243; img_size=\u00bbfull\u00bb onclick=\u00bbcustom_link\u00bb title=\u00bbBIM Octubre 2021&#8243; link=\u00bbhttps:\/\/vilafames.corvanit.com\/wp-content\/uploads\/BIM-VILAFAMES-OCTUBRE-2021.pdf\u00bb][\/vc_column][\/vc_row][vc_row][vc_column width=\u00bb1\/2&#8243;][vc_single_image image=\u00bb5865&#8243; img_size=\u00bbfull\u00bb onclick=\u00bbcustom_link\u00bb img_link_target=\u00bb_blank\u00bb title=\u00bbBIM Enero 2019&#8243; link=\u00bbhttps:\/\/issuu.com\/ajvilafames\/docs\/bim_gener_2019.\u00bb][\/vc_column][vc_column width=\u00bb1\/2&#8243;][vc_single_image image=\u00bb5862&#8243; [&hellip;]","og_url":"https:\/\/vilafames.org\/butlleti-dinformacio-municipal\/","og_site_name":"Web de l&#039;Ajuntament de Vilafam\u00e9s","article_publisher":"https:\/\/www.facebook.com\/AjuntamentVilafames","article_modified_time":"2024-12-19T11:12:56+00:00","twitter_card":"summary_large_image","twitter_site":"@ajtvilafames","twitter_misc":{"Tiempo de lectura":"3 minutos"},"schema":{"@context":"https:\/\/schema.org","@graph":[{"@type":"WebPage","@id":"https:\/\/vilafames.org\/butlleti-dinformacio-municipal\/","url":"https:\/\/vilafames.org\/butlleti-dinformacio-municipal\/","name":"[:ca]Butllet\u00ed d'informaci\u00f3 municipal[:es]Bolet\u00edn de informaci\u00f3n municipal[:] - Web de l&#039;Ajuntament de Vilafam\u00e9s","isPartOf":{"@id":"https:\/\/vilafames.org\/#website"},"datePublished":"2017-01-16T08:40:43+00:00","dateModified":"2024-12-19T11:12:56+00:00","breadcrumb":{"@id":"https:\/\/vilafames.org\/butlleti-dinformacio-municipal\/#breadcrumb"},"inLanguage":"es","potentialAction":[{"@type":"ReadAction","target":["https:\/\/vilafames.org\/butlleti-dinformacio-municipal\/"]}]},{"@type":"BreadcrumbList","@id":"https:\/\/vilafames.org\/butlleti-dinformacio-municipal\/#breadcrumb","itemListElement":[{"@type":"ListItem","position":1,"name":"Inici","item":"https:\/\/vilafames.org\/"},{"@type":"ListItem","position":2,"name":"Butllet\u00ed d&#8217;informaci\u00f3 municipal"}]},{"@type":"WebSite","@id":"https:\/\/vilafames.org\/#website","url":"https:\/\/vilafames.org\/","name":"Web de l'Ajuntament de Vilafam\u00e9s","description":"Web de l&#039;Ajuntament de Vilafam\u00e9s","publisher":{"@id":"https:\/\/vilafames.org\/#organization"},"potentialAction":[{"@type":"SearchAction","target":{"@type":"EntryPoint","urlTemplate":"https:\/\/vilafames.org\/?s={search_term_string}"},"query-input":{"@type":"PropertyValueSpecification","valueRequired":true,"valueName":"search_term_string"}}],"inLanguage":"es"},{"@type":"Organization","@id":"https:\/\/vilafames.org\/#organization","name":"Web de l'Ajuntament de Vilafam\u00e9s","url":"https:\/\/vilafames.org\/","logo":{"@type":"ImageObject","inLanguage":"es","@id":"https:\/\/vilafames.org\/#\/schema\/logo\/image\/","url":"https:\/\/vilafames.org\/wp-content\/uploads\/cropped-marca_v_rgb-1-1.png","contentUrl":"https:\/\/vilafames.org\/wp-content\/uploads\/cropped-marca_v_rgb-1-1.png","width":558,"height":269,"caption":"Web de l'Ajuntament de Vilafam\u00e9s"},"image":{"@id":"https:\/\/vilafames.org\/#\/schema\/logo\/image\/"},"sameAs":["https:\/\/www.facebook.com\/AjuntamentVilafames","https:\/\/x.com\/ajtvilafames","https:\/\/www.instagram.com\/ajuntamentvilafames\/","https:\/\/www.youtube.com\/channel\/UCjXWt3n8FHiahgKqHZWOTXQ"]}]}},"_links":{"self":[{"href":"https:\/\/vilafames.org\/es\/wp-json\/wp\/v2\/pages\/1472","targetHints":{"allow":["GET"]}}],"collection":[{"href":"https:\/\/vilafames.org\/es\/wp-json\/wp\/v2\/pages"}],"about":[{"href":"https:\/\/vilafames.org\/es\/wp-json\/wp\/v2\/types\/page"}],"author":[{"embeddable":true,"href":"https:\/\/vilafames.org\/es\/wp-json\/wp\/v2\/users\/3"}],"replies":[{"embeddable":true,"href":"https:\/\/vilafames.org\/es\/wp-json\/wp\/v2\/comments?post=1472"}],"version-history":[{"count":13,"href":"https:\/\/vilafames.org\/es\/wp-json\/wp\/v2\/pages\/1472\/revisions"}],"predecessor-version":[{"id":11363,"href":"https:\/\/vilafames.org\/es\/wp-json\/wp\/v2\/pages\/1472\/revisions\/11363"}],"wp:attachment":[{"href":"https:\/\/vilafames.org\/es\/wp-json\/wp\/v2\/media?parent=1472"}],"curies":[{"name":"wp","href":"https:\/\/api.w.org\/{rel}","templated":true}]}}