{"id":1454,"date":"2017-01-16T01:16:37","date_gmt":"2017-01-16T00:16:37","guid":{"rendered":"http:\/\/vilafames.org\/?page_id=1454"},"modified":"2024-12-22T12:07:55","modified_gmt":"2024-12-22T11:07:55","slug":"museu-dart-contemporani-vicente-aguilera-cerni-de-vilafames","status":"publish","type":"page","link":"https:\/\/vilafames.org\/es\/museu-dart-contemporani-vicente-aguilera-cerni-de-vilafames\/","title":{"rendered":"Museo de Arte Contempor\u00e1neo Vicente Aguilera Cern\u00ed de Vilafam\u00e9s"},"content":{"rendered":"<p>[vc_row][vc_column][vc_column_text]\n<p align=\"justify\">El Museo de Arte Contempor\u00e1neo Vicente Aguilera Cern\u00ed de Villafam\u00e9s est\u00e1 ubicado en el Palacio del Batlle, palacio del g\u00f3tico civil construido a mediados del siglo XV y reformado en el siglo XVIII. Fue fundado y dirigido por el cr\u00edtico de arte Vicente Aguilera Cern\u00ed en 1970. Tras su fallecimiento el Director ejecutivo es el Cr\u00edtico de Arte Jos\u00e9 Garner\u00eda. Actualmente la Directora ejecutiva es Rosal\u00eda Torrent Esclap\u00e9s.<\/p>\n<p align=\"justify\">El museo est\u00e1 alojado en un palacio g\u00f3tico valenciano que fue residencia oficial del administrador real, y sede del representante de la Orden de Montesa. El edificio cuenta con semis\u00f3tano, entresuelo, piso principal, desv\u00e1n y patio interior. La fachada es sobria y sin elementos decorativos: portada dovelada y arquer\u00eda superior de tradici\u00f3n aragonesa, ambas de medio punto, y ventanales ajimezados en el piso principal. La cubierta a dos vertientes, con amplio alero, desagua mediante g\u00e1rgolas.<\/p>\n<p><img decoding=\"async\" class=\"wp-image-11185 size-full aligncenter lazyload\" title=\"Visita virtual al MACVAC\" data-src=\"https:\/\/vilafames.corvanit.com\/wp-content\/uploads\/3Dmuseu-1.png\" alt=\"\" width=\"594\" height=\"318\" src=\"data:image\/gif;base64,R0lGODlhAQABAAAAACH5BAEKAAEALAAAAAABAAEAAAICTAEAOw==\" style=\"--smush-placeholder-width: 594px; --smush-placeholder-aspect-ratio: 594\/318;\" \/><\/p>\n<p>&nbsp;<\/p>\n<p align=\"justify\">El Museo cuenta entre sus fondos con unas quinientas obras, que abarcan momentos concretos de la producci\u00f3n art\u00edstica que van desde finales de los a\u00f1os veinte hasta nuestros d\u00edas.<br \/>\nEn las salas del Museo se pueden apreciar las muestras de las diversas corrientes art\u00edsticas iniciando su recorrido con la renovaci\u00f3n art\u00edstica valenciana de los a\u00f1os veinte con esculturas de R. Boix, T. Ballester, a las que se suma la importante contribuci\u00f3n de J. Gonz\u00e1lez, A. S\u00e1nchez, H. Goetz, J. Renau y J. Mir\u00f3. La apertura del arte espa\u00f1ol de los cincuenta cuenta con la representaci\u00f3n de M. Gil integrante del grupo Parpall\u00f3, el realismo social de Genov\u00e9s y Canogar, las propuestas realistas del Equipo Cr\u00f3nica y Equipo Realidad, Boix, Heras, etc. De entre las obras de corte informalista destacan las de L. Mu\u00f1oz, S. Soria, etc., completando el ciclo las po\u00e9ticas de Vento, Barjola, Quero, F. Bar\u00f3n y Nassio. Las corrientes constructivistas cuentan con las obras de Sempere, Michavila, Yturralde, etc., as\u00ed como de Le Parc, Luc Peire, etc.\u00a0 Los expresionismos figurativos y abstractos se manifiestan con las obras de Mathieu, Schneider, Vedova, \u2026 sin olvidar a los valencianos Momp\u00f3, Teixidor, Vald\u00e9s. El itinerario concluye con las \u00faltimas tendencias art\u00edsticas destacando las esculturas y pinturas de M. Navarro, A. Marco. S. Sevilla, Sanle\u00f3n, E. Mart\u00ednez, N. Naval\u00f3n entre otros.<\/p>\n<p><strong>Servicios del Museo<\/strong><\/p>\n<p align=\"justify\">Adem\u00e1s de las salas de exposici\u00f3n el Museo cuenta con otros servicios como la tienda, en donde se puede adquirir obra gr\u00e1fica de los artistas all\u00ed representados, as\u00ed como diversos tipos de publicaciones. Tambi\u00e9n dispone del CIDA (Centro Internacional de Documentaci\u00f3n Art\u00edstica), ubicado en la C\/ Maestro Bernat, 1, telf. 964.33.51.29, cuyos fondos est\u00e1n integrados por publicaciones plurales, monografias, cat\u00e1logos, fotograf\u00edas, manuscritos, y otros diversos materiales, cedidos por el cr\u00edtico de arte D. Vicente Aguilera Cerni.<\/p>\n<p><strong>Direcci\u00f3n y tel\u00e9fono:<\/strong><br \/>\nC\/ Diputaci\u00f3n, n\u00ba 20<br \/>\nTel. y fax: 964-32.91.52<br \/>\n<a href=\"http:\/\/www.macvac.es\/\" target=\"_blank\" rel=\"nofollow noopener\">www.macvac.es<\/a><br \/>\n<strong>Horario apertura:<\/strong><br \/>\nMartes a domingo: 10:00 a 14:00 y 16:00 a 18:30 h.<br \/>\nLunes cerrado[\/vc_column_text][\/vc_column][\/vc_row]","protected":false},"excerpt":{"rendered":"<p>[vc_row][vc_column][vc_column_text] El Museo de Arte Contempor\u00e1neo Vicente Aguilera Cern\u00ed de Villafam\u00e9s est\u00e1 ubicado en el Palacio del Batlle, palacio del g\u00f3tico civil construido a mediados del siglo XV y reformado en el siglo XVIII. Fue fundado y dirigido por el cr\u00edtico de arte Vicente Aguilera Cern\u00ed en 1970. Tras su fallecimiento el Director ejecutivo es [&hellip;]<\/p>\n","protected":false},"author":3,"featured_media":0,"parent":0,"menu_order":0,"comment_status":"closed","ping_status":"closed","template":"","meta":{"footnotes":""},"class_list":["post-1454","page","type-page","status-publish","hentry"],"yoast_head":"<!-- This site is optimized with the Yoast SEO plugin v24.8.1 - https:\/\/yoast.com\/wordpress\/plugins\/seo\/ -->\n<title>Museo de Arte Contempor\u00e1neo Vicente Aguilera Cern\u00ed de Vilafam\u00e9s - Web de l&#039;Ajuntament de Vilafam\u00e9s<\/title>\n<meta name=\"robots\" content=\"index, follow, max-snippet:-1, max-image-preview:large, max-video-preview:-1\" \/>\n<link rel=\"canonical\" href=\"https:\/\/vilafames.org\/poble__trashed\/museu-dart-contemporani-vicente-aguilera-cerni-de-vilafames\/\" \/>\n<meta property=\"og:locale\" content=\"es_ES\" \/>\n<meta property=\"og:type\" content=\"article\" \/>\n<meta property=\"og:title\" content=\"[:ca]Museu d&#039;Art Contemporani Vicente Aguilera Cern\u00ed de Vilafam\u00e9s[:es]Museo de Arte Contempor\u00e1neo Vicente Aguilera Cern\u00ed de Vilafam\u00e9s[:] - Web de l&#039;Ajuntament de Vilafam\u00e9s\" \/>\n<meta property=\"og:description\" content=\"[vc_row][vc_column][vc_column_text] El Museo de Arte Contempor\u00e1neo Vicente Aguilera Cern\u00ed de Villafam\u00e9s est\u00e1 ubicado en el Palacio del Batlle, palacio del g\u00f3tico civil construido a mediados del siglo XV y reformado en el siglo XVIII. Fue fundado y dirigido por el cr\u00edtico de arte Vicente Aguilera Cern\u00ed en 1970. Tras su fallecimiento el Director ejecutivo es [&hellip;]\" \/>\n<meta property=\"og:url\" content=\"https:\/\/vilafames.org\/poble__trashed\/museu-dart-contemporani-vicente-aguilera-cerni-de-vilafames\/\" \/>\n<meta property=\"og:site_name\" content=\"Web de l&#039;Ajuntament de Vilafam\u00e9s\" \/>\n<meta property=\"article:publisher\" content=\"https:\/\/www.facebook.com\/AjuntamentVilafames\" \/>\n<meta property=\"article:modified_time\" content=\"2024-12-22T11:07:55+00:00\" \/>\n<meta property=\"og:image\" content=\"https:\/\/vilafames.org\/wp-content\/uploads\/3Dmuseu-1.png\" \/>\n\t<meta property=\"og:image:width\" content=\"594\" \/>\n\t<meta property=\"og:image:height\" content=\"318\" \/>\n\t<meta property=\"og:image:type\" content=\"image\/png\" \/>\n<meta name=\"twitter:card\" content=\"summary_large_image\" \/>\n<meta name=\"twitter:site\" content=\"@ajtvilafames\" \/>\n<meta name=\"twitter:label1\" content=\"Tiempo de lectura\" \/>\n\t<meta name=\"twitter:data1\" content=\"5 minutos\" \/>\n<script type=\"application\/ld+json\" class=\"yoast-schema-graph\">{\"@context\":\"https:\/\/schema.org\",\"@graph\":[{\"@type\":\"WebPage\",\"@id\":\"https:\/\/vilafames.org\/poble__trashed\/museu-dart-contemporani-vicente-aguilera-cerni-de-vilafames\/\",\"url\":\"https:\/\/vilafames.org\/poble__trashed\/museu-dart-contemporani-vicente-aguilera-cerni-de-vilafames\/\",\"name\":\"[:ca]Museu d'Art Contemporani Vicente Aguilera Cern\u00ed de Vilafam\u00e9s[:es]Museo de Arte Contempor\u00e1neo Vicente Aguilera Cern\u00ed de Vilafam\u00e9s[:] - Web de l&#039;Ajuntament de Vilafam\u00e9s\",\"isPartOf\":{\"@id\":\"https:\/\/vilafames.org\/#website\"},\"primaryImageOfPage\":{\"@id\":\"https:\/\/vilafames.org\/poble__trashed\/museu-dart-contemporani-vicente-aguilera-cerni-de-vilafames\/#primaryimage\"},\"image\":{\"@id\":\"https:\/\/vilafames.org\/poble__trashed\/museu-dart-contemporani-vicente-aguilera-cerni-de-vilafames\/#primaryimage\"},\"thumbnailUrl\":\"https:\/\/vilafames.corvanit.com\/wp-content\/uploads\/3Dmuseu-1.png\",\"datePublished\":\"2017-01-16T00:16:37+00:00\",\"dateModified\":\"2024-12-22T11:07:55+00:00\",\"breadcrumb\":{\"@id\":\"https:\/\/vilafames.org\/poble__trashed\/museu-dart-contemporani-vicente-aguilera-cerni-de-vilafames\/#breadcrumb\"},\"inLanguage\":\"es\",\"potentialAction\":[{\"@type\":\"ReadAction\",\"target\":[\"https:\/\/vilafames.org\/poble__trashed\/museu-dart-contemporani-vicente-aguilera-cerni-de-vilafames\/\"]}]},{\"@type\":\"ImageObject\",\"inLanguage\":\"es\",\"@id\":\"https:\/\/vilafames.org\/poble__trashed\/museu-dart-contemporani-vicente-aguilera-cerni-de-vilafames\/#primaryimage\",\"url\":\"https:\/\/vilafames.corvanit.com\/wp-content\/uploads\/3Dmuseu-1.png\",\"contentUrl\":\"https:\/\/vilafames.corvanit.com\/wp-content\/uploads\/3Dmuseu-1.png\"},{\"@type\":\"BreadcrumbList\",\"@id\":\"https:\/\/vilafames.org\/poble__trashed\/museu-dart-contemporani-vicente-aguilera-cerni-de-vilafames\/#breadcrumb\",\"itemListElement\":[{\"@type\":\"ListItem\",\"position\":1,\"name\":\"Inici\",\"item\":\"https:\/\/vilafames.org\/\"},{\"@type\":\"ListItem\",\"position\":2,\"name\":\"Museu d&#8217;Art Contemporani Vicente Aguilera Cern\u00ed de Vilafam\u00e9s\"}]},{\"@type\":\"WebSite\",\"@id\":\"https:\/\/vilafames.org\/#website\",\"url\":\"https:\/\/vilafames.org\/\",\"name\":\"Web de l'Ajuntament de Vilafam\u00e9s\",\"description\":\"Web de l&#039;Ajuntament de Vilafam\u00e9s\",\"publisher\":{\"@id\":\"https:\/\/vilafames.org\/#organization\"},\"potentialAction\":[{\"@type\":\"SearchAction\",\"target\":{\"@type\":\"EntryPoint\",\"urlTemplate\":\"https:\/\/vilafames.org\/?s={search_term_string}\"},\"query-input\":{\"@type\":\"PropertyValueSpecification\",\"valueRequired\":true,\"valueName\":\"search_term_string\"}}],\"inLanguage\":\"es\"},{\"@type\":\"Organization\",\"@id\":\"https:\/\/vilafames.org\/#organization\",\"name\":\"Web de l'Ajuntament de Vilafam\u00e9s\",\"url\":\"https:\/\/vilafames.org\/\",\"logo\":{\"@type\":\"ImageObject\",\"inLanguage\":\"es\",\"@id\":\"https:\/\/vilafames.org\/#\/schema\/logo\/image\/\",\"url\":\"https:\/\/vilafames.org\/wp-content\/uploads\/cropped-marca_v_rgb-1-1.png\",\"contentUrl\":\"https:\/\/vilafames.org\/wp-content\/uploads\/cropped-marca_v_rgb-1-1.png\",\"width\":558,\"height\":269,\"caption\":\"Web de l'Ajuntament de Vilafam\u00e9s\"},\"image\":{\"@id\":\"https:\/\/vilafames.org\/#\/schema\/logo\/image\/\"},\"sameAs\":[\"https:\/\/www.facebook.com\/AjuntamentVilafames\",\"https:\/\/x.com\/ajtvilafames\",\"https:\/\/www.instagram.com\/ajuntamentvilafames\/\",\"https:\/\/www.youtube.com\/channel\/UCjXWt3n8FHiahgKqHZWOTXQ\"]}]}<\/script>\n<!-- \/ Yoast SEO plugin. -->","yoast_head_json":{"title":"[:ca]Museu d'Art Contemporani Vicente Aguilera Cern\u00ed de Vilafam\u00e9s[:es]Museo de Arte Contempor\u00e1neo Vicente Aguilera Cern\u00ed de Vilafam\u00e9s[:] - Web de l&#039;Ajuntament de Vilafam\u00e9s","robots":{"index":"index","follow":"follow","max-snippet":"max-snippet:-1","max-image-preview":"max-image-preview:large","max-video-preview":"max-video-preview:-1"},"canonical":"https:\/\/vilafames.org\/poble__trashed\/museu-dart-contemporani-vicente-aguilera-cerni-de-vilafames\/","og_locale":"es_ES","og_type":"article","og_title":"[:ca]Museu d'Art Contemporani Vicente Aguilera Cern\u00ed de Vilafam\u00e9s[:es]Museo de Arte Contempor\u00e1neo Vicente Aguilera Cern\u00ed de Vilafam\u00e9s[:] - Web de l&#039;Ajuntament de Vilafam\u00e9s","og_description":"[vc_row][vc_column][vc_column_text] El Museo de Arte Contempor\u00e1neo Vicente Aguilera Cern\u00ed de Villafam\u00e9s est\u00e1 ubicado en el Palacio del Batlle, palacio del g\u00f3tico civil construido a mediados del siglo XV y reformado en el siglo XVIII. Fue fundado y dirigido por el cr\u00edtico de arte Vicente Aguilera Cern\u00ed en 1970. Tras su fallecimiento el Director ejecutivo es [&hellip;]","og_url":"https:\/\/vilafames.org\/poble__trashed\/museu-dart-contemporani-vicente-aguilera-cerni-de-vilafames\/","og_site_name":"Web de l&#039;Ajuntament de Vilafam\u00e9s","article_publisher":"https:\/\/www.facebook.com\/AjuntamentVilafames","article_modified_time":"2024-12-22T11:07:55+00:00","og_image":[{"width":594,"height":318,"url":"https:\/\/vilafames.org\/wp-content\/uploads\/3Dmuseu-1.png","type":"image\/png"}],"twitter_card":"summary_large_image","twitter_site":"@ajtvilafames","twitter_misc":{"Tiempo de lectura":"5 minutos"},"schema":{"@context":"https:\/\/schema.org","@graph":[{"@type":"WebPage","@id":"https:\/\/vilafames.org\/poble__trashed\/museu-dart-contemporani-vicente-aguilera-cerni-de-vilafames\/","url":"https:\/\/vilafames.org\/poble__trashed\/museu-dart-contemporani-vicente-aguilera-cerni-de-vilafames\/","name":"[:ca]Museu d'Art Contemporani Vicente Aguilera Cern\u00ed de Vilafam\u00e9s[:es]Museo de Arte Contempor\u00e1neo Vicente Aguilera Cern\u00ed de Vilafam\u00e9s[:] - Web de l&#039;Ajuntament de Vilafam\u00e9s","isPartOf":{"@id":"https:\/\/vilafames.org\/#website"},"primaryImageOfPage":{"@id":"https:\/\/vilafames.org\/poble__trashed\/museu-dart-contemporani-vicente-aguilera-cerni-de-vilafames\/#primaryimage"},"image":{"@id":"https:\/\/vilafames.org\/poble__trashed\/museu-dart-contemporani-vicente-aguilera-cerni-de-vilafames\/#primaryimage"},"thumbnailUrl":"https:\/\/vilafames.corvanit.com\/wp-content\/uploads\/3Dmuseu-1.png","datePublished":"2017-01-16T00:16:37+00:00","dateModified":"2024-12-22T11:07:55+00:00","breadcrumb":{"@id":"https:\/\/vilafames.org\/poble__trashed\/museu-dart-contemporani-vicente-aguilera-cerni-de-vilafames\/#breadcrumb"},"inLanguage":"es","potentialAction":[{"@type":"ReadAction","target":["https:\/\/vilafames.org\/poble__trashed\/museu-dart-contemporani-vicente-aguilera-cerni-de-vilafames\/"]}]},{"@type":"ImageObject","inLanguage":"es","@id":"https:\/\/vilafames.org\/poble__trashed\/museu-dart-contemporani-vicente-aguilera-cerni-de-vilafames\/#primaryimage","url":"https:\/\/vilafames.corvanit.com\/wp-content\/uploads\/3Dmuseu-1.png","contentUrl":"https:\/\/vilafames.corvanit.com\/wp-content\/uploads\/3Dmuseu-1.png"},{"@type":"BreadcrumbList","@id":"https:\/\/vilafames.org\/poble__trashed\/museu-dart-contemporani-vicente-aguilera-cerni-de-vilafames\/#breadcrumb","itemListElement":[{"@type":"ListItem","position":1,"name":"Inici","item":"https:\/\/vilafames.org\/"},{"@type":"ListItem","position":2,"name":"Museu d&#8217;Art Contemporani Vicente Aguilera Cern\u00ed de Vilafam\u00e9s"}]},{"@type":"WebSite","@id":"https:\/\/vilafames.org\/#website","url":"https:\/\/vilafames.org\/","name":"Web de l'Ajuntament de Vilafam\u00e9s","description":"Web de l&#039;Ajuntament de Vilafam\u00e9s","publisher":{"@id":"https:\/\/vilafames.org\/#organization"},"potentialAction":[{"@type":"SearchAction","target":{"@type":"EntryPoint","urlTemplate":"https:\/\/vilafames.org\/?s={search_term_string}"},"query-input":{"@type":"PropertyValueSpecification","valueRequired":true,"valueName":"search_term_string"}}],"inLanguage":"es"},{"@type":"Organization","@id":"https:\/\/vilafames.org\/#organization","name":"Web de l'Ajuntament de Vilafam\u00e9s","url":"https:\/\/vilafames.org\/","logo":{"@type":"ImageObject","inLanguage":"es","@id":"https:\/\/vilafames.org\/#\/schema\/logo\/image\/","url":"https:\/\/vilafames.org\/wp-content\/uploads\/cropped-marca_v_rgb-1-1.png","contentUrl":"https:\/\/vilafames.org\/wp-content\/uploads\/cropped-marca_v_rgb-1-1.png","width":558,"height":269,"caption":"Web de l'Ajuntament de Vilafam\u00e9s"},"image":{"@id":"https:\/\/vilafames.org\/#\/schema\/logo\/image\/"},"sameAs":["https:\/\/www.facebook.com\/AjuntamentVilafames","https:\/\/x.com\/ajtvilafames","https:\/\/www.instagram.com\/ajuntamentvilafames\/","https:\/\/www.youtube.com\/channel\/UCjXWt3n8FHiahgKqHZWOTXQ"]}]}},"_links":{"self":[{"href":"https:\/\/vilafames.org\/es\/wp-json\/wp\/v2\/pages\/1454","targetHints":{"allow":["GET"]}}],"collection":[{"href":"https:\/\/vilafames.org\/es\/wp-json\/wp\/v2\/pages"}],"about":[{"href":"https:\/\/vilafames.org\/es\/wp-json\/wp\/v2\/types\/page"}],"author":[{"embeddable":true,"href":"https:\/\/vilafames.org\/es\/wp-json\/wp\/v2\/users\/3"}],"replies":[{"embeddable":true,"href":"https:\/\/vilafames.org\/es\/wp-json\/wp\/v2\/comments?post=1454"}],"version-history":[{"count":5,"href":"https:\/\/vilafames.org\/es\/wp-json\/wp\/v2\/pages\/1454\/revisions"}],"predecessor-version":[{"id":11553,"href":"https:\/\/vilafames.org\/es\/wp-json\/wp\/v2\/pages\/1454\/revisions\/11553"}],"wp:attachment":[{"href":"https:\/\/vilafames.org\/es\/wp-json\/wp\/v2\/media?parent=1454"}],"curies":[{"name":"wp","href":"https:\/\/api.w.org\/{rel}","templated":true}]}}