{"id":1447,"date":"2017-01-16T01:06:07","date_gmt":"2017-01-16T00:06:07","guid":{"rendered":"http:\/\/vilafames.org\/?page_id=1447"},"modified":"2017-01-16T01:06:07","modified_gmt":"2017-01-16T00:06:07","slug":"audioguia","status":"publish","type":"page","link":"https:\/\/vilafames.org\/es\/audioguia\/","title":{"rendered":"Audiogu\u00eda"},"content":{"rendered":"<p>La audioguia del casc antic de Vilafam\u00e9s pret\u00e9n divulgar la riquesa patrimonial del seu conjunt art\u00edstic i monumental. El projecte consisteix a poder girar una visita tur\u00edstica a la nostra poblaci\u00f3 mitjan\u00e7ant les tabletes digitals o els tel\u00e8fons intel\u00b7ligents amb connexi\u00f3 a Internet.<\/p>\n<p>A trav\u00e9s de les aplicacions per a dispositius m\u00f2bils del codi QR, els visitants i turistes de Vilafam\u00e9s podran utilitzar un exhaustiu mapa amb els llocs de major inter\u00e8s marcats en ell. La visita guiada amb aquest procediment permet apropar-se a textos acuradament editats en quatre idiomes: castell\u00e0, valenci\u00e0, angl\u00e8s i franc\u00e8s. Al mateix temps, admet escoltar-los en el mateix lloc on es troben els monuments o immobles m\u00e9s representatius, aix\u00ed com obtenir una descripci\u00f3 de cada lloc d&#8217;inter\u00e8s de la vila mentre realitzen un recorregut pels seus carrers i racons. A m\u00e9s, la guia inclou un llistat dels comer\u00e7os i la seua ubicaci\u00f3 corresponent en el mapa amb les seues adreces, les seues respectives webs i els seus tel\u00e8fons per a dinamitzar el sector.<\/p>\n<p>En el pl\u00e0nol, que es proporcionar\u00e0 de forma gratu\u00efta en hotels, bars, restaurants, comer\u00e7os, en el propi Ajuntament i en l&#8217;Oficina de Turisme, figuren m\u00e9s de 50 \u00edtems recomanables en una detallada visita a aquesta poblaci\u00f3 castellonenca.<\/p>\n<p>El visitant pot visitar aquesta p\u00e0gina web amb antelaci\u00f3 en programar el seu viatge i descarregar-se tot all\u00f2 que li resulte m\u00e9s cridaner, o b\u00e9 utilitzar aquests codis QR en el transcurs de la seua visita. Existeix la possibilitat de realitzar una desc\u00e0rrega pr\u00e8via per a la seua posterior reproducci\u00f3 en dispositius que reprodu\u00efsquen el format MP3.<\/p>\n<p>La idea ha sigut desenvolupada per l&#8217;Associaci\u00f3 d&#8217;Amics del Casc Antic, i sufragada per l&#8217;Ajuntament de Vilafam\u00e9s. L&#8217;Associaci\u00f3, AACAV, amb m\u00e9s d&#8217;una d\u00e8cada d&#8217;exist\u00e8ncia, ha sigut el motor d&#8217;aquesta iniciativa i ha dut a terme la coordinaci\u00f3 del mateix fins a la seua posada en funcionament.<\/p>\n<p>La audioguia possibilita rec\u00f3rrer l&#8217;itinerari b\u00e0sic recomanat sense que per a\u00e7\u00f2 haja de deixar d&#8217;explorar altres racons si aix\u00ed ho desitja. En aquest pl\u00e0nol figuren les zones verdes m\u00e9s significatives, el tra\u00e7at de les muralles -de les queden nom\u00e9s alguns trams originals- i les zones des d&#8217;on s&#8217;albiren les vistes panor\u00e0miques m\u00e9s espectaculars del seu paisatge urb\u00e0 i del seu entorn m\u00e9s pr\u00f2xim. En els enlla\u00e7os de la web s&#8217;acumula tota la informaci\u00f3 textual, en imatges (fotografies) i en \u00e0udio en els seus respectius idiomes dels llocs m\u00e9s suggestius amb el que poder recordar o reviure aquesta magn\u00edfica excursi\u00f3 o visita quan ho desitge posteriorment una vegada haja tornat al seu lloc d&#8217;origen.<\/p>\n<ul>\n<li><a href=\"http:\/\/www.aacav.uji.es\/audioguia\/castellano\/\" target=\"_blank\" rel=\"nofollow\">Audiogu\u00eda Casco Antiguo (es)<\/a><\/li>\n<li><a href=\"http:\/\/www.aacav.uji.es\/audioguia\/valenciano\/\" target=\"_blank\" rel=\"nofollow\">Audioguia Casc Antic (ca)<\/a><\/li>\n<li><a href=\"http:\/\/www.aacav.uji.es\/audioguia\/english\/\" target=\"_blank\" rel=\"nofollow\">Audioguide The Old Town (en)<\/a><\/li>\n<li><a href=\"http:\/\/www.aacav.uji.es\/audioguia\/francais\/\" target=\"_blank\" rel=\"nofollow\">Audioguide La Vieille Ville (fr)<\/a><\/li>\n<\/ul>\n","protected":false},"excerpt":{"rendered":"<p>La audioguia del casc antic de Vilafam\u00e9s pret\u00e9n divulgar la riquesa patrimonial del seu conjunt art\u00edstic i monumental. El projecte consisteix a poder girar una visita tur\u00edstica a la nostra poblaci\u00f3 mitjan\u00e7ant les tabletes digitals o els tel\u00e8fons intel\u00b7ligents amb connexi\u00f3 a Internet. A trav\u00e9s de les aplicacions per a dispositius m\u00f2bils del codi QR, [&hellip;]<\/p>\n","protected":false},"author":3,"featured_media":0,"parent":0,"menu_order":0,"comment_status":"closed","ping_status":"closed","template":"","meta":{"footnotes":""},"class_list":["post-1447","page","type-page","status-publish","hentry"],"yoast_head":"<!-- This site is optimized with the Yoast SEO plugin v24.8.1 - https:\/\/yoast.com\/wordpress\/plugins\/seo\/ -->\n<title>Audiogu\u00eda - Web de l&#039;Ajuntament de Vilafam\u00e9s<\/title>\n<meta name=\"robots\" content=\"index, follow, max-snippet:-1, max-image-preview:large, max-video-preview:-1\" \/>\n<link rel=\"canonical\" href=\"https:\/\/vilafames.org\/turismo__trashed\/audioguia\/\" \/>\n<meta property=\"og:locale\" content=\"es_ES\" \/>\n<meta property=\"og:type\" content=\"article\" \/>\n<meta property=\"og:title\" content=\"[:ca]Audioguia[:es]Audiogu\u00eda[:] - Web de l&#039;Ajuntament de Vilafam\u00e9s\" \/>\n<meta property=\"og:description\" content=\"La audioguia del casc antic de Vilafam\u00e9s pret\u00e9n divulgar la riquesa patrimonial del seu conjunt art\u00edstic i monumental. El projecte consisteix a poder girar una visita tur\u00edstica a la nostra poblaci\u00f3 mitjan\u00e7ant les tabletes digitals o els tel\u00e8fons intel\u00b7ligents amb connexi\u00f3 a Internet. A trav\u00e9s de les aplicacions per a dispositius m\u00f2bils del codi QR, [&hellip;]\" \/>\n<meta property=\"og:url\" content=\"https:\/\/vilafames.org\/turismo__trashed\/audioguia\/\" \/>\n<meta property=\"og:site_name\" content=\"Web de l&#039;Ajuntament de Vilafam\u00e9s\" \/>\n<meta property=\"article:publisher\" content=\"https:\/\/www.facebook.com\/AjuntamentVilafames\" \/>\n<meta name=\"twitter:card\" content=\"summary_large_image\" \/>\n<meta name=\"twitter:site\" content=\"@ajtvilafames\" \/>\n<meta name=\"twitter:label1\" content=\"Tiempo de lectura\" \/>\n\t<meta name=\"twitter:data1\" content=\"2 minutos\" \/>\n<script type=\"application\/ld+json\" class=\"yoast-schema-graph\">{\"@context\":\"https:\/\/schema.org\",\"@graph\":[{\"@type\":\"WebPage\",\"@id\":\"https:\/\/vilafames.org\/turismo__trashed\/audioguia\/\",\"url\":\"https:\/\/vilafames.org\/turismo__trashed\/audioguia\/\",\"name\":\"[:ca]Audioguia[:es]Audiogu\u00eda[:] - Web de l&#039;Ajuntament de Vilafam\u00e9s\",\"isPartOf\":{\"@id\":\"https:\/\/vilafames.org\/#website\"},\"datePublished\":\"2017-01-16T00:06:07+00:00\",\"breadcrumb\":{\"@id\":\"https:\/\/vilafames.org\/turismo__trashed\/audioguia\/#breadcrumb\"},\"inLanguage\":\"es\",\"potentialAction\":[{\"@type\":\"ReadAction\",\"target\":[\"https:\/\/vilafames.org\/turismo__trashed\/audioguia\/\"]}]},{\"@type\":\"BreadcrumbList\",\"@id\":\"https:\/\/vilafames.org\/turismo__trashed\/audioguia\/#breadcrumb\",\"itemListElement\":[{\"@type\":\"ListItem\",\"position\":1,\"name\":\"Inici\",\"item\":\"https:\/\/vilafames.org\/\"},{\"@type\":\"ListItem\",\"position\":2,\"name\":\"Audioguia\"}]},{\"@type\":\"WebSite\",\"@id\":\"https:\/\/vilafames.org\/#website\",\"url\":\"https:\/\/vilafames.org\/\",\"name\":\"Web de l'Ajuntament de Vilafam\u00e9s\",\"description\":\"Web de l&#039;Ajuntament de Vilafam\u00e9s\",\"publisher\":{\"@id\":\"https:\/\/vilafames.org\/#organization\"},\"potentialAction\":[{\"@type\":\"SearchAction\",\"target\":{\"@type\":\"EntryPoint\",\"urlTemplate\":\"https:\/\/vilafames.org\/?s={search_term_string}\"},\"query-input\":{\"@type\":\"PropertyValueSpecification\",\"valueRequired\":true,\"valueName\":\"search_term_string\"}}],\"inLanguage\":\"es\"},{\"@type\":\"Organization\",\"@id\":\"https:\/\/vilafames.org\/#organization\",\"name\":\"Web de l'Ajuntament de Vilafam\u00e9s\",\"url\":\"https:\/\/vilafames.org\/\",\"logo\":{\"@type\":\"ImageObject\",\"inLanguage\":\"es\",\"@id\":\"https:\/\/vilafames.org\/#\/schema\/logo\/image\/\",\"url\":\"https:\/\/vilafames.org\/wp-content\/uploads\/cropped-marca_v_rgb-1-1.png\",\"contentUrl\":\"https:\/\/vilafames.org\/wp-content\/uploads\/cropped-marca_v_rgb-1-1.png\",\"width\":558,\"height\":269,\"caption\":\"Web de l'Ajuntament de Vilafam\u00e9s\"},\"image\":{\"@id\":\"https:\/\/vilafames.org\/#\/schema\/logo\/image\/\"},\"sameAs\":[\"https:\/\/www.facebook.com\/AjuntamentVilafames\",\"https:\/\/x.com\/ajtvilafames\",\"https:\/\/www.instagram.com\/ajuntamentvilafames\/\",\"https:\/\/www.youtube.com\/channel\/UCjXWt3n8FHiahgKqHZWOTXQ\"]}]}<\/script>\n<!-- \/ Yoast SEO plugin. -->","yoast_head_json":{"title":"[:ca]Audioguia[:es]Audiogu\u00eda[:] - Web de l&#039;Ajuntament de Vilafam\u00e9s","robots":{"index":"index","follow":"follow","max-snippet":"max-snippet:-1","max-image-preview":"max-image-preview:large","max-video-preview":"max-video-preview:-1"},"canonical":"https:\/\/vilafames.org\/turismo__trashed\/audioguia\/","og_locale":"es_ES","og_type":"article","og_title":"[:ca]Audioguia[:es]Audiogu\u00eda[:] - Web de l&#039;Ajuntament de Vilafam\u00e9s","og_description":"La audioguia del casc antic de Vilafam\u00e9s pret\u00e9n divulgar la riquesa patrimonial del seu conjunt art\u00edstic i monumental. El projecte consisteix a poder girar una visita tur\u00edstica a la nostra poblaci\u00f3 mitjan\u00e7ant les tabletes digitals o els tel\u00e8fons intel\u00b7ligents amb connexi\u00f3 a Internet. A trav\u00e9s de les aplicacions per a dispositius m\u00f2bils del codi QR, [&hellip;]","og_url":"https:\/\/vilafames.org\/turismo__trashed\/audioguia\/","og_site_name":"Web de l&#039;Ajuntament de Vilafam\u00e9s","article_publisher":"https:\/\/www.facebook.com\/AjuntamentVilafames","twitter_card":"summary_large_image","twitter_site":"@ajtvilafames","twitter_misc":{"Tiempo de lectura":"2 minutos"},"schema":{"@context":"https:\/\/schema.org","@graph":[{"@type":"WebPage","@id":"https:\/\/vilafames.org\/turismo__trashed\/audioguia\/","url":"https:\/\/vilafames.org\/turismo__trashed\/audioguia\/","name":"[:ca]Audioguia[:es]Audiogu\u00eda[:] - Web de l&#039;Ajuntament de Vilafam\u00e9s","isPartOf":{"@id":"https:\/\/vilafames.org\/#website"},"datePublished":"2017-01-16T00:06:07+00:00","breadcrumb":{"@id":"https:\/\/vilafames.org\/turismo__trashed\/audioguia\/#breadcrumb"},"inLanguage":"es","potentialAction":[{"@type":"ReadAction","target":["https:\/\/vilafames.org\/turismo__trashed\/audioguia\/"]}]},{"@type":"BreadcrumbList","@id":"https:\/\/vilafames.org\/turismo__trashed\/audioguia\/#breadcrumb","itemListElement":[{"@type":"ListItem","position":1,"name":"Inici","item":"https:\/\/vilafames.org\/"},{"@type":"ListItem","position":2,"name":"Audioguia"}]},{"@type":"WebSite","@id":"https:\/\/vilafames.org\/#website","url":"https:\/\/vilafames.org\/","name":"Web de l'Ajuntament de Vilafam\u00e9s","description":"Web de l&#039;Ajuntament de Vilafam\u00e9s","publisher":{"@id":"https:\/\/vilafames.org\/#organization"},"potentialAction":[{"@type":"SearchAction","target":{"@type":"EntryPoint","urlTemplate":"https:\/\/vilafames.org\/?s={search_term_string}"},"query-input":{"@type":"PropertyValueSpecification","valueRequired":true,"valueName":"search_term_string"}}],"inLanguage":"es"},{"@type":"Organization","@id":"https:\/\/vilafames.org\/#organization","name":"Web de l'Ajuntament de Vilafam\u00e9s","url":"https:\/\/vilafames.org\/","logo":{"@type":"ImageObject","inLanguage":"es","@id":"https:\/\/vilafames.org\/#\/schema\/logo\/image\/","url":"https:\/\/vilafames.org\/wp-content\/uploads\/cropped-marca_v_rgb-1-1.png","contentUrl":"https:\/\/vilafames.org\/wp-content\/uploads\/cropped-marca_v_rgb-1-1.png","width":558,"height":269,"caption":"Web de l'Ajuntament de Vilafam\u00e9s"},"image":{"@id":"https:\/\/vilafames.org\/#\/schema\/logo\/image\/"},"sameAs":["https:\/\/www.facebook.com\/AjuntamentVilafames","https:\/\/x.com\/ajtvilafames","https:\/\/www.instagram.com\/ajuntamentvilafames\/","https:\/\/www.youtube.com\/channel\/UCjXWt3n8FHiahgKqHZWOTXQ"]}]}},"_links":{"self":[{"href":"https:\/\/vilafames.org\/es\/wp-json\/wp\/v2\/pages\/1447","targetHints":{"allow":["GET"]}}],"collection":[{"href":"https:\/\/vilafames.org\/es\/wp-json\/wp\/v2\/pages"}],"about":[{"href":"https:\/\/vilafames.org\/es\/wp-json\/wp\/v2\/types\/page"}],"author":[{"embeddable":true,"href":"https:\/\/vilafames.org\/es\/wp-json\/wp\/v2\/users\/3"}],"replies":[{"embeddable":true,"href":"https:\/\/vilafames.org\/es\/wp-json\/wp\/v2\/comments?post=1447"}],"version-history":[{"count":0,"href":"https:\/\/vilafames.org\/es\/wp-json\/wp\/v2\/pages\/1447\/revisions"}],"wp:attachment":[{"href":"https:\/\/vilafames.org\/es\/wp-json\/wp\/v2\/media?parent=1447"}],"curies":[{"name":"wp","href":"https:\/\/api.w.org\/{rel}","templated":true}]}}