{"id":1444,"date":"2017-01-16T01:03:17","date_gmt":"2017-01-16T00:03:17","guid":{"rendered":"http:\/\/vilafames.org\/?page_id=1444"},"modified":"2017-01-16T01:03:17","modified_gmt":"2017-01-16T00:03:17","slug":"naturalesa","status":"publish","type":"page","link":"https:\/\/vilafames.org\/es\/naturalesa\/","title":{"rendered":"Naturaleza"},"content":{"rendered":"<p>La zona goza de las caracter\u00edsticas clim\u00e1ticas propias de una poblaci\u00f3n mediterr\u00e1nea, con inviernos suaves y veranos calurosos, en las que la oscilaci\u00f3n t\u00e9rmica se reduce a pocos grados de diferencia, haciendo de la zona en que se encuentra ubicado el municipio, un lugar id\u00f3neo para el h\u00e1bitat durante todo el a\u00f1o.<\/p>\n<p>El paisaje de la zona est\u00e1 constituido por una dicotom\u00eda entre la zona llana y las monta\u00f1as que rodean el llano. Vilafam\u00e9s se encuentra situado en la parte meridional del Pla de Vilafam\u00e9s, el cual constituye una zona llana, formaci\u00f3n geol\u00f3gica endorreica, la cual aparece rodeada por una serie de monta\u00f1as que la circundan. El paisaje propio de la zona llana est\u00e1 constituido por la parcelaci\u00f3n de las tierras, transformadas para la actividad agr\u00edcola, as\u00ed como las vertientes inferiores de la orla monta\u00f1osa que rodean el llano, siendo las especies predominantes cultivadas, el almendro, el olivo, los frutales y zonas destinadas a producci\u00f3n hort\u00edcola con superficies de regad\u00edo. El llano est\u00e1 atravesado por diversos barrancos que sirven de drenaje a la zona. A lo largo de sus cauces existen elementos de vegetaci\u00f3n at\u00e1vica que reflejan la cobertura vegetal propia de \u00e9pocas anteriores (entre esta vegetaci\u00f3n destacan los ejemplares de carrascas y encinas).<\/p>\n<p>Frente a esta zona llana, las zonas monta\u00f1osas que no se encuentran roturadas, presentan en determinados puntos formaciones boscosas. En ellas existe un predominio de las masas boscosas formadas por pino blanco (pinus halepensis), aunque tambi\u00e9n se da la variedad de pino carrasco. En las zonas de umbr\u00eda hay vegetaci\u00f3n de sauces, carrascas, encinas, acebuches y arbustos de varias especies. Destaca entre las formaciones el denominado Pinar Ver, por estar constituido por pinos pi\u00f1oneros configurando una formaci\u00f3n boscosa aislada.<\/p>\n<p>Entre los diversos lugares de inter\u00e9s ecol\u00f3gico y cultural podemos citar:<\/p>\n<ul>\n<li>La Font de les Piques: Se encuentra situada a tres kil\u00f3metros de la localidad en direcci\u00f3n norte, junto al Bar-Rte. El Pol\u00edgono, en la zona industrial. La fuente dispone de un caudal que cae en cascada a siete pilas que desembocan en dos balsas irregulares. El agua tiene propiedades diur\u00e9ticas y goza de gran aceptaci\u00f3n entre los habitantes. Adem\u00e1s existen una serie de canalizaciones que desembocan a diversas balsas aprovechando el agua para riego. La vegetaci\u00f3n de la zona est\u00e1 constituida por olivos centenarios, adem\u00e1s de encinas, carrascas, azufaifas, almeces, tomillo y romero. Es un hermoso paraje desde donde se pueden apreciar vistas panor\u00e1micas sobre toda la zona llana.<\/li>\n<li>La Font de la Penella: Desde Vilafam\u00e9s, se tomar\u00e1 la Ctra. de la Barona y una vez en ella se proseguir\u00e1 por la Ctra. Les Useres. Despu\u00e9s de tres kil\u00f3metros y al llegar al puente de la Rambla de la Viuda, se tomar\u00e1 una vereda que trasciende por el margen izquierdo de la misma, siendo este recorrido de siete kil\u00f3metros hasta llegar a la fuente. El paraje est\u00e1 enclavado en una peque\u00f1a planicie bajo los pinos. All\u00ed se encuentra una capilla bajo la advocaci\u00f3n de San Antonio y a su derecha la fuente. Cuando el agua alcanza su altura m\u00e1xima sale a cuatro piletas de piedra en distintos niveles que a su vez desembocan en un abrevadero, el cual cuando rebosa vierte en unos lavaderos. Lugar con hermosa vista, es un lugar tranquilo e ideal para pasar un bonito d\u00eda de campo.<\/li>\n<li>El Clot: Es una cavidad, o formaci\u00f3n k\u00e1rstica, en el terreno de forma cil\u00edndrica situada en la ladera de una monta\u00f1a. Dista de Vilafam\u00e9s unos 3-4 km. Esta cavidad es de planta circular y fondo plano y ocupa una superficie de 1300 m2, con una profundidad entre 8 y 16 metros. Se accede a trav\u00e9s del Cam\u00ed de les Useres. La vegetaci\u00f3n que se encuentra en la zona est\u00e1 constituida por encinas, olivos y gran cantidad de arbustos y almeces, as\u00ed como plantas trepadoras que lo han convertido en un ecosistema localizado de aspecto selv\u00e1tico.<\/li>\n<li>La Cova del Bolimini: Se accede tomando la carretera en direcci\u00f3n a San Juan de Mor\u00f3, antes del punto kilom\u00e9trico 10, tomaremos el Cam\u00ed de Costur y a un kil\u00f3metro y medio tomaremos el camino a la derecha hasta la mas\u00eda de les Alqueries. Se trata de una cavidad a la que se accede a trav\u00e9s de una escalera natural que lleva a dos replazas interiores de gran amplitud y con b\u00f3vedas de hasta 3 metros de altura. Al fondo de la segunda replaza, un goteo producido sobre una pila artificial, que act\u00faa como recept\u00e1culo, ha dotado a esta cueva de un original suministro de agua potable. La vegetaci\u00f3n del exterior de la cueva es la caracter\u00edstica de la zona monta\u00f1osa: algarrobos, esparraguera, palmito, higueras, olivos, pinos, romero, tomillo, etc.<\/li>\n<li>Paraje Natural Municipal Sant Miquel: En direcci\u00f3n a San Juan de Mor\u00f3 y a cinco kil\u00f3metros de Vilafam\u00e9s. Esta zona se caracteriza por albergar la ermita de San Miguel, patr\u00f3n del municipio. Adem\u00e1s la zona goza de una vegetaci\u00f3n exuberante, propia de una geolog\u00eda de areniscas tri\u00e1sicas. Est\u00e1 constituida por pinos y vegetaci\u00f3n end\u00e9mica con interesantes ejemplares de carrascas, encinas, sauces, etc.<\/li>\n<li>Zona recreativa \u201cCam\u00ed Cementeri-Monte Estepar\u201d: Situada en las faldas del Monte Estepar, a un kil\u00f3metro aproximadamente del pueblo y perfectamente se\u00f1alizado, est\u00e1 constituida por zona de pinada y de acampada libre. Dotada con varias mesas con banco de madera, una fuente, porche con asadores, zona infantil y contenedores para desperdicios. El paraje resulta muy agradable para pasar el d\u00eda sin ruidos ni contaminaci\u00f3n. La vegetaci\u00f3n es abundante, predominando los pinos de gran altura, romero, tomillo y dem\u00e1s plantas caracter\u00edsticas de la zona.<\/li>\n<li>Zona recreativa \u201cMachacadora\u201d: Situada a las faldas del Monte Estepar junto a la Ctra. V-160 de acceso a Vilafam\u00e9s. La zona dispone de fuente, mesas con asientos, porches con asadores y contenedores para desperdicios.<\/li>\n<\/ul>\n<p>","protected":false},"excerpt":{"rendered":"<p>La zona goza de las caracter\u00edsticas clim\u00e1ticas propias de una poblaci\u00f3n mediterr\u00e1nea, con inviernos suaves y veranos calurosos, en las que la oscilaci\u00f3n t\u00e9rmica se reduce a pocos grados de diferencia, haciendo de la zona en que se encuentra ubicado el municipio, un lugar id\u00f3neo para el h\u00e1bitat durante todo el a\u00f1o. El paisaje de [&hellip;]<\/p>\n","protected":false},"author":3,"featured_media":0,"parent":0,"menu_order":0,"comment_status":"closed","ping_status":"closed","template":"","meta":{"footnotes":""},"class_list":["post-1444","page","type-page","status-publish","hentry"],"yoast_head":"<!-- This site is optimized with the Yoast SEO plugin v24.8.1 - https:\/\/yoast.com\/wordpress\/plugins\/seo\/ -->\n<title>Naturaleza - Web de l&#039;Ajuntament de Vilafam\u00e9s<\/title>\n<meta name=\"robots\" content=\"index, follow, max-snippet:-1, max-image-preview:large, max-video-preview:-1\" \/>\n<link rel=\"canonical\" href=\"https:\/\/vilafames.org\/turismo__trashed\/naturalesa\/\" \/>\n<meta property=\"og:locale\" content=\"es_ES\" \/>\n<meta property=\"og:type\" content=\"article\" \/>\n<meta property=\"og:title\" content=\"[:ca]Naturalesa[:es]Naturaleza[:] - Web de l&#039;Ajuntament de Vilafam\u00e9s\" \/>\n<meta property=\"og:description\" content=\"La zona goza de las caracter\u00edsticas clim\u00e1ticas propias de una poblaci\u00f3n mediterr\u00e1nea, con inviernos suaves y veranos calurosos, en las que la oscilaci\u00f3n t\u00e9rmica se reduce a pocos grados de diferencia, haciendo de la zona en que se encuentra ubicado el municipio, un lugar id\u00f3neo para el h\u00e1bitat durante todo el a\u00f1o. El paisaje de [&hellip;]\" \/>\n<meta property=\"og:url\" content=\"https:\/\/vilafames.org\/turismo__trashed\/naturalesa\/\" \/>\n<meta property=\"og:site_name\" content=\"Web de l&#039;Ajuntament de Vilafam\u00e9s\" \/>\n<meta property=\"article:publisher\" content=\"https:\/\/www.facebook.com\/AjuntamentVilafames\" \/>\n<meta name=\"twitter:card\" content=\"summary_large_image\" \/>\n<meta name=\"twitter:site\" content=\"@ajtvilafames\" \/>\n<meta name=\"twitter:label1\" content=\"Tiempo de lectura\" \/>\n\t<meta name=\"twitter:data1\" content=\"10 minutos\" \/>\n<script type=\"application\/ld+json\" class=\"yoast-schema-graph\">{\"@context\":\"https:\/\/schema.org\",\"@graph\":[{\"@type\":\"WebPage\",\"@id\":\"https:\/\/vilafames.org\/turismo__trashed\/naturalesa\/\",\"url\":\"https:\/\/vilafames.org\/turismo__trashed\/naturalesa\/\",\"name\":\"[:ca]Naturalesa[:es]Naturaleza[:] - Web de l&#039;Ajuntament de Vilafam\u00e9s\",\"isPartOf\":{\"@id\":\"https:\/\/vilafames.org\/#website\"},\"datePublished\":\"2017-01-16T00:03:17+00:00\",\"breadcrumb\":{\"@id\":\"https:\/\/vilafames.org\/turismo__trashed\/naturalesa\/#breadcrumb\"},\"inLanguage\":\"es\",\"potentialAction\":[{\"@type\":\"ReadAction\",\"target\":[\"https:\/\/vilafames.org\/turismo__trashed\/naturalesa\/\"]}]},{\"@type\":\"BreadcrumbList\",\"@id\":\"https:\/\/vilafames.org\/turismo__trashed\/naturalesa\/#breadcrumb\",\"itemListElement\":[{\"@type\":\"ListItem\",\"position\":1,\"name\":\"Inici\",\"item\":\"https:\/\/vilafames.org\/\"},{\"@type\":\"ListItem\",\"position\":2,\"name\":\"Naturalesa\"}]},{\"@type\":\"WebSite\",\"@id\":\"https:\/\/vilafames.org\/#website\",\"url\":\"https:\/\/vilafames.org\/\",\"name\":\"Web de l'Ajuntament de Vilafam\u00e9s\",\"description\":\"Web de l&#039;Ajuntament de Vilafam\u00e9s\",\"publisher\":{\"@id\":\"https:\/\/vilafames.org\/#organization\"},\"potentialAction\":[{\"@type\":\"SearchAction\",\"target\":{\"@type\":\"EntryPoint\",\"urlTemplate\":\"https:\/\/vilafames.org\/?s={search_term_string}\"},\"query-input\":{\"@type\":\"PropertyValueSpecification\",\"valueRequired\":true,\"valueName\":\"search_term_string\"}}],\"inLanguage\":\"es\"},{\"@type\":\"Organization\",\"@id\":\"https:\/\/vilafames.org\/#organization\",\"name\":\"Web de l'Ajuntament de Vilafam\u00e9s\",\"url\":\"https:\/\/vilafames.org\/\",\"logo\":{\"@type\":\"ImageObject\",\"inLanguage\":\"es\",\"@id\":\"https:\/\/vilafames.org\/#\/schema\/logo\/image\/\",\"url\":\"https:\/\/vilafames.org\/wp-content\/uploads\/cropped-marca_v_rgb-1-1.png\",\"contentUrl\":\"https:\/\/vilafames.org\/wp-content\/uploads\/cropped-marca_v_rgb-1-1.png\",\"width\":558,\"height\":269,\"caption\":\"Web de l'Ajuntament de Vilafam\u00e9s\"},\"image\":{\"@id\":\"https:\/\/vilafames.org\/#\/schema\/logo\/image\/\"},\"sameAs\":[\"https:\/\/www.facebook.com\/AjuntamentVilafames\",\"https:\/\/x.com\/ajtvilafames\",\"https:\/\/www.instagram.com\/ajuntamentvilafames\/\",\"https:\/\/www.youtube.com\/channel\/UCjXWt3n8FHiahgKqHZWOTXQ\"]}]}<\/script>\n<!-- \/ Yoast SEO plugin. -->","yoast_head_json":{"title":"[:ca]Naturalesa[:es]Naturaleza[:] - Web de l&#039;Ajuntament de Vilafam\u00e9s","robots":{"index":"index","follow":"follow","max-snippet":"max-snippet:-1","max-image-preview":"max-image-preview:large","max-video-preview":"max-video-preview:-1"},"canonical":"https:\/\/vilafames.org\/turismo__trashed\/naturalesa\/","og_locale":"es_ES","og_type":"article","og_title":"[:ca]Naturalesa[:es]Naturaleza[:] - Web de l&#039;Ajuntament de Vilafam\u00e9s","og_description":"La zona goza de las caracter\u00edsticas clim\u00e1ticas propias de una poblaci\u00f3n mediterr\u00e1nea, con inviernos suaves y veranos calurosos, en las que la oscilaci\u00f3n t\u00e9rmica se reduce a pocos grados de diferencia, haciendo de la zona en que se encuentra ubicado el municipio, un lugar id\u00f3neo para el h\u00e1bitat durante todo el a\u00f1o. El paisaje de [&hellip;]","og_url":"https:\/\/vilafames.org\/turismo__trashed\/naturalesa\/","og_site_name":"Web de l&#039;Ajuntament de Vilafam\u00e9s","article_publisher":"https:\/\/www.facebook.com\/AjuntamentVilafames","twitter_card":"summary_large_image","twitter_site":"@ajtvilafames","twitter_misc":{"Tiempo de lectura":"10 minutos"},"schema":{"@context":"https:\/\/schema.org","@graph":[{"@type":"WebPage","@id":"https:\/\/vilafames.org\/turismo__trashed\/naturalesa\/","url":"https:\/\/vilafames.org\/turismo__trashed\/naturalesa\/","name":"[:ca]Naturalesa[:es]Naturaleza[:] - Web de l&#039;Ajuntament de Vilafam\u00e9s","isPartOf":{"@id":"https:\/\/vilafames.org\/#website"},"datePublished":"2017-01-16T00:03:17+00:00","breadcrumb":{"@id":"https:\/\/vilafames.org\/turismo__trashed\/naturalesa\/#breadcrumb"},"inLanguage":"es","potentialAction":[{"@type":"ReadAction","target":["https:\/\/vilafames.org\/turismo__trashed\/naturalesa\/"]}]},{"@type":"BreadcrumbList","@id":"https:\/\/vilafames.org\/turismo__trashed\/naturalesa\/#breadcrumb","itemListElement":[{"@type":"ListItem","position":1,"name":"Inici","item":"https:\/\/vilafames.org\/"},{"@type":"ListItem","position":2,"name":"Naturalesa"}]},{"@type":"WebSite","@id":"https:\/\/vilafames.org\/#website","url":"https:\/\/vilafames.org\/","name":"Web de l'Ajuntament de Vilafam\u00e9s","description":"Web de l&#039;Ajuntament de Vilafam\u00e9s","publisher":{"@id":"https:\/\/vilafames.org\/#organization"},"potentialAction":[{"@type":"SearchAction","target":{"@type":"EntryPoint","urlTemplate":"https:\/\/vilafames.org\/?s={search_term_string}"},"query-input":{"@type":"PropertyValueSpecification","valueRequired":true,"valueName":"search_term_string"}}],"inLanguage":"es"},{"@type":"Organization","@id":"https:\/\/vilafames.org\/#organization","name":"Web de l'Ajuntament de Vilafam\u00e9s","url":"https:\/\/vilafames.org\/","logo":{"@type":"ImageObject","inLanguage":"es","@id":"https:\/\/vilafames.org\/#\/schema\/logo\/image\/","url":"https:\/\/vilafames.org\/wp-content\/uploads\/cropped-marca_v_rgb-1-1.png","contentUrl":"https:\/\/vilafames.org\/wp-content\/uploads\/cropped-marca_v_rgb-1-1.png","width":558,"height":269,"caption":"Web de l'Ajuntament de Vilafam\u00e9s"},"image":{"@id":"https:\/\/vilafames.org\/#\/schema\/logo\/image\/"},"sameAs":["https:\/\/www.facebook.com\/AjuntamentVilafames","https:\/\/x.com\/ajtvilafames","https:\/\/www.instagram.com\/ajuntamentvilafames\/","https:\/\/www.youtube.com\/channel\/UCjXWt3n8FHiahgKqHZWOTXQ"]}]}},"_links":{"self":[{"href":"https:\/\/vilafames.org\/es\/wp-json\/wp\/v2\/pages\/1444","targetHints":{"allow":["GET"]}}],"collection":[{"href":"https:\/\/vilafames.org\/es\/wp-json\/wp\/v2\/pages"}],"about":[{"href":"https:\/\/vilafames.org\/es\/wp-json\/wp\/v2\/types\/page"}],"author":[{"embeddable":true,"href":"https:\/\/vilafames.org\/es\/wp-json\/wp\/v2\/users\/3"}],"replies":[{"embeddable":true,"href":"https:\/\/vilafames.org\/es\/wp-json\/wp\/v2\/comments?post=1444"}],"version-history":[{"count":0,"href":"https:\/\/vilafames.org\/es\/wp-json\/wp\/v2\/pages\/1444\/revisions"}],"wp:attachment":[{"href":"https:\/\/vilafames.org\/es\/wp-json\/wp\/v2\/media?parent=1444"}],"curies":[{"name":"wp","href":"https:\/\/api.w.org\/{rel}","templated":true}]}}