{"id":1317,"date":"2017-01-05T12:36:26","date_gmt":"2017-01-05T11:36:26","guid":{"rendered":"http:\/\/vilafames.org\/?page_id=1317"},"modified":"2017-01-05T12:36:26","modified_gmt":"2017-01-05T11:36:26","slug":"formulari-de-comercos-empreses-i-professionals","status":"publish","type":"page","link":"https:\/\/vilafames.org\/es\/formulari-de-comercos-empreses-i-professionals\/","title":{"rendered":"Formulario de comercios, empresas y profesionales"},"content":{"rendered":"<p>\n<h4>Desde la concejal\u00eda de urbanismo se lanza un formulario para crear diferentes bolsas rotativas para diferentes actividades (peque\u00f1as obras, fontaner\u00eda, electricidad, dise\u00f1o, arquitectos, &#8230;) con el objetivo de facilitar la contrataci\u00f3n p\u00fablica por parte de la Ayuntamiento. Tambi\u00e9n se crea un registro de profesionales, t\u00e9cnicos, aut\u00f3nomos, empresas, bares, restaurantes, &#8230; que ser\u00e1 consultado para posibles convocatorias o compras municipales o por terceros que lo soliciten.<\/h4>\n<p>Entre las prioridades del actual equipo de gobierno est\u00e0 fomentar la contrataci\u00f3n de la gente del pueblo. Con esta iniciativa, se conocer\u00e1 de primera mano, quien puede ofrecer cada servicio al Ayuntamiento. La segunda prioridad del gobierno del Pacto del Alcalde es repartir las contrataciones de forma equitativa entre todos los profesionales. Estas bolsas rotativas servir\u00e1n para llevar un control sobre lo hecho y se podr\u00e1 ajustar para que sea repartido por igual. De esta manera el formulario tendr\u00e1 las siguientes funcionalidades:<\/p>\n<ol>\n<li>Crear diferentes bolsas rotativas para peque\u00f1as actuaciones (obras, reparaciones, etc.) sin memoria valorada. Una vez terminado el registro inicial, se clasificar\u00e1n todos los formularios en las diferentes actividades y se crear\u00e1n diferentes bolsas.<br \/>\nLa orden inicial de las bolsas se har\u00e1 un sorteo.<br \/>\nCuando haya una actuaci\u00f3n se llamar\u00e1 a quien ocupa la primera posici\u00f3n. Una vez realizada la actuaci\u00f3n, este pasar\u00e1 al final de la lista.<br \/>\nSi no puede se botar\u00e1 pero continuar\u00e1 ocupando la primera posici\u00f3n. No podr\u00e1 desistir m\u00e1s de tres veces diferentes actuaciones. Si es as\u00ed pasar\u00e1 a la \u00faltima posici\u00f3n.<br \/>\nRegularmente se ajustar\u00e1n las actuaciones para que todos los inscritos tengan unas cantidades trabajadas similares.<\/li>\n<li>Cuando existan obras mayores con memoria valorada, contratos a servicios, concesiones, etc., se avisar\u00e1 a todos los interesados \u200b\u200bpor igual para que presenten su propuesta econ\u00f3mica o candidatura.<\/li>\n<li>Servir tambi\u00e9n de registro para cuando alg\u00fan vecino o empresa necesita alguno de los servicios o profesional que se ofrecen.<\/li>\n<li>Todas las actuaciones de las bolsas rotativas ser\u00e1n publicadas, por lo tanto se ganar\u00e1 con transparencia.<\/li>\n<\/ol>\n<p>Si hay empresas, profesionales, aut\u00f3nomos que suben realizar diversos sectores \/ actividades habr\u00e1 indicarlo tambi\u00e9n en la casilla del formulario.<\/p>\n<p>M\u00e1s abajo encontrar\u00e1s el formulario para darse de alta, el cual deber\u00e1 ser registrado en el Ayuntamiento. El registro inicial comienza el 21 de enero y finaliza el 12 de febrero.<\/p>\n<p>Las bolsas estar\u00e1n abiertas continuamente, pero \u00fanicamente se actualizar\u00e1n la primera semana del mes. Los nuevos registrados ocupar\u00e1n la \u00faltima posici\u00f3n en el momento de incorporaci\u00f3n en la bolsa.<\/p>\n<p>Tambi\u00e9n nos servir\u00e1 para evaluar el trabajo de cada actuaci\u00f3n y revisar los precios. No se fija ning\u00fan honorario, pero s\u00ed se controlar\u00e1 las diferencias de precios entre los diferentes profesionales de la bolsa y entre el precio marcado por los diferentes organismos, tales como el instituto valenciano de la edificaci\u00f3n.<\/p>\n<p>Estar en la bolsa no garantiza la contrataci\u00f3n, ya que se podr\u00eda dar casos en que \u00fanicamente haya un profesional en el \u00e1rea, esta situaci\u00f3n supondr\u00eda falta de competencia.<\/p>\n<p>Este servicio estar\u00e1 en pruebas durante los primeros meses de funcionamiento, de esta manera se podr\u00e1 probar su efectividad y as\u00ed como proponer mejoras para un mejor funcionamiento.","protected":false},"excerpt":{"rendered":"<p>Desde la concejal\u00eda de urbanismo se lanza un formulario para crear diferentes bolsas rotativas para diferentes actividades (peque\u00f1as obras, fontaner\u00eda, electricidad, dise\u00f1o, arquitectos, &#8230;) con el objetivo de facilitar la contrataci\u00f3n p\u00fablica por parte de la Ayuntamiento. Tambi\u00e9n se crea un registro de profesionales, t\u00e9cnicos, aut\u00f3nomos, empresas, bares, restaurantes, &#8230; que ser\u00e1 consultado para posibles [&hellip;]<\/p>\n","protected":false},"author":3,"featured_media":0,"parent":0,"menu_order":0,"comment_status":"closed","ping_status":"closed","template":"","meta":{"footnotes":""},"class_list":["post-1317","page","type-page","status-publish","hentry"],"yoast_head":"<!-- This site is optimized with the Yoast SEO plugin v24.8.1 - https:\/\/yoast.com\/wordpress\/plugins\/seo\/ -->\n<title>Formulario de comercios, empresas y profesionales - Web de l&#039;Ajuntament de Vilafam\u00e9s<\/title>\n<meta name=\"robots\" content=\"index, follow, max-snippet:-1, max-image-preview:large, max-video-preview:-1\" \/>\n<link rel=\"canonical\" href=\"https:\/\/vilafames.org\/ajuntament__trashed\/formulari-de-comercos-empreses-i-professionals\/\" \/>\n<meta property=\"og:locale\" content=\"es_ES\" \/>\n<meta property=\"og:type\" content=\"article\" \/>\n<meta property=\"og:title\" content=\"[:ca]Formulari de comer\u00e7os, empreses i professionals[:es]Formulario de comercios, empresas y profesionales[:] - Web de l&#039;Ajuntament de Vilafam\u00e9s\" \/>\n<meta property=\"og:description\" content=\"Desde la concejal\u00eda de urbanismo se lanza un formulario para crear diferentes bolsas rotativas para diferentes actividades (peque\u00f1as obras, fontaner\u00eda, electricidad, dise\u00f1o, arquitectos, &#8230;) con el objetivo de facilitar la contrataci\u00f3n p\u00fablica por parte de la Ayuntamiento. Tambi\u00e9n se crea un registro de profesionales, t\u00e9cnicos, aut\u00f3nomos, empresas, bares, restaurantes, &#8230; que ser\u00e1 consultado para posibles [&hellip;]\" \/>\n<meta property=\"og:url\" content=\"https:\/\/vilafames.org\/ajuntament__trashed\/formulari-de-comercos-empreses-i-professionals\/\" \/>\n<meta property=\"og:site_name\" content=\"Web de l&#039;Ajuntament de Vilafam\u00e9s\" \/>\n<meta property=\"article:publisher\" content=\"https:\/\/www.facebook.com\/AjuntamentVilafames\" \/>\n<meta name=\"twitter:card\" content=\"summary_large_image\" \/>\n<meta name=\"twitter:site\" content=\"@ajtvilafames\" \/>\n<meta name=\"twitter:label1\" content=\"Tiempo de lectura\" \/>\n\t<meta name=\"twitter:data1\" content=\"5 minutos\" \/>\n<script type=\"application\/ld+json\" class=\"yoast-schema-graph\">{\"@context\":\"https:\/\/schema.org\",\"@graph\":[{\"@type\":\"WebPage\",\"@id\":\"https:\/\/vilafames.org\/ajuntament__trashed\/formulari-de-comercos-empreses-i-professionals\/\",\"url\":\"https:\/\/vilafames.org\/ajuntament__trashed\/formulari-de-comercos-empreses-i-professionals\/\",\"name\":\"[:ca]Formulari de comer\u00e7os, empreses i professionals[:es]Formulario de comercios, empresas y profesionales[:] - Web de l&#039;Ajuntament de Vilafam\u00e9s\",\"isPartOf\":{\"@id\":\"https:\/\/vilafames.org\/#website\"},\"datePublished\":\"2017-01-05T11:36:26+00:00\",\"breadcrumb\":{\"@id\":\"https:\/\/vilafames.org\/ajuntament__trashed\/formulari-de-comercos-empreses-i-professionals\/#breadcrumb\"},\"inLanguage\":\"es\",\"potentialAction\":[{\"@type\":\"ReadAction\",\"target\":[\"https:\/\/vilafames.org\/ajuntament__trashed\/formulari-de-comercos-empreses-i-professionals\/\"]}]},{\"@type\":\"BreadcrumbList\",\"@id\":\"https:\/\/vilafames.org\/ajuntament__trashed\/formulari-de-comercos-empreses-i-professionals\/#breadcrumb\",\"itemListElement\":[{\"@type\":\"ListItem\",\"position\":1,\"name\":\"Inici\",\"item\":\"https:\/\/vilafames.org\/\"},{\"@type\":\"ListItem\",\"position\":2,\"name\":\"Formulari de comer\u00e7os, empreses i professionals\"}]},{\"@type\":\"WebSite\",\"@id\":\"https:\/\/vilafames.org\/#website\",\"url\":\"https:\/\/vilafames.org\/\",\"name\":\"Web de l'Ajuntament de Vilafam\u00e9s\",\"description\":\"Web de l&#039;Ajuntament de Vilafam\u00e9s\",\"publisher\":{\"@id\":\"https:\/\/vilafames.org\/#organization\"},\"potentialAction\":[{\"@type\":\"SearchAction\",\"target\":{\"@type\":\"EntryPoint\",\"urlTemplate\":\"https:\/\/vilafames.org\/?s={search_term_string}\"},\"query-input\":{\"@type\":\"PropertyValueSpecification\",\"valueRequired\":true,\"valueName\":\"search_term_string\"}}],\"inLanguage\":\"es\"},{\"@type\":\"Organization\",\"@id\":\"https:\/\/vilafames.org\/#organization\",\"name\":\"Web de l'Ajuntament de Vilafam\u00e9s\",\"url\":\"https:\/\/vilafames.org\/\",\"logo\":{\"@type\":\"ImageObject\",\"inLanguage\":\"es\",\"@id\":\"https:\/\/vilafames.org\/#\/schema\/logo\/image\/\",\"url\":\"https:\/\/vilafames.org\/wp-content\/uploads\/cropped-marca_v_rgb-1-1.png\",\"contentUrl\":\"https:\/\/vilafames.org\/wp-content\/uploads\/cropped-marca_v_rgb-1-1.png\",\"width\":558,\"height\":269,\"caption\":\"Web de l'Ajuntament de Vilafam\u00e9s\"},\"image\":{\"@id\":\"https:\/\/vilafames.org\/#\/schema\/logo\/image\/\"},\"sameAs\":[\"https:\/\/www.facebook.com\/AjuntamentVilafames\",\"https:\/\/x.com\/ajtvilafames\",\"https:\/\/www.instagram.com\/ajuntamentvilafames\/\",\"https:\/\/www.youtube.com\/channel\/UCjXWt3n8FHiahgKqHZWOTXQ\"]}]}<\/script>\n<!-- \/ Yoast SEO plugin. -->","yoast_head_json":{"title":"[:ca]Formulari de comer\u00e7os, empreses i professionals[:es]Formulario de comercios, empresas y profesionales[:] - Web de l&#039;Ajuntament de Vilafam\u00e9s","robots":{"index":"index","follow":"follow","max-snippet":"max-snippet:-1","max-image-preview":"max-image-preview:large","max-video-preview":"max-video-preview:-1"},"canonical":"https:\/\/vilafames.org\/ajuntament__trashed\/formulari-de-comercos-empreses-i-professionals\/","og_locale":"es_ES","og_type":"article","og_title":"[:ca]Formulari de comer\u00e7os, empreses i professionals[:es]Formulario de comercios, empresas y profesionales[:] - Web de l&#039;Ajuntament de Vilafam\u00e9s","og_description":"Desde la concejal\u00eda de urbanismo se lanza un formulario para crear diferentes bolsas rotativas para diferentes actividades (peque\u00f1as obras, fontaner\u00eda, electricidad, dise\u00f1o, arquitectos, &#8230;) con el objetivo de facilitar la contrataci\u00f3n p\u00fablica por parte de la Ayuntamiento. Tambi\u00e9n se crea un registro de profesionales, t\u00e9cnicos, aut\u00f3nomos, empresas, bares, restaurantes, &#8230; que ser\u00e1 consultado para posibles [&hellip;]","og_url":"https:\/\/vilafames.org\/ajuntament__trashed\/formulari-de-comercos-empreses-i-professionals\/","og_site_name":"Web de l&#039;Ajuntament de Vilafam\u00e9s","article_publisher":"https:\/\/www.facebook.com\/AjuntamentVilafames","twitter_card":"summary_large_image","twitter_site":"@ajtvilafames","twitter_misc":{"Tiempo de lectura":"5 minutos"},"schema":{"@context":"https:\/\/schema.org","@graph":[{"@type":"WebPage","@id":"https:\/\/vilafames.org\/ajuntament__trashed\/formulari-de-comercos-empreses-i-professionals\/","url":"https:\/\/vilafames.org\/ajuntament__trashed\/formulari-de-comercos-empreses-i-professionals\/","name":"[:ca]Formulari de comer\u00e7os, empreses i professionals[:es]Formulario de comercios, empresas y profesionales[:] - Web de l&#039;Ajuntament de Vilafam\u00e9s","isPartOf":{"@id":"https:\/\/vilafames.org\/#website"},"datePublished":"2017-01-05T11:36:26+00:00","breadcrumb":{"@id":"https:\/\/vilafames.org\/ajuntament__trashed\/formulari-de-comercos-empreses-i-professionals\/#breadcrumb"},"inLanguage":"es","potentialAction":[{"@type":"ReadAction","target":["https:\/\/vilafames.org\/ajuntament__trashed\/formulari-de-comercos-empreses-i-professionals\/"]}]},{"@type":"BreadcrumbList","@id":"https:\/\/vilafames.org\/ajuntament__trashed\/formulari-de-comercos-empreses-i-professionals\/#breadcrumb","itemListElement":[{"@type":"ListItem","position":1,"name":"Inici","item":"https:\/\/vilafames.org\/"},{"@type":"ListItem","position":2,"name":"Formulari de comer\u00e7os, empreses i professionals"}]},{"@type":"WebSite","@id":"https:\/\/vilafames.org\/#website","url":"https:\/\/vilafames.org\/","name":"Web de l'Ajuntament de Vilafam\u00e9s","description":"Web de l&#039;Ajuntament de Vilafam\u00e9s","publisher":{"@id":"https:\/\/vilafames.org\/#organization"},"potentialAction":[{"@type":"SearchAction","target":{"@type":"EntryPoint","urlTemplate":"https:\/\/vilafames.org\/?s={search_term_string}"},"query-input":{"@type":"PropertyValueSpecification","valueRequired":true,"valueName":"search_term_string"}}],"inLanguage":"es"},{"@type":"Organization","@id":"https:\/\/vilafames.org\/#organization","name":"Web de l'Ajuntament de Vilafam\u00e9s","url":"https:\/\/vilafames.org\/","logo":{"@type":"ImageObject","inLanguage":"es","@id":"https:\/\/vilafames.org\/#\/schema\/logo\/image\/","url":"https:\/\/vilafames.org\/wp-content\/uploads\/cropped-marca_v_rgb-1-1.png","contentUrl":"https:\/\/vilafames.org\/wp-content\/uploads\/cropped-marca_v_rgb-1-1.png","width":558,"height":269,"caption":"Web de l'Ajuntament de Vilafam\u00e9s"},"image":{"@id":"https:\/\/vilafames.org\/#\/schema\/logo\/image\/"},"sameAs":["https:\/\/www.facebook.com\/AjuntamentVilafames","https:\/\/x.com\/ajtvilafames","https:\/\/www.instagram.com\/ajuntamentvilafames\/","https:\/\/www.youtube.com\/channel\/UCjXWt3n8FHiahgKqHZWOTXQ"]}]}},"_links":{"self":[{"href":"https:\/\/vilafames.org\/es\/wp-json\/wp\/v2\/pages\/1317","targetHints":{"allow":["GET"]}}],"collection":[{"href":"https:\/\/vilafames.org\/es\/wp-json\/wp\/v2\/pages"}],"about":[{"href":"https:\/\/vilafames.org\/es\/wp-json\/wp\/v2\/types\/page"}],"author":[{"embeddable":true,"href":"https:\/\/vilafames.org\/es\/wp-json\/wp\/v2\/users\/3"}],"replies":[{"embeddable":true,"href":"https:\/\/vilafames.org\/es\/wp-json\/wp\/v2\/comments?post=1317"}],"version-history":[{"count":0,"href":"https:\/\/vilafames.org\/es\/wp-json\/wp\/v2\/pages\/1317\/revisions"}],"wp:attachment":[{"href":"https:\/\/vilafames.org\/es\/wp-json\/wp\/v2\/media?parent=1317"}],"curies":[{"name":"wp","href":"https:\/\/api.w.org\/{rel}","templated":true}]}}