{"id":1308,"date":"2017-01-05T12:03:06","date_gmt":"2017-01-05T11:03:06","guid":{"rendered":"http:\/\/vilafames.org\/?page_id=1308"},"modified":"2017-02-07T23:25:33","modified_gmt":"2017-02-07T22:25:33","slug":"perfil-del-contractant","status":"publish","type":"page","link":"https:\/\/vilafames.org\/es\/perfil-del-contractant\/","title":{"rendered":"Perfil del contratante"},"content":{"rendered":"<p>El Ayuntamiento de Vilafam\u00e9s, est\u00e1 suscrito a la plataforma de Contrataci\u00f3n del Estado. En los siguientes enlaces, dependiendo del \u00f3rgano de contrataci\u00f3n podr\u00e1n encontrar toda la informaci\u00f3n:<\/p>\n\n<a href=\"https:\/\/contrataciondelestado.es\/wps\/poc?uri=deeplink%3AperfilContratante&#038;idBp=cGy0FOD0T38QK2TEfXGy%2BA%3D%3D\"\n    class=\"lsvr-button\"\n        >\n    <\/a>\n\n\n\n<a href=\"https:\/\/contrataciondelestado.es\/wps\/poc?uri=deeplink%3AperfilContratante&#038;idBp=iHDU1sLhz0IQK2TEfXGy%2BA%3D%3D\"\n    class=\"lsvr-button\"\n        >\n    <\/a>\n\n\n\n<a href=\"https:\/\/contrataciondelestado.es\/wps\/poc?uri=deeplink%3AperfilContratante&#038;idBp=Y8KQANfF9WMQK2TEfXGy%2BA%3D%3D\"\n    class=\"lsvr-button\"\n        >\n    <\/a>\n\n\n<p>En esta plataforma ponemos a su disposici\u00f3n la informaci\u00f3n necesaria para poder contratar con el Ayuntamiento de Vilafam\u00e9s. Desde estas p\u00e1ginas podr\u00e1n acceder a la informaci\u00f3n referente a los requisitos necesarios para concurrir a los contratos.","protected":false},"excerpt":{"rendered":"<p>El Ayuntamiento de Vilafam\u00e9s, est\u00e1 suscrito a la plataforma de Contrataci\u00f3n del Estado. En los siguientes enlaces, dependiendo del \u00f3rgano de contrataci\u00f3n podr\u00e1n encontrar toda la informaci\u00f3n: En esta plataforma ponemos a su disposici\u00f3n la informaci\u00f3n necesaria para poder contratar con el Ayuntamiento de Vilafam\u00e9s. Desde estas p\u00e1ginas podr\u00e1n acceder a la informaci\u00f3n referente a [&hellip;]<\/p>\n","protected":false},"author":3,"featured_media":0,"parent":0,"menu_order":0,"comment_status":"closed","ping_status":"closed","template":"","meta":{"footnotes":""},"class_list":["post-1308","page","type-page","status-publish","hentry"],"yoast_head":"<!-- This site is optimized with the Yoast SEO plugin v24.8.1 - https:\/\/yoast.com\/wordpress\/plugins\/seo\/ -->\n<title>Perfil del contratante - Web de l&#039;Ajuntament de Vilafam\u00e9s<\/title>\n<meta name=\"robots\" content=\"index, follow, max-snippet:-1, max-image-preview:large, max-video-preview:-1\" \/>\n<link rel=\"canonical\" href=\"https:\/\/vilafames.org\/perfil-del-contractant\/\" \/>\n<meta property=\"og:locale\" content=\"es_ES\" \/>\n<meta property=\"og:type\" content=\"article\" \/>\n<meta property=\"og:title\" content=\"[:ca]Perfil del contractant[:es]Perfil del contratante[:] - Web de l&#039;Ajuntament de Vilafam\u00e9s\" \/>\n<meta property=\"og:description\" content=\"El Ayuntamiento de Vilafam\u00e9s, est\u00e1 suscrito a la plataforma de Contrataci\u00f3n del Estado. En los siguientes enlaces, dependiendo del \u00f3rgano de contrataci\u00f3n podr\u00e1n encontrar toda la informaci\u00f3n: En esta plataforma ponemos a su disposici\u00f3n la informaci\u00f3n necesaria para poder contratar con el Ayuntamiento de Vilafam\u00e9s. Desde estas p\u00e1ginas podr\u00e1n acceder a la informaci\u00f3n referente a [&hellip;]\" \/>\n<meta property=\"og:url\" content=\"https:\/\/vilafames.org\/perfil-del-contractant\/\" \/>\n<meta property=\"og:site_name\" content=\"Web de l&#039;Ajuntament de Vilafam\u00e9s\" \/>\n<meta property=\"article:publisher\" content=\"https:\/\/www.facebook.com\/AjuntamentVilafames\" \/>\n<meta property=\"article:modified_time\" content=\"2017-02-07T22:25:33+00:00\" \/>\n<meta name=\"twitter:card\" content=\"summary_large_image\" \/>\n<meta name=\"twitter:site\" content=\"@ajtvilafames\" \/>\n<meta name=\"twitter:label1\" content=\"Tiempo de lectura\" \/>\n\t<meta name=\"twitter:data1\" content=\"2 minutos\" \/>\n<script type=\"application\/ld+json\" class=\"yoast-schema-graph\">{\"@context\":\"https:\/\/schema.org\",\"@graph\":[{\"@type\":\"WebPage\",\"@id\":\"https:\/\/vilafames.org\/perfil-del-contractant\/\",\"url\":\"https:\/\/vilafames.org\/perfil-del-contractant\/\",\"name\":\"[:ca]Perfil del contractant[:es]Perfil del contratante[:] - Web de l&#039;Ajuntament de Vilafam\u00e9s\",\"isPartOf\":{\"@id\":\"https:\/\/vilafames.org\/#website\"},\"datePublished\":\"2017-01-05T11:03:06+00:00\",\"dateModified\":\"2017-02-07T22:25:33+00:00\",\"breadcrumb\":{\"@id\":\"https:\/\/vilafames.org\/perfil-del-contractant\/#breadcrumb\"},\"inLanguage\":\"es\",\"potentialAction\":[{\"@type\":\"ReadAction\",\"target\":[\"https:\/\/vilafames.org\/perfil-del-contractant\/\"]}]},{\"@type\":\"BreadcrumbList\",\"@id\":\"https:\/\/vilafames.org\/perfil-del-contractant\/#breadcrumb\",\"itemListElement\":[{\"@type\":\"ListItem\",\"position\":1,\"name\":\"Inici\",\"item\":\"https:\/\/vilafames.org\/\"},{\"@type\":\"ListItem\",\"position\":2,\"name\":\"Perfil del contractant\"}]},{\"@type\":\"WebSite\",\"@id\":\"https:\/\/vilafames.org\/#website\",\"url\":\"https:\/\/vilafames.org\/\",\"name\":\"Web de l'Ajuntament de Vilafam\u00e9s\",\"description\":\"Web de l&#039;Ajuntament de Vilafam\u00e9s\",\"publisher\":{\"@id\":\"https:\/\/vilafames.org\/#organization\"},\"potentialAction\":[{\"@type\":\"SearchAction\",\"target\":{\"@type\":\"EntryPoint\",\"urlTemplate\":\"https:\/\/vilafames.org\/?s={search_term_string}\"},\"query-input\":{\"@type\":\"PropertyValueSpecification\",\"valueRequired\":true,\"valueName\":\"search_term_string\"}}],\"inLanguage\":\"es\"},{\"@type\":\"Organization\",\"@id\":\"https:\/\/vilafames.org\/#organization\",\"name\":\"Web de l'Ajuntament de Vilafam\u00e9s\",\"url\":\"https:\/\/vilafames.org\/\",\"logo\":{\"@type\":\"ImageObject\",\"inLanguage\":\"es\",\"@id\":\"https:\/\/vilafames.org\/#\/schema\/logo\/image\/\",\"url\":\"https:\/\/vilafames.org\/wp-content\/uploads\/cropped-marca_v_rgb-1-1.png\",\"contentUrl\":\"https:\/\/vilafames.org\/wp-content\/uploads\/cropped-marca_v_rgb-1-1.png\",\"width\":558,\"height\":269,\"caption\":\"Web de l'Ajuntament de Vilafam\u00e9s\"},\"image\":{\"@id\":\"https:\/\/vilafames.org\/#\/schema\/logo\/image\/\"},\"sameAs\":[\"https:\/\/www.facebook.com\/AjuntamentVilafames\",\"https:\/\/x.com\/ajtvilafames\",\"https:\/\/www.instagram.com\/ajuntamentvilafames\/\",\"https:\/\/www.youtube.com\/channel\/UCjXWt3n8FHiahgKqHZWOTXQ\"]}]}<\/script>\n<!-- \/ Yoast SEO plugin. -->","yoast_head_json":{"title":"[:ca]Perfil del contractant[:es]Perfil del contratante[:] - Web de l&#039;Ajuntament de Vilafam\u00e9s","robots":{"index":"index","follow":"follow","max-snippet":"max-snippet:-1","max-image-preview":"max-image-preview:large","max-video-preview":"max-video-preview:-1"},"canonical":"https:\/\/vilafames.org\/perfil-del-contractant\/","og_locale":"es_ES","og_type":"article","og_title":"[:ca]Perfil del contractant[:es]Perfil del contratante[:] - Web de l&#039;Ajuntament de Vilafam\u00e9s","og_description":"El Ayuntamiento de Vilafam\u00e9s, est\u00e1 suscrito a la plataforma de Contrataci\u00f3n del Estado. En los siguientes enlaces, dependiendo del \u00f3rgano de contrataci\u00f3n podr\u00e1n encontrar toda la informaci\u00f3n: En esta plataforma ponemos a su disposici\u00f3n la informaci\u00f3n necesaria para poder contratar con el Ayuntamiento de Vilafam\u00e9s. Desde estas p\u00e1ginas podr\u00e1n acceder a la informaci\u00f3n referente a [&hellip;]","og_url":"https:\/\/vilafames.org\/perfil-del-contractant\/","og_site_name":"Web de l&#039;Ajuntament de Vilafam\u00e9s","article_publisher":"https:\/\/www.facebook.com\/AjuntamentVilafames","article_modified_time":"2017-02-07T22:25:33+00:00","twitter_card":"summary_large_image","twitter_site":"@ajtvilafames","twitter_misc":{"Tiempo de lectura":"2 minutos"},"schema":{"@context":"https:\/\/schema.org","@graph":[{"@type":"WebPage","@id":"https:\/\/vilafames.org\/perfil-del-contractant\/","url":"https:\/\/vilafames.org\/perfil-del-contractant\/","name":"[:ca]Perfil del contractant[:es]Perfil del contratante[:] - Web de l&#039;Ajuntament de Vilafam\u00e9s","isPartOf":{"@id":"https:\/\/vilafames.org\/#website"},"datePublished":"2017-01-05T11:03:06+00:00","dateModified":"2017-02-07T22:25:33+00:00","breadcrumb":{"@id":"https:\/\/vilafames.org\/perfil-del-contractant\/#breadcrumb"},"inLanguage":"es","potentialAction":[{"@type":"ReadAction","target":["https:\/\/vilafames.org\/perfil-del-contractant\/"]}]},{"@type":"BreadcrumbList","@id":"https:\/\/vilafames.org\/perfil-del-contractant\/#breadcrumb","itemListElement":[{"@type":"ListItem","position":1,"name":"Inici","item":"https:\/\/vilafames.org\/"},{"@type":"ListItem","position":2,"name":"Perfil del contractant"}]},{"@type":"WebSite","@id":"https:\/\/vilafames.org\/#website","url":"https:\/\/vilafames.org\/","name":"Web de l'Ajuntament de Vilafam\u00e9s","description":"Web de l&#039;Ajuntament de Vilafam\u00e9s","publisher":{"@id":"https:\/\/vilafames.org\/#organization"},"potentialAction":[{"@type":"SearchAction","target":{"@type":"EntryPoint","urlTemplate":"https:\/\/vilafames.org\/?s={search_term_string}"},"query-input":{"@type":"PropertyValueSpecification","valueRequired":true,"valueName":"search_term_string"}}],"inLanguage":"es"},{"@type":"Organization","@id":"https:\/\/vilafames.org\/#organization","name":"Web de l'Ajuntament de Vilafam\u00e9s","url":"https:\/\/vilafames.org\/","logo":{"@type":"ImageObject","inLanguage":"es","@id":"https:\/\/vilafames.org\/#\/schema\/logo\/image\/","url":"https:\/\/vilafames.org\/wp-content\/uploads\/cropped-marca_v_rgb-1-1.png","contentUrl":"https:\/\/vilafames.org\/wp-content\/uploads\/cropped-marca_v_rgb-1-1.png","width":558,"height":269,"caption":"Web de l'Ajuntament de Vilafam\u00e9s"},"image":{"@id":"https:\/\/vilafames.org\/#\/schema\/logo\/image\/"},"sameAs":["https:\/\/www.facebook.com\/AjuntamentVilafames","https:\/\/x.com\/ajtvilafames","https:\/\/www.instagram.com\/ajuntamentvilafames\/","https:\/\/www.youtube.com\/channel\/UCjXWt3n8FHiahgKqHZWOTXQ"]}]}},"_links":{"self":[{"href":"https:\/\/vilafames.org\/es\/wp-json\/wp\/v2\/pages\/1308","targetHints":{"allow":["GET"]}}],"collection":[{"href":"https:\/\/vilafames.org\/es\/wp-json\/wp\/v2\/pages"}],"about":[{"href":"https:\/\/vilafames.org\/es\/wp-json\/wp\/v2\/types\/page"}],"author":[{"embeddable":true,"href":"https:\/\/vilafames.org\/es\/wp-json\/wp\/v2\/users\/3"}],"replies":[{"embeddable":true,"href":"https:\/\/vilafames.org\/es\/wp-json\/wp\/v2\/comments?post=1308"}],"version-history":[{"count":0,"href":"https:\/\/vilafames.org\/es\/wp-json\/wp\/v2\/pages\/1308\/revisions"}],"wp:attachment":[{"href":"https:\/\/vilafames.org\/es\/wp-json\/wp\/v2\/media?parent=1308"}],"curies":[{"name":"wp","href":"https:\/\/api.w.org\/{rel}","templated":true}]}}