{"id":1258,"date":"2017-01-05T11:28:53","date_gmt":"2017-01-05T10:28:53","guid":{"rendered":"http:\/\/vilafames.org\/?page_id=1258"},"modified":"2024-12-18T16:51:10","modified_gmt":"2024-12-18T15:51:10","slug":"espanol-politica-de-privacidad","status":"publish","type":"page","link":"https:\/\/vilafames.org\/es\/espanol-politica-de-privacidad\/","title":{"rendered":"Pol\u00edtica de privacidad"},"content":{"rendered":"<p>1. Pol\u00edtica de Privacidad y Seguridad<\/p>\n<p>La siguiente informaci\u00f3n sobre nuestra Pol\u00edtica de Privacidad refleja el compromiso del Ajuntament de Vilafam\u00e9s por mantener y garantizar relaciones comerciales seguras mediante la protecci\u00f3n de los datos personales, garantizando el derecho a la privacidad de cada uno de los usuarios de nuestros servicios. En este documento explicamos c\u00f3mo utilizamos los datos personales de los usuarios del portal web.<\/p>\n<p>2. Definici\u00f3n de dato personal<\/p>\n<p>Como \u00abDato Personal\u00bb debemos entender cualquier informaci\u00f3n concerniente a una persona f\u00edsica identificada o identificable. Entre otros, se incluyen el nombre, apellidos, la direcci\u00f3n postal y electr\u00f3nica, as\u00ed como el n\u00famero de tel\u00e9fono.<\/p>\n<p>3. Tratamientos y finalidades de los datos recogidos<\/p>\n<p>Cualquier dato personal que nos facilite al visitar cualquiera de nuestros portales web o con la instalaci\u00f3n de nuestra aplicaci\u00f3n m\u00f3vil, ser\u00e1 tratado de conformidad con las normas de protecci\u00f3n de datos y s\u00f3lo ser\u00e1n recogidos, tratados y utilizados para fines l\u00edcitos, leg\u00edtimos e informados. Por ello, detallamos todas las finalidades con las que utiliza datos personales el Ajuntament de Vilafam\u00e9s como responsable del tratamiento:<\/p>\n<p>\u2022 Gestionar la suscripci\u00f3n a la newsletter del despacho para poder recibir los boletines de noticias jur\u00eddicas y eventos del despacho.<\/p>\n<p>\u2022 Otra finalidad para que se recopilan datos es para responder a las consultas mediante el env\u00edo de formularios de contacto o chat de atenci\u00f3n al cliente. Los datos obtenidos a trav\u00e9s de esta v\u00eda son para responder a los propios usuarios y remitirle informaci\u00f3n comercial, adem\u00e1s de incluirlos en la lista de distribuci\u00f3n.<\/p>\n<p>Desde Ajuntament de Vilafam\u00e9s informaremos a todos los usuarios el car\u00e1cter no obligatorio de la recogida de determinados datos de car\u00e1cter personal, salvo en los campos que se indique lo contrario. No obstante, la no cumplimentaci\u00f3n de dichos datos podr\u00e1 impedir a Ajuntament de Vilafam\u00e9s prestar todos aquellos Servicios vinculados a tales datos, liber\u00e1ndonos de toda responsabilidad por la no prestaci\u00f3n o prestaci\u00f3n incompleta de estos Servicios.<\/p>\n<p>Corresponde al usuario la obligaci\u00f3n de facilitar los datos de manera veraz y mantenerlos actualizados, por lo que el Ajuntament de Vilafam\u00e9s se reserva el derecho de excluir de los servicios y proceder a la cancelaci\u00f3n del servicio a todo usuario que haya facilitado datos falsos, sin perjuicio de las dem\u00e1s acciones que procedan en Derecho.<\/p>\n<p>4. Legitimaci\u00f3n para el tratamiento de sus datos<\/p>\n<p>La base legal para el tratamiento de sus datos es la respuesta a las consultas planteadas o llevar a cabo el registro de usuario a trav\u00e9s de la p\u00e1gina web.<\/p>\n<p>5. Plazo de conservaci\u00f3n de los datos<\/p>\n<p>Los datos ser\u00e1n conservados el tiempo necesario, para dar respuesta a las consultas o para la gesti\u00f3n integral del registro hasta que cada titular de los datos manifiesta su voluntad de que cese el tratamiento de sus datos o para cumplir con el plazo legal previsto para el cumplimiento de determinadas obligaciones fiscales.<\/p>\n<p>6. Comunicaci\u00f3n de sus datos personales a terceros<\/p>\n<p>Por el mero hecho de realizar una consulta a trav\u00e9s de nuestros formularios sus datos personales NO ser\u00e1n cedidos ni comunicados a ning\u00fan tercero.<\/p>\n<p>7. Seguridad de sus datos personales<\/p>\n<p>El Ajuntament de Vilafam\u00e9s tiene una preocupaci\u00f3n especial por garantizar la seguridad de sus datos personales. Sus datos son almacenados en nuestros sistemas de informaci\u00f3n, donde hemos adoptado e implantado medidas de seguridad, t\u00e9cnicas y organizativas, para prevenir cualquier p\u00e9rdida o uso no autorizado por terceros, por ejemplo nuestros portales web utilizan protocolos de cifrado de datos Https.<\/p>\n<p>8. Informaci\u00f3n sobre la Utilizaci\u00f3n de cookies<\/p>\n<p>Por el mero hecho de visitar el presente portal web o utilizar los servicios de Ajuntament de Vilafam\u00e9s no queda registrado de forma autom\u00e1tica ning\u00fan dato de car\u00e1cter personal que identifique a un Usuario. Sin embargo, le informamos que durante la navegaci\u00f3n por el Sitio Web se utilizan \u00abcookies\u00bb, peque\u00f1os ficheros de datos que se generan en el ordenador del internauta y que nos permiten obtener la siguiente informaci\u00f3n anal\u00edtica:<\/p>\n<p>a) La fecha y hora de acceso a la Web, permitiendo saber las horas de m\u00e1s afluencia, y hacer los ajustes precisos para evitar problemas de saturaci\u00f3n en nuestras horas punta.<\/p>\n<p>b) El n\u00famero de visitantes diarios de cada secci\u00f3n, permitiendo conocer las \u00e1reas de m\u00e1s \u00e9xito y aumentar y mejorar su contenido, con el fin de que los usuarios obtengan un resultado m\u00e1s satisfactorio y mejorar el dise\u00f1o de los contenidos.<\/p>\n<p>c) La fecha y hora de la \u00faltima vez que el usuario visit\u00f3 el Sitio Web para realizar estudios anal\u00edticos y estad\u00edsticos sobre el uso que tiene la web.<\/p>\n<p>d) Elementos de seguridad que intervienen en el control de acceso a las \u00e1reas restringidas.<\/p>\n<p>Las cookies son identificadores alfanum\u00e9ricos que transferimos al disco duro de tu ordenador a trav\u00e9s de tu navegador para permitir a nuestros sistemas reconocer tu navegador y decirnos c\u00f3mo y cu\u00e1ndo las p\u00e1ginas de nuestro sitio son visitadas y por cu\u00e1nta gente. Las cookies de Ajuntament de Vilafam\u00e9s no recopilan informaci\u00f3n personal, y nosotros no combinamos la informaci\u00f3n general recogida a trav\u00e9s de cookies con otra informaci\u00f3n personal para saber qui\u00e9n eres o cu\u00e1l es tu direcci\u00f3n de email.<\/p>\n<p>La mayor\u00eda de los navegadores tienen una opci\u00f3n para desactivar la funci\u00f3n de cookies, que evita que tu navegador acepte nuevas cookies, as\u00ed como permitirte decidir si deseas aceptar cada nueva cookie en una variedad de formas. Para obtener m\u00e1s informaci\u00f3n sobre las cookies y c\u00f3mo rechazarlas, haz clic aqu\u00ed.<\/p>\n<p>Cualquier usuario debe leer y aceptar nuestra Pol\u00edtica de Cookies antes de navegar por el presente portal web.<\/p>\n<p>9. Derechos de los usuarios<\/p>\n<p>Todos los usuarios pueden ejercitar cualquier de los derechos otorgados por la normativa de protecci\u00f3n de datos, como el derecho de acceso, limitaci\u00f3n del tratamiento, supresi\u00f3n, portabilidad, etc. mediante escrito dirigido a Ajuntament de Vilafam\u00e9s o enviando un correo electr\u00f3nico a info@vilafames.es<\/p>\n<p>No obstante, cuando reciba cualquier comunicaci\u00f3n por correo electr\u00f3nico, tambi\u00e9n podr\u00e1 oponer desde dicho correo electr\u00f3nico, pinchando en el enlace incluido en el mismo y siguiendo las instrucciones que le sean facilitadas.<\/p>\n<p>10. Cambios a la Pol\u00edtica de Privacidad<\/p>\n<p>Nuestra Pol\u00edtica de Privacidad podr\u00e1 sufrir actualizaciones, debidas a cambios y necesidades legales, as\u00ed como debidas a mejoras y cambios incluidos en la forma de ofrecer y prestar nuestros servicios y utilidades de la aplicaci\u00f3n. Por ello, le recomendamos que visite y acceda a nuestra Pol\u00edtica de Privacidad peri\u00f3dicamente, para poder tener acceso y conocer los \u00faltimos cambios que hayan podido ser incorporados. En caso de que dichos cambios guarden relaci\u00f3n con el consentimiento prestado por el usuario, en tal caso le ser\u00e1 enviada una notificaci\u00f3n independiente y por separado para recabarlo nuevamente.<\/p>\n<p>Si durante la lectura le ha surgido alguna duda o cuesti\u00f3n sobre nuestra Pol\u00edtica de Privacidad o quiere ejercitar alg\u00fan derecho o acci\u00f3n relativa a sus datos personales, por favor p\u00f3ngase en contacto con nosotros en la siguiente direcci\u00f3n de correo electr\u00f3nico info@vilafames.es","protected":false},"excerpt":{"rendered":"<p>1. Pol\u00edtica de Privacidad y Seguridad La siguiente informaci\u00f3n sobre nuestra Pol\u00edtica de Privacidad refleja el compromiso del Ajuntament de Vilafam\u00e9s por mantener y garantizar relaciones comerciales seguras mediante la protecci\u00f3n de los datos personales, garantizando el derecho a la privacidad de cada uno de los usuarios de nuestros servicios. En este documento explicamos c\u00f3mo [&hellip;]<\/p>\n","protected":false},"author":3,"featured_media":0,"parent":0,"menu_order":0,"comment_status":"closed","ping_status":"closed","template":"","meta":{"footnotes":""},"class_list":["post-1258","page","type-page","status-publish","hentry"],"yoast_head":"<!-- This site is optimized with the Yoast SEO plugin v24.8.1 - https:\/\/yoast.com\/wordpress\/plugins\/seo\/ -->\n<title>Pol\u00edtica de privacidad - Web de l&#039;Ajuntament de Vilafam\u00e9s<\/title>\n<meta name=\"robots\" content=\"index, follow, max-snippet:-1, max-image-preview:large, max-video-preview:-1\" \/>\n<link rel=\"canonical\" href=\"https:\/\/vilafames.org\/espanol-politica-de-privacidad\/\" \/>\n<meta property=\"og:locale\" content=\"es_ES\" \/>\n<meta property=\"og:type\" content=\"article\" \/>\n<meta property=\"og:title\" content=\"[:ca]Pol\u00edtica de privacitat[:es]Pol\u00edtica de privacidad[:] - Web de l&#039;Ajuntament de Vilafam\u00e9s\" \/>\n<meta property=\"og:description\" content=\"1. Pol\u00edtica de Privacidad y Seguridad La siguiente informaci\u00f3n sobre nuestra Pol\u00edtica de Privacidad refleja el compromiso del Ajuntament de Vilafam\u00e9s por mantener y garantizar relaciones comerciales seguras mediante la protecci\u00f3n de los datos personales, garantizando el derecho a la privacidad de cada uno de los usuarios de nuestros servicios. En este documento explicamos c\u00f3mo [&hellip;]\" \/>\n<meta property=\"og:url\" content=\"https:\/\/vilafames.org\/espanol-politica-de-privacidad\/\" \/>\n<meta property=\"og:site_name\" content=\"Web de l&#039;Ajuntament de Vilafam\u00e9s\" \/>\n<meta property=\"article:publisher\" content=\"https:\/\/www.facebook.com\/AjuntamentVilafames\" \/>\n<meta property=\"article:modified_time\" content=\"2024-12-18T15:51:10+00:00\" \/>\n<meta name=\"twitter:card\" content=\"summary_large_image\" \/>\n<meta name=\"twitter:site\" content=\"@ajtvilafames\" \/>\n<meta name=\"twitter:label1\" content=\"Tiempo de lectura\" \/>\n\t<meta name=\"twitter:data1\" content=\"12 minutos\" \/>\n<script type=\"application\/ld+json\" class=\"yoast-schema-graph\">{\"@context\":\"https:\/\/schema.org\",\"@graph\":[{\"@type\":\"WebPage\",\"@id\":\"https:\/\/vilafames.org\/espanol-politica-de-privacidad\/\",\"url\":\"https:\/\/vilafames.org\/espanol-politica-de-privacidad\/\",\"name\":\"[:ca]Pol\u00edtica de privacitat[:es]Pol\u00edtica de privacidad[:] - Web de l&#039;Ajuntament de Vilafam\u00e9s\",\"isPartOf\":{\"@id\":\"https:\/\/vilafames.org\/#website\"},\"datePublished\":\"2017-01-05T10:28:53+00:00\",\"dateModified\":\"2024-12-18T15:51:10+00:00\",\"breadcrumb\":{\"@id\":\"https:\/\/vilafames.org\/espanol-politica-de-privacidad\/#breadcrumb\"},\"inLanguage\":\"es\",\"potentialAction\":[{\"@type\":\"ReadAction\",\"target\":[\"https:\/\/vilafames.org\/espanol-politica-de-privacidad\/\"]}]},{\"@type\":\"BreadcrumbList\",\"@id\":\"https:\/\/vilafames.org\/espanol-politica-de-privacidad\/#breadcrumb\",\"itemListElement\":[{\"@type\":\"ListItem\",\"position\":1,\"name\":\"Inici\",\"item\":\"https:\/\/vilafames.org\/\"},{\"@type\":\"ListItem\",\"position\":2,\"name\":\"Pol\u00edtica de privacitat\"}]},{\"@type\":\"WebSite\",\"@id\":\"https:\/\/vilafames.org\/#website\",\"url\":\"https:\/\/vilafames.org\/\",\"name\":\"Web de l'Ajuntament de Vilafam\u00e9s\",\"description\":\"Web de l&#039;Ajuntament de Vilafam\u00e9s\",\"publisher\":{\"@id\":\"https:\/\/vilafames.org\/#organization\"},\"potentialAction\":[{\"@type\":\"SearchAction\",\"target\":{\"@type\":\"EntryPoint\",\"urlTemplate\":\"https:\/\/vilafames.org\/?s={search_term_string}\"},\"query-input\":{\"@type\":\"PropertyValueSpecification\",\"valueRequired\":true,\"valueName\":\"search_term_string\"}}],\"inLanguage\":\"es\"},{\"@type\":\"Organization\",\"@id\":\"https:\/\/vilafames.org\/#organization\",\"name\":\"Web de l'Ajuntament de Vilafam\u00e9s\",\"url\":\"https:\/\/vilafames.org\/\",\"logo\":{\"@type\":\"ImageObject\",\"inLanguage\":\"es\",\"@id\":\"https:\/\/vilafames.org\/#\/schema\/logo\/image\/\",\"url\":\"https:\/\/vilafames.org\/wp-content\/uploads\/cropped-marca_v_rgb-1-1.png\",\"contentUrl\":\"https:\/\/vilafames.org\/wp-content\/uploads\/cropped-marca_v_rgb-1-1.png\",\"width\":558,\"height\":269,\"caption\":\"Web de l'Ajuntament de Vilafam\u00e9s\"},\"image\":{\"@id\":\"https:\/\/vilafames.org\/#\/schema\/logo\/image\/\"},\"sameAs\":[\"https:\/\/www.facebook.com\/AjuntamentVilafames\",\"https:\/\/x.com\/ajtvilafames\",\"https:\/\/www.instagram.com\/ajuntamentvilafames\/\",\"https:\/\/www.youtube.com\/channel\/UCjXWt3n8FHiahgKqHZWOTXQ\"]}]}<\/script>\n<!-- \/ Yoast SEO plugin. -->","yoast_head_json":{"title":"[:ca]Pol\u00edtica de privacitat[:es]Pol\u00edtica de privacidad[:] - Web de l&#039;Ajuntament de Vilafam\u00e9s","robots":{"index":"index","follow":"follow","max-snippet":"max-snippet:-1","max-image-preview":"max-image-preview:large","max-video-preview":"max-video-preview:-1"},"canonical":"https:\/\/vilafames.org\/espanol-politica-de-privacidad\/","og_locale":"es_ES","og_type":"article","og_title":"[:ca]Pol\u00edtica de privacitat[:es]Pol\u00edtica de privacidad[:] - Web de l&#039;Ajuntament de Vilafam\u00e9s","og_description":"1. Pol\u00edtica de Privacidad y Seguridad La siguiente informaci\u00f3n sobre nuestra Pol\u00edtica de Privacidad refleja el compromiso del Ajuntament de Vilafam\u00e9s por mantener y garantizar relaciones comerciales seguras mediante la protecci\u00f3n de los datos personales, garantizando el derecho a la privacidad de cada uno de los usuarios de nuestros servicios. En este documento explicamos c\u00f3mo [&hellip;]","og_url":"https:\/\/vilafames.org\/espanol-politica-de-privacidad\/","og_site_name":"Web de l&#039;Ajuntament de Vilafam\u00e9s","article_publisher":"https:\/\/www.facebook.com\/AjuntamentVilafames","article_modified_time":"2024-12-18T15:51:10+00:00","twitter_card":"summary_large_image","twitter_site":"@ajtvilafames","twitter_misc":{"Tiempo de lectura":"12 minutos"},"schema":{"@context":"https:\/\/schema.org","@graph":[{"@type":"WebPage","@id":"https:\/\/vilafames.org\/espanol-politica-de-privacidad\/","url":"https:\/\/vilafames.org\/espanol-politica-de-privacidad\/","name":"[:ca]Pol\u00edtica de privacitat[:es]Pol\u00edtica de privacidad[:] - Web de l&#039;Ajuntament de Vilafam\u00e9s","isPartOf":{"@id":"https:\/\/vilafames.org\/#website"},"datePublished":"2017-01-05T10:28:53+00:00","dateModified":"2024-12-18T15:51:10+00:00","breadcrumb":{"@id":"https:\/\/vilafames.org\/espanol-politica-de-privacidad\/#breadcrumb"},"inLanguage":"es","potentialAction":[{"@type":"ReadAction","target":["https:\/\/vilafames.org\/espanol-politica-de-privacidad\/"]}]},{"@type":"BreadcrumbList","@id":"https:\/\/vilafames.org\/espanol-politica-de-privacidad\/#breadcrumb","itemListElement":[{"@type":"ListItem","position":1,"name":"Inici","item":"https:\/\/vilafames.org\/"},{"@type":"ListItem","position":2,"name":"Pol\u00edtica de privacitat"}]},{"@type":"WebSite","@id":"https:\/\/vilafames.org\/#website","url":"https:\/\/vilafames.org\/","name":"Web de l'Ajuntament de Vilafam\u00e9s","description":"Web de l&#039;Ajuntament de Vilafam\u00e9s","publisher":{"@id":"https:\/\/vilafames.org\/#organization"},"potentialAction":[{"@type":"SearchAction","target":{"@type":"EntryPoint","urlTemplate":"https:\/\/vilafames.org\/?s={search_term_string}"},"query-input":{"@type":"PropertyValueSpecification","valueRequired":true,"valueName":"search_term_string"}}],"inLanguage":"es"},{"@type":"Organization","@id":"https:\/\/vilafames.org\/#organization","name":"Web de l'Ajuntament de Vilafam\u00e9s","url":"https:\/\/vilafames.org\/","logo":{"@type":"ImageObject","inLanguage":"es","@id":"https:\/\/vilafames.org\/#\/schema\/logo\/image\/","url":"https:\/\/vilafames.org\/wp-content\/uploads\/cropped-marca_v_rgb-1-1.png","contentUrl":"https:\/\/vilafames.org\/wp-content\/uploads\/cropped-marca_v_rgb-1-1.png","width":558,"height":269,"caption":"Web de l'Ajuntament de Vilafam\u00e9s"},"image":{"@id":"https:\/\/vilafames.org\/#\/schema\/logo\/image\/"},"sameAs":["https:\/\/www.facebook.com\/AjuntamentVilafames","https:\/\/x.com\/ajtvilafames","https:\/\/www.instagram.com\/ajuntamentvilafames\/","https:\/\/www.youtube.com\/channel\/UCjXWt3n8FHiahgKqHZWOTXQ"]}]}},"_links":{"self":[{"href":"https:\/\/vilafames.org\/es\/wp-json\/wp\/v2\/pages\/1258","targetHints":{"allow":["GET"]}}],"collection":[{"href":"https:\/\/vilafames.org\/es\/wp-json\/wp\/v2\/pages"}],"about":[{"href":"https:\/\/vilafames.org\/es\/wp-json\/wp\/v2\/types\/page"}],"author":[{"embeddable":true,"href":"https:\/\/vilafames.org\/es\/wp-json\/wp\/v2\/users\/3"}],"replies":[{"embeddable":true,"href":"https:\/\/vilafames.org\/es\/wp-json\/wp\/v2\/comments?post=1258"}],"version-history":[{"count":2,"href":"https:\/\/vilafames.org\/es\/wp-json\/wp\/v2\/pages\/1258\/revisions"}],"predecessor-version":[{"id":11318,"href":"https:\/\/vilafames.org\/es\/wp-json\/wp\/v2\/pages\/1258\/revisions\/11318"}],"wp:attachment":[{"href":"https:\/\/vilafames.org\/es\/wp-json\/wp\/v2\/media?parent=1258"}],"curies":[{"name":"wp","href":"https:\/\/api.w.org\/{rel}","templated":true}]}}