{"id":1235,"date":"2017-01-05T11:14:09","date_gmt":"2017-01-05T10:14:09","guid":{"rendered":"http:\/\/vilafames.org\/?page_id=1235"},"modified":"2024-12-18T16:56:07","modified_gmt":"2024-12-18T15:56:07","slug":"avis-legal","status":"publish","type":"page","link":"https:\/\/vilafames.org\/es\/espanol-politica-de-privacidad\/avis-legal\/","title":{"rendered":"Aviso legal"},"content":{"rendered":"<p>\n<h4>Titularidad del web<\/h4>\n<p>vilafames.org, es un dominio en internet de titularidad de:<\/p>\n<p><strong>Ajuntament de Vilafam\u00e9s<\/strong><br \/>\nPla\u00e7a de l&#8217;Ajuntament, 1 &#8211; CP: 12192 Vilafam\u00e9s (Castell\u00f3)<br \/>\nTel\u00e8fon: 964329001<br \/>\nemail: info@vilafames.es<\/p>\n<p>El Ayuntamiento, a trav\u00e9s de este espacio web, pone a disposici\u00f3n de los diferentes usuarios el acceso y utilitzaci\u00f3n de servicios y informaci\u00f3n referidos tanto a su \u00e0mbito de actuaci\u00f3n como, si se da el caso, proporcionados por terceros.<\/p>\n<p>Este sitio web y todos sus contenidos, incluyendo los textos, im\u00e1genes, c\u00f3digos y cualquier otro material, son propiedad de este Ayuntamiento o de terceros que han autorizado su uso.<\/p>\n<p>La informaci\u00f3n y elementos divulgados a trav\u00e9s de estas p\u00e1ginas se encuentran protegidos por las leyes espa\u00f1olas e internacionales sobre Propiedad Industrial e Intelectual. De tal forma que se proh\u00edbe su reproducci\u00f3n, distribuci\u00f3n y comunicaci\u00f3n p\u00fablica sin la autorizaci\u00f3n expresa de este Ayuntamiento.<\/p>\n<p><strong>T\u00e9rminos y condiciones de uso<\/strong><\/p>\n<ul>\n<li>Se considera usuario del presente sitio web a cualquiera que acceda y utilice el mismo. La condici\u00f3n de usuario conlleva la total aceptaci\u00f3n de las condiciones establecidas en el presente Aviso Legal y en las especiales que puedan establecerse para determinados servicios y utilidades. Los usuarios adquieren el compromiso de ajustar su actuaci\u00f3n a las citadas condiciones y a observar lo dispuesto por la normativa legal, as\u00ed como a las instrucciones y avisos que se pongan en su conocimiento.<\/li>\n<li>Cuando sea necesaria la utilizaci\u00f3n de una contrase\u00f1a o nombre de usuario para acceder a alg\u00fan contenido o servicio de este sitio web, el usuario queda obligado a mantenerla en secreto y a hacer de ella un uso diligente. En caso de p\u00e9rdida o utilizaci\u00f3n negligente de la contrase\u00f1a el usuario responder\u00e1 de la utilizaci\u00f3n que de ella hayan podido hacer terceras personas.<\/li>\n<li>Se proh\u00edbe la reproducci\u00f3n total o parcial de los contenidos de esta Web sin citar su origen o solicitar autorizaci\u00f3n.<\/li>\n<li>El Ayuntamiento no es responsable del mal uso que los usuarios realicen de los contenidos de su sitio web y se reserva el derecho de actualizar, modificar, conservar, eliminar, o impedir el acceso a cualquier contenido que aparezca en el mismo o de cerrarlo sin previo aviso.<\/li>\n<li>El Ayuntamiento no es responsable de los contenidos situados fuera de su web, en los sitios web de terceros, a los que se pueda acceder mediante o a trav\u00e9s de enlaces situados en el sitio web del ayuntamiento.<\/li>\n<li>En el caso de foros abiertos o espacios de opini\u00f3n en sus p\u00e1ginas web, El Ayuntamiento no se obliga a controlar las opiniones o informaciones vertidas por los usuarios, pero se reserva el derecho a eliminar aquellas que puedan resultar contrarias a la legalidad vigente, especialmente cuando impliquen una vulneraci\u00f3n de los derechos y libertades fundamentales, a los buenos usos y a los presentes t\u00e9rminos y condiciones.<\/li>\n<li>El Ayuntamiento no ser\u00e1 responsable de posibles da\u00f1os o perjuicios que se pudieran derivar de interferencias, omisiones, interrupciones, aver\u00edas o desconexiones en el funcionamiento operativo de este sistema electr\u00f3nico, motivadas por causas ajenas a este Ayuntamiento, o como consecuencia de ajustes o problemas t\u00e9cnicos propios; as\u00ed como de da\u00f1os que puedan ser causados por virus inform\u00e1ticos y por terceras personas mediante intromisiones ileg\u00edtimas fuera del control del ayuntamiento.<\/li>\n<li>La informaci\u00f3n administrativa publicada en este sitio web tiene car\u00e1cter meramente orientativo; por tanto, ni sustituye la publicidad de los documentos que deban publicarse en Diarios y Boletines Oficiales, cuya edici\u00f3n es el \u00fanico instrumento que da fe de la autenticidad y del contenido de los mismos, ni de la misma puede derivarse efecto jur\u00eddico vinculante alguno, debiendo el usuario contrastar la citada informaci\u00f3n con la existente en los Diarios y Boletines Oficiales, en su caso, o con la obrante en las dependencias pertinentes de la Administraci\u00f3n. En concreto, esta informaci\u00f3n no podr\u00e1 ser vinculante en la resoluci\u00f3n de procedimientos administrativos ni alegarse en procesos contradictorios con la Administraci\u00f3n P\u00fablica. En consecuencia, El Ayuntamiento no se hace responsable de los posibles da\u00f1os y perjuicios que el uso de dicha informaci\u00f3n pudiese ocasionar.<\/li>\n<li>El Ayuntamiento se reserva el derecho de modificar los t\u00e9rminos y condiciones establecidos en el presente Aviso Legal.<\/li>\n<\/ul>\n<p>","protected":false},"excerpt":{"rendered":"<p>Titularidad del web vilafames.org, es un dominio en internet de titularidad de: Ajuntament de Vilafam\u00e9s Pla\u00e7a de l&#8217;Ajuntament, 1 &#8211; CP: 12192 Vilafam\u00e9s (Castell\u00f3) Tel\u00e8fon: 964329001 email: info@vilafames.es El Ayuntamiento, a trav\u00e9s de este espacio web, pone a disposici\u00f3n de los diferentes usuarios el acceso y utilitzaci\u00f3n de servicios y informaci\u00f3n referidos tanto a su [&hellip;]<\/p>\n","protected":false},"author":3,"featured_media":0,"parent":1258,"menu_order":0,"comment_status":"closed","ping_status":"closed","template":"","meta":{"footnotes":""},"class_list":["post-1235","page","type-page","status-publish","hentry"],"yoast_head":"<!-- This site is optimized with the Yoast SEO plugin v24.8.1 - https:\/\/yoast.com\/wordpress\/plugins\/seo\/ -->\n<title>Aviso legal - Web de l&#039;Ajuntament de Vilafam\u00e9s<\/title>\n<meta name=\"robots\" content=\"index, follow, max-snippet:-1, max-image-preview:large, max-video-preview:-1\" \/>\n<link rel=\"canonical\" href=\"https:\/\/vilafames.org\/espanol-politica-de-privacidad\/avis-legal\/\" \/>\n<meta property=\"og:locale\" content=\"es_ES\" \/>\n<meta property=\"og:type\" content=\"article\" \/>\n<meta property=\"og:title\" content=\"[:ca]Av\u00eds legal[:es]Aviso legal[:] - Web de l&#039;Ajuntament de Vilafam\u00e9s\" \/>\n<meta property=\"og:description\" content=\"Titularidad del web vilafames.org, es un dominio en internet de titularidad de: Ajuntament de Vilafam\u00e9s Pla\u00e7a de l&#8217;Ajuntament, 1 &#8211; CP: 12192 Vilafam\u00e9s (Castell\u00f3) Tel\u00e8fon: 964329001 email: info@vilafames.es El Ayuntamiento, a trav\u00e9s de este espacio web, pone a disposici\u00f3n de los diferentes usuarios el acceso y utilitzaci\u00f3n de servicios y informaci\u00f3n referidos tanto a su [&hellip;]\" \/>\n<meta property=\"og:url\" content=\"https:\/\/vilafames.org\/espanol-politica-de-privacidad\/avis-legal\/\" \/>\n<meta property=\"og:site_name\" content=\"Web de l&#039;Ajuntament de Vilafam\u00e9s\" \/>\n<meta property=\"article:publisher\" content=\"https:\/\/www.facebook.com\/AjuntamentVilafames\" \/>\n<meta property=\"article:modified_time\" content=\"2024-12-18T15:56:07+00:00\" \/>\n<meta name=\"twitter:card\" content=\"summary_large_image\" \/>\n<meta name=\"twitter:site\" content=\"@ajtvilafames\" \/>\n<meta name=\"twitter:label1\" content=\"Tiempo de lectura\" \/>\n\t<meta name=\"twitter:data1\" content=\"7 minutos\" \/>\n<script type=\"application\/ld+json\" class=\"yoast-schema-graph\">{\"@context\":\"https:\/\/schema.org\",\"@graph\":[{\"@type\":\"WebPage\",\"@id\":\"https:\/\/vilafames.org\/espanol-politica-de-privacidad\/avis-legal\/\",\"url\":\"https:\/\/vilafames.org\/espanol-politica-de-privacidad\/avis-legal\/\",\"name\":\"[:ca]Av\u00eds legal[:es]Aviso legal[:] - Web de l&#039;Ajuntament de Vilafam\u00e9s\",\"isPartOf\":{\"@id\":\"https:\/\/vilafames.org\/#website\"},\"datePublished\":\"2017-01-05T10:14:09+00:00\",\"dateModified\":\"2024-12-18T15:56:07+00:00\",\"breadcrumb\":{\"@id\":\"https:\/\/vilafames.org\/espanol-politica-de-privacidad\/avis-legal\/#breadcrumb\"},\"inLanguage\":\"es\",\"potentialAction\":[{\"@type\":\"ReadAction\",\"target\":[\"https:\/\/vilafames.org\/espanol-politica-de-privacidad\/avis-legal\/\"]}]},{\"@type\":\"BreadcrumbList\",\"@id\":\"https:\/\/vilafames.org\/espanol-politica-de-privacidad\/avis-legal\/#breadcrumb\",\"itemListElement\":[{\"@type\":\"ListItem\",\"position\":1,\"name\":\"Inici\",\"item\":\"https:\/\/vilafames.org\/\"},{\"@type\":\"ListItem\",\"position\":2,\"name\":\"Pol\u00edtica de privacitat\",\"item\":\"https:\/\/vilafames.org\/espanol-politica-de-privacidad\/\"},{\"@type\":\"ListItem\",\"position\":3,\"name\":\"Av\u00eds legal\"}]},{\"@type\":\"WebSite\",\"@id\":\"https:\/\/vilafames.org\/#website\",\"url\":\"https:\/\/vilafames.org\/\",\"name\":\"Web de l'Ajuntament de Vilafam\u00e9s\",\"description\":\"Web de l&#039;Ajuntament de Vilafam\u00e9s\",\"publisher\":{\"@id\":\"https:\/\/vilafames.org\/#organization\"},\"potentialAction\":[{\"@type\":\"SearchAction\",\"target\":{\"@type\":\"EntryPoint\",\"urlTemplate\":\"https:\/\/vilafames.org\/?s={search_term_string}\"},\"query-input\":{\"@type\":\"PropertyValueSpecification\",\"valueRequired\":true,\"valueName\":\"search_term_string\"}}],\"inLanguage\":\"es\"},{\"@type\":\"Organization\",\"@id\":\"https:\/\/vilafames.org\/#organization\",\"name\":\"Web de l'Ajuntament de Vilafam\u00e9s\",\"url\":\"https:\/\/vilafames.org\/\",\"logo\":{\"@type\":\"ImageObject\",\"inLanguage\":\"es\",\"@id\":\"https:\/\/vilafames.org\/#\/schema\/logo\/image\/\",\"url\":\"https:\/\/vilafames.org\/wp-content\/uploads\/cropped-marca_v_rgb-1-1.png\",\"contentUrl\":\"https:\/\/vilafames.org\/wp-content\/uploads\/cropped-marca_v_rgb-1-1.png\",\"width\":558,\"height\":269,\"caption\":\"Web de l'Ajuntament de Vilafam\u00e9s\"},\"image\":{\"@id\":\"https:\/\/vilafames.org\/#\/schema\/logo\/image\/\"},\"sameAs\":[\"https:\/\/www.facebook.com\/AjuntamentVilafames\",\"https:\/\/x.com\/ajtvilafames\",\"https:\/\/www.instagram.com\/ajuntamentvilafames\/\",\"https:\/\/www.youtube.com\/channel\/UCjXWt3n8FHiahgKqHZWOTXQ\"]}]}<\/script>\n<!-- \/ Yoast SEO plugin. -->","yoast_head_json":{"title":"[:ca]Av\u00eds legal[:es]Aviso legal[:] - Web de l&#039;Ajuntament de Vilafam\u00e9s","robots":{"index":"index","follow":"follow","max-snippet":"max-snippet:-1","max-image-preview":"max-image-preview:large","max-video-preview":"max-video-preview:-1"},"canonical":"https:\/\/vilafames.org\/espanol-politica-de-privacidad\/avis-legal\/","og_locale":"es_ES","og_type":"article","og_title":"[:ca]Av\u00eds legal[:es]Aviso legal[:] - Web de l&#039;Ajuntament de Vilafam\u00e9s","og_description":"Titularidad del web vilafames.org, es un dominio en internet de titularidad de: Ajuntament de Vilafam\u00e9s Pla\u00e7a de l&#8217;Ajuntament, 1 &#8211; CP: 12192 Vilafam\u00e9s (Castell\u00f3) Tel\u00e8fon: 964329001 email: info@vilafames.es El Ayuntamiento, a trav\u00e9s de este espacio web, pone a disposici\u00f3n de los diferentes usuarios el acceso y utilitzaci\u00f3n de servicios y informaci\u00f3n referidos tanto a su [&hellip;]","og_url":"https:\/\/vilafames.org\/espanol-politica-de-privacidad\/avis-legal\/","og_site_name":"Web de l&#039;Ajuntament de Vilafam\u00e9s","article_publisher":"https:\/\/www.facebook.com\/AjuntamentVilafames","article_modified_time":"2024-12-18T15:56:07+00:00","twitter_card":"summary_large_image","twitter_site":"@ajtvilafames","twitter_misc":{"Tiempo de lectura":"7 minutos"},"schema":{"@context":"https:\/\/schema.org","@graph":[{"@type":"WebPage","@id":"https:\/\/vilafames.org\/espanol-politica-de-privacidad\/avis-legal\/","url":"https:\/\/vilafames.org\/espanol-politica-de-privacidad\/avis-legal\/","name":"[:ca]Av\u00eds legal[:es]Aviso legal[:] - Web de l&#039;Ajuntament de Vilafam\u00e9s","isPartOf":{"@id":"https:\/\/vilafames.org\/#website"},"datePublished":"2017-01-05T10:14:09+00:00","dateModified":"2024-12-18T15:56:07+00:00","breadcrumb":{"@id":"https:\/\/vilafames.org\/espanol-politica-de-privacidad\/avis-legal\/#breadcrumb"},"inLanguage":"es","potentialAction":[{"@type":"ReadAction","target":["https:\/\/vilafames.org\/espanol-politica-de-privacidad\/avis-legal\/"]}]},{"@type":"BreadcrumbList","@id":"https:\/\/vilafames.org\/espanol-politica-de-privacidad\/avis-legal\/#breadcrumb","itemListElement":[{"@type":"ListItem","position":1,"name":"Inici","item":"https:\/\/vilafames.org\/"},{"@type":"ListItem","position":2,"name":"Pol\u00edtica de privacitat","item":"https:\/\/vilafames.org\/espanol-politica-de-privacidad\/"},{"@type":"ListItem","position":3,"name":"Av\u00eds legal"}]},{"@type":"WebSite","@id":"https:\/\/vilafames.org\/#website","url":"https:\/\/vilafames.org\/","name":"Web de l'Ajuntament de Vilafam\u00e9s","description":"Web de l&#039;Ajuntament de Vilafam\u00e9s","publisher":{"@id":"https:\/\/vilafames.org\/#organization"},"potentialAction":[{"@type":"SearchAction","target":{"@type":"EntryPoint","urlTemplate":"https:\/\/vilafames.org\/?s={search_term_string}"},"query-input":{"@type":"PropertyValueSpecification","valueRequired":true,"valueName":"search_term_string"}}],"inLanguage":"es"},{"@type":"Organization","@id":"https:\/\/vilafames.org\/#organization","name":"Web de l'Ajuntament de Vilafam\u00e9s","url":"https:\/\/vilafames.org\/","logo":{"@type":"ImageObject","inLanguage":"es","@id":"https:\/\/vilafames.org\/#\/schema\/logo\/image\/","url":"https:\/\/vilafames.org\/wp-content\/uploads\/cropped-marca_v_rgb-1-1.png","contentUrl":"https:\/\/vilafames.org\/wp-content\/uploads\/cropped-marca_v_rgb-1-1.png","width":558,"height":269,"caption":"Web de l'Ajuntament de Vilafam\u00e9s"},"image":{"@id":"https:\/\/vilafames.org\/#\/schema\/logo\/image\/"},"sameAs":["https:\/\/www.facebook.com\/AjuntamentVilafames","https:\/\/x.com\/ajtvilafames","https:\/\/www.instagram.com\/ajuntamentvilafames\/","https:\/\/www.youtube.com\/channel\/UCjXWt3n8FHiahgKqHZWOTXQ"]}]}},"_links":{"self":[{"href":"https:\/\/vilafames.org\/es\/wp-json\/wp\/v2\/pages\/1235","targetHints":{"allow":["GET"]}}],"collection":[{"href":"https:\/\/vilafames.org\/es\/wp-json\/wp\/v2\/pages"}],"about":[{"href":"https:\/\/vilafames.org\/es\/wp-json\/wp\/v2\/types\/page"}],"author":[{"embeddable":true,"href":"https:\/\/vilafames.org\/es\/wp-json\/wp\/v2\/users\/3"}],"replies":[{"embeddable":true,"href":"https:\/\/vilafames.org\/es\/wp-json\/wp\/v2\/comments?post=1235"}],"version-history":[{"count":2,"href":"https:\/\/vilafames.org\/es\/wp-json\/wp\/v2\/pages\/1235\/revisions"}],"predecessor-version":[{"id":11324,"href":"https:\/\/vilafames.org\/es\/wp-json\/wp\/v2\/pages\/1235\/revisions\/11324"}],"up":[{"embeddable":true,"href":"https:\/\/vilafames.org\/es\/wp-json\/wp\/v2\/pages\/1258"}],"wp:attachment":[{"href":"https:\/\/vilafames.org\/es\/wp-json\/wp\/v2\/media?parent=1235"}],"curies":[{"name":"wp","href":"https:\/\/api.w.org\/{rel}","templated":true}]}}