{"id":1203,"date":"2017-01-04T15:49:51","date_gmt":"2017-01-04T14:49:51","guid":{"rendered":"http:\/\/vilafames.org\/?page_id=1203"},"modified":"2018-09-10T20:31:57","modified_gmt":"2018-09-10T18:31:57","slug":"vilafames-participa","status":"publish","type":"page","link":"https:\/\/vilafames.org\/es\/vilafames-participa\/","title":{"rendered":"Vilafam\u00e9s Participa!"},"content":{"rendered":"<p>\n<h4>El presupuesto participativo es una v\u00eda directa que el ayuntamiento de Vilafam\u00e9s propone a los vecinos y vecinas para ser part\u00edcipes de las decisiones de su dinero.<\/h4>\n<hr \/>\n<p><strong>\u00bfC\u00f3mo funciona?<\/strong><\/p>\n<ul>\n<li>FASE 1: Presentaci\u00f3n de propuestas. Del 17 al 30 de septiembre, a las urnas repartidas por los establecimientos locales y web municipal. Mediante esta web: https:\/\/goo.gl\/forms\/NWs4Vk9CYtrOvrDC2<\/li>\n<li>FASE 2: Votaci\u00f3n de las propuestas seleccionadas. Del 8 al 21 de octubre, en la oficina de turismo, en el horario habitual.<\/li>\n<li>FASE 3: Recuento de los votos y proclamaci\u00f3n de la propuesta m\u00e1s votada el 27 de octubre.<\/li>\n<\/ul>\n<hr \/>\n<p><strong>\u00bfQui\u00e9n puede participar?<\/strong><\/p>\n<p>Durante la primera fase, puede participar cualquier persona que considera una propuesta valiosa para el pueblo de Vilafam\u00e9s, utilizando los formularios en papel donde en la web <a href=\"https:\/\/goo.gl\/forms\/NWs4Vk9CYtrOvrDC2\" target=\"_blank\" rel=\"noopener\">https:\/\/goo.gl\/forms\/NWs4Vk9CYtrOvrDC2<\/a><\/p>\n<p>Durante la segunda fase, votaci\u00f3n, s\u00f3lo podr\u00e1n participar las personas mayores de 16 a\u00f1os. El lugar ser\u00e1 la oficina de turismo y en su lugar, en las oficinas del ayuntamiento.<\/p>\n<hr \/>\n<p><strong>Cantidad para presupuesto participativo?<\/strong><\/p>\n<p>26000 euros.<\/p>\n<hr \/>\n<p><strong>\u00c1mbito de las propuestas?<\/strong><\/p>\n<p>Las propuestas pueden ser dentro de cualquier \u00e1mbito, nuevas infraestructuras, mejoras de las actuales, actividades l\u00fadicas &#8230;<\/p>\n<hr \/>\n<p><strong>\u00bfQu\u00e9 propuestas van a votaci\u00f3n?<\/strong><\/p>\n<p>Entre la primera y segunda fase, se har\u00e1 un an\u00e1lisis de la viabilidad t\u00e9cnica para identificar las acciones susceptibles de poder ser incluidas en la votaci\u00f3n. El n\u00famero de propuestas que pasar\u00e1n a la fase dos de votaci\u00f3n ser\u00e1n, como mucho, 10.<\/p>\n<hr \/>\n<p><strong>Cuando se llevar\u00e1 a cabo la opci\u00f3n m\u00e1s votada?<\/strong><\/p>\n<p>Dentro de los presupuestos de 2017, preparados a finales 2016, es decir, se incluir\u00e1 en los presupuestos para poder ser llevada a cabo en 2017.","protected":false},"excerpt":{"rendered":"<p>El presupuesto participativo es una v\u00eda directa que el ayuntamiento de Vilafam\u00e9s propone a los vecinos y vecinas para ser part\u00edcipes de las decisiones de su dinero. \u00bfC\u00f3mo funciona? FASE 1: Presentaci\u00f3n de propuestas. Del 17 al 30 de septiembre, a las urnas repartidas por los establecimientos locales y web municipal. Mediante esta web: https:\/\/goo.gl\/forms\/NWs4Vk9CYtrOvrDC2 [&hellip;]<\/p>\n","protected":false},"author":3,"featured_media":0,"parent":0,"menu_order":0,"comment_status":"closed","ping_status":"closed","template":"","meta":{"footnotes":""},"class_list":["post-1203","page","type-page","status-publish","hentry"],"yoast_head":"<!-- This site is optimized with the Yoast SEO plugin v24.8.1 - https:\/\/yoast.com\/wordpress\/plugins\/seo\/ -->\n<title>Vilafam\u00e9s Participa! - Web de l&#039;Ajuntament de Vilafam\u00e9s<\/title>\n<meta name=\"robots\" content=\"index, follow, max-snippet:-1, max-image-preview:large, max-video-preview:-1\" \/>\n<link rel=\"canonical\" href=\"https:\/\/vilafames.org\/ajuntament__trashed\/vilafames-participa\/\" \/>\n<meta property=\"og:locale\" content=\"es_ES\" \/>\n<meta property=\"og:type\" content=\"article\" \/>\n<meta property=\"og:title\" content=\"Vilafam\u00e9s Participa! - Web de l&#039;Ajuntament de Vilafam\u00e9s\" \/>\n<meta property=\"og:description\" content=\"El presupuesto participativo es una v\u00eda directa que el ayuntamiento de Vilafam\u00e9s propone a los vecinos y vecinas para ser part\u00edcipes de las decisiones de su dinero. \u00bfC\u00f3mo funciona? FASE 1: Presentaci\u00f3n de propuestas. Del 17 al 30 de septiembre, a las urnas repartidas por los establecimientos locales y web municipal. Mediante esta web: https:\/\/goo.gl\/forms\/NWs4Vk9CYtrOvrDC2 [&hellip;]\" \/>\n<meta property=\"og:url\" content=\"https:\/\/vilafames.org\/ajuntament__trashed\/vilafames-participa\/\" \/>\n<meta property=\"og:site_name\" content=\"Web de l&#039;Ajuntament de Vilafam\u00e9s\" \/>\n<meta property=\"article:publisher\" content=\"https:\/\/www.facebook.com\/AjuntamentVilafames\" \/>\n<meta property=\"article:modified_time\" content=\"2018-09-10T18:31:57+00:00\" \/>\n<meta name=\"twitter:card\" content=\"summary_large_image\" \/>\n<meta name=\"twitter:site\" content=\"@ajtvilafames\" \/>\n<meta name=\"twitter:label1\" content=\"Tiempo de lectura\" \/>\n\t<meta name=\"twitter:data1\" content=\"3 minutos\" \/>\n<script type=\"application\/ld+json\" class=\"yoast-schema-graph\">{\"@context\":\"https:\/\/schema.org\",\"@graph\":[{\"@type\":\"WebPage\",\"@id\":\"https:\/\/vilafames.org\/ajuntament__trashed\/vilafames-participa\/\",\"url\":\"https:\/\/vilafames.org\/ajuntament__trashed\/vilafames-participa\/\",\"name\":\"Vilafam\u00e9s Participa! - Web de l&#039;Ajuntament de Vilafam\u00e9s\",\"isPartOf\":{\"@id\":\"https:\/\/vilafames.org\/#website\"},\"datePublished\":\"2017-01-04T14:49:51+00:00\",\"dateModified\":\"2018-09-10T18:31:57+00:00\",\"breadcrumb\":{\"@id\":\"https:\/\/vilafames.org\/ajuntament__trashed\/vilafames-participa\/#breadcrumb\"},\"inLanguage\":\"es\",\"potentialAction\":[{\"@type\":\"ReadAction\",\"target\":[\"https:\/\/vilafames.org\/ajuntament__trashed\/vilafames-participa\/\"]}]},{\"@type\":\"BreadcrumbList\",\"@id\":\"https:\/\/vilafames.org\/ajuntament__trashed\/vilafames-participa\/#breadcrumb\",\"itemListElement\":[{\"@type\":\"ListItem\",\"position\":1,\"name\":\"Inici\",\"item\":\"https:\/\/vilafames.org\/\"},{\"@type\":\"ListItem\",\"position\":2,\"name\":\"Vilafam\u00e9s Participa!\"}]},{\"@type\":\"WebSite\",\"@id\":\"https:\/\/vilafames.org\/#website\",\"url\":\"https:\/\/vilafames.org\/\",\"name\":\"Web de l'Ajuntament de Vilafam\u00e9s\",\"description\":\"Web de l&#039;Ajuntament de Vilafam\u00e9s\",\"publisher\":{\"@id\":\"https:\/\/vilafames.org\/#organization\"},\"potentialAction\":[{\"@type\":\"SearchAction\",\"target\":{\"@type\":\"EntryPoint\",\"urlTemplate\":\"https:\/\/vilafames.org\/?s={search_term_string}\"},\"query-input\":{\"@type\":\"PropertyValueSpecification\",\"valueRequired\":true,\"valueName\":\"search_term_string\"}}],\"inLanguage\":\"es\"},{\"@type\":\"Organization\",\"@id\":\"https:\/\/vilafames.org\/#organization\",\"name\":\"Web de l'Ajuntament de Vilafam\u00e9s\",\"url\":\"https:\/\/vilafames.org\/\",\"logo\":{\"@type\":\"ImageObject\",\"inLanguage\":\"es\",\"@id\":\"https:\/\/vilafames.org\/#\/schema\/logo\/image\/\",\"url\":\"https:\/\/vilafames.org\/wp-content\/uploads\/cropped-marca_v_rgb-1-1.png\",\"contentUrl\":\"https:\/\/vilafames.org\/wp-content\/uploads\/cropped-marca_v_rgb-1-1.png\",\"width\":558,\"height\":269,\"caption\":\"Web de l'Ajuntament de Vilafam\u00e9s\"},\"image\":{\"@id\":\"https:\/\/vilafames.org\/#\/schema\/logo\/image\/\"},\"sameAs\":[\"https:\/\/www.facebook.com\/AjuntamentVilafames\",\"https:\/\/x.com\/ajtvilafames\",\"https:\/\/www.instagram.com\/ajuntamentvilafames\/\",\"https:\/\/www.youtube.com\/channel\/UCjXWt3n8FHiahgKqHZWOTXQ\"]}]}<\/script>\n<!-- \/ Yoast SEO plugin. -->","yoast_head_json":{"title":"Vilafam\u00e9s Participa! - Web de l&#039;Ajuntament de Vilafam\u00e9s","robots":{"index":"index","follow":"follow","max-snippet":"max-snippet:-1","max-image-preview":"max-image-preview:large","max-video-preview":"max-video-preview:-1"},"canonical":"https:\/\/vilafames.org\/ajuntament__trashed\/vilafames-participa\/","og_locale":"es_ES","og_type":"article","og_title":"Vilafam\u00e9s Participa! - Web de l&#039;Ajuntament de Vilafam\u00e9s","og_description":"El presupuesto participativo es una v\u00eda directa que el ayuntamiento de Vilafam\u00e9s propone a los vecinos y vecinas para ser part\u00edcipes de las decisiones de su dinero. \u00bfC\u00f3mo funciona? FASE 1: Presentaci\u00f3n de propuestas. Del 17 al 30 de septiembre, a las urnas repartidas por los establecimientos locales y web municipal. Mediante esta web: https:\/\/goo.gl\/forms\/NWs4Vk9CYtrOvrDC2 [&hellip;]","og_url":"https:\/\/vilafames.org\/ajuntament__trashed\/vilafames-participa\/","og_site_name":"Web de l&#039;Ajuntament de Vilafam\u00e9s","article_publisher":"https:\/\/www.facebook.com\/AjuntamentVilafames","article_modified_time":"2018-09-10T18:31:57+00:00","twitter_card":"summary_large_image","twitter_site":"@ajtvilafames","twitter_misc":{"Tiempo de lectura":"3 minutos"},"schema":{"@context":"https:\/\/schema.org","@graph":[{"@type":"WebPage","@id":"https:\/\/vilafames.org\/ajuntament__trashed\/vilafames-participa\/","url":"https:\/\/vilafames.org\/ajuntament__trashed\/vilafames-participa\/","name":"Vilafam\u00e9s Participa! - Web de l&#039;Ajuntament de Vilafam\u00e9s","isPartOf":{"@id":"https:\/\/vilafames.org\/#website"},"datePublished":"2017-01-04T14:49:51+00:00","dateModified":"2018-09-10T18:31:57+00:00","breadcrumb":{"@id":"https:\/\/vilafames.org\/ajuntament__trashed\/vilafames-participa\/#breadcrumb"},"inLanguage":"es","potentialAction":[{"@type":"ReadAction","target":["https:\/\/vilafames.org\/ajuntament__trashed\/vilafames-participa\/"]}]},{"@type":"BreadcrumbList","@id":"https:\/\/vilafames.org\/ajuntament__trashed\/vilafames-participa\/#breadcrumb","itemListElement":[{"@type":"ListItem","position":1,"name":"Inici","item":"https:\/\/vilafames.org\/"},{"@type":"ListItem","position":2,"name":"Vilafam\u00e9s Participa!"}]},{"@type":"WebSite","@id":"https:\/\/vilafames.org\/#website","url":"https:\/\/vilafames.org\/","name":"Web de l'Ajuntament de Vilafam\u00e9s","description":"Web de l&#039;Ajuntament de Vilafam\u00e9s","publisher":{"@id":"https:\/\/vilafames.org\/#organization"},"potentialAction":[{"@type":"SearchAction","target":{"@type":"EntryPoint","urlTemplate":"https:\/\/vilafames.org\/?s={search_term_string}"},"query-input":{"@type":"PropertyValueSpecification","valueRequired":true,"valueName":"search_term_string"}}],"inLanguage":"es"},{"@type":"Organization","@id":"https:\/\/vilafames.org\/#organization","name":"Web de l'Ajuntament de Vilafam\u00e9s","url":"https:\/\/vilafames.org\/","logo":{"@type":"ImageObject","inLanguage":"es","@id":"https:\/\/vilafames.org\/#\/schema\/logo\/image\/","url":"https:\/\/vilafames.org\/wp-content\/uploads\/cropped-marca_v_rgb-1-1.png","contentUrl":"https:\/\/vilafames.org\/wp-content\/uploads\/cropped-marca_v_rgb-1-1.png","width":558,"height":269,"caption":"Web de l'Ajuntament de Vilafam\u00e9s"},"image":{"@id":"https:\/\/vilafames.org\/#\/schema\/logo\/image\/"},"sameAs":["https:\/\/www.facebook.com\/AjuntamentVilafames","https:\/\/x.com\/ajtvilafames","https:\/\/www.instagram.com\/ajuntamentvilafames\/","https:\/\/www.youtube.com\/channel\/UCjXWt3n8FHiahgKqHZWOTXQ"]}]}},"_links":{"self":[{"href":"https:\/\/vilafames.org\/es\/wp-json\/wp\/v2\/pages\/1203","targetHints":{"allow":["GET"]}}],"collection":[{"href":"https:\/\/vilafames.org\/es\/wp-json\/wp\/v2\/pages"}],"about":[{"href":"https:\/\/vilafames.org\/es\/wp-json\/wp\/v2\/types\/page"}],"author":[{"embeddable":true,"href":"https:\/\/vilafames.org\/es\/wp-json\/wp\/v2\/users\/3"}],"replies":[{"embeddable":true,"href":"https:\/\/vilafames.org\/es\/wp-json\/wp\/v2\/comments?post=1203"}],"version-history":[{"count":0,"href":"https:\/\/vilafames.org\/es\/wp-json\/wp\/v2\/pages\/1203\/revisions"}],"wp:attachment":[{"href":"https:\/\/vilafames.org\/es\/wp-json\/wp\/v2\/media?parent=1203"}],"curies":[{"name":"wp","href":"https:\/\/api.w.org\/{rel}","templated":true}]}}