{"id":10966,"date":"2018-12-10T14:29:38","date_gmt":"2018-12-10T14:29:38","guid":{"rendered":"http:\/\/localhost\/wordpress\/townpress-demo\/?page_id=520"},"modified":"2024-12-10T13:23:31","modified_gmt":"2024-12-10T12:23:31","slug":"telefons-dinteres","status":"publish","type":"page","link":"https:\/\/vilafames.org\/es\/telefons-dinteres\/","title":{"rendered":"Tel\u00e9fonos de inter\u00e9s"},"content":{"rendered":"<p>[vc_row][vc_column]<div class=\"widget shortcode-widget lsvr-definition-list-widget lsvr-definition-list-widget--shortcode\"><div class=\"widget__inner\">\n<div class=\"widget__content\">\n\n\t<dl class=\"lsvr-definition-list-widget__list\">\n\n\t\t\n\t\t\t\n\t\t\t\t<dt class=\"lsvr-definition-list-widget__item-title\">\n\t\t\t\t\tAyuntamiento\t\t\t\t<\/dt>\n\n\t\t\t\t\n\t\t\t\t\t<dd class=\"lsvr-definition-list-widget__item-text\">\n\t\t\t\t\t\t964-32.90.01\t\t\t\t\t<\/dd>\n\n\t\t\t\t\n\t\t\t\n\t\t\n\t\t\t\n\t\t\t\t<dt class=\"lsvr-definition-list-widget__item-title\">\n\t\t\t\t\tTourist info Vilafam\u00e9s\t\t\t\t<\/dt>\n\n\t\t\t\t\n\t\t\t\t\t<dd class=\"lsvr-definition-list-widget__item-text\">\n\t\t\t\t\t\t964-32.99.70\t\t\t\t\t<\/dd>\n\n\t\t\t\t\n\t\t\t\n\t\t\n\t\t\t\n\t\t\t\t<dt class=\"lsvr-definition-list-widget__item-title\">\n\t\t\t\t\tMuseu d\u2019Art Contemporani Vilafam\u00e9s\t\t\t\t<\/dt>\n\n\t\t\t\t\n\t\t\t\t\t<dd class=\"lsvr-definition-list-widget__item-text\">\n\t\t\t\t\t\t964-32.91.52\t\t\t\t\t<\/dd>\n\n\t\t\t\t\n\t\t\t\n\t\t\n\t\t\t\n\t\t\t\t<dt class=\"lsvr-definition-list-widget__item-title\">\n\t\t\t\t\tCol\u00b7legi P\u00fablic\t\t\t\t<\/dt>\n\n\t\t\t\t\n\t\t\t\t\t<dd class=\"lsvr-definition-list-widget__item-text\">\n\t\t\t\t\t\t964-73.86.75\t\t\t\t\t<\/dd>\n\n\t\t\t\t\n\t\t\t\n\t\t\n\t\t\t\n\t\t\t\t<dt class=\"lsvr-definition-list-widget__item-title\">\n\t\t\t\t\tFarm\u00e0cia\t\t\t\t<\/dt>\n\n\t\t\t\t\n\t\t\t\t\t<dd class=\"lsvr-definition-list-widget__item-text\">\n\t\t\t\t\t\t964-32.90.26\t\t\t\t\t<\/dd>\n\n\t\t\t\t\n\t\t\t\n\t\t\n\t<\/dl>\n\n\t\n<\/div>\n\n<\/div><\/div>\n        [\/vc_column][\/vc_row][vc_row][vc_column]<div class=\"widget shortcode-widget lsvr-definition-list-widget lsvr-definition-list-widget--shortcode\"><div class=\"widget__inner\">\n<div class=\"widget__content\">\n\n\t<dl class=\"lsvr-definition-list-widget__list\">\n\n\t\t\n\t\t\t\n\t\t\t\t<dt class=\"lsvr-definition-list-widget__item-title\">\n\t\t\t\t\tBiblioteca p\u00fablica\t\t\t\t<\/dt>\n\n\t\t\t\t\n\t\t\t\t\t<dd class=\"lsvr-definition-list-widget__item-text\">\n\t\t\t\t\t\t964-32.92.50\t\t\t\t\t<\/dd>\n\n\t\t\t\t\n\t\t\t\n\t\t\n\t\t\t\n\t\t\t\t<dt class=\"lsvr-definition-list-widget__item-title\">\n\t\t\t\t\tAutobusos HICID\t\t\t\t<\/dt>\n\n\t\t\t\t\n\t\t\t\t\t<dd class=\"lsvr-definition-list-widget__item-text\">\n\t\t\t\t\t\t964-21.63.86\t\t\t\t\t<\/dd>\n\n\t\t\t\t\n\t\t\t\n\t\t\n\t\t\t\n\t\t\t\t<dt class=\"lsvr-definition-list-widget__item-title\">\n\t\t\t\t\tBombers\t\t\t\t<\/dt>\n\n\t\t\t\t\n\t\t\t\t\t<dd class=\"lsvr-definition-list-widget__item-text\">\n\t\t\t\t\t\t085\t\t\t\t\t<\/dd>\n\n\t\t\t\t\n\t\t\t\n\t\t\n\t\t\t\n\t\t\t\t<dt class=\"lsvr-definition-list-widget__item-title\">\n\t\t\t\t\tCentre de Salut (Vall d\u2019Alba)\t\t\t\t<\/dt>\n\n\t\t\t\t\n\t\t\t\t\t<dd class=\"lsvr-definition-list-widget__item-text\">\n\t\t\t\t\t\tCentre de Salut (Vall d\u2019Alba)964-39.04.00\t\t\t\t\t<\/dd>\n\n\t\t\t\t\n\t\t\t\n\t\t\n\t\t\t\n\t\t\t\t<dt class=\"lsvr-definition-list-widget__item-title\">\n\t\t\t\t\tCentre M\u00e8dic (de 10 a 14 h)\t\t\t\t<\/dt>\n\n\t\t\t\t\n\t\t\t\t\t<dd class=\"lsvr-definition-list-widget__item-text\">\n\t\t\t\t\t\tCentre M\u00e8dic (de 10 a 14 h)964-73.94.60\t\t\t\t\t<\/dd>\n\n\t\t\t\t\n\t\t\t\n\t\t\n\t<\/dl>\n\n\t\n<\/div>\n\n<\/div><\/div>\n        [\/vc_column][\/vc_row][vc_row][vc_column]<div class=\"widget shortcode-widget lsvr-definition-list-widget lsvr-definition-list-widget--shortcode\"><div class=\"widget__inner\">\n<div class=\"widget__content\">\n\n\t<dl class=\"lsvr-definition-list-widget__list\">\n\n\t\t\n\t\t\t\n\t\t\t\t<dt class=\"lsvr-definition-list-widget__item-title\">\n\t\t\t\t\tCreu Roja\t\t\t\t<\/dt>\n\n\t\t\t\t\n\t\t\t\t\t<dd class=\"lsvr-definition-list-widget__item-text\">\n\t\t\t\t\t\t913-35.45.45\t\t\t\t\t<\/dd>\n\n\t\t\t\t\n\t\t\t\n\t\t\n\t\t\t\n\t\t\t\t<dt class=\"lsvr-definition-list-widget__item-title\">\n\t\t\t\t\tEmerg\u00e8ncies\t\t\t\t<\/dt>\n\n\t\t\t\t\n\t\t\t\t\t<dd class=\"lsvr-definition-list-widget__item-text\">\n\t\t\t\t\t\t112\t\t\t\t\t<\/dd>\n\n\t\t\t\t\n\t\t\t\n\t\t\n\t\t\t\n\t\t\t\t<dt class=\"lsvr-definition-list-widget__item-title\">\n\t\t\t\t\tFacsa\t\t\t\t<\/dt>\n\n\t\t\t\t\n\t\t\t\t\t<dd class=\"lsvr-definition-list-widget__item-text\">\n\t\t\t\t\t\t964-22.10.08\t\t\t\t\t<\/dd>\n\n\t\t\t\t\n\t\t\t\n\t\t\n\t\t\t\n\t\t\t\t<dt class=\"lsvr-definition-list-widget__item-title\">\n\t\t\t\t\tGu\u00e0rdia Civil\t\t\t\t<\/dt>\n\n\t\t\t\t\n\t\t\t\t\t<dd class=\"lsvr-definition-list-widget__item-text\">\n\t\t\t\t\t\t062\t\t\t\t\t<\/dd>\n\n\t\t\t\t\n\t\t\t\n\t\t\n\t\t\t\n\t\t\t\t<dt class=\"lsvr-definition-list-widget__item-title\">\n\t\t\t\t\tGu\u00e0rdia Civil (Tr\u00e1fico)\t\t\t\t<\/dt>\n\n\t\t\t\t\n\t\t\t\t\t<dd class=\"lsvr-definition-list-widget__item-text\">\n\t\t\t\t\t\t964-22.70.81\t\t\t\t\t<\/dd>\n\n\t\t\t\t\n\t\t\t\n\t\t\n\t<\/dl>\n\n\t\n<\/div>\n\n<\/div><\/div>\n        [\/vc_column][\/vc_row][vc_row][vc_column][vc_column_text]\n<p>[\/vc_column_text][\/vc_column][\/vc_row][vc_row][vc_column]<div class=\"widget shortcode-widget lsvr-definition-list-widget lsvr-definition-list-widget--shortcode\"><div class=\"widget__inner\">\n<div class=\"widget__content\">\n\n\t<dl class=\"lsvr-definition-list-widget__list\">\n\n\t\t\n\t\t\t\n\t\t\t\t<dt class=\"lsvr-definition-list-widget__item-title\">\n\t\t\t\t\tGu\u00e0rdia Civil Local\t\t\t\t<\/dt>\n\n\t\t\t\t\n\t\t\t\t\t<dd class=\"lsvr-definition-list-widget__item-text\">\n\t\t\t\t\t\tGu\u00e0rdia Civil Local964-32.90.02\t\t\t\t\t<\/dd>\n\n\t\t\t\t\n\t\t\t\n\t\t\n\t\t\t\n\t\t\t\t<dt class=\"lsvr-definition-list-widget__item-title\">\n\t\t\t\t\tPolicia Local\t\t\t\t<\/dt>\n\n\t\t\t\t\n\t\t\t\t\t<dd class=\"lsvr-definition-list-widget__item-text\">\n\t\t\t\t\t\t964-32.90.01\t\t\t\t\t<\/dd>\n\n\t\t\t\t\n\t\t\t\n\t\t\n\t\t\t\n\t\t\t\t<dt class=\"lsvr-definition-list-widget__item-title\">\n\t\t\t\t\tPolicia Nacional\t\t\t\t<\/dt>\n\n\t\t\t\t\n\t\t\t\t\t<dd class=\"lsvr-definition-list-widget__item-text\">\n\t\t\t\t\t\t092\t\t\t\t\t<\/dd>\n\n\t\t\t\t\n\t\t\t\n\t\t\n\t\t\t\n\t\t\t\t<dt class=\"lsvr-definition-list-widget__item-title\">\n\t\t\t\t\tPrevenci\u00f3 d\u2019incendis\t\t\t\t<\/dt>\n\n\t\t\t\t\n\t\t\t\t\t<dd class=\"lsvr-definition-list-widget__item-text\">\n\t\t\t\t\t\t964-24.25.00\t\t\t\t\t<\/dd>\n\n\t\t\t\t\n\t\t\t\n\t\t\n\t\t\t\n\t\t\t\t<dt class=\"lsvr-definition-list-widget__item-title\">\n\t\t\t\t\tProtecci\u00f3 Civil\t\t\t\t<\/dt>\n\n\t\t\t\t\n\t\t\t\t\t<dd class=\"lsvr-definition-list-widget__item-text\">\n\t\t\t\t\t\t964-22.05.00\t\t\t\t\t<\/dd>\n\n\t\t\t\t\n\t\t\t\n\t\t\n\t<\/dl>\n\n\t\n<\/div>\n\n<\/div><\/div>\n        [\/vc_column][\/vc_row]","protected":false},"excerpt":{"rendered":"<p>[vc_row][vc_column][\/vc_column][\/vc_row][vc_row][vc_column][\/vc_column][\/vc_row][vc_row][vc_column][\/vc_column][\/vc_row][vc_row][vc_column][vc_column_text] [\/vc_column_text][\/vc_column][\/vc_row][vc_row][vc_column][\/vc_column][\/vc_row]<\/p>\n","protected":false},"author":19,"featured_media":0,"parent":0,"menu_order":0,"comment_status":"closed","ping_status":"closed","template":"page-templates\/not-boxed.php","meta":{"footnotes":""},"class_list":["post-10966","page","type-page","status-publish","hentry"],"yoast_head":"<!-- This site is optimized with the Yoast SEO plugin v24.8.1 - https:\/\/yoast.com\/wordpress\/plugins\/seo\/ -->\n<title>Tel\u00e9fonos de inter\u00e9s - Web de l&#039;Ajuntament de Vilafam\u00e9s<\/title>\n<meta name=\"robots\" content=\"index, follow, max-snippet:-1, max-image-preview:large, max-video-preview:-1\" \/>\n<link rel=\"canonical\" href=\"https:\/\/vilafames.org\/telefons-dinteres\/\" \/>\n<meta property=\"og:locale\" content=\"es_ES\" \/>\n<meta property=\"og:type\" content=\"article\" \/>\n<meta property=\"og:title\" content=\"[:ca]Tel\u00e8fons d\u2019inter\u00e9s[:es]Tel\u00e9fonos de inter\u00e9s[:] - Web de l&#039;Ajuntament de Vilafam\u00e9s\" \/>\n<meta property=\"og:description\" content=\"[vc_row][vc_column][\/vc_column][\/vc_row][vc_row][vc_column][\/vc_column][\/vc_row][vc_row][vc_column][\/vc_column][\/vc_row][vc_row][vc_column][vc_column_text] [\/vc_column_text][\/vc_column][\/vc_row][vc_row][vc_column][\/vc_column][\/vc_row]\" \/>\n<meta property=\"og:url\" content=\"https:\/\/vilafames.org\/telefons-dinteres\/\" \/>\n<meta property=\"og:site_name\" content=\"Web de l&#039;Ajuntament de Vilafam\u00e9s\" \/>\n<meta property=\"article:publisher\" content=\"https:\/\/www.facebook.com\/AjuntamentVilafames\" \/>\n<meta property=\"article:modified_time\" content=\"2024-12-10T12:23:31+00:00\" \/>\n<meta name=\"twitter:card\" content=\"summary_large_image\" \/>\n<meta name=\"twitter:site\" content=\"@ajtvilafames\" \/>\n<meta name=\"twitter:label1\" content=\"Tiempo de lectura\" \/>\n\t<meta name=\"twitter:data1\" content=\"2 minutos\" \/>\n<script type=\"application\/ld+json\" class=\"yoast-schema-graph\">{\"@context\":\"https:\/\/schema.org\",\"@graph\":[{\"@type\":\"WebPage\",\"@id\":\"https:\/\/vilafames.org\/telefons-dinteres\/\",\"url\":\"https:\/\/vilafames.org\/telefons-dinteres\/\",\"name\":\"[:ca]Tel\u00e8fons d\u2019inter\u00e9s[:es]Tel\u00e9fonos de inter\u00e9s[:] - Web de l&#039;Ajuntament de Vilafam\u00e9s\",\"isPartOf\":{\"@id\":\"https:\/\/vilafames.org\/#website\"},\"datePublished\":\"2018-12-10T14:29:38+00:00\",\"dateModified\":\"2024-12-10T12:23:31+00:00\",\"breadcrumb\":{\"@id\":\"https:\/\/vilafames.org\/telefons-dinteres\/#breadcrumb\"},\"inLanguage\":\"es\",\"potentialAction\":[{\"@type\":\"ReadAction\",\"target\":[\"https:\/\/vilafames.org\/telefons-dinteres\/\"]}]},{\"@type\":\"BreadcrumbList\",\"@id\":\"https:\/\/vilafames.org\/telefons-dinteres\/#breadcrumb\",\"itemListElement\":[{\"@type\":\"ListItem\",\"position\":1,\"name\":\"Inici\",\"item\":\"https:\/\/vilafames.org\/\"},{\"@type\":\"ListItem\",\"position\":2,\"name\":\"Tel\u00e8fons d\u2019inter\u00e9s\"}]},{\"@type\":\"WebSite\",\"@id\":\"https:\/\/vilafames.org\/#website\",\"url\":\"https:\/\/vilafames.org\/\",\"name\":\"Web de l'Ajuntament de Vilafam\u00e9s\",\"description\":\"Web de l&#039;Ajuntament de Vilafam\u00e9s\",\"publisher\":{\"@id\":\"https:\/\/vilafames.org\/#organization\"},\"potentialAction\":[{\"@type\":\"SearchAction\",\"target\":{\"@type\":\"EntryPoint\",\"urlTemplate\":\"https:\/\/vilafames.org\/?s={search_term_string}\"},\"query-input\":{\"@type\":\"PropertyValueSpecification\",\"valueRequired\":true,\"valueName\":\"search_term_string\"}}],\"inLanguage\":\"es\"},{\"@type\":\"Organization\",\"@id\":\"https:\/\/vilafames.org\/#organization\",\"name\":\"Web de l'Ajuntament de Vilafam\u00e9s\",\"url\":\"https:\/\/vilafames.org\/\",\"logo\":{\"@type\":\"ImageObject\",\"inLanguage\":\"es\",\"@id\":\"https:\/\/vilafames.org\/#\/schema\/logo\/image\/\",\"url\":\"https:\/\/vilafames.org\/wp-content\/uploads\/cropped-marca_v_rgb-1-1.png\",\"contentUrl\":\"https:\/\/vilafames.org\/wp-content\/uploads\/cropped-marca_v_rgb-1-1.png\",\"width\":558,\"height\":269,\"caption\":\"Web de l'Ajuntament de Vilafam\u00e9s\"},\"image\":{\"@id\":\"https:\/\/vilafames.org\/#\/schema\/logo\/image\/\"},\"sameAs\":[\"https:\/\/www.facebook.com\/AjuntamentVilafames\",\"https:\/\/x.com\/ajtvilafames\",\"https:\/\/www.instagram.com\/ajuntamentvilafames\/\",\"https:\/\/www.youtube.com\/channel\/UCjXWt3n8FHiahgKqHZWOTXQ\"]}]}<\/script>\n<!-- \/ Yoast SEO plugin. -->","yoast_head_json":{"title":"[:ca]Tel\u00e8fons d\u2019inter\u00e9s[:es]Tel\u00e9fonos de inter\u00e9s[:] - Web de l&#039;Ajuntament de Vilafam\u00e9s","robots":{"index":"index","follow":"follow","max-snippet":"max-snippet:-1","max-image-preview":"max-image-preview:large","max-video-preview":"max-video-preview:-1"},"canonical":"https:\/\/vilafames.org\/telefons-dinteres\/","og_locale":"es_ES","og_type":"article","og_title":"[:ca]Tel\u00e8fons d\u2019inter\u00e9s[:es]Tel\u00e9fonos de inter\u00e9s[:] - Web de l&#039;Ajuntament de Vilafam\u00e9s","og_description":"[vc_row][vc_column][\/vc_column][\/vc_row][vc_row][vc_column][\/vc_column][\/vc_row][vc_row][vc_column][\/vc_column][\/vc_row][vc_row][vc_column][vc_column_text] [\/vc_column_text][\/vc_column][\/vc_row][vc_row][vc_column][\/vc_column][\/vc_row]","og_url":"https:\/\/vilafames.org\/telefons-dinteres\/","og_site_name":"Web de l&#039;Ajuntament de Vilafam\u00e9s","article_publisher":"https:\/\/www.facebook.com\/AjuntamentVilafames","article_modified_time":"2024-12-10T12:23:31+00:00","twitter_card":"summary_large_image","twitter_site":"@ajtvilafames","twitter_misc":{"Tiempo de lectura":"2 minutos"},"schema":{"@context":"https:\/\/schema.org","@graph":[{"@type":"WebPage","@id":"https:\/\/vilafames.org\/telefons-dinteres\/","url":"https:\/\/vilafames.org\/telefons-dinteres\/","name":"[:ca]Tel\u00e8fons d\u2019inter\u00e9s[:es]Tel\u00e9fonos de inter\u00e9s[:] - Web de l&#039;Ajuntament de Vilafam\u00e9s","isPartOf":{"@id":"https:\/\/vilafames.org\/#website"},"datePublished":"2018-12-10T14:29:38+00:00","dateModified":"2024-12-10T12:23:31+00:00","breadcrumb":{"@id":"https:\/\/vilafames.org\/telefons-dinteres\/#breadcrumb"},"inLanguage":"es","potentialAction":[{"@type":"ReadAction","target":["https:\/\/vilafames.org\/telefons-dinteres\/"]}]},{"@type":"BreadcrumbList","@id":"https:\/\/vilafames.org\/telefons-dinteres\/#breadcrumb","itemListElement":[{"@type":"ListItem","position":1,"name":"Inici","item":"https:\/\/vilafames.org\/"},{"@type":"ListItem","position":2,"name":"Tel\u00e8fons d\u2019inter\u00e9s"}]},{"@type":"WebSite","@id":"https:\/\/vilafames.org\/#website","url":"https:\/\/vilafames.org\/","name":"Web de l'Ajuntament de Vilafam\u00e9s","description":"Web de l&#039;Ajuntament de Vilafam\u00e9s","publisher":{"@id":"https:\/\/vilafames.org\/#organization"},"potentialAction":[{"@type":"SearchAction","target":{"@type":"EntryPoint","urlTemplate":"https:\/\/vilafames.org\/?s={search_term_string}"},"query-input":{"@type":"PropertyValueSpecification","valueRequired":true,"valueName":"search_term_string"}}],"inLanguage":"es"},{"@type":"Organization","@id":"https:\/\/vilafames.org\/#organization","name":"Web de l'Ajuntament de Vilafam\u00e9s","url":"https:\/\/vilafames.org\/","logo":{"@type":"ImageObject","inLanguage":"es","@id":"https:\/\/vilafames.org\/#\/schema\/logo\/image\/","url":"https:\/\/vilafames.org\/wp-content\/uploads\/cropped-marca_v_rgb-1-1.png","contentUrl":"https:\/\/vilafames.org\/wp-content\/uploads\/cropped-marca_v_rgb-1-1.png","width":558,"height":269,"caption":"Web de l'Ajuntament de Vilafam\u00e9s"},"image":{"@id":"https:\/\/vilafames.org\/#\/schema\/logo\/image\/"},"sameAs":["https:\/\/www.facebook.com\/AjuntamentVilafames","https:\/\/x.com\/ajtvilafames","https:\/\/www.instagram.com\/ajuntamentvilafames\/","https:\/\/www.youtube.com\/channel\/UCjXWt3n8FHiahgKqHZWOTXQ"]}]}},"_links":{"self":[{"href":"https:\/\/vilafames.org\/es\/wp-json\/wp\/v2\/pages\/10966","targetHints":{"allow":["GET"]}}],"collection":[{"href":"https:\/\/vilafames.org\/es\/wp-json\/wp\/v2\/pages"}],"about":[{"href":"https:\/\/vilafames.org\/es\/wp-json\/wp\/v2\/types\/page"}],"author":[{"embeddable":true,"href":"https:\/\/vilafames.org\/es\/wp-json\/wp\/v2\/users\/19"}],"replies":[{"embeddable":true,"href":"https:\/\/vilafames.org\/es\/wp-json\/wp\/v2\/comments?post=10966"}],"version-history":[{"count":7,"href":"https:\/\/vilafames.org\/es\/wp-json\/wp\/v2\/pages\/10966\/revisions"}],"predecessor-version":[{"id":11176,"href":"https:\/\/vilafames.org\/es\/wp-json\/wp\/v2\/pages\/10966\/revisions\/11176"}],"wp:attachment":[{"href":"https:\/\/vilafames.org\/es\/wp-json\/wp\/v2\/media?parent=10966"}],"curies":[{"name":"wp","href":"https:\/\/api.w.org\/{rel}","templated":true}]}}