{"id":10414,"date":"2024-02-22T10:36:37","date_gmt":"2024-02-22T09:36:37","guid":{"rendered":"https:\/\/vilafames.org\/?page_id=10414"},"modified":"2024-02-26T08:27:54","modified_gmt":"2024-02-26T07:27:54","slug":"bustia-interna-de-denuncies","status":"publish","type":"page","link":"https:\/\/vilafames.org\/es\/bustia-interna-de-denuncies\/","title":{"rendered":"Buz\u00f3n interno de denuncias"},"content":{"rendered":"<p>\n<p align=\"justify\">La Ley 2\/2023, de 20 de febrero, reguladora de la protecci\u00f3n de las personas que informan sobre infracciones normativas y de lucha contra la corrupci\u00f3n establece la necesidad de disponer de un buz\u00f3n de denuncias.<\/p>\n<p align=\"justify\">El buz\u00f3n interno de denuncias es un canal para comunicar solo hechos relacionados con malas pr\u00e1cticas de este organismo y sus entes dependientes, no para formular quejas y consultas.<\/p>\n<p align=\"justify\">Puedes interponer tu denuncia de forma an\u00f3nima a trav\u00e9s del sig\u00fciente enlace<\/p>\n<p align=\"justify\"><a href=\"https:\/\/128antifrau.dipcas.es\/#\/\">Buz\u00f3n interno de denuncias<\/a><\/p>\n<p>","protected":false},"excerpt":{"rendered":"<p>La Ley 2\/2023, de 20 de febrero, reguladora de la protecci\u00f3n de las personas que informan sobre infracciones normativas y de lucha contra la corrupci\u00f3n establece la necesidad de disponer de un buz\u00f3n de denuncias. El buz\u00f3n interno de denuncias es un canal para comunicar solo hechos relacionados con malas pr\u00e1cticas de este organismo y [&hellip;]<\/p>\n","protected":false},"author":3,"featured_media":0,"parent":0,"menu_order":0,"comment_status":"closed","ping_status":"closed","template":"","meta":{"footnotes":""},"class_list":["post-10414","page","type-page","status-publish","hentry"],"yoast_head":"<!-- This site is optimized with the Yoast SEO plugin v24.8.1 - https:\/\/yoast.com\/wordpress\/plugins\/seo\/ -->\n<title>Buz\u00f3n interno de denuncias - Web de l&#039;Ajuntament de Vilafam\u00e9s<\/title>\n<meta name=\"robots\" content=\"index, follow, max-snippet:-1, max-image-preview:large, max-video-preview:-1\" \/>\n<link rel=\"canonical\" href=\"https:\/\/vilafames.org\/ajuntament__trashed\/bustia-interna-de-denuncies\/\" \/>\n<meta property=\"og:locale\" content=\"es_ES\" \/>\n<meta property=\"og:type\" content=\"article\" \/>\n<meta property=\"og:title\" content=\"[:ca]B\u00fastia interna de den\u00fancies[:es]Buz\u00f3n interno de denuncias[:] - Web de l&#039;Ajuntament de Vilafam\u00e9s\" \/>\n<meta property=\"og:description\" content=\"La Ley 2\/2023, de 20 de febrero, reguladora de la protecci\u00f3n de las personas que informan sobre infracciones normativas y de lucha contra la corrupci\u00f3n establece la necesidad de disponer de un buz\u00f3n de denuncias. El buz\u00f3n interno de denuncias es un canal para comunicar solo hechos relacionados con malas pr\u00e1cticas de este organismo y [&hellip;]\" \/>\n<meta property=\"og:url\" content=\"https:\/\/vilafames.org\/ajuntament__trashed\/bustia-interna-de-denuncies\/\" \/>\n<meta property=\"og:site_name\" content=\"Web de l&#039;Ajuntament de Vilafam\u00e9s\" \/>\n<meta property=\"article:publisher\" content=\"https:\/\/www.facebook.com\/AjuntamentVilafames\" \/>\n<meta property=\"article:modified_time\" content=\"2024-02-26T07:27:54+00:00\" \/>\n<meta name=\"twitter:card\" content=\"summary_large_image\" \/>\n<meta name=\"twitter:site\" content=\"@ajtvilafames\" \/>\n<meta name=\"twitter:label1\" content=\"Tiempo de lectura\" \/>\n\t<meta name=\"twitter:data1\" content=\"1 minuto\" \/>\n<script type=\"application\/ld+json\" class=\"yoast-schema-graph\">{\"@context\":\"https:\/\/schema.org\",\"@graph\":[{\"@type\":\"WebPage\",\"@id\":\"https:\/\/vilafames.org\/ajuntament__trashed\/bustia-interna-de-denuncies\/\",\"url\":\"https:\/\/vilafames.org\/ajuntament__trashed\/bustia-interna-de-denuncies\/\",\"name\":\"[:ca]B\u00fastia interna de den\u00fancies[:es]Buz\u00f3n interno de denuncias[:] - Web de l&#039;Ajuntament de Vilafam\u00e9s\",\"isPartOf\":{\"@id\":\"https:\/\/vilafames.org\/#website\"},\"datePublished\":\"2024-02-22T09:36:37+00:00\",\"dateModified\":\"2024-02-26T07:27:54+00:00\",\"breadcrumb\":{\"@id\":\"https:\/\/vilafames.org\/ajuntament__trashed\/bustia-interna-de-denuncies\/#breadcrumb\"},\"inLanguage\":\"es\",\"potentialAction\":[{\"@type\":\"ReadAction\",\"target\":[\"https:\/\/vilafames.org\/ajuntament__trashed\/bustia-interna-de-denuncies\/\"]}]},{\"@type\":\"BreadcrumbList\",\"@id\":\"https:\/\/vilafames.org\/ajuntament__trashed\/bustia-interna-de-denuncies\/#breadcrumb\",\"itemListElement\":[{\"@type\":\"ListItem\",\"position\":1,\"name\":\"Inici\",\"item\":\"https:\/\/vilafames.org\/\"},{\"@type\":\"ListItem\",\"position\":2,\"name\":\"B\u00fastia interna de den\u00fancies\"}]},{\"@type\":\"WebSite\",\"@id\":\"https:\/\/vilafames.org\/#website\",\"url\":\"https:\/\/vilafames.org\/\",\"name\":\"Web de l'Ajuntament de Vilafam\u00e9s\",\"description\":\"Web de l&#039;Ajuntament de Vilafam\u00e9s\",\"publisher\":{\"@id\":\"https:\/\/vilafames.org\/#organization\"},\"potentialAction\":[{\"@type\":\"SearchAction\",\"target\":{\"@type\":\"EntryPoint\",\"urlTemplate\":\"https:\/\/vilafames.org\/?s={search_term_string}\"},\"query-input\":{\"@type\":\"PropertyValueSpecification\",\"valueRequired\":true,\"valueName\":\"search_term_string\"}}],\"inLanguage\":\"es\"},{\"@type\":\"Organization\",\"@id\":\"https:\/\/vilafames.org\/#organization\",\"name\":\"Web de l'Ajuntament de Vilafam\u00e9s\",\"url\":\"https:\/\/vilafames.org\/\",\"logo\":{\"@type\":\"ImageObject\",\"inLanguage\":\"es\",\"@id\":\"https:\/\/vilafames.org\/#\/schema\/logo\/image\/\",\"url\":\"https:\/\/vilafames.org\/wp-content\/uploads\/cropped-marca_v_rgb-1-1.png\",\"contentUrl\":\"https:\/\/vilafames.org\/wp-content\/uploads\/cropped-marca_v_rgb-1-1.png\",\"width\":558,\"height\":269,\"caption\":\"Web de l'Ajuntament de Vilafam\u00e9s\"},\"image\":{\"@id\":\"https:\/\/vilafames.org\/#\/schema\/logo\/image\/\"},\"sameAs\":[\"https:\/\/www.facebook.com\/AjuntamentVilafames\",\"https:\/\/x.com\/ajtvilafames\",\"https:\/\/www.instagram.com\/ajuntamentvilafames\/\",\"https:\/\/www.youtube.com\/channel\/UCjXWt3n8FHiahgKqHZWOTXQ\"]}]}<\/script>\n<!-- \/ Yoast SEO plugin. -->","yoast_head_json":{"title":"[:ca]B\u00fastia interna de den\u00fancies[:es]Buz\u00f3n interno de denuncias[:] - Web de l&#039;Ajuntament de Vilafam\u00e9s","robots":{"index":"index","follow":"follow","max-snippet":"max-snippet:-1","max-image-preview":"max-image-preview:large","max-video-preview":"max-video-preview:-1"},"canonical":"https:\/\/vilafames.org\/ajuntament__trashed\/bustia-interna-de-denuncies\/","og_locale":"es_ES","og_type":"article","og_title":"[:ca]B\u00fastia interna de den\u00fancies[:es]Buz\u00f3n interno de denuncias[:] - Web de l&#039;Ajuntament de Vilafam\u00e9s","og_description":"La Ley 2\/2023, de 20 de febrero, reguladora de la protecci\u00f3n de las personas que informan sobre infracciones normativas y de lucha contra la corrupci\u00f3n establece la necesidad de disponer de un buz\u00f3n de denuncias. El buz\u00f3n interno de denuncias es un canal para comunicar solo hechos relacionados con malas pr\u00e1cticas de este organismo y [&hellip;]","og_url":"https:\/\/vilafames.org\/ajuntament__trashed\/bustia-interna-de-denuncies\/","og_site_name":"Web de l&#039;Ajuntament de Vilafam\u00e9s","article_publisher":"https:\/\/www.facebook.com\/AjuntamentVilafames","article_modified_time":"2024-02-26T07:27:54+00:00","twitter_card":"summary_large_image","twitter_site":"@ajtvilafames","twitter_misc":{"Tiempo de lectura":"1 minuto"},"schema":{"@context":"https:\/\/schema.org","@graph":[{"@type":"WebPage","@id":"https:\/\/vilafames.org\/ajuntament__trashed\/bustia-interna-de-denuncies\/","url":"https:\/\/vilafames.org\/ajuntament__trashed\/bustia-interna-de-denuncies\/","name":"[:ca]B\u00fastia interna de den\u00fancies[:es]Buz\u00f3n interno de denuncias[:] - Web de l&#039;Ajuntament de Vilafam\u00e9s","isPartOf":{"@id":"https:\/\/vilafames.org\/#website"},"datePublished":"2024-02-22T09:36:37+00:00","dateModified":"2024-02-26T07:27:54+00:00","breadcrumb":{"@id":"https:\/\/vilafames.org\/ajuntament__trashed\/bustia-interna-de-denuncies\/#breadcrumb"},"inLanguage":"es","potentialAction":[{"@type":"ReadAction","target":["https:\/\/vilafames.org\/ajuntament__trashed\/bustia-interna-de-denuncies\/"]}]},{"@type":"BreadcrumbList","@id":"https:\/\/vilafames.org\/ajuntament__trashed\/bustia-interna-de-denuncies\/#breadcrumb","itemListElement":[{"@type":"ListItem","position":1,"name":"Inici","item":"https:\/\/vilafames.org\/"},{"@type":"ListItem","position":2,"name":"B\u00fastia interna de den\u00fancies"}]},{"@type":"WebSite","@id":"https:\/\/vilafames.org\/#website","url":"https:\/\/vilafames.org\/","name":"Web de l'Ajuntament de Vilafam\u00e9s","description":"Web de l&#039;Ajuntament de Vilafam\u00e9s","publisher":{"@id":"https:\/\/vilafames.org\/#organization"},"potentialAction":[{"@type":"SearchAction","target":{"@type":"EntryPoint","urlTemplate":"https:\/\/vilafames.org\/?s={search_term_string}"},"query-input":{"@type":"PropertyValueSpecification","valueRequired":true,"valueName":"search_term_string"}}],"inLanguage":"es"},{"@type":"Organization","@id":"https:\/\/vilafames.org\/#organization","name":"Web de l'Ajuntament de Vilafam\u00e9s","url":"https:\/\/vilafames.org\/","logo":{"@type":"ImageObject","inLanguage":"es","@id":"https:\/\/vilafames.org\/#\/schema\/logo\/image\/","url":"https:\/\/vilafames.org\/wp-content\/uploads\/cropped-marca_v_rgb-1-1.png","contentUrl":"https:\/\/vilafames.org\/wp-content\/uploads\/cropped-marca_v_rgb-1-1.png","width":558,"height":269,"caption":"Web de l'Ajuntament de Vilafam\u00e9s"},"image":{"@id":"https:\/\/vilafames.org\/#\/schema\/logo\/image\/"},"sameAs":["https:\/\/www.facebook.com\/AjuntamentVilafames","https:\/\/x.com\/ajtvilafames","https:\/\/www.instagram.com\/ajuntamentvilafames\/","https:\/\/www.youtube.com\/channel\/UCjXWt3n8FHiahgKqHZWOTXQ"]}]}},"_links":{"self":[{"href":"https:\/\/vilafames.org\/es\/wp-json\/wp\/v2\/pages\/10414","targetHints":{"allow":["GET"]}}],"collection":[{"href":"https:\/\/vilafames.org\/es\/wp-json\/wp\/v2\/pages"}],"about":[{"href":"https:\/\/vilafames.org\/es\/wp-json\/wp\/v2\/types\/page"}],"author":[{"embeddable":true,"href":"https:\/\/vilafames.org\/es\/wp-json\/wp\/v2\/users\/3"}],"replies":[{"embeddable":true,"href":"https:\/\/vilafames.org\/es\/wp-json\/wp\/v2\/comments?post=10414"}],"version-history":[{"count":0,"href":"https:\/\/vilafames.org\/es\/wp-json\/wp\/v2\/pages\/10414\/revisions"}],"wp:attachment":[{"href":"https:\/\/vilafames.org\/es\/wp-json\/wp\/v2\/media?parent=10414"}],"curies":[{"name":"wp","href":"https:\/\/api.w.org\/{rel}","templated":true}]}}